{"id":10403,"date":"2022-10-13T15:37:33","date_gmt":"2022-10-13T13:37:33","guid":{"rendered":"https:\/\/www.domaine-de-kervallon.com\/politique-de-confidentialite\/"},"modified":"2025-11-27T10:44:42","modified_gmt":"2025-11-27T09:44:42","slug":"privacybeleid","status":"publish","type":"page","link":"https:\/\/www.domaine-de-kervallon.com\/nl\/privacybeleid\/","title":{"rendered":"PRIVACYBELEID"},"content":{"rendered":"<section id=\"ls-section-block_c60b223e6c6a303786110fca1037afc4\" class=\"ls-section  has-p-t p-t-0\" >\r\n        <div class=\"container container--wide\">\r\n        \n\n<h1 class=\"ls__heading wp-block-heading\">PRIVACYBELEID<\/h1>\n\n\n\n<p class=\"ls-paragraph\">Dit Privacybeleid beschrijft de persoonlijke gegevens die worden verzameld of gegenereerd (verwerkt) wanneer u de website gebruikt. Dit privacybeleid beschrijft de soorten persoonlijke gegevens die worden verzameld wanneer u onze website gebruikt en hoe uw persoonlijke gegevens worden gebruikt, gedeeld en beschermd. Ook wordt uitgelegd welke keuzes u hebt met betrekking tot uw persoonlijke gegevens en hoe u contact met ons kunt opnemen.<\/p>\n\n\n\n<h2 class=\"ls__heading wp-block-heading\">Inhoudsopgave<\/h2>\n\n\n\n<ul class=\"ls-list wp-block-list\">\n<li><a href=\"https:\/\/www.domaine-de-kervallon.com\/nl\/privacybeleid\/#gdpr-1\">Wie zijn wij?<\/a><\/li>\n\n\n\n<li><a href=\"https:\/\/www.domaine-de-kervallon.com\/nl\/privacybeleid\/#gdpr-2\">Gebruik van verzamelde persoonlijke gegevens<\/a><\/li>\n\n\n\n<li><a href=\"https:\/\/www.domaine-de-kervallon.com\/nl\/privacybeleid\/#gdpr-3\">Reacties<\/a><\/li>\n\n\n\n<li><a href=\"https:\/\/www.domaine-de-kervallon.com\/nl\/privacybeleid\/#gdpr-4\">Media<\/a><\/li>\n\n\n\n<li><a href=\"https:\/\/www.domaine-de-kervallon.com\/nl\/privacybeleid\/#gdpr-5\">Contactformulieren<\/a><\/li>\n\n\n\n<li><a href=\"https:\/\/www.domaine-de-kervallon.com\/nl\/privacybeleid\/#gdpr-6\">Gebruik van cookies<\/a><\/li>\n\n\n\n<li><a href=\"https:\/\/www.domaine-de-kervallon.com\/nl\/privacybeleid\/#gdpr-7\">Statistieken en publieksmeting<\/a><\/li>\n\n\n\n<li><a href=\"https:\/\/www.domaine-de-kervallon.com\/nl\/privacybeleid\/#gdpr-8\">Bewaartermijnen voor uw gegevens<\/a><\/li>\n\n\n\n<li><a href=\"https:\/\/www.domaine-de-kervallon.com\/nl\/privacybeleid\/#gdpr-9\">De rechten die u hebt over uw gegevens<\/a><\/li>\n\n\n\n<li><a href=\"https:\/\/www.domaine-de-kervallon.com\/nl\/privacybeleid\/#gdpr-10\">Overdracht van uw persoonlijke gegevens<\/a><\/li>\n\n\n\n<li><a href=\"https:\/\/www.domaine-de-kervallon.com\/nl\/privacybeleid\/#gdpr-11\">Hoe we uw gegevens beschermen<\/a><\/li>\n\n\n\n<li><a href=\"https:\/\/www.ile-blanche.com\/privacy-policy\/#gdpr-12\">Contactgegevens<\/a><\/li>\n<\/ul>\n\n\n\n<h2 class=\"ls__heading wp-block-heading\" id=\"gdpr-1\">Wie zijn wij?<\/h2>\n\n\n\n<p class=\"ls-paragraph\">Lees alles over ons op de pagina met <a href=\"https:\/\/www.domaine-de-kervallon.com\/nl\/juridische-informatie\/\">juridische informatie<\/a>.<\/p>\n\n\n\n<h2 class=\"ls__heading wp-block-heading\" id=\"gdpr-2\">Gebruik van verzamelde persoonlijke gegevens<\/h2>\n\n\n\n<p class=\"ls-paragraph\">We verzamelen automatisch en rechtstreeks geen gegevens over jou.<\/p>\n\n\n\n<p class=\"ls-paragraph\">Desondanks kunnen we informatie, waaronder persoonlijke informatie, van derden verzamelen (zie het gedeelte <a href=\"https:\/\/www.domaine-de-kervallon.com\/nl\/privacybeleid\/#gdpr-5\">Cookies<\/a>).<\/p>\n\n\n\n<h2 class=\"ls__heading wp-block-heading\" id=\"gdpr-3\">Reacties<\/h2>\n\n\n\n<p class=\"ls-paragraph\">Wanneer u een reactie achterlaat op onze website, worden de gegevens die u hebt ingevuld in het reactieformulier, uw IP-adres en de user-agent van uw browser verzameld om ons te helpen ongewenste reacties op te sporen.<\/p>\n\n\n\n<p class=\"ls-paragraph\">Een geanonimiseerde tekenreeks die is gemaakt van je e-mailadres (ook bekend als een hash) kan naar de Gravatar-service worden gestuurd om te controleren of je deze gebruikt. De vertrouwelijkheidsclausules van de Gravatar-service zijn beschikbaar op https:\/\/automattic.com\/privacy\/. Zodra je commentaar is gevalideerd, is je profielfoto openbaar zichtbaar naast je commentaar.<\/p>\n\n\n\n<h2 class=\"ls__heading wp-block-heading\" id=\"gdpr-4\">Media<\/h2>\n\n\n\n<p class=\"ls-paragraph\">Als je een geregistreerde gebruiker bent en afbeeldingen uploadt naar de website, raden we je aan om geen afbeeldingen te uploaden met EXIF-gegevens van GPS-co\u00f6rdinaten. Bezoekers van uw website kunnen locatiegegevens van deze afbeeldingen downloaden en extraheren.<\/p>\n\n\n\n<h2 class=\"ls__heading wp-block-heading\" id=\"gdpr-5\">Contactformulieren<\/h2>\n\n\n\n<p class=\"ls-paragraph\">U kunt ervoor kiezen om ons informatie te verstrekken wanneer u een formulier invult. Deze informatie wordt per e-mail naar ons verzonden en wordt niet opgeslagen, behalve op onze e-mailservice; de informatie wordt uitsluitend gebruikt om op uw verzoek te reageren. Als informatie waarschijnlijk voor commerci\u00eble doeleinden zal worden gebruikt, zal dit aan het einde van het formulier worden aangegeven. We zullen altijd uw toestemming vragen als we informatie verzamelen via een formulier.<\/p>\n\n\n\n<h2 class=\"ls__heading wp-block-heading\" id=\"gdpr-6\">Gebruik van cookies<\/h2>\n\n\n\n<p class=\"ls-paragraph\"><strong>Wat is een koekje?<\/strong><br><\/p>\n\n\n\n<p class=\"ls-paragraph\">Een cookie is een klein gegevensbestand dat wordt overgebracht naar en opgeslagen op uw apparaat. Praktisch gezien stelt een cookie ons bijvoorbeeld in staat om uw browser en taal te herkennen of om uw voorkeuren op te slaan.<br>Op onze site worden twee soorten cookies gebruikt: &#8220;sessiecookies&#8221; en &#8220;permanente cookies&#8221;. Sessiecookies verlopen wanneer u uw browser afsluit, terwijl permanente cookies op uw apparaat blijven nadat uw browser is afgesloten en opnieuw kunnen worden gebruikt wanneer u onze site de volgende keer bezoekt.<\/p>\n\n\n\n<p class=\"ls-paragraph\">Ga voor meer informatie naar <a href=\"https:\/\/www.allaboutcookies.org\/fr\/\">allaboutcookies.org<\/a>.<\/p>\n\n\n\n<p class=\"ls-paragraph\"><strong>Onze cookies<\/strong><\/p>\n\n\n\n<p class=\"ls-paragraph\">Als u een reactie achterlaat op onze site, wordt u gevraagd om uw naam, e-mailadres en website op te slaan in cookies. Dit is puur voor uw gemak, zodat u deze informatie niet opnieuw hoeft in te voeren als u later nog eens een reactie achterlaat. Deze cookies verlopen na een jaar.<\/p>\n\n\n\n<p class=\"ls-paragraph\">Als u een account hebt en inlogt op deze site, wordt er een tijdelijk cookie aangemaakt om te bepalen of uw browser cookies accepteert. Het bevat geen persoonlijke gegevens en wordt automatisch verwijderd wanneer u uw browser afsluit.<\/p>\n\n\n\n<p class=\"ls-paragraph\">Wanneer u inlogt, stellen we een aantal cookies in om uw inloggegevens en schermvoorkeuren vast te leggen. De levensduur van een verbindingscookie is twee dagen, die van een schermoptiecookie is een jaar. Als u &#8220;Onthoud mij&#8221; aanvinkt, wordt uw verbindingscookie twee weken bewaard. Als u zich afmeldt bij uw account, wordt de aanmeldingscookie verwijderd.<\/p>\n\n\n\n<p class=\"ls-paragraph\">Bij het wijzigen of publiceren van een artikel wordt een extra cookie opgeslagen in je browser. Deze cookie bevat geen persoonlijke gegevens. Het geeft alleen de identificatiecode aan van het artikel dat u zojuist hebt gewijzigd. Het vervalt na \u00e9\u00e9n dag.<\/p>\n\n\n\n<p class=\"ls-paragraph\"><strong>Cookies van derden<\/strong><\/p>\n\n\n\n<p class=\"ls-paragraph\">Artikelen op deze site kunnen ingesloten inhoud bevatten (bijv. video&#8217;s, afbeeldingen, artikelen, enz.). Ingesloten inhoud van andere sites gedraagt zich op dezelfde manier alsof de bezoeker die andere site bezoekt.<\/p>\n\n\n\n<p class=\"ls-paragraph\">Deze websites kunnen gegevens over u verzamelen, cookies gebruiken, trackingtools van derden insluiten en uw interacties met deze ingesloten inhoud bijhouden als u een ingelogde account hebt op hun website.<\/p>\n\n\n\n<p class=\"ls-paragraph\">We kunnen bepaalde commerci\u00eble partners toestemming geven om technologie\u00ebn op onze site te installeren. Deze partners gebruiken deze technologie\u00ebn om ons te helpen analyseren hoe u de site gebruikt, bijvoorbeeld door de diensten van derden te noteren via welke u op het Platform bent aangekomen, om onze diensten op onze site en op websites van derden te marketen en te promoten, om ons te helpen fraude op te sporen en te voorkomen of risicobeoordelingen uit te voeren, of om informatie te verzamelen over uw activiteiten op de website.<\/p>\n\n\n\n<p class=\"ls-paragraph\">Onze website kan gebruikmaken van sociale plug-ins die worden geleverd en beheerd door derden, zoals de &#8220;Vind ik leuk&#8221;-knop van Facebook. Hierdoor kunt u de derde partij informatie sturen die u in een bepaald gedeelte van onze site bekijkt. Als u niet bent ingelogd op uw account bij de derde partij, weet de derde partij niet wie u bent. Als u bent ingelogd op uw account bij de derde partij, dan kan de derde partij informatie of acties met betrekking tot uw interacties met onze site koppelen aan uw account bij de derde partij. Raadpleeg het privacybeleid van de derde partij voor meer informatie over hun gegevenspraktijken.<\/p>\n\n\n\n<p class=\"ls-paragraph\">De lijst met cookies van derden die op deze site worden gebruikt, is beschikbaar via het <a href=\"\/#moove_gdpr_cookie_modal\">paneel voor cookiebeheer<\/a>.<\/p>\n\n\n\n<h2 class=\"ls__heading wp-block-heading\" id=\"gdpr-7\">Statistieken en publieksmeting<\/h2>\n\n\n\n<p class=\"ls-paragraph\">Op het gebied van analyse gebruiken we Google Analytics om informatie te verkrijgen over het gebruik van onze website om deze te verbeteren. Dit kan worden uitgeschakeld via het <a href=\"\/#moove_gdpr_cookie_modal\">paneel voor cookiebeheer<\/a>.<\/p>\n\n\n\n<p class=\"ls-paragraph\">Om te voorkomen dat Google Analytics uw informatie gebruikt voor analysedoeleinden, kunt u ook de Google Analytics deactiveringsbrowser add-on installeren door <a href=\"https:\/\/tools.google.com\/dlpage\/gaoptout\">hier<\/a> te klikken. Houd er rekening mee dat we geen controle hebben over deze deactiveringslink en niet verantwoordelijk zijn voor de beschikbaarheid of nauwkeurigheid van dit mechanisme. Raadpleeg <a href=\"https:\/\/support.google.com\/analytics\/answer\/6004245\">deze documentatie<\/a> voor meer informatie.<\/p>\n\n\n\n<h2 class=\"ls__heading wp-block-heading\" id=\"gdpr-8\">Bewaartermijnen voor uw gegevens<\/h2>\n\n\n\n<p class=\"ls-paragraph\">Als je een commentaar achterlaat, worden het commentaar en de metagegevens voor onbepaalde tijd bewaard. Hierdoor worden volgende opmerkingen automatisch herkend en goedgekeurd in plaats van dat ze in de wachtrij voor moderatie blijven staan.<\/p>\n\n\n\n<p class=\"ls-paragraph\">Voor gebruikers die zich op onze site registreren (waar mogelijk), slaan we ook de persoonlijke gegevens op die in hun profiel worden vermeld. Alle gebruikers kunnen hun persoonlijke gegevens op elk moment bekijken, wijzigen of verwijderen (met uitzondering van hun gebruikersnaam). Sitebeheerders kunnen deze informatie ook bekijken en wijzigen.<\/p>\n\n\n\n<h2 class=\"ls__heading wp-block-heading\" id=\"gdpr-9\">De rechten die u hebt over uw gegevens<\/h2>\n\n\n\n<p class=\"ls-paragraph\">Als u een account hebt of als u reacties hebt achtergelaten op de site, kunt u verzoeken om een bestand te ontvangen met alle persoonlijke gegevens die wij over u hebben, inclusief de gegevens die u aan ons hebt verstrekt. U kunt ook verzoeken om verwijdering van uw persoonlijke gegevens. Dit geldt niet voor gegevens die zijn opgeslagen voor administratieve, juridische of beveiligingsdoeleinden.<\/p>\n\n\n\n<h2 class=\"ls__heading wp-block-heading\" id=\"gdpr-10\">Overdracht van uw persoonlijke gegevens<\/h2>\n\n\n\n<p class=\"ls-paragraph\">De opmerkingen van bezoekers kunnen worden gecontroleerd met behulp van een geautomatiseerde service om ongewenste opmerkingen te detecteren.<br>Alle persoonlijke gegevens die we verwerken worden verwerkt binnen de Europese Unie.<\/p>\n\n\n\n<h2 class=\"ls__heading wp-block-heading\" id=\"gdpr-11\">Hoe we uw gegevens beschermen<\/h2>\n\n\n\n<p class=\"ls-paragraph\">We implementeren en actualiseren voortdurend de <strong>beveiliging <\/strong>van onze site om je gegevens te beschermen tegen ongeoorloofde toegang, verlies, vernietiging of wijziging. We doen er dan ook alles aan om je gegevens zo onkwetsbaar mogelijk te maken. Aangezien het internet geen 100% veilige omgeving is, kunnen we de veiligheid van de overdracht of opslag van je informatie niet volledig garanderen.<\/p>\n\n\n\n<h2 class=\"ls__heading wp-block-heading\" id=\"gdpr-12\">Contactgegevens<\/h2>\n\n\n\n<p class=\"ls-paragraph\">Als u verzoeken of vragen hebt over uw persoonlijke gegevens, neem dan contact met ons op via rgpd@geek-tonic.com. Andere contactgegevens vindt u in onze <a href=\"https:\/\/www.domaine-de-kervallon.com\/nl\/juridische-informatie\/\">juridische verklaring<\/a>. Houd er rekening mee dat we u kunnen vragen om uw identiteit te verifi\u00ebren voordat we verdere actie ondernemen met betrekking tot uw verzoek.<\/p>\n\n\r\n    <\/div>\r\n<\/section>","protected":false},"excerpt":{"rendered":"","protected":false},"author":1,"featured_media":10212,"parent":0,"menu_order":0,"comment_status":"closed","ping_status":"open","template":"","meta":{"_acf_changed":false,"footnotes":""},"sujet":[],"class_list":["post-10403","page","type-page","status-publish","has-post-thumbnail","hentry"],"acf":[],"yoast_head":"<!-- This site is optimized with the Yoast SEO plugin v26.9 - https:\/\/yoast.com\/product\/yoast-seo-wordpress\/ -->\n<title>Privacybeleid<\/title>\n<meta name=\"robots\" content=\"noindex, nofollow\" \/>\n<meta property=\"og:locale\" content=\"fr_FR\" \/>\n<meta property=\"og:type\" content=\"article\" \/>\n<meta property=\"og:title\" content=\"Privacybeleid\" \/>\n<meta property=\"og:url\" content=\"https:\/\/www.domaine-de-kervallon.com\/nl\/privacybeleid\/\" \/>\n<meta property=\"og:site_name\" content=\"Domaine de Kervallon\" \/>\n<meta property=\"article:modified_time\" content=\"2025-11-27T09:44:42+00:00\" \/>\n<meta property=\"og:image\" content=\"https:\/\/www.domaine-de-kervallon.com\/wp-content\/uploads\/2022\/12\/foret-chemin-broceliande.webp\" \/>\n\t<meta property=\"og:image:width\" content=\"1350\" \/>\n\t<meta property=\"og:image:height\" content=\"650\" \/>\n\t<meta property=\"og:image:type\" content=\"image\/webp\" \/>\n<meta name=\"twitter:card\" content=\"summary_large_image\" \/>\n<meta name=\"twitter:label1\" content=\"Dur\u00e9e de lecture estim\u00e9e\" \/>\n\t<meta name=\"twitter:data1\" content=\"7 minutes\" \/>\n<script type=\"application\/ld+json\" class=\"yoast-schema-graph\">{\"@context\":\"https:\/\/schema.org\",\"@graph\":[{\"@type\":\"WebPage\",\"@id\":\"https:\/\/www.domaine-de-kervallon.com\/nl\/privacybeleid\/\",\"url\":\"https:\/\/www.domaine-de-kervallon.com\/nl\/privacybeleid\/\",\"name\":\"Privacybeleid\",\"isPartOf\":{\"@id\":\"https:\/\/www.domaine-de-kervallon.com\/nl\/#website\"},\"primaryImageOfPage\":{\"@id\":\"https:\/\/www.domaine-de-kervallon.com\/nl\/privacybeleid\/#primaryimage\"},\"image\":{\"@id\":\"https:\/\/www.domaine-de-kervallon.com\/nl\/privacybeleid\/#primaryimage\"},\"thumbnailUrl\":\"https:\/\/www.domaine-de-kervallon.com\/wp-content\/uploads\/2022\/12\/foret-chemin-broceliande.webp\",\"datePublished\":\"2022-10-13T13:37:33+00:00\",\"dateModified\":\"2025-11-27T09:44:42+00:00\",\"breadcrumb\":{\"@id\":\"https:\/\/www.domaine-de-kervallon.com\/nl\/privacybeleid\/#breadcrumb\"},\"inLanguage\":\"fr-FR\",\"potentialAction\":[{\"@type\":\"ReadAction\",\"target\":[\"https:\/\/www.domaine-de-kervallon.com\/nl\/privacybeleid\/\"]}]},{\"@type\":\"ImageObject\",\"inLanguage\":\"fr-FR\",\"@id\":\"https:\/\/www.domaine-de-kervallon.com\/nl\/privacybeleid\/#primaryimage\",\"url\":\"https:\/\/www.domaine-de-kervallon.com\/wp-content\/uploads\/2022\/12\/foret-chemin-broceliande.webp\",\"contentUrl\":\"https:\/\/www.domaine-de-kervallon.com\/wp-content\/uploads\/2022\/12\/foret-chemin-broceliande.webp\",\"width\":1350,\"height\":650,\"caption\":\"broceliande weg bos\"},{\"@type\":\"BreadcrumbList\",\"@id\":\"https:\/\/www.domaine-de-kervallon.com\/nl\/privacybeleid\/#breadcrumb\",\"itemListElement\":[{\"@type\":\"ListItem\",\"position\":1,\"name\":\"Camping Broceliande dans le Morbihan\",\"item\":\"https:\/\/www.domaine-de-kervallon.com\/nl\/\"},{\"@type\":\"ListItem\",\"position\":2,\"name\":\"Privacybeleid\"}]},{\"@type\":\"WebSite\",\"@id\":\"https:\/\/www.domaine-de-kervallon.com\/nl\/#website\",\"url\":\"https:\/\/www.domaine-de-kervallon.com\/nl\/\",\"name\":\"Domaine de Kervallon\",\"description\":\"\",\"publisher\":{\"@id\":\"https:\/\/www.domaine-de-kervallon.com\/nl\/#organization\"},\"potentialAction\":[{\"@type\":\"SearchAction\",\"target\":{\"@type\":\"EntryPoint\",\"urlTemplate\":\"https:\/\/www.domaine-de-kervallon.com\/nl\/?s={search_term_string}\"},\"query-input\":{\"@type\":\"PropertyValueSpecification\",\"valueRequired\":true,\"valueName\":\"search_term_string\"}}],\"inLanguage\":\"fr-FR\"},{\"@type\":\"Organization\",\"@id\":\"https:\/\/www.domaine-de-kervallon.com\/nl\/#organization\",\"name\":\"Domaine de Kervallon\",\"url\":\"https:\/\/www.domaine-de-kervallon.com\/nl\/\",\"logo\":{\"@type\":\"ImageObject\",\"inLanguage\":\"fr-FR\",\"@id\":\"https:\/\/www.domaine-de-kervallon.com\/nl\/#\/schema\/logo\/image\/\",\"url\":\"https:\/\/www.domaine-de-kervallon.com\/wp-content\/uploads\/2022\/10\/logo-domaine-de-kervallon-couleur.png\",\"contentUrl\":\"https:\/\/www.domaine-de-kervallon.com\/wp-content\/uploads\/2022\/10\/logo-domaine-de-kervallon-couleur.png\",\"width\":1600,\"height\":583,\"caption\":\"Domaine de Kervallon\"},\"image\":{\"@id\":\"https:\/\/www.domaine-de-kervallon.com\/nl\/#\/schema\/logo\/image\/\"}}]}<\/script>\n<!-- \/ Yoast SEO plugin. -->","yoast_head_json":{"title":"Privacybeleid","robots":{"index":"noindex","follow":"nofollow"},"og_locale":"fr_FR","og_type":"article","og_title":"Privacybeleid","og_url":"https:\/\/www.domaine-de-kervallon.com\/nl\/privacybeleid\/","og_site_name":"Domaine de Kervallon","article_modified_time":"2025-11-27T09:44:42+00:00","og_image":[{"width":1350,"height":650,"url":"https:\/\/www.domaine-de-kervallon.com\/wp-content\/uploads\/2022\/12\/foret-chemin-broceliande.webp","type":"image\/webp"}],"twitter_card":"summary_large_image","twitter_misc":{"Dur\u00e9e de lecture estim\u00e9e":"7 minutes"},"schema":{"@context":"https:\/\/schema.org","@graph":[{"@type":"WebPage","@id":"https:\/\/www.domaine-de-kervallon.com\/nl\/privacybeleid\/","url":"https:\/\/www.domaine-de-kervallon.com\/nl\/privacybeleid\/","name":"Privacybeleid","isPartOf":{"@id":"https:\/\/www.domaine-de-kervallon.com\/nl\/#website"},"primaryImageOfPage":{"@id":"https:\/\/www.domaine-de-kervallon.com\/nl\/privacybeleid\/#primaryimage"},"image":{"@id":"https:\/\/www.domaine-de-kervallon.com\/nl\/privacybeleid\/#primaryimage"},"thumbnailUrl":"https:\/\/www.domaine-de-kervallon.com\/wp-content\/uploads\/2022\/12\/foret-chemin-broceliande.webp","datePublished":"2022-10-13T13:37:33+00:00","dateModified":"2025-11-27T09:44:42+00:00","breadcrumb":{"@id":"https:\/\/www.domaine-de-kervallon.com\/nl\/privacybeleid\/#breadcrumb"},"inLanguage":"fr-FR","potentialAction":[{"@type":"ReadAction","target":["https:\/\/www.domaine-de-kervallon.com\/nl\/privacybeleid\/"]}]},{"@type":"ImageObject","inLanguage":"fr-FR","@id":"https:\/\/www.domaine-de-kervallon.com\/nl\/privacybeleid\/#primaryimage","url":"https:\/\/www.domaine-de-kervallon.com\/wp-content\/uploads\/2022\/12\/foret-chemin-broceliande.webp","contentUrl":"https:\/\/www.domaine-de-kervallon.com\/wp-content\/uploads\/2022\/12\/foret-chemin-broceliande.webp","width":1350,"height":650,"caption":"broceliande weg bos"},{"@type":"BreadcrumbList","@id":"https:\/\/www.domaine-de-kervallon.com\/nl\/privacybeleid\/#breadcrumb","itemListElement":[{"@type":"ListItem","position":1,"name":"Camping Broceliande dans le Morbihan","item":"https:\/\/www.domaine-de-kervallon.com\/nl\/"},{"@type":"ListItem","position":2,"name":"Privacybeleid"}]},{"@type":"WebSite","@id":"https:\/\/www.domaine-de-kervallon.com\/nl\/#website","url":"https:\/\/www.domaine-de-kervallon.com\/nl\/","name":"Domaine de Kervallon","description":"","publisher":{"@id":"https:\/\/www.domaine-de-kervallon.com\/nl\/#organization"},"potentialAction":[{"@type":"SearchAction","target":{"@type":"EntryPoint","urlTemplate":"https:\/\/www.domaine-de-kervallon.com\/nl\/?s={search_term_string}"},"query-input":{"@type":"PropertyValueSpecification","valueRequired":true,"valueName":"search_term_string"}}],"inLanguage":"fr-FR"},{"@type":"Organization","@id":"https:\/\/www.domaine-de-kervallon.com\/nl\/#organization","name":"Domaine de Kervallon","url":"https:\/\/www.domaine-de-kervallon.com\/nl\/","logo":{"@type":"ImageObject","inLanguage":"fr-FR","@id":"https:\/\/www.domaine-de-kervallon.com\/nl\/#\/schema\/logo\/image\/","url":"https:\/\/www.domaine-de-kervallon.com\/wp-content\/uploads\/2022\/10\/logo-domaine-de-kervallon-couleur.png","contentUrl":"https:\/\/www.domaine-de-kervallon.com\/wp-content\/uploads\/2022\/10\/logo-domaine-de-kervallon-couleur.png","width":1600,"height":583,"caption":"Domaine de Kervallon"},"image":{"@id":"https:\/\/www.domaine-de-kervallon.com\/nl\/#\/schema\/logo\/image\/"}}]}},"_links":{"self":[{"href":"https:\/\/www.domaine-de-kervallon.com\/nl\/wp-json\/wp\/v2\/pages\/10403","targetHints":{"allow":["GET"]}}],"collection":[{"href":"https:\/\/www.domaine-de-kervallon.com\/nl\/wp-json\/wp\/v2\/pages"}],"about":[{"href":"https:\/\/www.domaine-de-kervallon.com\/nl\/wp-json\/wp\/v2\/types\/page"}],"author":[{"embeddable":true,"href":"https:\/\/www.domaine-de-kervallon.com\/nl\/wp-json\/wp\/v2\/users\/1"}],"replies":[{"embeddable":true,"href":"https:\/\/www.domaine-de-kervallon.com\/nl\/wp-json\/wp\/v2\/comments?post=10403"}],"version-history":[{"count":2,"href":"https:\/\/www.domaine-de-kervallon.com\/nl\/wp-json\/wp\/v2\/pages\/10403\/revisions"}],"predecessor-version":[{"id":49757,"href":"https:\/\/www.domaine-de-kervallon.com\/nl\/wp-json\/wp\/v2\/pages\/10403\/revisions\/49757"}],"wp:featuredmedia":[{"embeddable":true,"href":"https:\/\/www.domaine-de-kervallon.com\/nl\/wp-json\/wp\/v2\/media\/10212"}],"wp:attachment":[{"href":"https:\/\/www.domaine-de-kervallon.com\/nl\/wp-json\/wp\/v2\/media?parent=10403"}],"wp:term":[{"taxonomy":"sujet","embeddable":true,"href":"https:\/\/www.domaine-de-kervallon.com\/nl\/wp-json\/wp\/v2\/sujet?post=10403"}],"curies":[{"name":"wp","href":"https:\/\/api.w.org\/{rel}","templated":true}]}}