{"id":10277,"date":"2022-10-14T11:07:12","date_gmt":"2022-10-14T09:07:12","guid":{"rendered":"https:\/\/www.domaine-de-kervallon.com\/glamping-morbihan\/"},"modified":"2025-11-26T16:48:47","modified_gmt":"2025-11-26T15:48:47","slug":"glamping-morbihan","status":"publish","type":"page","link":"https:\/\/www.domaine-de-kervallon.com\/nl\/glamping-morbihan\/","title":{"rendered":"De camping"},"content":{"rendered":"<section id=\"ls-section-block_a319e57a84cbe7d41f7fa906baf23d38\" class=\"ls-section  page-intro has-p-t p-t-14 has-p-b p-b-7\" >\r\n        <div class=\"container container--wide\">\r\n        \n\n<h1 class=\"ls__heading wp-block-heading has-text-align-center animated fadeInUp delay-200ms slow\"><br\/>V<span class=\"bold\">akantie in de natuur <\/span> op camping Morbihan<\/h1>\n\n\r\n    <\/div>\r\n<\/section><section id=\"ls-section-block_cf335ba06fd106d2fecb1ab4a5922072\" class=\"ls-section  page-parallaxe has-background-image has-parallax has-background has-color-2-background-color has-p-t p-t-14 has-p-b p-b-14\" >\r\n    <div class=\"ls-section__background-image opacity-25\"><img decoding=\"async\" src=\"https:\/\/www.domaine-de-kervallon.com\/wp-content\/uploads\/2022\/11\/kervallon-cottage-nature.jpg\" alt=\"kervallon cottage natuur\"><\/div>    <div class=\"container container--wide\">\r\n        \n\n<div class=\"wp-block-columns is-layout-flex wp-container-core-columns-is-layout-9d6595d7 wp-block-columns-is-layout-flex\">\n<div class=\"wp-block-column is-vertically-aligned-center is-layout-flow wp-block-column-is-layout-flow\">\n<p class=\"ls-paragraph paragraph-deco has-color-white-color has-text-color\">Je buitenhotel in Broc\u00e9liande<\/p>\n<\/div>\n\n\n\n<div class=\"wp-block-column is-vertically-aligned-center animated fadeInRight delay-200ms slow is-layout-flow wp-block-column-is-layout-flow\">\n<h2 class=\"ls__heading wp-block-heading\">Natuurcamping Broc\u00e9liande<\/h2>\n\n\n\n<p class=\"ls-paragraph\">Midden in de natuur, in Caro, in een groene omgeving aan de rand van het bos van Broc\u00e9liande, verwelkomt onze glamping in Bretagne uw campers op ruime standplaatsen die traditionele kampeerders zullen bekoren. Ons openluchthotel, een echte groene oase in de 56, heeft niet bezuinigd op de kwaliteit van zijn infrastructuur, zoals onze volledig uitgeruste stacaravans en ons zwemparadijs met zwembad, peuterbad en gloednieuwe glijbanen voor het hele gezin! Je vindt er de natuurlijke sfeer van een ouderwetse camping en het comfort van moderne etablissementen, allemaal voor een onvergetelijk verblijf op onze <a href=\"https:\/\/www.domaine-de-kervallon.com\/nl\/camping-morbihan-met-water-park\/\">camping met waterpark in Morbihan<\/a>! Romantisch, etnisch, cocooning&#8230; vind rust en kalmte voor een uitje met z&#8217;n twee\u00ebn, een natuurvakantie met vrienden of een ongewone gezinsvakantie. Let op: onze camping beschikt ook over een ontvangstruimte voor groepsevenementen, die je kunt gebruiken voor een priv\u00e9bruiloft of een glamping seminar! Profiteer van deze <a href=\"https:\/\/www.domaine-de-kervallon.com\/nl\/voordelig-kamperen-bretagne-morbihan-56\/\">geweldige campingaanbieding in Morbihan<\/a>!    <\/p>\n<\/div>\n<\/div>\n\n\r\n    <\/div>\r\n<\/section><section id=\"ls-section-block_7348679f9c8e67d34807d751b3a87dde\" class=\"ls-section  page-one has-p-t p-t-14 has-p-b p-b-14\" >\r\n        <div class=\"container container--wide\">\r\n        \n\n<div class=\"wp-block-columns is-layout-flex wp-container-core-columns-is-layout-9d6595d7 wp-block-columns-is-layout-flex\">\n<div class=\"wp-block-column is-vertically-aligned-top animated slideInLeft delay-200ms slow is-layout-flow wp-block-column-is-layout-flow\" style=\"flex-basis:60%\">\n<figure class=\"wp-block-image size-full\"><a href=\"https:\/\/www.domaine-de-kervallon.com\/wp-content\/uploads\/2024\/12\/hebergement-insolite-camping-morbihan.webp\"><img decoding=\"async\" width=\"900\" height=\"675\" src=\"https:\/\/www.domaine-de-kervallon.com\/wp-content\/uploads\/2024\/12\/hebergement-insolite-camping-morbihan.webp\" alt=\"hebergement insolite camping morbihan\" class=\"wp-image-43387\" srcset=\"https:\/\/www.domaine-de-kervallon.com\/wp-content\/uploads\/2024\/12\/hebergement-insolite-camping-morbihan.webp 900w, https:\/\/www.domaine-de-kervallon.com\/wp-content\/uploads\/2024\/12\/hebergement-insolite-camping-morbihan-300x225.webp 300w, https:\/\/www.domaine-de-kervallon.com\/wp-content\/uploads\/2024\/12\/hebergement-insolite-camping-morbihan-768x576.webp 768w\" sizes=\"(max-width: 900px) 100vw, 900px\" \/><\/a><\/figure>\n<\/div>\n\n\n\n<div class=\"wp-block-column is-vertically-aligned-top is-layout-flow wp-block-column-is-layout-flow\" style=\"flex-basis:40%\">\n<h2 class=\"ls__heading wp-block-heading\">Bijzondere camping Morbihan<\/h2>\n\n\n\n<p class=\"ls-paragraph has-text-align-left paragraph-deco\">Een ongewone ervaring in een natuurlijke omgeving<\/p>\n\n\n\n<p class=\"ls-paragraph\">Voor de avonturiers en al diegenen die er even tussenuit willen tijdens hun <a href=\"https:\/\/www.domaine-de-kervallon.com\/nl\/vakantie-camping-morbihan\/\">vakantie in de 56<\/a>, biedt glamping Domaine de Kervallon ook ongewone accommodatie van elders! Zo ontstonden lodges en houten chalets op ons landgoed.<\/p>\n<\/div>\n<\/div>\n\n\r\n    <\/div>\r\n<\/section><section id=\"ls-section-block_772d23a139c9400ef2ee0afae0538539\" class=\"ls-section  page-three has-p-t p-t-14 has-p-b p-b-14\" >\r\n        <div class=\"container container--wide\">\r\n        \n\n<div class=\"wp-block-columns is-layout-flex wp-container-core-columns-is-layout-9d6595d7 wp-block-columns-is-layout-flex\">\n<div class=\"wp-block-column left is-layout-flow wp-block-column-is-layout-flow\">\n<figure class=\"wp-block-image size-full animated slideInLeft delay-200ms slow\"><a href=\"https:\/\/www.domaine-de-kervallon.com\/wp-content\/uploads\/2022\/12\/famille-kervallon-lodge-ponton.jpg\"><img decoding=\"async\" width=\"1024\" height=\"683\" src=\"https:\/\/www.domaine-de-kervallon.com\/wp-content\/uploads\/2022\/12\/famille-kervallon-lodge-ponton.jpg\" alt=\"kervallon familie lodge ponton\" class=\"wp-image-7325\" srcset=\"https:\/\/www.domaine-de-kervallon.com\/wp-content\/uploads\/2022\/12\/famille-kervallon-lodge-ponton.jpg 1024w, https:\/\/www.domaine-de-kervallon.com\/wp-content\/uploads\/2022\/12\/famille-kervallon-lodge-ponton-300x200.jpg 300w, https:\/\/www.domaine-de-kervallon.com\/wp-content\/uploads\/2022\/12\/famille-kervallon-lodge-ponton-768x512.jpg 768w\" sizes=\"(max-width: 1024px) 100vw, 1024px\" \/><\/a><\/figure>\n\n\n\n<p class=\"ls-paragraph\">Tijdens uw verblijf in harmonie met de natuur kunt u nieuwe energie opdoen en mooie herinneringen overhouden aan uw vakantie op onze <a href=\"https:\/\/www.domaine-de-kervallon.com\/nl\/camping-morbihan-met-water-park\/camping-wellnessruimte-morbihan\/\">camping met jacuzzi in Zuid-Bretagne<\/a>!<\/p>\n\n\n\n<p class=\"ls-paragraph\">D\u00e9couvrez notre h\u00e9bergements glamping le plus demand\u00e9 : <a href=\"\/location-mobil-home-morbihan\/cabane-lodge-premium\/\">La tente lodge dans le Morbihan<\/a><\/p>\n<\/div>\n\n\n\n<div class=\"wp-block-column is-vertically-aligned-center right is-layout-flow wp-block-column-is-layout-flow\">\n<p class=\"ls-paragraph\">Omdat we sterk geloven dat vakantie een kans is om je leven te veranderen en je dagelijkse routine achter je te laten, hebben we een camping op mensenmaat ontwikkeld, met een vriendelijke, familiale sfeer. <\/p>\n\n\n\n<p class=\"ls-paragraph\">En laten we vooral ons kleine &#8220;dorp&#8221; niet vergeten, Les Terrasses de Kervallon, dat op slechts 4 meter hoogte ligt, met zijn sauna en jacuzzi, de place to be is tijdens je glamping in Morbihan.<\/p>\n\n\n\n<figure class=\"wp-block-image size-full animated slideInRight delay-200ms slow\"><a href=\"https:\/\/www.domaine-de-kervallon.com\/wp-content\/uploads\/2022\/12\/famille-kervallon-tente-jeux.jpg\"><img decoding=\"async\" width=\"1024\" height=\"768\" src=\"https:\/\/www.domaine-de-kervallon.com\/wp-content\/uploads\/2022\/12\/famille-kervallon-tente-jeux.jpg\" alt=\"kervallon familie speeltent\" class=\"wp-image-7327\" srcset=\"https:\/\/www.domaine-de-kervallon.com\/wp-content\/uploads\/2022\/12\/famille-kervallon-tente-jeux.jpg 1024w, https:\/\/www.domaine-de-kervallon.com\/wp-content\/uploads\/2022\/12\/famille-kervallon-tente-jeux-300x225.jpg 300w, https:\/\/www.domaine-de-kervallon.com\/wp-content\/uploads\/2022\/12\/famille-kervallon-tente-jeux-768x576.jpg 768w\" sizes=\"(max-width: 1024px) 100vw, 1024px\" \/><\/a><\/figure>\n<\/div>\n<\/div>\n\n\r\n    <\/div>\r\n<\/section><section id=\"ls-section-block_42ed272e8df4e93942316da0b59b0240\" class=\"ls-section  page-maillage has-background has-color-5-background-color has-p-t p-t-14 has-p-b p-b-20\" >\r\n        <div class=\"container container--wide\">\r\n        \n\n<div id=\"ls-heading ls-titre-div-block_a54c8438c78eb8908a52199bbcffbd6d\" class=\"ls-titre-div aligncenter h2-like\" >\n    Kom meer te weten over onze ongewone huuraccommodaties, onze prijzen en onze natuurplaatsen!<\/div>\n\n\n<div id=\"ls-maillage-block_903eb4ce9aeafa173d007e36d7625d9f\" class=\"ls-maillage cta-style-normal\" data-rows=\"3\">\r\n    <div class=\"wp-block-columns\"><div class=\"wp-block-column\">\n\n<a href=\"https:\/\/www.domaine-de-kervallon.com\/nl\/location-emplacement-morbihan\/\" target=\"\" rel=\"noopener\" class=\"ls-cta__link\">\n\n\t<div class=\"ls-cta__image\"><img decoding=\"async\" src=\"https:\/\/www.domaine-de-kervallon.com\/wp-content\/uploads\/2022\/12\/van-kervallon.jpg\" alt=\"van kervallon\"><\/div>\n\t<div class=\"ls-cta__title\">\n\t\tOnze kampeerplaatsen\t<\/div>\n\n\n\t<div class=\"ls-cta__distance\">\n\t\t\t<\/div>\n\n\n\n\t\t\n<\/a><\/div><div class=\"wp-block-column\">\n\n<a href=\"https:\/\/www.domaine-de-kervallon.com\/nl\/ongewone-camping-in-bretagne-morbihan\/\" target=\"\" rel=\"noopener\" class=\"ls-cta__link\">\n\n\t<div class=\"ls-cta__image\"><img decoding=\"async\" src=\"https:\/\/www.domaine-de-kervallon.com\/wp-content\/uploads\/2024\/12\/hebergement-insolite-camping-morbihan.webp\" alt=\"hebergement insolite camping morbihan\"><\/div>\n\t<div class=\"ls-cta__title\">\n\t\tOnze ongewone verhuur\t<\/div>\n\n\n\t<div class=\"ls-cta__distance\">\n\t\t\t<\/div>\n\n\n\n\t\t\n<\/a><\/div><div class=\"wp-block-column\">\n\n<a href=\"https:\/\/www.domaine-de-kervallon.com\/nl\/voordelig-kamperen-bretagne-morbihan-56\/\" target=\"\" rel=\"noopener\" class=\"ls-cta__link\">\n\n\t<div class=\"ls-cta__image\"><img decoding=\"async\" src=\"https:\/\/www.domaine-de-kervallon.com\/wp-content\/uploads\/2022\/11\/couple-discussion-camping-kervallon.jpg\" alt=\"Kamperen met z'n twee\u00ebn in Bretagne\"><\/div>\n\t<div class=\"ls-cta__title\">\n\t\tOnze aanbiedingen en prijzen\t<\/div>\n\n\n\t<div class=\"ls-cta__distance\">\n\t\t\t<\/div>\n\n\n\n\t\t\n<\/a><\/div><\/div><\/div>\n\r\n    <\/div>\r\n<\/section>","protected":false},"excerpt":{"rendered":"","protected":false},"author":1,"featured_media":9544,"parent":0,"menu_order":0,"comment_status":"closed","ping_status":"closed","template":"","meta":{"_acf_changed":false,"footnotes":""},"sujet":[],"class_list":["post-10277","page","type-page","status-publish","has-post-thumbnail","hentry"],"acf":[],"yoast_head":"<!-- This site is optimized with the Yoast SEO plugin v26.9 - https:\/\/yoast.com\/product\/yoast-seo-wordpress\/ -->\n<title>Glamping Bretagne | Camping natuur, glamour en ongewone Morbihan 56<\/title>\n<meta name=\"description\" content=\"Domaine de Kervallon biedt een reeks ongewone huuraccommodaties in Morbihan voor je glampingvakantie in Bretagne!\" \/>\n<meta name=\"robots\" content=\"index, follow, max-snippet:-1, max-image-preview:large, max-video-preview:-1\" \/>\n<link rel=\"canonical\" href=\"https:\/\/www.domaine-de-kervallon.com\/nl\/glamping-morbihan\/\" \/>\n<meta property=\"og:locale\" content=\"fr_FR\" \/>\n<meta property=\"og:type\" content=\"article\" \/>\n<meta property=\"og:title\" content=\"Glamping Bretagne | Camping natuur, glamour en ongewone Morbihan 56\" \/>\n<meta property=\"og:description\" content=\"Domaine de Kervallon biedt een reeks ongewone huuraccommodaties in Morbihan voor je glampingvakantie in Bretagne!\" \/>\n<meta property=\"og:url\" content=\"https:\/\/www.domaine-de-kervallon.com\/nl\/glamping-morbihan\/\" \/>\n<meta property=\"og:site_name\" content=\"Domaine de Kervallon\" \/>\n<meta property=\"article:modified_time\" content=\"2025-11-26T15:48:47+00:00\" \/>\n<meta property=\"og:image\" content=\"https:\/\/www.domaine-de-kervallon.com\/wp-content\/uploads\/2022\/11\/tiny-house-kervallon-nature.jpg\" \/>\n\t<meta property=\"og:image:width\" content=\"1600\" \/>\n\t<meta property=\"og:image:height\" content=\"1067\" \/>\n\t<meta property=\"og:image:type\" content=\"image\/jpeg\" \/>\n<meta name=\"twitter:card\" content=\"summary_large_image\" \/>\n<meta name=\"twitter:label1\" content=\"Dur\u00e9e de lecture estim\u00e9e\" \/>\n\t<meta name=\"twitter:data1\" content=\"3 minutes\" \/>\n<script type=\"application\/ld+json\" class=\"yoast-schema-graph\">{\"@context\":\"https:\/\/schema.org\",\"@graph\":[{\"@type\":\"WebPage\",\"@id\":\"https:\/\/www.domaine-de-kervallon.com\/nl\/glamping-morbihan\/\",\"url\":\"https:\/\/www.domaine-de-kervallon.com\/nl\/glamping-morbihan\/\",\"name\":\"Glamping Bretagne | Camping natuur, glamour en ongewone Morbihan 56\",\"isPartOf\":{\"@id\":\"https:\/\/www.domaine-de-kervallon.com\/nl\/#website\"},\"primaryImageOfPage\":{\"@id\":\"https:\/\/www.domaine-de-kervallon.com\/nl\/glamping-morbihan\/#primaryimage\"},\"image\":{\"@id\":\"https:\/\/www.domaine-de-kervallon.com\/nl\/glamping-morbihan\/#primaryimage\"},\"thumbnailUrl\":\"https:\/\/www.domaine-de-kervallon.com\/wp-content\/uploads\/2022\/11\/tiny-house-kervallon-nature.jpg\",\"datePublished\":\"2022-10-14T09:07:12+00:00\",\"dateModified\":\"2025-11-26T15:48:47+00:00\",\"description\":\"Domaine de Kervallon biedt een reeks ongewone huuraccommodaties in Morbihan voor je glampingvakantie in Bretagne!\",\"breadcrumb\":{\"@id\":\"https:\/\/www.domaine-de-kervallon.com\/nl\/glamping-morbihan\/#breadcrumb\"},\"inLanguage\":\"fr-FR\",\"potentialAction\":[{\"@type\":\"ReadAction\",\"target\":[\"https:\/\/www.domaine-de-kervallon.com\/nl\/glamping-morbihan\/\"]}]},{\"@type\":\"ImageObject\",\"inLanguage\":\"fr-FR\",\"@id\":\"https:\/\/www.domaine-de-kervallon.com\/nl\/glamping-morbihan\/#primaryimage\",\"url\":\"https:\/\/www.domaine-de-kervallon.com\/wp-content\/uploads\/2022\/11\/tiny-house-kervallon-nature.jpg\",\"contentUrl\":\"https:\/\/www.domaine-de-kervallon.com\/wp-content\/uploads\/2022\/11\/tiny-house-kervallon-nature.jpg\",\"width\":1600,\"height\":1067,\"caption\":\"tiny house kervallon natuur\"},{\"@type\":\"BreadcrumbList\",\"@id\":\"https:\/\/www.domaine-de-kervallon.com\/nl\/glamping-morbihan\/#breadcrumb\",\"itemListElement\":[{\"@type\":\"ListItem\",\"position\":1,\"name\":\"Camping Broceliande dans le Morbihan\",\"item\":\"https:\/\/www.domaine-de-kervallon.com\/nl\/\"},{\"@type\":\"ListItem\",\"position\":2,\"name\":\"Kamperen in Bretagne\"}]},{\"@type\":\"WebSite\",\"@id\":\"https:\/\/www.domaine-de-kervallon.com\/nl\/#website\",\"url\":\"https:\/\/www.domaine-de-kervallon.com\/nl\/\",\"name\":\"Domaine de Kervallon\",\"description\":\"\",\"publisher\":{\"@id\":\"https:\/\/www.domaine-de-kervallon.com\/nl\/#organization\"},\"potentialAction\":[{\"@type\":\"SearchAction\",\"target\":{\"@type\":\"EntryPoint\",\"urlTemplate\":\"https:\/\/www.domaine-de-kervallon.com\/nl\/?s={search_term_string}\"},\"query-input\":{\"@type\":\"PropertyValueSpecification\",\"valueRequired\":true,\"valueName\":\"search_term_string\"}}],\"inLanguage\":\"fr-FR\"},{\"@type\":\"Organization\",\"@id\":\"https:\/\/www.domaine-de-kervallon.com\/nl\/#organization\",\"name\":\"Domaine de Kervallon\",\"url\":\"https:\/\/www.domaine-de-kervallon.com\/nl\/\",\"logo\":{\"@type\":\"ImageObject\",\"inLanguage\":\"fr-FR\",\"@id\":\"https:\/\/www.domaine-de-kervallon.com\/nl\/#\/schema\/logo\/image\/\",\"url\":\"https:\/\/www.domaine-de-kervallon.com\/wp-content\/uploads\/2022\/10\/logo-domaine-de-kervallon-couleur.png\",\"contentUrl\":\"https:\/\/www.domaine-de-kervallon.com\/wp-content\/uploads\/2022\/10\/logo-domaine-de-kervallon-couleur.png\",\"width\":1600,\"height\":583,\"caption\":\"Domaine de Kervallon\"},\"image\":{\"@id\":\"https:\/\/www.domaine-de-kervallon.com\/nl\/#\/schema\/logo\/image\/\"}}]}<\/script>\n<!-- \/ Yoast SEO plugin. -->","yoast_head_json":{"title":"Glamping Bretagne | Camping natuur, glamour en ongewone Morbihan 56","description":"Domaine de Kervallon biedt een reeks ongewone huuraccommodaties in Morbihan voor je glampingvakantie in Bretagne!","robots":{"index":"index","follow":"follow","max-snippet":"max-snippet:-1","max-image-preview":"max-image-preview:large","max-video-preview":"max-video-preview:-1"},"canonical":"https:\/\/www.domaine-de-kervallon.com\/nl\/glamping-morbihan\/","og_locale":"fr_FR","og_type":"article","og_title":"Glamping Bretagne | Camping natuur, glamour en ongewone Morbihan 56","og_description":"Domaine de Kervallon biedt een reeks ongewone huuraccommodaties in Morbihan voor je glampingvakantie in Bretagne!","og_url":"https:\/\/www.domaine-de-kervallon.com\/nl\/glamping-morbihan\/","og_site_name":"Domaine de Kervallon","article_modified_time":"2025-11-26T15:48:47+00:00","og_image":[{"width":1600,"height":1067,"url":"https:\/\/www.domaine-de-kervallon.com\/wp-content\/uploads\/2022\/11\/tiny-house-kervallon-nature.jpg","type":"image\/jpeg"}],"twitter_card":"summary_large_image","twitter_misc":{"Dur\u00e9e de lecture estim\u00e9e":"3 minutes"},"schema":{"@context":"https:\/\/schema.org","@graph":[{"@type":"WebPage","@id":"https:\/\/www.domaine-de-kervallon.com\/nl\/glamping-morbihan\/","url":"https:\/\/www.domaine-de-kervallon.com\/nl\/glamping-morbihan\/","name":"Glamping Bretagne | Camping natuur, glamour en ongewone Morbihan 56","isPartOf":{"@id":"https:\/\/www.domaine-de-kervallon.com\/nl\/#website"},"primaryImageOfPage":{"@id":"https:\/\/www.domaine-de-kervallon.com\/nl\/glamping-morbihan\/#primaryimage"},"image":{"@id":"https:\/\/www.domaine-de-kervallon.com\/nl\/glamping-morbihan\/#primaryimage"},"thumbnailUrl":"https:\/\/www.domaine-de-kervallon.com\/wp-content\/uploads\/2022\/11\/tiny-house-kervallon-nature.jpg","datePublished":"2022-10-14T09:07:12+00:00","dateModified":"2025-11-26T15:48:47+00:00","description":"Domaine de Kervallon biedt een reeks ongewone huuraccommodaties in Morbihan voor je glampingvakantie in Bretagne!","breadcrumb":{"@id":"https:\/\/www.domaine-de-kervallon.com\/nl\/glamping-morbihan\/#breadcrumb"},"inLanguage":"fr-FR","potentialAction":[{"@type":"ReadAction","target":["https:\/\/www.domaine-de-kervallon.com\/nl\/glamping-morbihan\/"]}]},{"@type":"ImageObject","inLanguage":"fr-FR","@id":"https:\/\/www.domaine-de-kervallon.com\/nl\/glamping-morbihan\/#primaryimage","url":"https:\/\/www.domaine-de-kervallon.com\/wp-content\/uploads\/2022\/11\/tiny-house-kervallon-nature.jpg","contentUrl":"https:\/\/www.domaine-de-kervallon.com\/wp-content\/uploads\/2022\/11\/tiny-house-kervallon-nature.jpg","width":1600,"height":1067,"caption":"tiny house kervallon natuur"},{"@type":"BreadcrumbList","@id":"https:\/\/www.domaine-de-kervallon.com\/nl\/glamping-morbihan\/#breadcrumb","itemListElement":[{"@type":"ListItem","position":1,"name":"Camping Broceliande dans le Morbihan","item":"https:\/\/www.domaine-de-kervallon.com\/nl\/"},{"@type":"ListItem","position":2,"name":"Kamperen in Bretagne"}]},{"@type":"WebSite","@id":"https:\/\/www.domaine-de-kervallon.com\/nl\/#website","url":"https:\/\/www.domaine-de-kervallon.com\/nl\/","name":"Domaine de Kervallon","description":"","publisher":{"@id":"https:\/\/www.domaine-de-kervallon.com\/nl\/#organization"},"potentialAction":[{"@type":"SearchAction","target":{"@type":"EntryPoint","urlTemplate":"https:\/\/www.domaine-de-kervallon.com\/nl\/?s={search_term_string}"},"query-input":{"@type":"PropertyValueSpecification","valueRequired":true,"valueName":"search_term_string"}}],"inLanguage":"fr-FR"},{"@type":"Organization","@id":"https:\/\/www.domaine-de-kervallon.com\/nl\/#organization","name":"Domaine de Kervallon","url":"https:\/\/www.domaine-de-kervallon.com\/nl\/","logo":{"@type":"ImageObject","inLanguage":"fr-FR","@id":"https:\/\/www.domaine-de-kervallon.com\/nl\/#\/schema\/logo\/image\/","url":"https:\/\/www.domaine-de-kervallon.com\/wp-content\/uploads\/2022\/10\/logo-domaine-de-kervallon-couleur.png","contentUrl":"https:\/\/www.domaine-de-kervallon.com\/wp-content\/uploads\/2022\/10\/logo-domaine-de-kervallon-couleur.png","width":1600,"height":583,"caption":"Domaine de Kervallon"},"image":{"@id":"https:\/\/www.domaine-de-kervallon.com\/nl\/#\/schema\/logo\/image\/"}}]}},"_links":{"self":[{"href":"https:\/\/www.domaine-de-kervallon.com\/nl\/wp-json\/wp\/v2\/pages\/10277","targetHints":{"allow":["GET"]}}],"collection":[{"href":"https:\/\/www.domaine-de-kervallon.com\/nl\/wp-json\/wp\/v2\/pages"}],"about":[{"href":"https:\/\/www.domaine-de-kervallon.com\/nl\/wp-json\/wp\/v2\/types\/page"}],"author":[{"embeddable":true,"href":"https:\/\/www.domaine-de-kervallon.com\/nl\/wp-json\/wp\/v2\/users\/1"}],"replies":[{"embeddable":true,"href":"https:\/\/www.domaine-de-kervallon.com\/nl\/wp-json\/wp\/v2\/comments?post=10277"}],"version-history":[{"count":9,"href":"https:\/\/www.domaine-de-kervallon.com\/nl\/wp-json\/wp\/v2\/pages\/10277\/revisions"}],"predecessor-version":[{"id":49667,"href":"https:\/\/www.domaine-de-kervallon.com\/nl\/wp-json\/wp\/v2\/pages\/10277\/revisions\/49667"}],"wp:featuredmedia":[{"embeddable":true,"href":"https:\/\/www.domaine-de-kervallon.com\/nl\/wp-json\/wp\/v2\/media\/9544"}],"wp:attachment":[{"href":"https:\/\/www.domaine-de-kervallon.com\/nl\/wp-json\/wp\/v2\/media?parent=10277"}],"wp:term":[{"taxonomy":"sujet","embeddable":true,"href":"https:\/\/www.domaine-de-kervallon.com\/nl\/wp-json\/wp\/v2\/sujet?post=10277"}],"curies":[{"name":"wp","href":"https:\/\/api.w.org\/{rel}","templated":true}]}}