{"id":49352,"date":"2025-11-26T14:04:47","date_gmt":"2025-11-26T13:04:47","guid":{"rendered":"https:\/\/www.domaine-de-kervallon.com\/restaurante-bosque-broceliande\/"},"modified":"2025-11-26T16:58:28","modified_gmt":"2025-11-26T15:58:28","slug":"restaurante-bosque-broceliande","status":"publish","type":"page","link":"https:\/\/www.domaine-de-kervallon.com\/es\/restaurante-bosque-broceliande\/","title":{"rendered":"La cafeter\u00eda"},"content":{"rendered":"<section id=\"ls-section-block_00d409fe4968899bee3c304e9e6b673f\" class=\"ls-section  page-intro has-p-t p-t-14 has-p-b p-b-7\" >\r\n        <div class=\"container container--wide\">\r\n        \n\n<h1 class=\"ls__heading wp-block-heading has-text-align-center animated fadeInUp delay-200ms slow\"><span class=\"bold\">restauraci\u00f3n <\/span><br\/>for\u00eat de broc\u00e9liande<\/h1>\n\n\r\n    <\/div>\r\n<\/section><section id=\"ls-section-block_afb42c7b12ac3ab5e150518e3951771e\" class=\"ls-section  page-parallaxe has-background-image has-parallax has-background has-color-2-background-color has-p-t p-t-14 has-p-b p-b-14\" >\r\n    <div class=\"ls-section__background-image opacity-25\"><img decoding=\"async\" src=\"https:\/\/www.domaine-de-kervallon.com\/wp-content\/uploads\/2022\/11\/DomainedeKervallon_05072022_064.jpg\" alt=\"DominedeKervallon\"><\/div>    <div class=\"container container--wide\">\r\n        \n\n<div class=\"wp-block-columns is-layout-flex wp-container-core-columns-is-layout-9d6595d7 wp-block-columns-is-layout-flex\">\n<div class=\"wp-block-column is-vertically-aligned-center is-layout-flow wp-block-column-is-layout-flow\">\n<p class=\"ls-paragraph paragraph-deco has-color-white-color has-text-color\">Breta\u00f1a en tu plato : Le bistrot du domaine<\/p>\n<\/div>\n\n\n\n<div class=\"wp-block-column is-vertically-aligned-center animated fadeInRight delay-200ms slow is-layout-flow wp-block-column-is-layout-flow\">\n<h2 class=\"ls__heading wp-block-heading\">Le Bistrot &#8211; Bar y Restaurante<\/h2>\n\n\n\n<p class=\"ls-paragraph\">El BISTROT du Domaine de Kervallon &#8211; Bar y Snacking te ofrece un servicio de restauraci\u00f3n. Para llevar o para disfrutar en nuestra nueva terraza, descubrir\u00e1s las distintas especialidades de nuestro equipo. Pizzas, tablas de embutidos o tablas mixtas, ensaladas italianas, vegetarianas, C\u00e9sar o de queso de cabra caliente, sin olvidar las hamburguesas caseras.   (abierto todos los d\u00edas hasta el 31 de agosto de 2025, despu\u00e9s de mi\u00e9rcoles a s\u00e1bado hasta mediados de septiembre de 2025)<\/p>\n<\/div>\n<\/div>\n\n\r\n    <\/div>\r\n<\/section><section id=\"ls-section-block_c76133d6fe12430449572023995a39a2\" class=\"ls-section  page-one has-p-t p-t-14 has-p-b p-b-14\" >\r\n        <div class=\"container container--wide\">\r\n        \n\n<div class=\"wp-block-columns is-layout-flex wp-container-core-columns-is-layout-9d6595d7 wp-block-columns-is-layout-flex\">\n<div class=\"wp-block-column is-vertically-aligned-top animated slideInLeft delay-200ms slow is-layout-flow wp-block-column-is-layout-flow\" style=\"flex-basis:60%\">\n<figure class=\"wp-block-image size-large\"><a href=\"https:\/\/www.domaine-de-kervallon.com\/wp-content\/uploads\/2022\/11\/glace-cornet-mains-kervallon-1024x679.jpg\"><img decoding=\"async\" width=\"1024\" height=\"679\" src=\"https:\/\/www.domaine-de-kervallon.com\/wp-content\/uploads\/2022\/11\/glace-cornet-mains-kervallon-1024x679.jpg\" alt=\"helado cornet mains kervallon\" class=\"wp-image-4164\" srcset=\"https:\/\/www.domaine-de-kervallon.com\/wp-content\/uploads\/2022\/11\/glace-cornet-mains-kervallon-1024x679.jpg 1024w, https:\/\/www.domaine-de-kervallon.com\/wp-content\/uploads\/2022\/11\/glace-cornet-mains-kervallon-300x199.jpg 300w, https:\/\/www.domaine-de-kervallon.com\/wp-content\/uploads\/2022\/11\/glace-cornet-mains-kervallon-768x509.jpg 768w, https:\/\/www.domaine-de-kervallon.com\/wp-content\/uploads\/2022\/11\/glace-cornet-mains-kervallon-1536x1019.jpg 1536w, https:\/\/www.domaine-de-kervallon.com\/wp-content\/uploads\/2022\/11\/glace-cornet-mains-kervallon.jpg 1600w\" sizes=\"(max-width: 1024px) 100vw, 1024px\" \/><\/a><\/figure>\n<\/div>\n\n\n\n<div class=\"wp-block-column is-vertically-aligned-center is-layout-flow wp-block-column-is-layout-flow\" style=\"flex-basis:40%\">\n<p class=\"ls-paragraph paragraph-deco\"><\/p>\n<\/div>\n<\/div>\n\n\r\n    <\/div>\r\n<\/section><section id=\"ls-section-block_6e65aeb8871e5faad8cc859bbab2ef2a\" class=\"ls-section  page-two has-background has-color-5-background-color has-p-t p-t-14 has-p-b p-b-14\" >\r\n        <div class=\"container container--wide\">\r\n        \n\n<div class=\"wp-block-columns is-layout-flex wp-container-core-columns-is-layout-9d6595d7 wp-block-columns-is-layout-flex\">\n<div class=\"wp-block-column is-vertically-aligned-top is-layout-flow wp-block-column-is-layout-flow\" style=\"flex-basis:40%\">\n<h2 class=\"ls__heading wp-block-heading\">Un momento de convivencia<\/h2>\n\n\n\n<p class=\"ls-paragraph paragraph-deco\">T\u00f3mate tiempo para disfrutar de una comida juntos<\/p>\n\n\n\n<p class=\"ls-paragraph\">El Bistrot te invita a pasar momentos sencillos y de convivencia con la familia o los amigos. <strong>El <\/strong>equipo del Domaine De Kervallon estar\u00e1 encantado de recibirte en sus nuevas instalaciones para compartir contigo nuestros peque\u00f1os secretos sobre <strong>el bosque de Broc\u00e9liande <\/strong>o <strong>el golfo de Morbihan<\/strong>.   <\/p>\n\n\n\n<p class=\"ls-paragraph has-text-align-center\"><strong>#Broc\u00e9liande<\/strong> para la naturaleza y la leyenda <br\/> #Morbihan para las playas y las islas encantadoras <br\/> #Breta\u00f1a para la tradici\u00f3n y la gastronom\u00eda<\/p>\n<\/div>\n\n\n\n<div class=\"wp-block-column is-vertically-aligned-center animated slideInRight delay-200ms slow is-layout-flow wp-block-column-is-layout-flow\" style=\"flex-basis:60%\">\n<figure class=\"wp-block-image size-large\"><a href=\"https:\/\/www.domaine-de-kervallon.com\/wp-content\/uploads\/2022\/11\/kervallon-restaurant-clients-aperitifs-1024x682.jpg\"><img decoding=\"async\" width=\"1024\" height=\"682\" src=\"https:\/\/www.domaine-de-kervallon.com\/wp-content\/uploads\/2022\/11\/kervallon-restaurant-clients-aperitifs-1024x682.jpg\" alt=\"clientes del restaurante kervallon aperitivos\" class=\"wp-image-4167\" srcset=\"https:\/\/www.domaine-de-kervallon.com\/wp-content\/uploads\/2022\/11\/kervallon-restaurant-clients-aperitifs-1024x682.jpg 1024w, https:\/\/www.domaine-de-kervallon.com\/wp-content\/uploads\/2022\/11\/kervallon-restaurant-clients-aperitifs-300x200.jpg 300w, https:\/\/www.domaine-de-kervallon.com\/wp-content\/uploads\/2022\/11\/kervallon-restaurant-clients-aperitifs-768x511.jpg 768w, https:\/\/www.domaine-de-kervallon.com\/wp-content\/uploads\/2022\/11\/kervallon-restaurant-clients-aperitifs-1536x1022.jpg 1536w, https:\/\/www.domaine-de-kervallon.com\/wp-content\/uploads\/2022\/11\/kervallon-restaurant-clients-aperitifs.jpg 1600w\" sizes=\"(max-width: 1024px) 100vw, 1024px\" \/><\/a><\/figure>\n<\/div>\n<\/div>\n\n\r\n    <\/div>\r\n<\/section><section id=\"ls-section-block_99f21e7456fafb7296639903ff344e3a\" class=\"ls-section  page-three has-p-t p-t-14 has-p-b p-b-14\" >\r\n        <div class=\"container container--wide\">\r\n        \r\n    <\/div>\r\n<\/section><section id=\"ls-section-block_312c7eabe7cfc60cc6e859492e576799\" class=\"ls-section  page-avis has-background-image has-parallax has-background has-color-2-background-color has-p-t p-t-14 has-p-b p-b-14\" >\r\n    <div class=\"ls-section__background-image opacity-70\"><img decoding=\"async\" src=\"https:\/\/www.domaine-de-kervallon.com\/wp-content\/uploads\/2022\/11\/terasse-restaurant-domaine-kervallon-ext.jpg\" alt=\"terasse restaurante domaine kervallon ext\"><\/div>    <div class=\"container \">\r\n        \n\n<div id=\"ls-heading ls-titre-div-block_215e10f4757628a11e8b5cf451429105\" class=\"ls-titre-div aligncenter h2-like\" >\n    Y NUESTROS CLIENTES, \u00bfQU\u00c9 OPINAN DEL RESTAURANTE<\/div>\n\n\n<div class=\"avis-container-pages\"><div class=\"avis\"><div class=\"avis-user\"><div class=\"avis-note\">\n                <span><i class=\"kervallon-star\"><\/i><\/span><span><i class=\"kervallon-star\"><\/i><\/span><span><i class=\"kervallon-star\"><\/i><\/span><span><i class=\"kervallon-star\"><\/i><\/span><span><i class=\"kervallon-star\"><\/i><\/span>\n                <\/div><div class=\"avis-name\">Gauvrit A.<\/div><div class=\"avis-content\"><p style=\"text-align: center;\">Lugar muy tranquilo y agradable. \u00a1Casa de campo sobre pilotes muy agradable! El equipo de animaci\u00f3n y el personal de recepci\u00f3n son muy amables y serviciales, y la piscina climatizada es un sue\u00f1o&#8230;<g id=\"gid_0\">\u00a1el restaurante<\/g>es perfecto, y los camareros y animadores son de primera! Lo disfrutamos todo.   <\/p>\n<\/div><\/div><\/div><div class=\"avis\"><div class=\"avis-user\"><div class=\"avis-note\">\n                <span><i class=\"kervallon-star\"><\/i><\/span><span><i class=\"kervallon-star\"><\/i><\/span><span><i class=\"kervallon-star\"><\/i><\/span><span><i class=\"kervallon-star\"><\/i><\/span><span><i class=\"kervallon-star\"><\/i><\/span>\n                <\/div><div class=\"avis-name\">Familia Boutort<\/div><div class=\"avis-content\"><p>Camping muy tranquilo y agradable, gran animaci\u00f3n, piscina y <b>restaurante<\/b>. Seguid as\u00ed. \u00a1Sois geniales!<br \/>\nLa familia Boutort<\/p>\n<\/div><\/div><\/div><div class=\"avis\"><div class=\"avis-user\"><div class=\"avis-note\">\n                <span><i class=\"kervallon-star\"><\/i><\/span><span><i class=\"kervallon-star\"><\/i><\/span><span><i class=\"kervallon-star\"><\/i><\/span><span><i class=\"kervallon-star\"><\/i><\/span><span><i class=\"kervallon-star\"><\/i><\/span>\n                <\/div><div class=\"avis-name\">Aliz\u00e9e B.<\/div><div class=\"avis-content\"><p style=\"text-align: center;\">A pesar del tiempo medio, pasamos una semana en una tienda safari con nuestros 3 hijos. Camping muy limpio, oferta de actividades, <g id=\"gid_0\">restaurante<\/g> delicioso, personal amable&#8230; Realmente nada que decir, aparte de ir all\u00ed \ud83d\ude01 adem\u00e1s hay muchas cosas que hacer en los alrededores \ud83d\ude00  <\/p>\n<\/div><\/div><\/div><\/div>\n\n\r\n    <\/div>\r\n<\/section><section id=\"ls-section-block_a3c16d7cc459a69aa349aa498854a25c\" class=\"ls-section  page-maillage has-background has-color-5-background-color has-p-t p-t-14 has-p-b p-b-20\" >\r\n        <div class=\"container container--wide\">\r\n        \n\n<div id=\"ls-heading ls-titre-div-block_a1d6f4980d1edd41d08d792895d87077\" class=\"ls-titre-div aligncenter h2-like\" >\n    Descubre nuestros servicios, actividades y parque acu\u00e1tico<\/div>\n\n\n<div id=\"ls-maillage-block_5955e70835209758a8a4bc9338474a4c\" class=\"ls-maillage cta-style-normal\" data-rows=\"3\">\r\n    <div class=\"wp-block-columns\"><div class=\"wp-block-column\">\n\n<a href=\"https:\/\/www.domaine-de-kervallon.com\/es\/nuestros-servicios-camping-morbihan\/\" target=\"\" rel=\"noopener\" class=\"ls-cta__link\">\n\n\t<div class=\"ls-cta__image\"><img decoding=\"async\" src=\"https:\/\/www.domaine-de-kervallon.com\/wp-content\/uploads\/2022\/11\/acceuil-service-kervallon-1024x682.jpg\" alt=\"servicios de camping\"><\/div>\n\t<div class=\"ls-cta__title\">\n\t\tNuestros servicios exclusivos\t<\/div>\n\n\n\t<div class=\"ls-cta__distance\">\n\t\t\t<\/div>\n\n\n\n\t\t\n<\/a><\/div><div class=\"wp-block-column\">\n\n<a href=\"https:\/\/www.domaine-de-kervallon.com\/es\/camping-animations-morbihan\/\" target=\"\" rel=\"noopener\" class=\"ls-cta__link\">\n\n\t<div class=\"ls-cta__image\"><img decoding=\"async\" src=\"https:\/\/www.domaine-de-kervallon.com\/wp-content\/uploads\/2022\/10\/domaine-kervallon-yoga-activite-1024x682.jpg\" alt=\"domaine kervallon actividad de yoga\"><\/div>\n\t<div class=\"ls-cta__title\">\n\t\tNuestras actividades y eventos\t<\/div>\n\n\n\t<div class=\"ls-cta__distance\">\n\t\t\t<\/div>\n\n\n\n\t\t\n<\/a><\/div><\/div><\/div>\n\r\n    <\/div>\r\n<\/section>","protected":false},"excerpt":{"rendered":"","protected":false},"author":1,"featured_media":49353,"parent":0,"menu_order":0,"comment_status":"closed","ping_status":"closed","template":"","meta":{"_acf_changed":false,"footnotes":""},"sujet":[],"class_list":["post-49352","page","type-page","status-publish","has-post-thumbnail","hentry"],"acf":[],"yoast_head":"<!-- This site is optimized with the Yoast SEO plugin v26.9 - https:\/\/yoast.com\/product\/yoast-seo-wordpress\/ -->\n<title>Camping de Kervallon | Restaurante en Morbihan<\/title>\n<meta name=\"robots\" content=\"index, follow, max-snippet:-1, max-image-preview:large, max-video-preview:-1\" \/>\n<link rel=\"canonical\" href=\"https:\/\/www.domaine-de-kervallon.com\/es\/restaurante-bosque-broceliande\/\" \/>\n<meta property=\"og:locale\" content=\"fr_FR\" \/>\n<meta property=\"og:type\" content=\"article\" \/>\n<meta property=\"og:title\" content=\"Camping de Kervallon | Restaurante en Morbihan\" \/>\n<meta property=\"og:url\" content=\"https:\/\/www.domaine-de-kervallon.com\/es\/restaurante-bosque-broceliande\/\" \/>\n<meta property=\"og:site_name\" content=\"Domaine de Kervallon\" \/>\n<meta property=\"article:modified_time\" content=\"2025-11-26T15:58:28+00:00\" \/>\n<meta property=\"og:image\" content=\"https:\/\/www.domaine-de-kervallon.com\/wp-content\/uploads\/2022\/11\/terasse-restaurant-domaine-kervallon.jpg\" \/>\n\t<meta property=\"og:image:width\" content=\"1600\" \/>\n\t<meta property=\"og:image:height\" content=\"909\" \/>\n\t<meta property=\"og:image:type\" content=\"image\/jpeg\" \/>\n<meta name=\"twitter:card\" content=\"summary_large_image\" \/>\n<meta name=\"twitter:label1\" content=\"Dur\u00e9e de lecture estim\u00e9e\" \/>\n\t<meta name=\"twitter:data1\" content=\"1 minute\" \/>\n<script type=\"application\/ld+json\" class=\"yoast-schema-graph\">{\"@context\":\"https:\/\/schema.org\",\"@graph\":[{\"@type\":\"WebPage\",\"@id\":\"https:\/\/www.domaine-de-kervallon.com\/es\/restaurante-bosque-broceliande\/\",\"url\":\"https:\/\/www.domaine-de-kervallon.com\/es\/restaurante-bosque-broceliande\/\",\"name\":\"Camping de Kervallon | Restaurante en Morbihan\",\"isPartOf\":{\"@id\":\"https:\/\/www.domaine-de-kervallon.com\/es\/#website\"},\"primaryImageOfPage\":{\"@id\":\"https:\/\/www.domaine-de-kervallon.com\/es\/restaurante-bosque-broceliande\/#primaryimage\"},\"image\":{\"@id\":\"https:\/\/www.domaine-de-kervallon.com\/es\/restaurante-bosque-broceliande\/#primaryimage\"},\"thumbnailUrl\":\"https:\/\/www.domaine-de-kervallon.com\/wp-content\/uploads\/2022\/11\/terasse-restaurant-domaine-kervallon.jpg\",\"datePublished\":\"2025-11-26T13:04:47+00:00\",\"dateModified\":\"2025-11-26T15:58:28+00:00\",\"breadcrumb\":{\"@id\":\"https:\/\/www.domaine-de-kervallon.com\/es\/restaurante-bosque-broceliande\/#breadcrumb\"},\"inLanguage\":\"fr-FR\",\"potentialAction\":[{\"@type\":\"ReadAction\",\"target\":[\"https:\/\/www.domaine-de-kervallon.com\/es\/restaurante-bosque-broceliande\/\"]}]},{\"@type\":\"ImageObject\",\"inLanguage\":\"fr-FR\",\"@id\":\"https:\/\/www.domaine-de-kervallon.com\/es\/restaurante-bosque-broceliande\/#primaryimage\",\"url\":\"https:\/\/www.domaine-de-kervallon.com\/wp-content\/uploads\/2022\/11\/terasse-restaurant-domaine-kervallon.jpg\",\"contentUrl\":\"https:\/\/www.domaine-de-kervallon.com\/wp-content\/uploads\/2022\/11\/terasse-restaurant-domaine-kervallon.jpg\",\"width\":1600,\"height\":909,\"caption\":\"terasse restaurante domaine kervallon\"},{\"@type\":\"BreadcrumbList\",\"@id\":\"https:\/\/www.domaine-de-kervallon.com\/es\/restaurante-bosque-broceliande\/#breadcrumb\",\"itemListElement\":[{\"@type\":\"ListItem\",\"position\":1,\"name\":\"Camping Broceliande dans le Morbihan\",\"item\":\"https:\/\/www.domaine-de-kervallon.com\/es\/\"},{\"@type\":\"ListItem\",\"position\":2,\"name\":\"Restaurante forestal Broc\u00e9liande\"}]},{\"@type\":\"WebSite\",\"@id\":\"https:\/\/www.domaine-de-kervallon.com\/es\/#website\",\"url\":\"https:\/\/www.domaine-de-kervallon.com\/es\/\",\"name\":\"Domaine de Kervallon\",\"description\":\"\",\"publisher\":{\"@id\":\"https:\/\/www.domaine-de-kervallon.com\/es\/#organization\"},\"potentialAction\":[{\"@type\":\"SearchAction\",\"target\":{\"@type\":\"EntryPoint\",\"urlTemplate\":\"https:\/\/www.domaine-de-kervallon.com\/es\/?s={search_term_string}\"},\"query-input\":{\"@type\":\"PropertyValueSpecification\",\"valueRequired\":true,\"valueName\":\"search_term_string\"}}],\"inLanguage\":\"fr-FR\"},{\"@type\":\"Organization\",\"@id\":\"https:\/\/www.domaine-de-kervallon.com\/es\/#organization\",\"name\":\"Domaine de Kervallon\",\"url\":\"https:\/\/www.domaine-de-kervallon.com\/es\/\",\"logo\":{\"@type\":\"ImageObject\",\"inLanguage\":\"fr-FR\",\"@id\":\"https:\/\/www.domaine-de-kervallon.com\/es\/#\/schema\/logo\/image\/\",\"url\":\"https:\/\/www.domaine-de-kervallon.com\/wp-content\/uploads\/2022\/10\/logo-domaine-de-kervallon-couleur.png\",\"contentUrl\":\"https:\/\/www.domaine-de-kervallon.com\/wp-content\/uploads\/2022\/10\/logo-domaine-de-kervallon-couleur.png\",\"width\":1600,\"height\":583,\"caption\":\"Domaine de Kervallon\"},\"image\":{\"@id\":\"https:\/\/www.domaine-de-kervallon.com\/es\/#\/schema\/logo\/image\/\"}}]}<\/script>\n<!-- \/ Yoast SEO plugin. -->","yoast_head_json":{"title":"Camping de Kervallon | Restaurante en Morbihan","robots":{"index":"index","follow":"follow","max-snippet":"max-snippet:-1","max-image-preview":"max-image-preview:large","max-video-preview":"max-video-preview:-1"},"canonical":"https:\/\/www.domaine-de-kervallon.com\/es\/restaurante-bosque-broceliande\/","og_locale":"fr_FR","og_type":"article","og_title":"Camping de Kervallon | Restaurante en Morbihan","og_url":"https:\/\/www.domaine-de-kervallon.com\/es\/restaurante-bosque-broceliande\/","og_site_name":"Domaine de Kervallon","article_modified_time":"2025-11-26T15:58:28+00:00","og_image":[{"width":1600,"height":909,"url":"https:\/\/www.domaine-de-kervallon.com\/wp-content\/uploads\/2022\/11\/terasse-restaurant-domaine-kervallon.jpg","type":"image\/jpeg"}],"twitter_card":"summary_large_image","twitter_misc":{"Dur\u00e9e de lecture estim\u00e9e":"1 minute"},"schema":{"@context":"https:\/\/schema.org","@graph":[{"@type":"WebPage","@id":"https:\/\/www.domaine-de-kervallon.com\/es\/restaurante-bosque-broceliande\/","url":"https:\/\/www.domaine-de-kervallon.com\/es\/restaurante-bosque-broceliande\/","name":"Camping de Kervallon | Restaurante en Morbihan","isPartOf":{"@id":"https:\/\/www.domaine-de-kervallon.com\/es\/#website"},"primaryImageOfPage":{"@id":"https:\/\/www.domaine-de-kervallon.com\/es\/restaurante-bosque-broceliande\/#primaryimage"},"image":{"@id":"https:\/\/www.domaine-de-kervallon.com\/es\/restaurante-bosque-broceliande\/#primaryimage"},"thumbnailUrl":"https:\/\/www.domaine-de-kervallon.com\/wp-content\/uploads\/2022\/11\/terasse-restaurant-domaine-kervallon.jpg","datePublished":"2025-11-26T13:04:47+00:00","dateModified":"2025-11-26T15:58:28+00:00","breadcrumb":{"@id":"https:\/\/www.domaine-de-kervallon.com\/es\/restaurante-bosque-broceliande\/#breadcrumb"},"inLanguage":"fr-FR","potentialAction":[{"@type":"ReadAction","target":["https:\/\/www.domaine-de-kervallon.com\/es\/restaurante-bosque-broceliande\/"]}]},{"@type":"ImageObject","inLanguage":"fr-FR","@id":"https:\/\/www.domaine-de-kervallon.com\/es\/restaurante-bosque-broceliande\/#primaryimage","url":"https:\/\/www.domaine-de-kervallon.com\/wp-content\/uploads\/2022\/11\/terasse-restaurant-domaine-kervallon.jpg","contentUrl":"https:\/\/www.domaine-de-kervallon.com\/wp-content\/uploads\/2022\/11\/terasse-restaurant-domaine-kervallon.jpg","width":1600,"height":909,"caption":"terasse restaurante domaine kervallon"},{"@type":"BreadcrumbList","@id":"https:\/\/www.domaine-de-kervallon.com\/es\/restaurante-bosque-broceliande\/#breadcrumb","itemListElement":[{"@type":"ListItem","position":1,"name":"Camping Broceliande dans le Morbihan","item":"https:\/\/www.domaine-de-kervallon.com\/es\/"},{"@type":"ListItem","position":2,"name":"Restaurante forestal Broc\u00e9liande"}]},{"@type":"WebSite","@id":"https:\/\/www.domaine-de-kervallon.com\/es\/#website","url":"https:\/\/www.domaine-de-kervallon.com\/es\/","name":"Domaine de Kervallon","description":"","publisher":{"@id":"https:\/\/www.domaine-de-kervallon.com\/es\/#organization"},"potentialAction":[{"@type":"SearchAction","target":{"@type":"EntryPoint","urlTemplate":"https:\/\/www.domaine-de-kervallon.com\/es\/?s={search_term_string}"},"query-input":{"@type":"PropertyValueSpecification","valueRequired":true,"valueName":"search_term_string"}}],"inLanguage":"fr-FR"},{"@type":"Organization","@id":"https:\/\/www.domaine-de-kervallon.com\/es\/#organization","name":"Domaine de Kervallon","url":"https:\/\/www.domaine-de-kervallon.com\/es\/","logo":{"@type":"ImageObject","inLanguage":"fr-FR","@id":"https:\/\/www.domaine-de-kervallon.com\/es\/#\/schema\/logo\/image\/","url":"https:\/\/www.domaine-de-kervallon.com\/wp-content\/uploads\/2022\/10\/logo-domaine-de-kervallon-couleur.png","contentUrl":"https:\/\/www.domaine-de-kervallon.com\/wp-content\/uploads\/2022\/10\/logo-domaine-de-kervallon-couleur.png","width":1600,"height":583,"caption":"Domaine de Kervallon"},"image":{"@id":"https:\/\/www.domaine-de-kervallon.com\/es\/#\/schema\/logo\/image\/"}}]}},"_links":{"self":[{"href":"https:\/\/www.domaine-de-kervallon.com\/es\/wp-json\/wp\/v2\/pages\/49352","targetHints":{"allow":["GET"]}}],"collection":[{"href":"https:\/\/www.domaine-de-kervallon.com\/es\/wp-json\/wp\/v2\/pages"}],"about":[{"href":"https:\/\/www.domaine-de-kervallon.com\/es\/wp-json\/wp\/v2\/types\/page"}],"author":[{"embeddable":true,"href":"https:\/\/www.domaine-de-kervallon.com\/es\/wp-json\/wp\/v2\/users\/1"}],"replies":[{"embeddable":true,"href":"https:\/\/www.domaine-de-kervallon.com\/es\/wp-json\/wp\/v2\/comments?post=49352"}],"version-history":[{"count":3,"href":"https:\/\/www.domaine-de-kervallon.com\/es\/wp-json\/wp\/v2\/pages\/49352\/revisions"}],"predecessor-version":[{"id":49674,"href":"https:\/\/www.domaine-de-kervallon.com\/es\/wp-json\/wp\/v2\/pages\/49352\/revisions\/49674"}],"wp:featuredmedia":[{"embeddable":true,"href":"https:\/\/www.domaine-de-kervallon.com\/es\/wp-json\/wp\/v2\/media\/49353"}],"wp:attachment":[{"href":"https:\/\/www.domaine-de-kervallon.com\/es\/wp-json\/wp\/v2\/media?parent=49352"}],"wp:term":[{"taxonomy":"sujet","embeddable":true,"href":"https:\/\/www.domaine-de-kervallon.com\/es\/wp-json\/wp\/v2\/sujet?post=49352"}],"curies":[{"name":"wp","href":"https:\/\/api.w.org\/{rel}","templated":true}]}}