{"id":48857,"date":"2025-11-26T14:03:25","date_gmt":"2025-11-26T13:03:25","guid":{"rendered":"https:\/\/www.domaine-de-kervallon.com\/alquiler-habitaciones-morbihan\/grupo-y-eventos\/"},"modified":"2025-11-26T17:12:37","modified_gmt":"2025-11-26T16:12:37","slug":"grupo-y-eventos","status":"publish","type":"page","link":"https:\/\/www.domaine-de-kervallon.com\/es\/alquiler-habitaciones-morbihan\/grupo-y-eventos\/","title":{"rendered":"Organizaci\u00f3n de grupos y vacaciones"},"content":{"rendered":"<section id=\"ls-section-block_a0ab93398f9c22b2a490ba79bfb70961\" class=\"ls-section  page-intro has-p-t p-t-14 has-p-b p-b-14\" >\r\n        <div class=\"container container--wide\">\r\n        \n\n<h1 class=\"ls__heading has-text-align-center animated fadeInUp delay-200ms slow wp-block-heading\"><span class=\"bold\">Viajes en grupo y planificaci\u00f3n de vacaciones<\/span><br\/>EN Morbihan<\/h1>\n\n\r\n    <\/div>\r\n<\/section><section id=\"ls-section-block_d19931f0fef2a4dedda4affae29e227b\" class=\"ls-section  page-parallaxe has-background-image has-parallax has-background has-color-2-background-color has-p-t p-t-14 has-p-b p-b-14\" >\r\n    <div class=\"ls-section__background-image opacity-25\"><img decoding=\"async\" src=\"https:\/\/www.domaine-de-kervallon.com\/wp-content\/uploads\/2022\/11\/vtt-groupe-foret-1.jpg\" alt=\"vtt grupo foret\"><\/div>    <div class=\"container container--wide\">\r\n        \n\n<div class=\"wp-block-columns is-layout-flex wp-container-core-columns-is-layout-9d6595d7 wp-block-columns-is-layout-flex\">\n<div class=\"wp-block-column is-vertically-aligned-top is-layout-flow wp-block-column-is-layout-flow\">\n<p class=\"ls-paragraph paragraph-deco has-color-white-color has-text-color\">Tus mejores escapadas a la naturaleza<\/p>\n<\/div>\n\n\n\n<div class=\"wp-block-column is-vertically-aligned-center animated fadeInRight delay-200ms slow is-layout-flow wp-block-column-is-layout-flow\">\n<h2 class=\"ls-heading wp-block-heading\">Ideas de vacaciones en Breta\u00f1a<\/h2>\n\n\n\n<h2 class=\"ls-heading wp-block-heading\">DEPORTES<\/h2>\n\n\n\n<ul class=\"ls-list wp-block-list\">\n<li>Bicicleta de monta\u00f1a o senderismo desde el Domaine o en el For\u00eat de Broc\u00e9liande<\/li>\n\n\n\n<li>Embarcaciones neum\u00e1ticas, esqu\u00ed acu\u00e1tico, hidropedales&#8230;. en Lac Au Duc (a 10 minutos del Domaine) <\/li>\n\n\n\n<li>Pirag\u00fcismo en el canal de Nantes-Brest<\/li>\n\n\n\n<li>Patinaje y bicicleta de monta\u00f1a en v\u00edas verdes<\/li>\n\n\n\n<li>Paintball, Accrobranche.<\/li>\n\n\n\n<li>Recorrido en bicicleta por la finca.<\/li>\n\n\n\n<li>Montar a caballo&#8230;<\/li>\n<\/ul>\n<\/div>\n<\/div>\n\n\r\n    <\/div>\r\n<\/section><section id=\"ls-section-block_eec097f2063557bf94bc13745a20658f\" class=\"ls-section  page-one has-p-t p-t-14 has-p-b p-b-14\" >\r\n        <div class=\"container container--wide\">\r\n        \n\n<div class=\"wp-block-columns is-layout-flex wp-container-core-columns-is-layout-9d6595d7 wp-block-columns-is-layout-flex\">\n<div class=\"wp-block-column is-vertically-aligned-top animated slideInLeft delay-200ms slow is-layout-flow wp-block-column-is-layout-flow\" style=\"flex-basis:60%\">\n<figure class=\"wp-block-image size-large\"><a href=\"https:\/\/www.domaine-de-kervallon.com\/wp-content\/uploads\/2022\/11\/groupe-randonnee-foret-kervallon-1024x684.jpg\"><img decoding=\"async\" width=\"1024\" height=\"684\" src=\"https:\/\/www.domaine-de-kervallon.com\/wp-content\/uploads\/2022\/11\/groupe-randonnee-foret-kervallon-1024x684.jpg\" alt=\"grupo randonnee foret kervallon\" class=\"wp-image-4831\" srcset=\"https:\/\/www.domaine-de-kervallon.com\/wp-content\/uploads\/2022\/11\/groupe-randonnee-foret-kervallon-1024x684.jpg 1024w, https:\/\/www.domaine-de-kervallon.com\/wp-content\/uploads\/2022\/11\/groupe-randonnee-foret-kervallon-300x200.jpg 300w, https:\/\/www.domaine-de-kervallon.com\/wp-content\/uploads\/2022\/11\/groupe-randonnee-foret-kervallon-768x513.jpg 768w, https:\/\/www.domaine-de-kervallon.com\/wp-content\/uploads\/2022\/11\/groupe-randonnee-foret-kervallon.jpg 1029w\" sizes=\"(max-width: 1024px) 100vw, 1024px\" \/><\/a><\/figure>\n<\/div>\n\n\n\n<div class=\"wp-block-column is-vertically-aligned-center is-layout-flow wp-block-column-is-layout-flow\" style=\"flex-basis:40%\">\n<h3 class=\"ls-heading wp-block-heading\">  NATURALEZA Y DESCUBRIMIENTO<\/h3>\n\n\n\n<ul class=\"ls-list wp-block-list\">\n<li>Paseo cuentacuentos por el bosque de Broc\u00e9liande<\/li>\n\n\n\n<li>Descubrir el <strong>Sendero de las Hortensias<\/strong> alrededor del Lago Au Duc<\/li>\n\n\n\n<li>Sendero de<strong>interpretaci\u00f3n del agua<\/strong> en Josselin.<\/li>\n\n\n\n<li>Visitas a <strong>\u00abpetites cit\u00e9es de Caract\u00e8res\u00bb (peque\u00f1as ciudades de car\u00e1cter)<\/strong>: Rochefort en terre, Josselin, etc.<\/li>\n\n\n\n<li>La Gacilly \u00bb sus artesanos, su festival de fotograf\u00eda, <strong>la fundaci\u00f3n Yves Rocher <\/strong>\u00ab.<\/li>\n\n\n\n<li>Visita a la <strong>Brasserie Lancelot<\/strong><\/li>\n\n\n\n<li>Museos :<strong> El poeta de la chatarra,<\/strong> museo de la Resistencia&#8230;<\/li>\n<\/ul>\n\n\n\n<h3 class=\"ls-heading wp-block-heading\">  LOS IMPRESCINDIBLES<\/h3>\n\n\n\n<ul class=\"ls-list wp-block-list\">\n<li>Le <strong>Mont St Michel<\/strong> \u00aba 1H30<\/li>\n\n\n\n<li>El <strong>Golfo de Morbihan<\/strong> \u00bb a 35 minutos \u00ab<\/li>\n\n\n\n<li>La <strong>For\u00eat De Broc\u00e9liande<\/strong> \u00bb a 15 minutos<\/li>\n\n\n\n<li>Los <strong>megalitos de Monteneuf<\/strong> o Carnac.<\/li>\n<\/ul>\n\n\n\n<p class=\"ls-paragraph\">No hay vacaciones inamovibles, y podemos organizarlas o ponerte en contacto con nuestros socios.<\/p>\n<\/div>\n<\/div>\n\n\r\n    <\/div>\r\n<\/section><section id=\"ls-section-block_be23f29125801cd0e4907506329baf00\" class=\"ls-section  page-two has-background has-color-5-background-color has-p-t p-t-14 has-p-b p-b-14\" >\r\n        <div class=\"container container--wide\">\r\n        \n\n<div class=\"wp-block-columns is-layout-flex wp-container-core-columns-is-layout-9d6595d7 wp-block-columns-is-layout-flex\">\n<div class=\"wp-block-column is-vertically-aligned-top is-layout-flow wp-block-column-is-layout-flow\" style=\"flex-basis:40%\">\n<h2 class=\"ls-heading wp-block-heading\">Tu evento en Morbihan<\/h2>\n\n\n\n<p class=\"ls-paragraph\">\u00bfBuscas un<strong> lugar de reuni\u00f3n<\/strong> para tu asociaci\u00f3n, una <strong>comida de grupo<\/strong> o un<strong> local para<\/strong> un acto <strong>empresarial<\/strong>o un seminario?<\/p>\n\n\n\n<p class=\"ls-paragraph\">El Domaine de Kervallon, entre el bosque de Broc\u00e9liande y el golfo de Morbihan, est\u00e1 idealmente situado para recibirte un d\u00eda, un fin de semana o una semana.<\/p>\n\n\n\n<p class=\"ls-paragraph\">Ofrecemos <strong>paquetes adaptados a<\/strong> tus necesidades, con <strong>alojamiento<\/strong>, <strong>sala de recepci\u00f3n<\/strong>, <strong>comidas<\/strong>, actividades, etc.<\/p>\n\n\n\n<p class=\"ls-paragraph\">Situado a 35 minutos de Vannes y a 15 minutos del m\u00edtico Bosque de Broc\u00e9liande.<\/p>\n\n\n\n<p class=\"ls-paragraph\">Este <a href=\"\/\">camping cerca de Broc\u00e9liande, en Morbihan<\/a>, te har\u00e1 cambiar de aires con sus <strong>originales alojamientos<\/strong>.<\/p>\n\n\n\n<p class=\"ls-paragraph\">Ponemos a tu disposici\u00f3n todos los<strong> servicios del Pol\u00edgono <\/strong>y te dejamos libertad para organizar tu estancia o trabajamos contigo para dise\u00f1arla.<\/p>\n\n\n\n<p class=\"ls-paragraph\">La proximidad del Domaine De Kervallon a algunas de las atracciones tur\u00edsticas m\u00e1s populares del mundo te permitir\u00e1 organizar <strong>el tipo de vacaciones que m\u00e1s te convenga.<\/strong><\/p>\n<\/div>\n\n\n\n<div class=\"wp-block-column is-vertically-aligned-center animated slideInRight delay-200ms slow is-layout-flow wp-block-column-is-layout-flow\" style=\"flex-basis:60%\">\n<figure class=\"wp-block-image size-full\"><a href=\"https:\/\/www.domaine-de-kervallon.com\/wp-content\/uploads\/2022\/11\/evenement-feu-groupe-camping.jpg\"><img decoding=\"async\" width=\"750\" height=\"500\" src=\"https:\/\/www.domaine-de-kervallon.com\/wp-content\/uploads\/2022\/11\/evenement-feu-groupe-camping.jpg\" alt=\"camping grupo fuego evento\" class=\"wp-image-4835\" srcset=\"https:\/\/www.domaine-de-kervallon.com\/wp-content\/uploads\/2022\/11\/evenement-feu-groupe-camping.jpg 750w, https:\/\/www.domaine-de-kervallon.com\/wp-content\/uploads\/2022\/11\/evenement-feu-groupe-camping-300x200.jpg 300w\" sizes=\"(max-width: 750px) 100vw, 750px\" \/><\/a><\/figure>\n<\/div>\n<\/div>\n\n\r\n    <\/div>\r\n<\/section><section id=\"ls-section-block_a211a432b8ab6763cc13a30b1910be88\" class=\"ls-section  page-one\" >\r\n        <div class=\"container \">\r\n        \n\n<div class=\"wp-block-columns is-layout-flex wp-container-core-columns-is-layout-9d6595d7 wp-block-columns-is-layout-flex\">\n<div class=\"wp-block-column is-vertically-aligned-center animated fadeInRight delay-200ms slow is-layout-flow wp-block-column-is-layout-flow\">\n<p class=\"ls-paragraph has-text-align-right has-color-black-color has-text-color\">\n<div class=\"wpcf7 no-js\" id=\"wpcf7-f49811-o1\" lang=\"es-ES\" dir=\"ltr\" data-wpcf7-id=\"49811\">\n<div class=\"screen-reader-response\"><p role=\"status\" aria-live=\"polite\" aria-atomic=\"true\"><\/p> <ul><\/ul><\/div>\n<form action=\"\/es\/wp-json\/wp\/v2\/pages\/48857#wpcf7-f49811-o1\" method=\"post\" class=\"wpcf7-form init\" aria-label=\"Formulario de contacto\" novalidate=\"novalidate\" data-status=\"init\">\n<fieldset class=\"hidden-fields-container\"><input type=\"hidden\" name=\"_wpcf7\" value=\"49811\" \/><input type=\"hidden\" name=\"_wpcf7_version\" value=\"6.1.4\" \/><input type=\"hidden\" name=\"_wpcf7_locale\" value=\"es_ES\" \/><input type=\"hidden\" name=\"_wpcf7_unit_tag\" value=\"wpcf7-f49811-o1\" \/><input type=\"hidden\" name=\"_wpcf7_container_post\" value=\"0\" \/><input type=\"hidden\" name=\"_wpcf7_posted_data_hash\" value=\"\" \/><input type=\"hidden\" name=\"_wpcf7_recaptcha_response\" value=\"\" \/>\n<\/fieldset>\n<p><label> Tu nombre<br \/>\n<span class=\"wpcf7-form-control-wrap\" data-name=\"your-name\"><input size=\"40\" maxlength=\"400\" class=\"wpcf7-form-control wpcf7-text wpcf7-validates-as-required\" aria-required=\"true\" aria-invalid=\"false\" value=\"\" type=\"text\" name=\"your-name\" \/><\/span> <\/label>\n<\/p>\n<p><label> Tu correo electr\u00f3nico<br \/>\n<span class=\"wpcf7-form-control-wrap\" data-name=\"your-email\"><input size=\"40\" maxlength=\"400\" class=\"wpcf7-form-control wpcf7-email wpcf7-validates-as-required wpcf7-text wpcf7-validates-as-email\" aria-required=\"true\" aria-invalid=\"false\" value=\"\" type=\"email\" name=\"your-email\" \/><\/span> <\/label>\n<\/p>\n<p><label> Asunto<br \/>\n<span class=\"wpcf7-form-control-wrap\" data-name=\"your-subject\"><input size=\"40\" maxlength=\"400\" class=\"wpcf7-form-control wpcf7-text wpcf7-validates-as-required\" aria-required=\"true\" aria-invalid=\"false\" value=\"\" type=\"text\" name=\"your-subject\" \/><\/span> <\/label>\n<\/p>\n<p><label> Tu mensaje<br \/>\n<span class=\"wpcf7-form-control-wrap\" data-name=\"your-message\"><textarea cols=\"40\" rows=\"10\" maxlength=\"2000\" class=\"wpcf7-form-control wpcf7-textarea\" aria-invalid=\"false\" name=\"your-message\"><\/textarea><\/span> <\/label>\n<\/p>\n<p><span class=\"wpcf7-form-control-wrap\" data-name=\"acceptance-553\"><span class=\"wpcf7-form-control wpcf7-acceptance\"><span class=\"wpcf7-list-item\"><label><input type=\"checkbox\" name=\"acceptance-553\" value=\"1\" aria-invalid=\"false\" \/><span class=\"wpcf7-list-item-label\">Al marcar esta casilla, acepto la <a href=\"\/es\/politica-de-privacidad\/\" rel=\"nofollow\" target=\"_blank\">Pol\u00edtica de Privacidad<\/a> de este sitio\n.<\/span><\/label><\/span><\/span><\/span>\n<\/p>\n<p><input class=\"wpcf7-form-control wpcf7-submit has-spinner\" type=\"submit\" value=\"Env\u00eda\" \/>\n<\/p><div class=\"wpcf7-response-output\" aria-hidden=\"true\"><\/div>\n<\/form>\n<\/div>\n<\/p>\n<\/div>\n\n\n\n<div class=\"wp-block-column is-vertically-aligned-top is-layout-flow wp-block-column-is-layout-flow\">\n<h2 class=\"ls-heading wp-block-heading\">Contacta con nosotros<\/h2>\n\n\n\n<p class=\"ls-paragraph\">Si quieres<strong> m\u00e1s informaci\u00f3n<\/strong> sobre el Domaine de Kervallon antes de reservar tus vacaciones, todo el equipo estar\u00e1 encantado de<strong> aconsejarte sobre <\/strong>el alojamiento y la parcela que mejor se adapten a tus necesidades. Si quieres estar cerca de los juegos, <strong>las tiendas de safari y las caba\u00f1as <\/strong>son para ti. En cambio, si buscas m\u00e1s <strong>paz y tranquilidad<\/strong>, opta por nuestras <strong>casas rurales para tramperos o las caba\u00f1as<\/strong> sobre pilotes.  <\/p>\n\n\n\n<p class=\"ls-paragraph\">As\u00ed que no esperes m\u00e1s, estamos a tu servicio en <br\/><strong>06 76 68 83 67<\/strong> o por correo electr\u00f3nico en <br\/><strong>contact@domaine-de-kervallon.com<\/strong><\/p>\n<\/div>\n<\/div>\n\n\r\n    <\/div>\r\n<\/section><section id=\"ls-section-block_18a8ea3dda06736ae9e0d3898b988806\" class=\"ls-section  page-maillage has-background has-color-5-background-color has-p-t p-t-14 has-p-b p-b-20\" >\r\n        <div class=\"container container--wide\">\r\n        \n\n<div id=\"ls-heading ls-titre-div-block_41005512ffcd68344bc61dbe2802d2e5\" class=\"ls-titre-div aligncenter h2-like\" >\n    M\u00e1s informaci\u00f3n sobre nuestras salas de alquiler, nuestros paquetes para seminarios y nuestros lugares para bodas  <\/div>\n\n\n<div id=\"ls-maillage-block_dc00eaf8e4531c48eb43c101de71e8fa\" class=\"ls-maillage cta-style-normal\" data-rows=\"3\">\r\n    <div class=\"wp-block-columns\"><div class=\"wp-block-column\">\n\n<a href=\"https:\/\/www.domaine-de-kervallon.com\/es\/alquiler-habitaciones-morbihan\/\" target=\"\" rel=\"noopener\" class=\"ls-cta__link\">\n\n\t<div class=\"ls-cta__image\"><img decoding=\"async\" src=\"https:\/\/www.domaine-de-kervallon.com\/wp-content\/uploads\/2026\/02\/SALLE-DE-SEMINAIRE-1024x576.jpg\" alt=\"\"><\/div>\n\t<div class=\"ls-cta__title\">\n\t\tNuestras salas de alquiler\t<\/div>\n\n\n\t<div class=\"ls-cta__distance\">\n\t\t\t<\/div>\n\n\n\n\t\t\n<\/a><\/div><div class=\"wp-block-column\">\n\n<a href=\"https:\/\/www.domaine-de-kervallon.com\/es\/alquiler-habitaciones-morbihan\/bodas-bretagne\/\" target=\"\" rel=\"noopener\" class=\"ls-cta__link\">\n\n\t<div class=\"ls-cta__image\"><img decoding=\"async\" src=\"https:\/\/www.domaine-de-kervallon.com\/wp-content\/uploads\/2022\/11\/champagne-reception-fete-verres.jpg\" alt=\"copas de champ\u00e1n para fiestas\"><\/div>\n\t<div class=\"ls-cta__title\">\n\t\tBoda en Breta\u00f1a\t<\/div>\n\n\n\t<div class=\"ls-cta__distance\">\n\t\t\t<\/div>\n\n\n\n\t\t\n<\/a><\/div><div class=\"wp-block-column\">\n\n<a href=\"https:\/\/www.domaine-de-kervallon.com\/es\/alquiler-habitaciones-morbihan\/seminario-original-morbihan\/\" target=\"\" rel=\"noopener\" class=\"ls-cta__link\">\n\n\t<div class=\"ls-cta__image\"><img decoding=\"async\" src=\"https:\/\/www.domaine-de-kervallon.com\/wp-content\/uploads\/2022\/11\/team-building-kervallon-760x1024.jpg\" alt=\"team building broceliande\"><\/div>\n\t<div class=\"ls-cta__title\">\n\t\tOrganizaci\u00f3n del seminario\t<\/div>\n\n\n\t<div class=\"ls-cta__distance\">\n\t\t\t<\/div>\n\n\n\n\t\t\n<\/a><\/div><\/div><\/div>\n\r\n    <\/div>\r\n<\/section>","protected":false},"excerpt":{"rendered":"","protected":false},"author":1,"featured_media":48859,"parent":48630,"menu_order":1,"comment_status":"closed","ping_status":"closed","template":"","meta":{"_acf_changed":false,"footnotes":""},"sujet":[],"class_list":["post-48857","page","type-page","status-publish","has-post-thumbnail","hentry"],"acf":[],"yoast_head":"<!-- This site is optimized with the Yoast SEO plugin v26.9 - https:\/\/yoast.com\/product\/yoast-seo-wordpress\/ -->\n<title>Alquiler de salas para grupos y seminarios en Morbihan, Breta\u00f1a<\/title>\n<meta name=\"robots\" content=\"index, follow, max-snippet:-1, max-image-preview:large, max-video-preview:-1\" \/>\n<link rel=\"canonical\" href=\"https:\/\/www.domaine-de-kervallon.com\/es\/alquiler-habitaciones-morbihan\/grupo-y-eventos\/\" \/>\n<meta property=\"og:locale\" content=\"fr_FR\" \/>\n<meta property=\"og:type\" content=\"article\" \/>\n<meta property=\"og:title\" content=\"Alquiler de salas para grupos y seminarios en Morbihan, Breta\u00f1a\" \/>\n<meta property=\"og:url\" content=\"https:\/\/www.domaine-de-kervallon.com\/es\/alquiler-habitaciones-morbihan\/grupo-y-eventos\/\" \/>\n<meta property=\"og:site_name\" content=\"Domaine de Kervallon\" \/>\n<meta property=\"article:modified_time\" content=\"2025-11-26T16:12:37+00:00\" \/>\n<meta property=\"og:image\" content=\"https:\/\/www.domaine-de-kervallon.com\/wp-content\/uploads\/2022\/11\/groupe-lac-camping-picnic.jpg\" \/>\n\t<meta property=\"og:image:width\" content=\"1600\" \/>\n\t<meta property=\"og:image:height\" content=\"842\" \/>\n\t<meta property=\"og:image:type\" content=\"image\/jpeg\" \/>\n<meta name=\"twitter:card\" content=\"summary_large_image\" \/>\n<meta name=\"twitter:label1\" content=\"Dur\u00e9e de lecture estim\u00e9e\" \/>\n\t<meta name=\"twitter:data1\" content=\"2 minutes\" \/>\n<script type=\"application\/ld+json\" class=\"yoast-schema-graph\">{\"@context\":\"https:\/\/schema.org\",\"@graph\":[{\"@type\":\"WebPage\",\"@id\":\"https:\/\/www.domaine-de-kervallon.com\/es\/alquiler-habitaciones-morbihan\/grupo-y-eventos\/\",\"url\":\"https:\/\/www.domaine-de-kervallon.com\/es\/alquiler-habitaciones-morbihan\/grupo-y-eventos\/\",\"name\":\"Alquiler de salas para grupos y seminarios en Morbihan, Breta\u00f1a\",\"isPartOf\":{\"@id\":\"https:\/\/www.domaine-de-kervallon.com\/es\/#website\"},\"primaryImageOfPage\":{\"@id\":\"https:\/\/www.domaine-de-kervallon.com\/es\/alquiler-habitaciones-morbihan\/grupo-y-eventos\/#primaryimage\"},\"image\":{\"@id\":\"https:\/\/www.domaine-de-kervallon.com\/es\/alquiler-habitaciones-morbihan\/grupo-y-eventos\/#primaryimage\"},\"thumbnailUrl\":\"https:\/\/www.domaine-de-kervallon.com\/wp-content\/uploads\/2022\/11\/groupe-lac-camping-picnic.jpg\",\"datePublished\":\"2025-11-26T13:03:25+00:00\",\"dateModified\":\"2025-11-26T16:12:37+00:00\",\"breadcrumb\":{\"@id\":\"https:\/\/www.domaine-de-kervallon.com\/es\/alquiler-habitaciones-morbihan\/grupo-y-eventos\/#breadcrumb\"},\"inLanguage\":\"fr-FR\",\"potentialAction\":[{\"@type\":\"ReadAction\",\"target\":[\"https:\/\/www.domaine-de-kervallon.com\/es\/alquiler-habitaciones-morbihan\/grupo-y-eventos\/\"]}]},{\"@type\":\"ImageObject\",\"inLanguage\":\"fr-FR\",\"@id\":\"https:\/\/www.domaine-de-kervallon.com\/es\/alquiler-habitaciones-morbihan\/grupo-y-eventos\/#primaryimage\",\"url\":\"https:\/\/www.domaine-de-kervallon.com\/wp-content\/uploads\/2022\/11\/groupe-lac-camping-picnic.jpg\",\"contentUrl\":\"https:\/\/www.domaine-de-kervallon.com\/wp-content\/uploads\/2022\/11\/groupe-lac-camping-picnic.jpg\",\"width\":1600,\"height\":842,\"caption\":\"camping groupe bretagne\"},{\"@type\":\"BreadcrumbList\",\"@id\":\"https:\/\/www.domaine-de-kervallon.com\/es\/alquiler-habitaciones-morbihan\/grupo-y-eventos\/#breadcrumb\",\"itemListElement\":[{\"@type\":\"ListItem\",\"position\":1,\"name\":\"Camping Broceliande dans le Morbihan\",\"item\":\"https:\/\/www.domaine-de-kervallon.com\/es\/\"},{\"@type\":\"ListItem\",\"position\":2,\"name\":\"Alquiler de salas en Morbihan\",\"item\":\"https:\/\/www.domaine-de-kervallon.com\/es\/alquiler-habitaciones-morbihan\/\"},{\"@type\":\"ListItem\",\"position\":3,\"name\":\"Organizaci\u00f3n de grupos y vacaciones en Morbihan\"}]},{\"@type\":\"WebSite\",\"@id\":\"https:\/\/www.domaine-de-kervallon.com\/es\/#website\",\"url\":\"https:\/\/www.domaine-de-kervallon.com\/es\/\",\"name\":\"Domaine de Kervallon\",\"description\":\"\",\"publisher\":{\"@id\":\"https:\/\/www.domaine-de-kervallon.com\/es\/#organization\"},\"potentialAction\":[{\"@type\":\"SearchAction\",\"target\":{\"@type\":\"EntryPoint\",\"urlTemplate\":\"https:\/\/www.domaine-de-kervallon.com\/es\/?s={search_term_string}\"},\"query-input\":{\"@type\":\"PropertyValueSpecification\",\"valueRequired\":true,\"valueName\":\"search_term_string\"}}],\"inLanguage\":\"fr-FR\"},{\"@type\":\"Organization\",\"@id\":\"https:\/\/www.domaine-de-kervallon.com\/es\/#organization\",\"name\":\"Domaine de Kervallon\",\"url\":\"https:\/\/www.domaine-de-kervallon.com\/es\/\",\"logo\":{\"@type\":\"ImageObject\",\"inLanguage\":\"fr-FR\",\"@id\":\"https:\/\/www.domaine-de-kervallon.com\/es\/#\/schema\/logo\/image\/\",\"url\":\"https:\/\/www.domaine-de-kervallon.com\/wp-content\/uploads\/2022\/10\/logo-domaine-de-kervallon-couleur.png\",\"contentUrl\":\"https:\/\/www.domaine-de-kervallon.com\/wp-content\/uploads\/2022\/10\/logo-domaine-de-kervallon-couleur.png\",\"width\":1600,\"height\":583,\"caption\":\"Domaine de Kervallon\"},\"image\":{\"@id\":\"https:\/\/www.domaine-de-kervallon.com\/es\/#\/schema\/logo\/image\/\"}}]}<\/script>\n<!-- \/ Yoast SEO plugin. -->","yoast_head_json":{"title":"Alquiler de salas para grupos y seminarios en Morbihan, Breta\u00f1a","robots":{"index":"index","follow":"follow","max-snippet":"max-snippet:-1","max-image-preview":"max-image-preview:large","max-video-preview":"max-video-preview:-1"},"canonical":"https:\/\/www.domaine-de-kervallon.com\/es\/alquiler-habitaciones-morbihan\/grupo-y-eventos\/","og_locale":"fr_FR","og_type":"article","og_title":"Alquiler de salas para grupos y seminarios en Morbihan, Breta\u00f1a","og_url":"https:\/\/www.domaine-de-kervallon.com\/es\/alquiler-habitaciones-morbihan\/grupo-y-eventos\/","og_site_name":"Domaine de Kervallon","article_modified_time":"2025-11-26T16:12:37+00:00","og_image":[{"width":1600,"height":842,"url":"https:\/\/www.domaine-de-kervallon.com\/wp-content\/uploads\/2022\/11\/groupe-lac-camping-picnic.jpg","type":"image\/jpeg"}],"twitter_card":"summary_large_image","twitter_misc":{"Dur\u00e9e de lecture estim\u00e9e":"2 minutes"},"schema":{"@context":"https:\/\/schema.org","@graph":[{"@type":"WebPage","@id":"https:\/\/www.domaine-de-kervallon.com\/es\/alquiler-habitaciones-morbihan\/grupo-y-eventos\/","url":"https:\/\/www.domaine-de-kervallon.com\/es\/alquiler-habitaciones-morbihan\/grupo-y-eventos\/","name":"Alquiler de salas para grupos y seminarios en Morbihan, Breta\u00f1a","isPartOf":{"@id":"https:\/\/www.domaine-de-kervallon.com\/es\/#website"},"primaryImageOfPage":{"@id":"https:\/\/www.domaine-de-kervallon.com\/es\/alquiler-habitaciones-morbihan\/grupo-y-eventos\/#primaryimage"},"image":{"@id":"https:\/\/www.domaine-de-kervallon.com\/es\/alquiler-habitaciones-morbihan\/grupo-y-eventos\/#primaryimage"},"thumbnailUrl":"https:\/\/www.domaine-de-kervallon.com\/wp-content\/uploads\/2022\/11\/groupe-lac-camping-picnic.jpg","datePublished":"2025-11-26T13:03:25+00:00","dateModified":"2025-11-26T16:12:37+00:00","breadcrumb":{"@id":"https:\/\/www.domaine-de-kervallon.com\/es\/alquiler-habitaciones-morbihan\/grupo-y-eventos\/#breadcrumb"},"inLanguage":"fr-FR","potentialAction":[{"@type":"ReadAction","target":["https:\/\/www.domaine-de-kervallon.com\/es\/alquiler-habitaciones-morbihan\/grupo-y-eventos\/"]}]},{"@type":"ImageObject","inLanguage":"fr-FR","@id":"https:\/\/www.domaine-de-kervallon.com\/es\/alquiler-habitaciones-morbihan\/grupo-y-eventos\/#primaryimage","url":"https:\/\/www.domaine-de-kervallon.com\/wp-content\/uploads\/2022\/11\/groupe-lac-camping-picnic.jpg","contentUrl":"https:\/\/www.domaine-de-kervallon.com\/wp-content\/uploads\/2022\/11\/groupe-lac-camping-picnic.jpg","width":1600,"height":842,"caption":"camping groupe bretagne"},{"@type":"BreadcrumbList","@id":"https:\/\/www.domaine-de-kervallon.com\/es\/alquiler-habitaciones-morbihan\/grupo-y-eventos\/#breadcrumb","itemListElement":[{"@type":"ListItem","position":1,"name":"Camping Broceliande dans le Morbihan","item":"https:\/\/www.domaine-de-kervallon.com\/es\/"},{"@type":"ListItem","position":2,"name":"Alquiler de salas en Morbihan","item":"https:\/\/www.domaine-de-kervallon.com\/es\/alquiler-habitaciones-morbihan\/"},{"@type":"ListItem","position":3,"name":"Organizaci\u00f3n de grupos y vacaciones en Morbihan"}]},{"@type":"WebSite","@id":"https:\/\/www.domaine-de-kervallon.com\/es\/#website","url":"https:\/\/www.domaine-de-kervallon.com\/es\/","name":"Domaine de Kervallon","description":"","publisher":{"@id":"https:\/\/www.domaine-de-kervallon.com\/es\/#organization"},"potentialAction":[{"@type":"SearchAction","target":{"@type":"EntryPoint","urlTemplate":"https:\/\/www.domaine-de-kervallon.com\/es\/?s={search_term_string}"},"query-input":{"@type":"PropertyValueSpecification","valueRequired":true,"valueName":"search_term_string"}}],"inLanguage":"fr-FR"},{"@type":"Organization","@id":"https:\/\/www.domaine-de-kervallon.com\/es\/#organization","name":"Domaine de Kervallon","url":"https:\/\/www.domaine-de-kervallon.com\/es\/","logo":{"@type":"ImageObject","inLanguage":"fr-FR","@id":"https:\/\/www.domaine-de-kervallon.com\/es\/#\/schema\/logo\/image\/","url":"https:\/\/www.domaine-de-kervallon.com\/wp-content\/uploads\/2022\/10\/logo-domaine-de-kervallon-couleur.png","contentUrl":"https:\/\/www.domaine-de-kervallon.com\/wp-content\/uploads\/2022\/10\/logo-domaine-de-kervallon-couleur.png","width":1600,"height":583,"caption":"Domaine de Kervallon"},"image":{"@id":"https:\/\/www.domaine-de-kervallon.com\/es\/#\/schema\/logo\/image\/"}}]}},"_links":{"self":[{"href":"https:\/\/www.domaine-de-kervallon.com\/es\/wp-json\/wp\/v2\/pages\/48857","targetHints":{"allow":["GET"]}}],"collection":[{"href":"https:\/\/www.domaine-de-kervallon.com\/es\/wp-json\/wp\/v2\/pages"}],"about":[{"href":"https:\/\/www.domaine-de-kervallon.com\/es\/wp-json\/wp\/v2\/types\/page"}],"author":[{"embeddable":true,"href":"https:\/\/www.domaine-de-kervallon.com\/es\/wp-json\/wp\/v2\/users\/1"}],"replies":[{"embeddable":true,"href":"https:\/\/www.domaine-de-kervallon.com\/es\/wp-json\/wp\/v2\/comments?post=48857"}],"version-history":[{"count":5,"href":"https:\/\/www.domaine-de-kervallon.com\/es\/wp-json\/wp\/v2\/pages\/48857\/revisions"}],"predecessor-version":[{"id":49711,"href":"https:\/\/www.domaine-de-kervallon.com\/es\/wp-json\/wp\/v2\/pages\/48857\/revisions\/49711"}],"up":[{"embeddable":true,"href":"https:\/\/www.domaine-de-kervallon.com\/es\/wp-json\/wp\/v2\/pages\/48630"}],"wp:featuredmedia":[{"embeddable":true,"href":"https:\/\/www.domaine-de-kervallon.com\/es\/wp-json\/wp\/v2\/media\/48859"}],"wp:attachment":[{"href":"https:\/\/www.domaine-de-kervallon.com\/es\/wp-json\/wp\/v2\/media?parent=48857"}],"wp:term":[{"taxonomy":"sujet","embeddable":true,"href":"https:\/\/www.domaine-de-kervallon.com\/es\/wp-json\/wp\/v2\/sujet?post=48857"}],"curies":[{"name":"wp","href":"https:\/\/api.w.org\/{rel}","templated":true}]}}