{"id":48630,"date":"2025-11-26T14:03:15","date_gmt":"2025-11-26T13:03:15","guid":{"rendered":"https:\/\/www.domaine-de-kervallon.com\/alquiler-habitaciones-morbihan\/"},"modified":"2025-11-26T17:03:03","modified_gmt":"2025-11-26T16:03:03","slug":"alquiler-habitaciones-morbihan","status":"publish","type":"page","link":"https:\/\/www.domaine-de-kervallon.com\/es\/alquiler-habitaciones-morbihan\/","title":{"rendered":"Alquiler de salas"},"content":{"rendered":"<section id=\"ls-section-block_a5af26800c77beb343e3e46db537e548\" class=\"ls-section  page-intro has-p-t p-t-14 has-p-b p-b-2\" >\r\n        <div class=\"container container--wide\">\r\n        \n\n<h1 class=\"ls__heading wp-block-heading has-text-align-center animated fadeInUp delay-200ms slow\"><span class=\"bold\">grupo <\/span><br\/>y bodas Morbihan<\/h1>\n\n\r\n    <\/div>\r\n<\/section><section id=\"ls-section-block_d04859c2cb9ad2f7048657f1a285fd89\" class=\"ls-section  page-sous-titre p-t-0 has-p-t p-t-0 has-p-b p-b-0\" >\r\n        <div class=\"container \">\r\n        \n\n<p class=\"ls-paragraph has-text-align-center\">Situado en plena naturaleza, entre el bosque de Broc\u00e9liande y el golfo de Morbihan, el Domaine de Kervallon te acoge todo el a\u00f1o para tus eventos en sus 2 hect\u00e1reas de terreno ajardinado.<\/p>\n\n\r\n    <\/div>\r\n<\/section><section id=\"ls-section-block_4ddeb4be64cffc39eb441f039095b7c6\" class=\"ls-section  page-parallaxe has-background-image has-parallax has-background has-color-2-background-color has-p-t p-t-14 has-p-b p-b-14\" >\r\n    <div class=\"ls-section__background-image opacity-25\"><img decoding=\"async\" src=\"https:\/\/www.domaine-de-kervallon.com\/wp-content\/uploads\/2022\/11\/reception-kervallon-buffet.jpg\" alt=\"recepci\u00f3n kervallon buffet\"><\/div>    <div class=\"container container--wide\">\r\n        \n\n<div class=\"wp-block-columns is-layout-flex wp-container-core-columns-is-layout-9d6595d7 wp-block-columns-is-layout-flex\">\n<div class=\"wp-block-column is-vertically-aligned-top is-layout-flow wp-block-column-is-layout-flow\">\n<p class=\"ls-paragraph paragraph-deco has-color-white-color has-text-color\">Un lugar de ensue\u00f1o para acontecimientos memorables<\/p>\n<\/div>\n\n\n\n<div class=\"wp-block-column is-vertically-aligned-center animated fadeInRight delay-200ms slow is-layout-flow wp-block-column-is-layout-flow\">\n<h2 class=\"ls__heading wp-block-heading\">Alquiler de salas en Morbihan<\/h2>\n\n\n\n<p class=\"ls-paragraph\">\u00bfBuscas alquiler de habitaciones y alojamiento en Plo\u00ebrmel?<\/p>\n\n\n\n<p class=\"ls-paragraph\">El encanto del lugar y la autenticidad del paisaje lo convierten en un lugar de ensue\u00f1o para tu boda o banquete familiar.<\/p>\n\n\n\n<p class=\"ls-paragraph\">Disponemos de dos salas de actos interconectadas. Nuestra sala Broc\u00e9liande puede albergar hasta 140 personas, mientras que nuestra sala Korrigan tiene capacidad para 50. Podemos proporcionarte una cocina totalmente equipada, mesas, sillas y vajilla.  <\/p>\n\n\n\n<p class=\"ls-paragraph\">Tienes a tu disposici\u00f3n una carpa de 200 m2 con suelo de parqu\u00e9 para tus recepciones. Hay m\u00e1s de 400 m2 de salas a tu disposici\u00f3n. <\/p>\n\n\n\n<p class=\"ls-paragraph\">Para tus invitados, te ofrecemos una amplia selecci\u00f3n de alojamientos, \u00a1para que todo el mundo se quede en nuestro <a href=\"\/\">camping de Broc\u00e9liande <\/a>!<\/p>\n\n\n\n<p class=\"ls-paragraph\">Piscina climatizada y piscina infantil, parque infantil, bolera&#8230; har\u00e1n las delicias de todos tus invitados.<\/p>\n\n\n\n<p class=\"ls-paragraph\">Reg\u00e1late a ti y a tus invitados un fin de semana inolvidable en el naturalmente aut\u00e9ntico Domaine de Kervallon.<\/p>\n<\/div>\n<\/div>\n\n\r\n    <\/div>\r\n<\/section><section id=\"ls-section-block_352d2c7e98e1e77e91916493985ad412\" class=\"ls-section  page-one\" >\r\n        <div class=\"container \">\r\n        \n\n<div class=\"wp-block-columns is-layout-flex wp-container-core-columns-is-layout-9d6595d7 wp-block-columns-is-layout-flex\">\n<div class=\"wp-block-column is-vertically-aligned-top is-layout-flow wp-block-column-is-layout-flow\">\n<p class=\"ls-paragraph has-text-align-left paragraph-deco\">\u00bfTienes alguna pregunta? Nos pondremos en contacto contigo <\/p>\n\n\n\n<h2 class=\"ls__heading wp-block-heading has-text-align-right\">Contacta con nosotros<\/h2>\n\n\n\n<p class=\"ls-paragraph has-text-align-right\">Si quieres<strong> m\u00e1s informaci\u00f3n<\/strong> sobre el Domaine de Kervallon antes de reservar tus vacaciones, todo el equipo estar\u00e1 encantado de<strong> aconsejarte sobre <\/strong>el alojamiento y la parcela que mejor se adapten a tus necesidades. Si quieres estar cerca de los juegos, <g id=\"gid_2\">las tiendas de safari y las caba\u00f1as <\/g>son para ti. En cambio, si buscas m\u00e1s <strong>paz y tranquilidad<\/strong>, opta por nuestras <strong>casas rurales para tramperos o las caba\u00f1as<\/strong> sobre pilotes.  <\/p>\n\n\n\n<p class=\"ls-paragraph has-text-align-right\">As\u00ed que no esperes m\u00e1s, estamos a tu servicio en <br\/><strong>06 76 68 83 67<\/strong> o por correo electr\u00f3nico en <br\/><strong>contact@domaine-de-kervallon.com<\/strong><\/p>\n<\/div>\n\n\n\n<div class=\"wp-block-column is-vertically-aligned-center animated fadeInRight delay-200ms slow is-layout-flow wp-block-column-is-layout-flow\">\n<p class=\"ls-paragraph has-color-black-color has-text-color\">\n<div class=\"wpcf7 no-js\" id=\"wpcf7-f49811-o1\" lang=\"es-ES\" dir=\"ltr\" data-wpcf7-id=\"49811\">\n<div class=\"screen-reader-response\"><p role=\"status\" aria-live=\"polite\" aria-atomic=\"true\"><\/p> <ul><\/ul><\/div>\n<form action=\"\/es\/wp-json\/wp\/v2\/pages\/48630#wpcf7-f49811-o1\" method=\"post\" class=\"wpcf7-form init\" aria-label=\"Formulario de contacto\" novalidate=\"novalidate\" data-status=\"init\">\n<fieldset class=\"hidden-fields-container\"><input type=\"hidden\" name=\"_wpcf7\" value=\"49811\" \/><input type=\"hidden\" name=\"_wpcf7_version\" value=\"6.1.4\" \/><input type=\"hidden\" name=\"_wpcf7_locale\" value=\"es_ES\" \/><input type=\"hidden\" name=\"_wpcf7_unit_tag\" value=\"wpcf7-f49811-o1\" \/><input type=\"hidden\" name=\"_wpcf7_container_post\" value=\"0\" \/><input type=\"hidden\" name=\"_wpcf7_posted_data_hash\" value=\"\" \/><input type=\"hidden\" name=\"_wpcf7_recaptcha_response\" value=\"\" \/>\n<\/fieldset>\n<p><label> Tu nombre<br \/>\n<span class=\"wpcf7-form-control-wrap\" data-name=\"your-name\"><input size=\"40\" maxlength=\"400\" class=\"wpcf7-form-control wpcf7-text wpcf7-validates-as-required\" aria-required=\"true\" aria-invalid=\"false\" value=\"\" type=\"text\" name=\"your-name\" \/><\/span> <\/label>\n<\/p>\n<p><label> Tu correo electr\u00f3nico<br \/>\n<span class=\"wpcf7-form-control-wrap\" data-name=\"your-email\"><input size=\"40\" maxlength=\"400\" class=\"wpcf7-form-control wpcf7-email wpcf7-validates-as-required wpcf7-text wpcf7-validates-as-email\" aria-required=\"true\" aria-invalid=\"false\" value=\"\" type=\"email\" name=\"your-email\" \/><\/span> <\/label>\n<\/p>\n<p><label> Asunto<br \/>\n<span class=\"wpcf7-form-control-wrap\" data-name=\"your-subject\"><input size=\"40\" maxlength=\"400\" class=\"wpcf7-form-control wpcf7-text wpcf7-validates-as-required\" aria-required=\"true\" aria-invalid=\"false\" value=\"\" type=\"text\" name=\"your-subject\" \/><\/span> <\/label>\n<\/p>\n<p><label> Tu mensaje<br \/>\n<span class=\"wpcf7-form-control-wrap\" data-name=\"your-message\"><textarea cols=\"40\" rows=\"10\" maxlength=\"2000\" class=\"wpcf7-form-control wpcf7-textarea\" aria-invalid=\"false\" name=\"your-message\"><\/textarea><\/span> <\/label>\n<\/p>\n<p><span class=\"wpcf7-form-control-wrap\" data-name=\"acceptance-553\"><span class=\"wpcf7-form-control wpcf7-acceptance\"><span class=\"wpcf7-list-item\"><label><input type=\"checkbox\" name=\"acceptance-553\" value=\"1\" aria-invalid=\"false\" \/><span class=\"wpcf7-list-item-label\">Al marcar esta casilla, acepto la <a href=\"\/es\/politica-de-privacidad\/\" rel=\"nofollow\" target=\"_blank\">Pol\u00edtica de Privacidad<\/a> de este sitio\n.<\/span><\/label><\/span><\/span><\/span>\n<\/p>\n<p><input class=\"wpcf7-form-control wpcf7-submit has-spinner\" type=\"submit\" value=\"Env\u00eda\" \/>\n<\/p><div class=\"wpcf7-response-output\" aria-hidden=\"true\"><\/div>\n<\/form>\n<\/div>\n<\/p>\n<\/div>\n<\/div>\n\n\r\n    <\/div>\r\n<\/section><section id=\"ls-section-block_ca9a16999c9452d713034595e77c4da8\" class=\"ls-section  page-four has-background has-color-5-background-color has-p-t p-t-14 has-p-b p-b-14\" >\r\n        <div class=\"container container--wide\">\r\n        \n\n<div class=\"wp-block-columns is-layout-flex wp-container-core-columns-is-layout-9d6595d7 wp-block-columns-is-layout-flex\">\n<div class=\"wp-block-column is-vertically-aligned-top is-layout-flow wp-block-column-is-layout-flow\" style=\"flex-basis:40%\">\n<h2 class=\"ls__heading wp-block-heading\">Organizaci\u00f3n de actos en Broc\u00e9liande<\/h2>\n\n\n\n<p class=\"ls-paragraph paragraph-deco\">Tus momentos m\u00e1s memorables en nuestro entorno paisaj\u00edstico<\/p>\n\n\n\n<p class=\"ls-paragraph\">\u00bfBuscas <strong>un lugar \u00fanico y aut\u00e9ntico<\/strong> en el sur de Breta\u00f1a para celebrar <strong>un cumplea\u00f1os<\/strong>, <strong>una boda<\/strong> o <strong>una jubilaci\u00f3n <\/strong>? \u00bfO quieres organizar<strong>un seminario<\/strong>, un<strong> c\u00f3ctel<\/strong>, <strong>el lanzamiento de un producto<\/strong> o<strong> una comida de negocios<\/strong> en plena naturaleza? El Domaine de Kervallon puede ayudarte a garantizar el \u00e9xito de<strong> tu evento personal o empresarial.<\/strong>  <\/p>\n\n\n\n<p class=\"ls-paragraph addReadMore showlesscontent\">Nuestro camping de 4 estrellas, situado en 2 hect\u00e1reas de parque arbolado en Morbihan, dispone <strong>de un espacio de alquiler de 400 m2<\/strong>, compuesto por<strong>una gran carpa<\/strong> y<strong> dos salas <\/strong>: la sala Broc\u00e9liande (capacidad: hasta 100 personas sentadas y 140 de pie) y la sala Korrigan (hasta 30 personas sentadas y 50 de pie).<br\/><br\/>Encontrar\u00e1s<strong> una cocina totalmente equipada<\/strong>,<strong> mesas y sillas<\/strong> in situ. Mientras dure tu evento, tus invitados podr\u00e1n pasear por la finca y<strong> utilizar gratuitamente las instalaciones<\/strong> del camping: zona acu\u00e1tica con <strong>piscina climatizada<\/strong>, toboganes y piscina infantil (seg\u00fan la temporada), zona de <strong>petanca<\/strong>, mesas de<strong> ping-pong, <\/strong>parque infantil, etc. <\/p>\n\n\n\n<p class=\"ls-paragraph\">\u00bfQuieres saber m\u00e1s sobre nuestras instalaciones y servicios? \u00a1<strong> Ponte en contacto con nosotros <\/strong>y <strong>organicemos juntos tu evento<\/strong>!<\/p>\n<\/div>\n\n\n\n<div class=\"wp-block-column is-vertically-aligned-center animated slideInRight delay-200ms slow is-layout-flow wp-block-column-is-layout-flow\" style=\"flex-basis:60%\">\n<figure class=\"wp-block-gallery has-nested-images columns-1 is-cropped galerie-slider wp-block-gallery-1 is-layout-flex wp-block-gallery-is-layout-flex\">\n<figure class=\"wp-block-image size-full\"><img decoding=\"async\" width=\"1136\" height=\"919\" data-id=\"7462\" src=\"https:\/\/www.domaine-de-kervallon.com\/wp-content\/uploads\/2022\/12\/mariage-kervallon-salle-blanche.jpg\" alt=\"boda kervallon salle blanche\" class=\"wp-image-7462\" srcset=\"https:\/\/www.domaine-de-kervallon.com\/wp-content\/uploads\/2022\/12\/mariage-kervallon-salle-blanche.jpg 1136w, https:\/\/www.domaine-de-kervallon.com\/wp-content\/uploads\/2022\/12\/mariage-kervallon-salle-blanche-300x243.jpg 300w, https:\/\/www.domaine-de-kervallon.com\/wp-content\/uploads\/2022\/12\/mariage-kervallon-salle-blanche-1024x828.jpg 1024w, https:\/\/www.domaine-de-kervallon.com\/wp-content\/uploads\/2022\/12\/mariage-kervallon-salle-blanche-768x621.jpg 768w\" sizes=\"(max-width: 1136px) 100vw, 1136px\" \/><\/figure>\n\n\n\n<figure class=\"wp-block-image size-full\"><a href=\"https:\/\/www.domaine-de-kervallon.com\/wp-content\/uploads\/2022\/12\/evenement-mariage-kervallon-1.jpg\"><img decoding=\"async\" width=\"1024\" height=\"576\" data-id=\"7071\" src=\"https:\/\/www.domaine-de-kervallon.com\/wp-content\/uploads\/2022\/12\/evenement-mariage-kervallon-1.jpg\" alt=\"boda evento kervallon\" class=\"wp-image-7071\" srcset=\"https:\/\/www.domaine-de-kervallon.com\/wp-content\/uploads\/2022\/12\/evenement-mariage-kervallon-1.jpg 1024w, https:\/\/www.domaine-de-kervallon.com\/wp-content\/uploads\/2022\/12\/evenement-mariage-kervallon-1-300x169.jpg 300w, https:\/\/www.domaine-de-kervallon.com\/wp-content\/uploads\/2022\/12\/evenement-mariage-kervallon-1-768x432.jpg 768w\" sizes=\"(max-width: 1024px) 100vw, 1024px\" \/><\/a><\/figure>\n\n\n\n<figure class=\"wp-block-image size-full\"><img decoding=\"async\" width=\"1255\" height=\"727\" data-id=\"7465\" src=\"https:\/\/www.domaine-de-kervallon.com\/wp-content\/uploads\/2022\/12\/mariage-kervallon-salle-blanche-ballons.jpg\" alt=\"boda kervallon blanco hall globos\" class=\"wp-image-7465\" srcset=\"https:\/\/www.domaine-de-kervallon.com\/wp-content\/uploads\/2022\/12\/mariage-kervallon-salle-blanche-ballons.jpg 1255w, https:\/\/www.domaine-de-kervallon.com\/wp-content\/uploads\/2022\/12\/mariage-kervallon-salle-blanche-ballons-300x174.jpg 300w, https:\/\/www.domaine-de-kervallon.com\/wp-content\/uploads\/2022\/12\/mariage-kervallon-salle-blanche-ballons-1024x593.jpg 1024w, https:\/\/www.domaine-de-kervallon.com\/wp-content\/uploads\/2022\/12\/mariage-kervallon-salle-blanche-ballons-768x445.jpg 768w\" sizes=\"(max-width: 1255px) 100vw, 1255px\" \/><\/figure>\n<\/figure>\n<\/div>\n<\/div>\n\n\r\n    <\/div>\r\n<\/section><section id=\"ls-section-block_7bdfb92a1e21dfc1b4cd7297d4477922\" class=\"ls-section  page-maillage has-background has-color-5-background-color has-p-t p-t-14 has-p-b p-b-20\" >\r\n        <div class=\"container container--wide\">\r\n        \n\n<div id=\"ls-heading ls-titre-div-block_e171a168da4068ca397aeb08f13c391b\" class=\"ls-titre-div aligncenter h2-like\" >\n    Descubre nuestras escapadas para grupos, prepara tu boda o alquila una de nuestras salas para tu seminario.<\/div>\n\n\n<div id=\"ls-maillage-block_d642ae2fcde6af081d769056bd7c4dd8\" class=\"ls-maillage cta-style-normal\" data-rows=\"3\">\r\n    <div class=\"wp-block-columns\"><div class=\"wp-block-column\">\n\n<a href=\"https:\/\/www.domaine-de-kervallon.com\/es\/alquiler-habitaciones-morbihan\/bodas-bretagne\/\" target=\"\" rel=\"noopener\" class=\"ls-cta__link\">\n\n\t<div class=\"ls-cta__image\"><img decoding=\"async\" src=\"https:\/\/www.domaine-de-kervallon.com\/wp-content\/uploads\/2022\/11\/champagne-reception-fete-verres.jpg\" alt=\"copas de champ\u00e1n para fiestas\"><\/div>\n\t<div class=\"ls-cta__title\">\n\t\tBoda en Breta\u00f1a\t<\/div>\n\n\n\t<div class=\"ls-cta__distance\">\n\t\t\t<\/div>\n\n\n\n\t\t\n<\/a><\/div><div class=\"wp-block-column\">\n\n<a href=\"https:\/\/www.domaine-de-kervallon.com\/es\/alquiler-habitaciones-morbihan\/grupo-y-eventos\/\" target=\"\" rel=\"noopener\" class=\"ls-cta__link\">\n\n\t<div class=\"ls-cta__image\"><img decoding=\"async\" src=\"https:\/\/www.domaine-de-kervallon.com\/wp-content\/uploads\/2022\/11\/groupe-lac-camping-picnic-maillage.jpg\" alt=\"alquiler de alojamientos grupo broceliande\"><\/div>\n\t<div class=\"ls-cta__title\">\n\t\tOrganizaci\u00f3n de estancias en grupo\t<\/div>\n\n\n\t<div class=\"ls-cta__distance\">\n\t\t\t<\/div>\n\n\n\n\t\t\n<\/a><\/div><div class=\"wp-block-column\">\n\n<a href=\"https:\/\/www.domaine-de-kervallon.com\/es\/alquiler-habitaciones-morbihan\/seminario-original-morbihan\/\" target=\"\" rel=\"noopener\" class=\"ls-cta__link\">\n\n\t<div class=\"ls-cta__image\"><img decoding=\"async\" src=\"https:\/\/www.domaine-de-kervallon.com\/wp-content\/uploads\/2022\/11\/team-building-kervallon-760x1024.jpg\" alt=\"team building broceliande\"><\/div>\n\t<div class=\"ls-cta__title\">\n\t\tOrganizaci\u00f3n del seminario\t<\/div>\n\n\n\t<div class=\"ls-cta__distance\">\n\t\t\t<\/div>\n\n\n\n\t\t\n<\/a><\/div><\/div><\/div>\n\r\n    <\/div>\r\n<\/section>","protected":false},"excerpt":{"rendered":"","protected":false},"author":1,"featured_media":51648,"parent":0,"menu_order":0,"comment_status":"closed","ping_status":"closed","template":"","meta":{"_acf_changed":false,"footnotes":""},"sujet":[],"class_list":["post-48630","page","type-page","status-publish","has-post-thumbnail","hentry"],"acf":[],"yoast_head":"<!-- This site is optimized with the Yoast SEO plugin v26.9 - https:\/\/yoast.com\/product\/yoast-seo-wordpress\/ -->\n<title>Camping de Kervallon | Acogida de grupos y bodas en Morbihan<\/title>\n<meta name=\"description\" content=\"\u00bfEst\u00e1s planeando un evento de grupo o una boda en Breta\u00f1a? \u00a1El camping Kervallon tiene una sala para alquilar en Morbihan!\" \/>\n<meta name=\"robots\" content=\"index, follow, max-snippet:-1, max-image-preview:large, max-video-preview:-1\" \/>\n<link rel=\"canonical\" href=\"https:\/\/www.domaine-de-kervallon.com\/es\/alquiler-habitaciones-morbihan\/\" \/>\n<meta property=\"og:locale\" content=\"fr_FR\" \/>\n<meta property=\"og:type\" content=\"article\" \/>\n<meta property=\"og:title\" content=\"Camping de Kervallon | Acogida de grupos y bodas en Morbihan\" \/>\n<meta property=\"og:description\" content=\"\u00bfEst\u00e1s planeando un evento de grupo o una boda en Breta\u00f1a? \u00a1El camping Kervallon tiene una sala para alquilar en Morbihan!\" \/>\n<meta property=\"og:url\" content=\"https:\/\/www.domaine-de-kervallon.com\/es\/alquiler-habitaciones-morbihan\/\" \/>\n<meta property=\"og:site_name\" content=\"Domaine de Kervallon\" \/>\n<meta property=\"article:modified_time\" content=\"2025-11-26T16:03:03+00:00\" \/>\n<meta property=\"og:image\" content=\"https:\/\/www.domaine-de-kervallon.com\/wp-content\/uploads\/2022\/12\/location-salle.jpg\" \/>\n\t<meta property=\"og:image:width\" content=\"1600\" \/>\n\t<meta property=\"og:image:height\" content=\"659\" \/>\n\t<meta property=\"og:image:type\" content=\"image\/jpeg\" \/>\n<meta name=\"twitter:card\" content=\"summary_large_image\" \/>\n<meta name=\"twitter:label1\" content=\"Dur\u00e9e de lecture estim\u00e9e\" \/>\n\t<meta name=\"twitter:data1\" content=\"3 minutes\" \/>\n<script type=\"application\/ld+json\" class=\"yoast-schema-graph\">{\"@context\":\"https:\/\/schema.org\",\"@graph\":[{\"@type\":\"WebPage\",\"@id\":\"https:\/\/www.domaine-de-kervallon.com\/es\/alquiler-habitaciones-morbihan\/\",\"url\":\"https:\/\/www.domaine-de-kervallon.com\/es\/alquiler-habitaciones-morbihan\/\",\"name\":\"Camping de Kervallon | Acogida de grupos y bodas en Morbihan\",\"isPartOf\":{\"@id\":\"https:\/\/www.domaine-de-kervallon.com\/es\/#website\"},\"primaryImageOfPage\":{\"@id\":\"https:\/\/www.domaine-de-kervallon.com\/es\/alquiler-habitaciones-morbihan\/#primaryimage\"},\"image\":{\"@id\":\"https:\/\/www.domaine-de-kervallon.com\/es\/alquiler-habitaciones-morbihan\/#primaryimage\"},\"thumbnailUrl\":\"https:\/\/www.domaine-de-kervallon.com\/wp-content\/uploads\/2026\/02\/SALLE-DE-SEMINAIRE.jpg\",\"datePublished\":\"2025-11-26T13:03:15+00:00\",\"dateModified\":\"2025-11-26T16:03:03+00:00\",\"description\":\"\u00bfEst\u00e1s planeando un evento de grupo o una boda en Breta\u00f1a? \u00a1El camping Kervallon tiene una sala para alquilar en Morbihan!\",\"breadcrumb\":{\"@id\":\"https:\/\/www.domaine-de-kervallon.com\/es\/alquiler-habitaciones-morbihan\/#breadcrumb\"},\"inLanguage\":\"fr-FR\",\"potentialAction\":[{\"@type\":\"ReadAction\",\"target\":[\"https:\/\/www.domaine-de-kervallon.com\/es\/alquiler-habitaciones-morbihan\/\"]}]},{\"@type\":\"ImageObject\",\"inLanguage\":\"fr-FR\",\"@id\":\"https:\/\/www.domaine-de-kervallon.com\/es\/alquiler-habitaciones-morbihan\/#primaryimage\",\"url\":\"https:\/\/www.domaine-de-kervallon.com\/wp-content\/uploads\/2026\/02\/SALLE-DE-SEMINAIRE.jpg\",\"contentUrl\":\"https:\/\/www.domaine-de-kervallon.com\/wp-content\/uploads\/2026\/02\/SALLE-DE-SEMINAIRE.jpg\",\"width\":2048,\"height\":1152},{\"@type\":\"BreadcrumbList\",\"@id\":\"https:\/\/www.domaine-de-kervallon.com\/es\/alquiler-habitaciones-morbihan\/#breadcrumb\",\"itemListElement\":[{\"@type\":\"ListItem\",\"position\":1,\"name\":\"Camping Broceliande dans le Morbihan\",\"item\":\"https:\/\/www.domaine-de-kervallon.com\/es\/\"},{\"@type\":\"ListItem\",\"position\":2,\"name\":\"Alquiler de salas en Morbihan\"}]},{\"@type\":\"WebSite\",\"@id\":\"https:\/\/www.domaine-de-kervallon.com\/es\/#website\",\"url\":\"https:\/\/www.domaine-de-kervallon.com\/es\/\",\"name\":\"Domaine de Kervallon\",\"description\":\"\",\"publisher\":{\"@id\":\"https:\/\/www.domaine-de-kervallon.com\/es\/#organization\"},\"potentialAction\":[{\"@type\":\"SearchAction\",\"target\":{\"@type\":\"EntryPoint\",\"urlTemplate\":\"https:\/\/www.domaine-de-kervallon.com\/es\/?s={search_term_string}\"},\"query-input\":{\"@type\":\"PropertyValueSpecification\",\"valueRequired\":true,\"valueName\":\"search_term_string\"}}],\"inLanguage\":\"fr-FR\"},{\"@type\":\"Organization\",\"@id\":\"https:\/\/www.domaine-de-kervallon.com\/es\/#organization\",\"name\":\"Domaine de Kervallon\",\"url\":\"https:\/\/www.domaine-de-kervallon.com\/es\/\",\"logo\":{\"@type\":\"ImageObject\",\"inLanguage\":\"fr-FR\",\"@id\":\"https:\/\/www.domaine-de-kervallon.com\/es\/#\/schema\/logo\/image\/\",\"url\":\"https:\/\/www.domaine-de-kervallon.com\/wp-content\/uploads\/2022\/10\/logo-domaine-de-kervallon-couleur.png\",\"contentUrl\":\"https:\/\/www.domaine-de-kervallon.com\/wp-content\/uploads\/2022\/10\/logo-domaine-de-kervallon-couleur.png\",\"width\":1600,\"height\":583,\"caption\":\"Domaine de Kervallon\"},\"image\":{\"@id\":\"https:\/\/www.domaine-de-kervallon.com\/es\/#\/schema\/logo\/image\/\"}}]}<\/script>\n<!-- \/ Yoast SEO plugin. -->","yoast_head_json":{"title":"Camping de Kervallon | Acogida de grupos y bodas en Morbihan","description":"\u00bfEst\u00e1s planeando un evento de grupo o una boda en Breta\u00f1a? \u00a1El camping Kervallon tiene una sala para alquilar en Morbihan!","robots":{"index":"index","follow":"follow","max-snippet":"max-snippet:-1","max-image-preview":"max-image-preview:large","max-video-preview":"max-video-preview:-1"},"canonical":"https:\/\/www.domaine-de-kervallon.com\/es\/alquiler-habitaciones-morbihan\/","og_locale":"fr_FR","og_type":"article","og_title":"Camping de Kervallon | Acogida de grupos y bodas en Morbihan","og_description":"\u00bfEst\u00e1s planeando un evento de grupo o una boda en Breta\u00f1a? \u00a1El camping Kervallon tiene una sala para alquilar en Morbihan!","og_url":"https:\/\/www.domaine-de-kervallon.com\/es\/alquiler-habitaciones-morbihan\/","og_site_name":"Domaine de Kervallon","article_modified_time":"2025-11-26T16:03:03+00:00","og_image":[{"width":1600,"height":659,"url":"https:\/\/www.domaine-de-kervallon.com\/wp-content\/uploads\/2022\/12\/location-salle.jpg","type":"image\/jpeg"}],"twitter_card":"summary_large_image","twitter_misc":{"Dur\u00e9e de lecture estim\u00e9e":"3 minutes"},"schema":{"@context":"https:\/\/schema.org","@graph":[{"@type":"WebPage","@id":"https:\/\/www.domaine-de-kervallon.com\/es\/alquiler-habitaciones-morbihan\/","url":"https:\/\/www.domaine-de-kervallon.com\/es\/alquiler-habitaciones-morbihan\/","name":"Camping de Kervallon | Acogida de grupos y bodas en Morbihan","isPartOf":{"@id":"https:\/\/www.domaine-de-kervallon.com\/es\/#website"},"primaryImageOfPage":{"@id":"https:\/\/www.domaine-de-kervallon.com\/es\/alquiler-habitaciones-morbihan\/#primaryimage"},"image":{"@id":"https:\/\/www.domaine-de-kervallon.com\/es\/alquiler-habitaciones-morbihan\/#primaryimage"},"thumbnailUrl":"https:\/\/www.domaine-de-kervallon.com\/wp-content\/uploads\/2026\/02\/SALLE-DE-SEMINAIRE.jpg","datePublished":"2025-11-26T13:03:15+00:00","dateModified":"2025-11-26T16:03:03+00:00","description":"\u00bfEst\u00e1s planeando un evento de grupo o una boda en Breta\u00f1a? \u00a1El camping Kervallon tiene una sala para alquilar en Morbihan!","breadcrumb":{"@id":"https:\/\/www.domaine-de-kervallon.com\/es\/alquiler-habitaciones-morbihan\/#breadcrumb"},"inLanguage":"fr-FR","potentialAction":[{"@type":"ReadAction","target":["https:\/\/www.domaine-de-kervallon.com\/es\/alquiler-habitaciones-morbihan\/"]}]},{"@type":"ImageObject","inLanguage":"fr-FR","@id":"https:\/\/www.domaine-de-kervallon.com\/es\/alquiler-habitaciones-morbihan\/#primaryimage","url":"https:\/\/www.domaine-de-kervallon.com\/wp-content\/uploads\/2026\/02\/SALLE-DE-SEMINAIRE.jpg","contentUrl":"https:\/\/www.domaine-de-kervallon.com\/wp-content\/uploads\/2026\/02\/SALLE-DE-SEMINAIRE.jpg","width":2048,"height":1152},{"@type":"BreadcrumbList","@id":"https:\/\/www.domaine-de-kervallon.com\/es\/alquiler-habitaciones-morbihan\/#breadcrumb","itemListElement":[{"@type":"ListItem","position":1,"name":"Camping Broceliande dans le Morbihan","item":"https:\/\/www.domaine-de-kervallon.com\/es\/"},{"@type":"ListItem","position":2,"name":"Alquiler de salas en Morbihan"}]},{"@type":"WebSite","@id":"https:\/\/www.domaine-de-kervallon.com\/es\/#website","url":"https:\/\/www.domaine-de-kervallon.com\/es\/","name":"Domaine de Kervallon","description":"","publisher":{"@id":"https:\/\/www.domaine-de-kervallon.com\/es\/#organization"},"potentialAction":[{"@type":"SearchAction","target":{"@type":"EntryPoint","urlTemplate":"https:\/\/www.domaine-de-kervallon.com\/es\/?s={search_term_string}"},"query-input":{"@type":"PropertyValueSpecification","valueRequired":true,"valueName":"search_term_string"}}],"inLanguage":"fr-FR"},{"@type":"Organization","@id":"https:\/\/www.domaine-de-kervallon.com\/es\/#organization","name":"Domaine de Kervallon","url":"https:\/\/www.domaine-de-kervallon.com\/es\/","logo":{"@type":"ImageObject","inLanguage":"fr-FR","@id":"https:\/\/www.domaine-de-kervallon.com\/es\/#\/schema\/logo\/image\/","url":"https:\/\/www.domaine-de-kervallon.com\/wp-content\/uploads\/2022\/10\/logo-domaine-de-kervallon-couleur.png","contentUrl":"https:\/\/www.domaine-de-kervallon.com\/wp-content\/uploads\/2022\/10\/logo-domaine-de-kervallon-couleur.png","width":1600,"height":583,"caption":"Domaine de Kervallon"},"image":{"@id":"https:\/\/www.domaine-de-kervallon.com\/es\/#\/schema\/logo\/image\/"}}]}},"_links":{"self":[{"href":"https:\/\/www.domaine-de-kervallon.com\/es\/wp-json\/wp\/v2\/pages\/48630","targetHints":{"allow":["GET"]}}],"collection":[{"href":"https:\/\/www.domaine-de-kervallon.com\/es\/wp-json\/wp\/v2\/pages"}],"about":[{"href":"https:\/\/www.domaine-de-kervallon.com\/es\/wp-json\/wp\/v2\/types\/page"}],"author":[{"embeddable":true,"href":"https:\/\/www.domaine-de-kervallon.com\/es\/wp-json\/wp\/v2\/users\/1"}],"replies":[{"embeddable":true,"href":"https:\/\/www.domaine-de-kervallon.com\/es\/wp-json\/wp\/v2\/comments?post=48630"}],"version-history":[{"count":5,"href":"https:\/\/www.domaine-de-kervallon.com\/es\/wp-json\/wp\/v2\/pages\/48630\/revisions"}],"predecessor-version":[{"id":49698,"href":"https:\/\/www.domaine-de-kervallon.com\/es\/wp-json\/wp\/v2\/pages\/48630\/revisions\/49698"}],"wp:featuredmedia":[{"embeddable":true,"href":"https:\/\/www.domaine-de-kervallon.com\/es\/wp-json\/wp\/v2\/media\/51648"}],"wp:attachment":[{"href":"https:\/\/www.domaine-de-kervallon.com\/es\/wp-json\/wp\/v2\/media?parent=48630"}],"wp:term":[{"taxonomy":"sujet","embeddable":true,"href":"https:\/\/www.domaine-de-kervallon.com\/es\/wp-json\/wp\/v2\/sujet?post=48630"}],"curies":[{"name":"wp","href":"https:\/\/api.w.org\/{rel}","templated":true}]}}