{"id":48616,"date":"2025-11-26T14:03:10","date_gmt":"2025-11-26T13:03:10","guid":{"rendered":"https:\/\/www.domaine-de-kervallon.com\/acampar-barato-bretagne-morbihan-56\/"},"modified":"2025-11-28T10:05:05","modified_gmt":"2025-11-28T09:05:05","slug":"acampar-barato-bretagne-morbihan-56","status":"publish","type":"page","link":"https:\/\/www.domaine-de-kervallon.com\/es\/acampar-barato-bretagne-morbihan-56\/","title":{"rendered":"Tarifas y ofertas"},"content":{"rendered":"<section id=\"ls-section-block_18db7ed6d4fc47a02c5af6a150416ed9\" class=\"ls-section  page-intro has-p-t p-t-10 has-p-b p-b-3\" >\r\n        <div class=\"container \">\r\n        \n\n<h1 class=\"ls__heading wp-block-heading has-text-align-center animated fadeInUp delay-200ms slow\"><span class=\"bold\">Camping barato en Breta\u00f1a<\/span> <br\/>en Morbihan <\/h1>\n\n\r\n    <\/div>\r\n<\/section><section id=\"ls-section-block_766df0464f7b6bad5ce6c81521b50dac\" class=\"ls-section  page-sous-titre has-p-t p-t-0 has-p-b p-b-0\" >\r\n        <div class=\"container \">\r\n        \n\n<p class=\"ls-paragraph has-text-align-center\">\u00bfPlaneas descubrir el Golfo de Morbihan, la Costa de los M\u00e9galithes y el Macizo Armoricano en tus pr\u00f3ximas vacaciones? Reserva tu c\u00f3moda parcela o un alojamiento de prestigio<a href=\"\/\"> en el Domaine de Kervallon<\/a>, uno de los campings con mejor relaci\u00f3n calidad-precio de Breta\u00f1a con parque acu\u00e1tico en Morbihan. Situado en el sur de Breta\u00f1a, cerca de Vannes y Lorient, nuestro hotel al aire libre est\u00e1 enclavado en un magn\u00edfico parque arbolado. Reservando ahora tu alojamiento, te beneficiar\u00e1s de los mejores precios, podr\u00e1s aprovechar las mejores oportunidades y elegir un paquete barato adaptado a tus necesidades y presupuesto.   <\/p>\n\n\r\n    <\/div>\r\n<\/section><section id=\"ls-section-block_67774b9cb299b7fb3b6ec3cddd54f7e8\" class=\"ls-section  resa-hebergement\" >\r\n        <div class=\"container \">\r\n        \n\n<ctv-availability data-background-color=\"#FFFFFFFF\"><\/ctv-availability>\n\n\r\n    <\/div>\r\n<\/section><section id=\"ls-section-block_6c5da37d0b403b6cd351f981ef424cc7\" class=\"ls-section  page-parallaxe has-background-image has-background has-color-2-background-color has-p-t p-t-14 has-p-b p-b-14\" >\r\n    <div class=\"ls-section__background-image opacity-25\"><img decoding=\"async\" src=\"https:\/\/www.domaine-de-kervallon.com\/wp-content\/uploads\/2022\/11\/piscine-kervallon-exterieure-famille.jpg\" alt=\"piscina familiar al aire libre\"><\/div>    <div class=\"container container--wide\">\r\n        \n\n<div class=\"wp-block-columns is-layout-flex wp-container-core-columns-is-layout-9d6595d7 wp-block-columns-is-layout-flex\">\n<div class=\"wp-block-column is-vertically-aligned-top is-layout-flow wp-block-column-is-layout-flow\">\n<p class=\"ls-paragraph paragraph-deco has-color-white-color has-text-color\">Una piscina y un alojamiento excepcional para un presupuesto reducido<\/p>\n<\/div>\n\n\n\n<div class=\"wp-block-column is-vertically-aligned-center animated fadeInRight delay-200ms slow is-layout-flow wp-block-column-is-layout-flow\">\n<h2 class=\"ls__heading wp-block-heading\">Camping Morbihan avec piscine pas cher<\/h2>\n\n\n\n<p class=\"ls-paragraph\">\u00bfBuscas un camping barato en Breta\u00f1a?<\/p>\n\n\n\n<p class=\"ls-paragraph\">Pero no se trata de ahorrar dinero sin aprovechar al m\u00e1ximo tu estancia. Nuestro establecimiento dispone de un magn\u00edfico parque acu\u00e1tico con piscina climatizada, toboganes y una piscina infantil para los ni\u00f1os peque\u00f1os a los que les encanta jugar y chapotear en el agua. Nuestro parque acu\u00e1tico tambi\u00e9n dispone de un solarium donde podr\u00e1s tomar el sol despu\u00e9s del ba\u00f1o. Para unas vacaciones de camping econ\u00f3micas 100% relajantes, ven a recargar las pilas en nuestra sauna y ba\u00f1era de hidromasaje despu\u00e9s de tus visitas. \u00bfA qu\u00e9 esperas para empezar a buscar buenas ofertas y promociones en el <a href=\"\/\">camping 4 estrellas Morbihan<\/a>, <a href=\"https:\/\/www.domaine-de-kervallon.com\/es\/camping-morbihan-con-parque-acuatico\/\">camping con parque acu\u00e1tico en Breta\u00f1a Sur<\/a>?    <\/p>\n<\/div>\n<\/div>\n\n\r\n    <\/div>\r\n<\/section><section id=\"ls-section-block_5480aee4be9e7a303f53c24805e07c88\" class=\"ls-section  page-one has-p-t p-t-14 has-p-b p-b-14\" >\r\n        <div class=\"container container--wide\">\r\n        \r\n    <\/div>\r\n<\/section><section id=\"ls-section-block_18977e473deb1bf7e5fe768d31484d79\" class=\"ls-section  page-two has-background has-color-5-background-color has-p-t p-t-14 has-p-b p-b-14\" >\r\n        <div class=\"container container--wide\">\r\n        \n\n<div class=\"wp-block-columns is-layout-flex wp-container-core-columns-is-layout-9d6595d7 wp-block-columns-is-layout-flex\">\n<div class=\"wp-block-column is-vertically-aligned-top is-layout-flow wp-block-column-is-layout-flow\" style=\"flex-basis:40%\">\n<h2 class=\"ls__heading wp-block-heading\">Alquila una autocaravana a bajo precio en Caro<\/h2>\n\n\n\n<p class=\"ls-paragraph paragraph-deco\">M\u00e1ximo confort a precios incre\u00edbles<\/p>\n\n\n\n<p class=\"ls-paragraph\">Nuestro <strong>camping con jacuzzi<\/strong> ofrece una amplia gama de <a href=\"https:\/\/www.domaine-de-kervallon.com\/es\/alquiler-mobil-homes-morbihan\/\">casas m\u00f3viles en alquiler en Morbihan<\/a>, <strong>alquileres a precios razonables<\/strong> con un <strong>dise\u00f1o moderno<\/strong> y totalmente equipados que pueden acoger hasta 7 personas. Nos r\u00e9sidences mobiles sont la solution id\u00e9ale pour les familles et les groupes d\u2019amis qui recherchent le luxe d\u2019un h\u00e9bergement de standing \u00e0 bas prix. <strong>Nuestros alojamientos<\/strong>, con precios inmejorables, est\u00e1n situados en amplias parcelas delimitadas por setos naturales en el coraz\u00f3n del sur de Breta\u00f1a. M\u00e1s econ\u00f3micos y tan c\u00f3modos como una casa junto al mar, nuestros mobil-homes le permitir\u00e1n controlar mejor sus gastos durante sus pr\u00f3ximas vacaciones en Morbihan.<strong><\/strong><\/p>\n<\/div>\n\n\n\n<div class=\"wp-block-column is-vertically-aligned-center animated slideInRight delay-200ms slow is-layout-flow wp-block-column-is-layout-flow\" style=\"flex-basis:60%\">\n<figure class=\"wp-block-image size-full\"><a href=\"https:\/\/www.domaine-de-kervallon.com\/wp-content\/uploads\/2022\/10\/breizh-hom-kervallon-exterieur.jpg\"><img decoding=\"async\" width=\"898\" height=\"599\" src=\"https:\/\/www.domaine-de-kervallon.com\/wp-content\/uploads\/2022\/10\/breizh-hom-kervallon-exterieur.jpg\" alt=\"breizh home kervallon exterior\" class=\"wp-image-4371\" srcset=\"https:\/\/www.domaine-de-kervallon.com\/wp-content\/uploads\/2022\/10\/breizh-hom-kervallon-exterieur.jpg 898w, https:\/\/www.domaine-de-kervallon.com\/wp-content\/uploads\/2022\/10\/breizh-hom-kervallon-exterieur-300x200.jpg 300w, https:\/\/www.domaine-de-kervallon.com\/wp-content\/uploads\/2022\/10\/breizh-hom-kervallon-exterieur-768x512.jpg 768w\" sizes=\"(max-width: 898px) 100vw, 898px\" \/><\/a><\/figure>\n<\/div>\n<\/div>\n\n\r\n    <\/div>\r\n<\/section><section id=\"ls-section-block_a59507301e5114409e6a479a92d2704e\" class=\"ls-section  page-three has-p-t p-t-14 has-p-b p-b-14\" >\r\n        <div class=\"container container--wide\">\r\n        \n\n<div class=\"wp-block-columns is-layout-flex wp-container-core-columns-is-layout-9d6595d7 wp-block-columns-is-layout-flex\">\n<div class=\"wp-block-column is-vertically-aligned-center left is-layout-flow wp-block-column-is-layout-flow\">\n<figure class=\"wp-block-image size-large animated slideInLeft delay-200ms slow\"><a href=\"https:\/\/www.domaine-de-kervallon.com\/wp-content\/uploads\/2022\/11\/lodge-vip-kervallon-nature-1024x682.jpg\"><img decoding=\"async\" width=\"1024\" height=\"682\" src=\"https:\/\/www.domaine-de-kervallon.com\/wp-content\/uploads\/2022\/11\/lodge-vip-kervallon-nature-1024x682.jpg\" alt=\"lodge vip kervallon nature\" class=\"wp-image-4029\" srcset=\"https:\/\/www.domaine-de-kervallon.com\/wp-content\/uploads\/2022\/11\/lodge-vip-kervallon-nature-1024x682.jpg 1024w, https:\/\/www.domaine-de-kervallon.com\/wp-content\/uploads\/2022\/11\/lodge-vip-kervallon-nature-300x200.jpg 300w, https:\/\/www.domaine-de-kervallon.com\/wp-content\/uploads\/2022\/11\/lodge-vip-kervallon-nature-768x511.jpg 768w, https:\/\/www.domaine-de-kervallon.com\/wp-content\/uploads\/2022\/11\/lodge-vip-kervallon-nature-1536x1023.jpg 1536w, https:\/\/www.domaine-de-kervallon.com\/wp-content\/uploads\/2022\/11\/lodge-vip-kervallon-nature.jpg 1600w\" sizes=\"(max-width: 1024px) 100vw, 1024px\" \/><\/a><\/figure>\n\n\n\n<p class=\"ls-paragraph\">Nuestra gama de alojamientos ins\u00f3litos incluye caravanas gitanas, yurtas mongolas, <strong>caba\u00f1as de madera<\/strong>, <strong>casitas sobre pilotes<\/strong> y <strong>tiendas de safari<\/strong>. Este tipo de alojamiento ins\u00f3lito es una excelente oportunidad para disfrutar de una <g id=\"gid_3\">experiencia \u00fanica<\/g> que encantar\u00e1 sobre todo a los ni\u00f1os. \u00a1Descubre<a href=\"https:\/\/www.domaine-de-kervallon.com\/es\/glamping-morbihan\/\"> el glamping en Breta\u00f1a<\/a>!  <\/p>\n\n\n\n<p class=\"ls-paragraph\">\u00bfQuieres <strong>m\u00e1s informaci\u00f3n <\/strong>sobre nuestros<strong> precios<\/strong>,<strong> servicios<\/strong>, <strong>instalaciones,<\/strong> alojamiento, parcelas o lugares de inter\u00e9s de la regi\u00f3n? <strong>Ponte en contacto con nosotros<\/strong> y te ayudaremos a planificar las vacaciones de tus sue\u00f1os en <a href=\"\/\">nuestro camping de Broc\u00e9liande<\/a>.<\/p>\n<\/div>\n\n\n\n<div class=\"wp-block-column right is-layout-flow wp-block-column-is-layout-flow\">\n<h2 class=\"ls__heading wp-block-heading\">Acampada econ\u00f3mica en el sur de Breta\u00f1a<\/h2>\n\n\n\n<p class=\"ls-paragraph\">Desde las alineaciones de Carnac hasta la Cit\u00e9 de la Voile Eric Tabarly en Lorient, desde las murallas de Vannes hasta el castillo fortificado de Josselin, desde las <a href=\"https:\/\/www.domaine-de-kervallon.com\/blog\/ou-surfer-dans-le-morbihan\/\">playas de surf<\/a> de Guidel hasta la bas\u00edlica de Saint-Anne-d&#8217;Auray, <strong>el sud de Breta\u00f1a<\/strong> alberga varios lugares naturales y <strong>culturales maravillosos<\/strong>. \u00bfPor qu\u00e9 no a\u00f1adir un toque de aventura y magia a tu estancia reservando un <strong>alojamiento ins\u00f3lito<\/strong>? <\/p>\n\n\n\n<figure class=\"wp-block-image size-full animated slideInRight delay-200ms slow\"><a href=\"https:\/\/www.domaine-de-kervallon.com\/wp-content\/uploads\/2022\/11\/Domaine-de-Kervallon-vue-du-ciel-domaine.jpg\"><img decoding=\"async\" width=\"900\" height=\"600\" src=\"https:\/\/www.domaine-de-kervallon.com\/wp-content\/uploads\/2022\/11\/Domaine-de-Kervallon-vue-du-ciel-domaine.jpg\" alt=\"Domaine de Kervallon del dominio del cielo\" class=\"wp-image-4593\" srcset=\"https:\/\/www.domaine-de-kervallon.com\/wp-content\/uploads\/2022\/11\/Domaine-de-Kervallon-vue-du-ciel-domaine.jpg 900w, https:\/\/www.domaine-de-kervallon.com\/wp-content\/uploads\/2022\/11\/Domaine-de-Kervallon-vue-du-ciel-domaine-300x200.jpg 300w, https:\/\/www.domaine-de-kervallon.com\/wp-content\/uploads\/2022\/11\/Domaine-de-Kervallon-vue-du-ciel-domaine-768x512.jpg 768w\" sizes=\"(max-width: 900px) 100vw, 900px\" \/><\/a><\/figure>\n<\/div>\n<\/div>\n\n\r\n    <\/div>\r\n<\/section><section id=\"ls-section-block_fe96a86129cf4f8df676a812dd07ad17\" class=\"ls-section  page-maillage has-background has-color-5-background-color has-p-t p-t-14 has-p-b p-b-20\" >\r\n        <div class=\"container container--wide\">\r\n        \n\n<div id=\"ls-heading ls-titre-div-block_0506ec23a19b1860ad262fc5f88679d0\" class=\"ls-titre-div aligncenter h2-like\" >\n    \u00a1Descubre nuestras casas m\u00f3viles, nuestros alquileres ins\u00f3litos y nuestras parcelas en plena naturaleza!<\/div>\n\n\n<div id=\"ls-maillage-block_e2f1e0d9d050119497a2f2697e49b949\" class=\"ls-maillage cta-style-normal\" data-rows=\"3\">\r\n    <div class=\"wp-block-columns\"><div class=\"wp-block-column\">\n\n<a href=\"https:\/\/www.domaine-de-kervallon.com\/es\/alquiler-parcela-morbihan\/\" target=\"\" rel=\"noopener\" class=\"ls-cta__link\">\n\n\t<div class=\"ls-cta__image\"><img decoding=\"async\" src=\"https:\/\/www.domaine-de-kervallon.com\/wp-content\/uploads\/2022\/12\/van-kervallon.jpg\" alt=\"van kervallon\"><\/div>\n\t<div class=\"ls-cta__title\">\n\t\tNuestras parcelas\t<\/div>\n\n\n\t<div class=\"ls-cta__distance\">\n\t\t\t<\/div>\n\n\n\n\t\t\n<\/a><\/div><div class=\"wp-block-column\">\n\n<a href=\"https:\/\/www.domaine-de-kervallon.com\/es\/camping-insolitos-bretagne-morbihan\/\" target=\"\" rel=\"noopener\" class=\"ls-cta__link\">\n\n\t<div class=\"ls-cta__image\"><img decoding=\"async\" src=\"https:\/\/www.domaine-de-kervallon.com\/wp-content\/uploads\/2024\/12\/hebergement-insolite-camping-morbihan.webp\" alt=\"alojamiento ins\u00f3lito camping morbihan\"><\/div>\n\t<div class=\"ls-cta__title\">\n\t\tNuestros alquileres inusuales\t<\/div>\n\n\n\t<div class=\"ls-cta__distance\">\n\t\t\t<\/div>\n\n\n\n\t\t\n<\/a><\/div><\/div><\/div>\n\r\n    <\/div>\r\n<\/section>","protected":false},"excerpt":{"rendered":"","protected":false},"author":1,"featured_media":48618,"parent":0,"menu_order":0,"comment_status":"closed","ping_status":"closed","template":"","meta":{"_acf_changed":false,"footnotes":""},"sujet":[],"class_list":["post-48616","page","type-page","status-publish","has-post-thumbnail","hentry"],"acf":[],"yoast_head":"<!-- This site is optimized with the Yoast SEO plugin v26.9 - https:\/\/yoast.com\/product\/yoast-seo-wordpress\/ -->\n<title>Camping econ\u00f3mico en Breta\u00f1a | Camping econ\u00f3mico en Morbihan | 56<\/title>\n<meta name=\"description\" content=\"\u00bfBuscas un camping barato en Breta\u00f1a para tus pr\u00f3ximas vacaciones? \u00a1Disfruta de unas vacaciones de camping con descuento en Morbihan, en el Domaine de Kervallon!\" \/>\n<meta name=\"robots\" content=\"index, follow, max-snippet:-1, max-image-preview:large, max-video-preview:-1\" \/>\n<link rel=\"canonical\" href=\"https:\/\/www.domaine-de-kervallon.com\/es\/acampar-barato-bretagne-morbihan-56\/\" \/>\n<meta property=\"og:locale\" content=\"fr_FR\" \/>\n<meta property=\"og:type\" content=\"article\" \/>\n<meta property=\"og:title\" content=\"Camping econ\u00f3mico en Breta\u00f1a | Camping econ\u00f3mico en Morbihan | 56\" \/>\n<meta property=\"og:description\" content=\"\u00bfBuscas un camping barato en Breta\u00f1a para tus pr\u00f3ximas vacaciones? \u00a1Disfruta de unas vacaciones de camping con descuento en Morbihan, en el Domaine de Kervallon!\" \/>\n<meta property=\"og:url\" content=\"https:\/\/www.domaine-de-kervallon.com\/es\/acampar-barato-bretagne-morbihan-56\/\" \/>\n<meta property=\"og:site_name\" content=\"Domaine de Kervallon\" \/>\n<meta property=\"article:modified_time\" content=\"2025-11-28T09:05:05+00:00\" \/>\n<meta property=\"og:image\" content=\"https:\/\/www.domaine-de-kervallon.com\/wp-content\/uploads\/2022\/11\/groupe-amis-camping-discussion.jpg\" \/>\n\t<meta property=\"og:image:width\" content=\"1600\" \/>\n\t<meta property=\"og:image:height\" content=\"589\" \/>\n\t<meta property=\"og:image:type\" content=\"image\/jpeg\" \/>\n<meta name=\"twitter:card\" content=\"summary_large_image\" \/>\n<meta name=\"twitter:label1\" content=\"Dur\u00e9e de lecture estim\u00e9e\" \/>\n\t<meta name=\"twitter:data1\" content=\"3 minutes\" \/>\n<script type=\"application\/ld+json\" class=\"yoast-schema-graph\">{\"@context\":\"https:\/\/schema.org\",\"@graph\":[{\"@type\":\"WebPage\",\"@id\":\"https:\/\/www.domaine-de-kervallon.com\/es\/acampar-barato-bretagne-morbihan-56\/\",\"url\":\"https:\/\/www.domaine-de-kervallon.com\/es\/acampar-barato-bretagne-morbihan-56\/\",\"name\":\"Camping econ\u00f3mico en Breta\u00f1a | Camping econ\u00f3mico en Morbihan | 56\",\"isPartOf\":{\"@id\":\"https:\/\/www.domaine-de-kervallon.com\/es\/#website\"},\"primaryImageOfPage\":{\"@id\":\"https:\/\/www.domaine-de-kervallon.com\/es\/acampar-barato-bretagne-morbihan-56\/#primaryimage\"},\"image\":{\"@id\":\"https:\/\/www.domaine-de-kervallon.com\/es\/acampar-barato-bretagne-morbihan-56\/#primaryimage\"},\"thumbnailUrl\":\"https:\/\/www.domaine-de-kervallon.com\/wp-content\/uploads\/2022\/11\/groupe-amis-camping-discussion.jpg\",\"datePublished\":\"2025-11-26T13:03:10+00:00\",\"dateModified\":\"2025-11-28T09:05:05+00:00\",\"description\":\"\u00bfBuscas un camping barato en Breta\u00f1a para tus pr\u00f3ximas vacaciones? \u00a1Disfruta de unas vacaciones de camping con descuento en Morbihan, en el Domaine de Kervallon!\",\"breadcrumb\":{\"@id\":\"https:\/\/www.domaine-de-kervallon.com\/es\/acampar-barato-bretagne-morbihan-56\/#breadcrumb\"},\"inLanguage\":\"fr-FR\",\"potentialAction\":[{\"@type\":\"ReadAction\",\"target\":[\"https:\/\/www.domaine-de-kervallon.com\/es\/acampar-barato-bretagne-morbihan-56\/\"]}]},{\"@type\":\"ImageObject\",\"inLanguage\":\"fr-FR\",\"@id\":\"https:\/\/www.domaine-de-kervallon.com\/es\/acampar-barato-bretagne-morbihan-56\/#primaryimage\",\"url\":\"https:\/\/www.domaine-de-kervallon.com\/wp-content\/uploads\/2022\/11\/groupe-amis-camping-discussion.jpg\",\"contentUrl\":\"https:\/\/www.domaine-de-kervallon.com\/wp-content\/uploads\/2022\/11\/groupe-amis-camping-discussion.jpg\",\"width\":1600,\"height\":589,\"caption\":\"groupe amis camping discussion kervallon\"},{\"@type\":\"BreadcrumbList\",\"@id\":\"https:\/\/www.domaine-de-kervallon.com\/es\/acampar-barato-bretagne-morbihan-56\/#breadcrumb\",\"itemListElement\":[{\"@type\":\"ListItem\",\"position\":1,\"name\":\"Camping Broceliande dans le Morbihan\",\"item\":\"https:\/\/www.domaine-de-kervallon.com\/es\/\"},{\"@type\":\"ListItem\",\"position\":2,\"name\":\"Camping barato en Breta\u00f1a, Morbihan\"}]},{\"@type\":\"WebSite\",\"@id\":\"https:\/\/www.domaine-de-kervallon.com\/es\/#website\",\"url\":\"https:\/\/www.domaine-de-kervallon.com\/es\/\",\"name\":\"Domaine de Kervallon\",\"description\":\"\",\"publisher\":{\"@id\":\"https:\/\/www.domaine-de-kervallon.com\/es\/#organization\"},\"potentialAction\":[{\"@type\":\"SearchAction\",\"target\":{\"@type\":\"EntryPoint\",\"urlTemplate\":\"https:\/\/www.domaine-de-kervallon.com\/es\/?s={search_term_string}\"},\"query-input\":{\"@type\":\"PropertyValueSpecification\",\"valueRequired\":true,\"valueName\":\"search_term_string\"}}],\"inLanguage\":\"fr-FR\"},{\"@type\":\"Organization\",\"@id\":\"https:\/\/www.domaine-de-kervallon.com\/es\/#organization\",\"name\":\"Domaine de Kervallon\",\"url\":\"https:\/\/www.domaine-de-kervallon.com\/es\/\",\"logo\":{\"@type\":\"ImageObject\",\"inLanguage\":\"fr-FR\",\"@id\":\"https:\/\/www.domaine-de-kervallon.com\/es\/#\/schema\/logo\/image\/\",\"url\":\"https:\/\/www.domaine-de-kervallon.com\/wp-content\/uploads\/2022\/10\/logo-domaine-de-kervallon-couleur.png\",\"contentUrl\":\"https:\/\/www.domaine-de-kervallon.com\/wp-content\/uploads\/2022\/10\/logo-domaine-de-kervallon-couleur.png\",\"width\":1600,\"height\":583,\"caption\":\"Domaine de Kervallon\"},\"image\":{\"@id\":\"https:\/\/www.domaine-de-kervallon.com\/es\/#\/schema\/logo\/image\/\"}}]}<\/script>\n<!-- \/ Yoast SEO plugin. -->","yoast_head_json":{"title":"Camping econ\u00f3mico en Breta\u00f1a | Camping econ\u00f3mico en Morbihan | 56","description":"\u00bfBuscas un camping barato en Breta\u00f1a para tus pr\u00f3ximas vacaciones? \u00a1Disfruta de unas vacaciones de camping con descuento en Morbihan, en el Domaine de Kervallon!","robots":{"index":"index","follow":"follow","max-snippet":"max-snippet:-1","max-image-preview":"max-image-preview:large","max-video-preview":"max-video-preview:-1"},"canonical":"https:\/\/www.domaine-de-kervallon.com\/es\/acampar-barato-bretagne-morbihan-56\/","og_locale":"fr_FR","og_type":"article","og_title":"Camping econ\u00f3mico en Breta\u00f1a | Camping econ\u00f3mico en Morbihan | 56","og_description":"\u00bfBuscas un camping barato en Breta\u00f1a para tus pr\u00f3ximas vacaciones? \u00a1Disfruta de unas vacaciones de camping con descuento en Morbihan, en el Domaine de Kervallon!","og_url":"https:\/\/www.domaine-de-kervallon.com\/es\/acampar-barato-bretagne-morbihan-56\/","og_site_name":"Domaine de Kervallon","article_modified_time":"2025-11-28T09:05:05+00:00","og_image":[{"width":1600,"height":589,"url":"https:\/\/www.domaine-de-kervallon.com\/wp-content\/uploads\/2022\/11\/groupe-amis-camping-discussion.jpg","type":"image\/jpeg"}],"twitter_card":"summary_large_image","twitter_misc":{"Dur\u00e9e de lecture estim\u00e9e":"3 minutes"},"schema":{"@context":"https:\/\/schema.org","@graph":[{"@type":"WebPage","@id":"https:\/\/www.domaine-de-kervallon.com\/es\/acampar-barato-bretagne-morbihan-56\/","url":"https:\/\/www.domaine-de-kervallon.com\/es\/acampar-barato-bretagne-morbihan-56\/","name":"Camping econ\u00f3mico en Breta\u00f1a | Camping econ\u00f3mico en Morbihan | 56","isPartOf":{"@id":"https:\/\/www.domaine-de-kervallon.com\/es\/#website"},"primaryImageOfPage":{"@id":"https:\/\/www.domaine-de-kervallon.com\/es\/acampar-barato-bretagne-morbihan-56\/#primaryimage"},"image":{"@id":"https:\/\/www.domaine-de-kervallon.com\/es\/acampar-barato-bretagne-morbihan-56\/#primaryimage"},"thumbnailUrl":"https:\/\/www.domaine-de-kervallon.com\/wp-content\/uploads\/2022\/11\/groupe-amis-camping-discussion.jpg","datePublished":"2025-11-26T13:03:10+00:00","dateModified":"2025-11-28T09:05:05+00:00","description":"\u00bfBuscas un camping barato en Breta\u00f1a para tus pr\u00f3ximas vacaciones? \u00a1Disfruta de unas vacaciones de camping con descuento en Morbihan, en el Domaine de Kervallon!","breadcrumb":{"@id":"https:\/\/www.domaine-de-kervallon.com\/es\/acampar-barato-bretagne-morbihan-56\/#breadcrumb"},"inLanguage":"fr-FR","potentialAction":[{"@type":"ReadAction","target":["https:\/\/www.domaine-de-kervallon.com\/es\/acampar-barato-bretagne-morbihan-56\/"]}]},{"@type":"ImageObject","inLanguage":"fr-FR","@id":"https:\/\/www.domaine-de-kervallon.com\/es\/acampar-barato-bretagne-morbihan-56\/#primaryimage","url":"https:\/\/www.domaine-de-kervallon.com\/wp-content\/uploads\/2022\/11\/groupe-amis-camping-discussion.jpg","contentUrl":"https:\/\/www.domaine-de-kervallon.com\/wp-content\/uploads\/2022\/11\/groupe-amis-camping-discussion.jpg","width":1600,"height":589,"caption":"groupe amis camping discussion kervallon"},{"@type":"BreadcrumbList","@id":"https:\/\/www.domaine-de-kervallon.com\/es\/acampar-barato-bretagne-morbihan-56\/#breadcrumb","itemListElement":[{"@type":"ListItem","position":1,"name":"Camping Broceliande dans le Morbihan","item":"https:\/\/www.domaine-de-kervallon.com\/es\/"},{"@type":"ListItem","position":2,"name":"Camping barato en Breta\u00f1a, Morbihan"}]},{"@type":"WebSite","@id":"https:\/\/www.domaine-de-kervallon.com\/es\/#website","url":"https:\/\/www.domaine-de-kervallon.com\/es\/","name":"Domaine de Kervallon","description":"","publisher":{"@id":"https:\/\/www.domaine-de-kervallon.com\/es\/#organization"},"potentialAction":[{"@type":"SearchAction","target":{"@type":"EntryPoint","urlTemplate":"https:\/\/www.domaine-de-kervallon.com\/es\/?s={search_term_string}"},"query-input":{"@type":"PropertyValueSpecification","valueRequired":true,"valueName":"search_term_string"}}],"inLanguage":"fr-FR"},{"@type":"Organization","@id":"https:\/\/www.domaine-de-kervallon.com\/es\/#organization","name":"Domaine de Kervallon","url":"https:\/\/www.domaine-de-kervallon.com\/es\/","logo":{"@type":"ImageObject","inLanguage":"fr-FR","@id":"https:\/\/www.domaine-de-kervallon.com\/es\/#\/schema\/logo\/image\/","url":"https:\/\/www.domaine-de-kervallon.com\/wp-content\/uploads\/2022\/10\/logo-domaine-de-kervallon-couleur.png","contentUrl":"https:\/\/www.domaine-de-kervallon.com\/wp-content\/uploads\/2022\/10\/logo-domaine-de-kervallon-couleur.png","width":1600,"height":583,"caption":"Domaine de Kervallon"},"image":{"@id":"https:\/\/www.domaine-de-kervallon.com\/es\/#\/schema\/logo\/image\/"}}]}},"_links":{"self":[{"href":"https:\/\/www.domaine-de-kervallon.com\/es\/wp-json\/wp\/v2\/pages\/48616","targetHints":{"allow":["GET"]}}],"collection":[{"href":"https:\/\/www.domaine-de-kervallon.com\/es\/wp-json\/wp\/v2\/pages"}],"about":[{"href":"https:\/\/www.domaine-de-kervallon.com\/es\/wp-json\/wp\/v2\/types\/page"}],"author":[{"embeddable":true,"href":"https:\/\/www.domaine-de-kervallon.com\/es\/wp-json\/wp\/v2\/users\/1"}],"replies":[{"embeddable":true,"href":"https:\/\/www.domaine-de-kervallon.com\/es\/wp-json\/wp\/v2\/comments?post=48616"}],"version-history":[{"count":8,"href":"https:\/\/www.domaine-de-kervallon.com\/es\/wp-json\/wp\/v2\/pages\/48616\/revisions"}],"predecessor-version":[{"id":50232,"href":"https:\/\/www.domaine-de-kervallon.com\/es\/wp-json\/wp\/v2\/pages\/48616\/revisions\/50232"}],"wp:featuredmedia":[{"embeddable":true,"href":"https:\/\/www.domaine-de-kervallon.com\/es\/wp-json\/wp\/v2\/media\/48618"}],"wp:attachment":[{"href":"https:\/\/www.domaine-de-kervallon.com\/es\/wp-json\/wp\/v2\/media?parent=48616"}],"wp:term":[{"taxonomy":"sujet","embeddable":true,"href":"https:\/\/www.domaine-de-kervallon.com\/es\/wp-json\/wp\/v2\/sujet?post=48616"}],"curies":[{"name":"wp","href":"https:\/\/api.w.org\/{rel}","templated":true}]}}