{"id":48607,"date":"2025-11-26T14:03:09","date_gmt":"2025-11-26T13:03:09","guid":{"rendered":"https:\/\/www.domaine-de-kervallon.com\/zona-de-bienestar-para-acampar-en-morbihan\/"},"modified":"2025-12-01T11:47:56","modified_gmt":"2025-12-01T10:47:56","slug":"zona-de-bienestar-para-acampar-en-morbihan","status":"publish","type":"page","link":"https:\/\/www.domaine-de-kervallon.com\/es\/camping-morbihan-con-parque-acuatico\/zona-de-bienestar-para-acampar-en-morbihan\/","title":{"rendered":"Bienestar y SPA"},"content":{"rendered":"<section id=\"ls-section-block_93b6f4ca968a8cf5d20622c00fbbaeae\" class=\"ls-section  page-intro has-p-t p-t-9 has-p-b p-b-4\" >\r\n        <div class=\"container container--wide\">\r\n        \n\n<h1 class=\"ls__heading wp-block-heading has-text-align-center animated fadeInUp delay-200ms slow\"><span class=\"bold\">Camping con <\/span><br\/>ESPACE D\u00e9TENTE Morbihan<\/h1>\n\n\r\n    <\/div>\r\n<\/section><section id=\"ls-section-block_a2effa96709d011f093dea20022992c5\" class=\"ls-section  page-parallaxe has-background-image has-parallax has-background has-color-2-background-color has-p-t p-t-14 has-p-b p-b-14\" >\r\n    <div class=\"ls-section__background-image opacity-25\"><img decoding=\"async\" src=\"https:\/\/www.domaine-de-kervallon.com\/wp-content\/uploads\/2022\/11\/jacuzzi-exterieur-couple-kervallon-enlace-1-e1669044888604.jpg\" alt=\"jacuzzi exterior pareja kervallon enlace\"><\/div>    <div class=\"container container--wide\">\r\n        \n\n<div class=\"wp-block-columns is-layout-flex wp-container-core-columns-is-layout-9d6595d7 wp-block-columns-is-layout-flex\">\n<div class=\"wp-block-column is-vertically-aligned-center is-layout-flow wp-block-column-is-layout-flow\">\n<p class=\"ls-paragraph paragraph-deco has-color-white-color has-text-color\">Rel\u00e1jate en el jacuzzi.<\/p>\n<\/div>\n\n\n\n<div class=\"wp-block-column is-vertically-aligned-center animated fadeInRight delay-200ms slow is-layout-flow wp-block-column-is-layout-flow\">\n<h2 class=\"ls__heading wp-block-heading\">El balneario<\/h2>\n\n\n\n<p class=\"ls-paragraph\">Las vacaciones en Morbihan tambi\u00e9n significan cuidarse. En el Domaine De Kervallon \u00abNuevo 2022\u00bb te ofrecemos un espacio de bienestar. Nuestro spa de cromoterapia desbordante est\u00e1 equipado con 38 hidrojets, 14 chorros de masaje de aire y un soplador. Estas caracter\u00edsticas lo convierten en un SPA de alta gama con diferentes posiciones y masajes en muchas zonas.   <\/p>\n\n\n\n<p class=\"ls-paragraph\">S\u00f3lo tienes que mirar hacia arriba para ver el cielo estrellado o simplemente admirar los \u00e1rboles que te rodean. Tambi\u00e9n puedes aprovechar nuestra zona de relax privada.    <\/p>\n\n\n\n<p class=\"ls-paragraph\">Los beneficios del SPA: el agua caliente mejora el flujo sangu\u00edneo, el hidromasaje masajea suavemente las zonas tensas (caderas, cuello, espalda y muslos) de forma simult\u00e1nea, y la flotaci\u00f3n reduce la presi\u00f3n sobre m\u00fasculos y articulaciones.  <\/p>\n\n\n\n<p class=\"ls-paragraph\">\u00a1As\u00ed que no esperes m\u00e1s para reservar tu zona de relax!<\/p>\n<\/div>\n<\/div>\n\n\r\n    <\/div>\r\n<\/section><section id=\"ls-section-block_455d7a9f27b79d5b4df757c98bf25a6e\" class=\"ls-section  page-two has-background has-color-5-background-color has-p-t p-t-14 has-p-b p-b-14\" >\r\n        <div class=\"container container--wide\">\r\n        \n\n<div class=\"wp-block-columns is-layout-flex wp-container-core-columns-is-layout-9d6595d7 wp-block-columns-is-layout-flex\">\n<div class=\"wp-block-column is-vertically-aligned-top is-layout-flow wp-block-column-is-layout-flow\" style=\"flex-basis:40%\">\n<h2 class=\"ls__heading wp-block-heading\">Sauna \/ hammam<\/h2>\n\n\n\n<p class=\"ls-paragraph paragraph-deco\">M\u00edmate con una sesi\u00f3n de sauna.<\/p>\n\n\n\n<p class=\"ls-paragraph\">\u00bfPrefieres <strong>SAUNA <\/strong>o <strong>HAMMAM<\/strong>? <br\/>No hay necesidad de elegir, tendr\u00e1s AMBAS.<\/p>\n\n\n\n<p class=\"ls-paragraph\">Nuestra<strong> zona de relajaci\u00f3n <\/strong>privada es sin duda la mejor manera de disfrutar de un momento m\u00e1gico. Totalmente cerrado, pasar\u00e1s un rato maravilloso, y te contaremos un poco m\u00e1s sobre los beneficios de la Sauna y el Hammam. <\/p>\n<\/div>\n\n\n\n<div class=\"wp-block-column is-vertically-aligned-center animated slideInRight delay-200ms slow is-layout-flow wp-block-column-is-layout-flow\" style=\"flex-basis:60%\">\n<figure class=\"wp-block-image size-large\"><a href=\"https:\/\/www.domaine-de-kervallon.com\/wp-content\/uploads\/2022\/11\/interieur-spa-kervallon-bien-etre.jpg\"><img decoding=\"async\" width=\"1600\" height=\"1201\" src=\"https:\/\/www.domaine-de-kervallon.com\/wp-content\/uploads\/2025\/12\/interieur-spa-kervallon-bien-etre-edited.jpg\" alt=\"spa interior kervallon bien etre\" class=\"wp-image-51162\" srcset=\"https:\/\/www.domaine-de-kervallon.com\/wp-content\/uploads\/2025\/12\/interieur-spa-kervallon-bien-etre-edited.jpg 1600w, https:\/\/www.domaine-de-kervallon.com\/wp-content\/uploads\/2025\/12\/interieur-spa-kervallon-bien-etre-edited-300x225.jpg 300w, https:\/\/www.domaine-de-kervallon.com\/wp-content\/uploads\/2025\/12\/interieur-spa-kervallon-bien-etre-edited-1024x769.jpg 1024w, https:\/\/www.domaine-de-kervallon.com\/wp-content\/uploads\/2025\/12\/interieur-spa-kervallon-bien-etre-edited-768x576.jpg 768w, https:\/\/www.domaine-de-kervallon.com\/wp-content\/uploads\/2025\/12\/interieur-spa-kervallon-bien-etre-edited-1536x1153.jpg 1536w\" sizes=\"(max-width: 1600px) 100vw, 1600px\" \/><\/a><\/figure>\n<\/div>\n<\/div>\n\n\r\n    <\/div>\r\n<\/section><section id=\"ls-section-block_d657ff3678917bd715c7295bc1a51082\" class=\"ls-section  page-three has-p-t p-t-14 has-p-b p-b-14\" >\r\n        <div class=\"container container--wide\">\r\n        \n\n<div class=\"wp-block-columns is-layout-flex wp-container-core-columns-is-layout-9d6595d7 wp-block-columns-is-layout-flex\">\n<div class=\"wp-block-column left is-layout-flow wp-block-column-is-layout-flow\">\n<figure class=\"wp-block-image size-large animated slideInLeft delay-200ms slow\"><a href=\"https:\/\/www.domaine-de-kervallon.com\/wp-content\/uploads\/2022\/11\/interieur-sauna-kervallon-bien-etre.jpg\"><img decoding=\"async\" src=\"https:\/\/www.domaine-de-kervallon.com\/wp-content\/uploads\/2025\/12\/interieur-sauna-kervallon-bien-etre-edited.jpg\" alt=\"sauna interior kervallon bien etre\" class=\"wp-image-51155\"\/><\/a><\/figure>\n\n\n\n<div style=\"height:100px\" aria-hidden=\"true\" class=\"wp-block-spacer\"><\/div>\n\n\n\n<h3 class=\"ls__heading wp-block-heading\"><strong>\u00bfY la sauna? CALOR SECO <\/strong><\/h3>\n\n\n\n<p class=\"ls-paragraph\">El calor de una sauna lo proporcionan piedras volc\u00e1nicas colocadas en una estufa a unos 70\u00b0C a 80\u00b0C. La sauna se recomienda para mejorar la circulaci\u00f3n sangu\u00ednea y tambi\u00e9n es un buen antiestr\u00e9s, ya que el cuerpo libera endorfinas que relajan a la persona. Lo ideal es una sesi\u00f3n de 15 minutos. Cuando salgas de la sauna, no olvides darte una ducha fr\u00eda para tonificar los tejidos y cerrar los poros.   <\/p>\n\n\n\n<p class=\"ls-paragraph\">Ya te hemos hablado de las ventajas de nuestra zona de relajaci\u00f3n, as\u00ed que no dudes en reservar tu momento de bienestar al hacer tu reserva.<\/p>\n\n\n\n<ul class=\"ls-list ls-list-undefined wp-block-list\">\n<li>Servicio en la reserva (cargo adicional)<\/li>\n<\/ul>\n<\/div>\n\n\n\n<div class=\"wp-block-column right is-layout-flow wp-block-column-is-layout-flow\">\n<h3 class=\"ls__heading wp-block-heading\"><strong>\u00bfQu\u00e9 hace el Hammam por ti? CALOR H\u00daMEDO <\/strong><\/h3>\n\n\n\n<p class=\"ls-paragraph\">El<strong> hammam <\/strong>es un lugar de relajaci\u00f3n que te permite evacuar las tensiones de la vida cotidiana. La <strong>cromoterapia<\/strong> tambi\u00e9n te aportar\u00e1 suavidad y un momento de gran descanso. Los dolores musculares y las <strong>diversas tensiones<\/strong> se ir\u00e1n desvaneciendo poco a poco. La sesi\u00f3n ideal de hammam dura 10 minutos, luego haces una pausa y vuelves para otros 10. El hammam tambi\u00e9n te dejar\u00e1 <strong>la piel suave y limpia<\/strong>.   <\/p>\n\n\n\n<figure class=\"wp-block-image size-large animated slideInRight delay-200ms slow\"><a href=\"https:\/\/www.domaine-de-kervallon.com\/wp-content\/uploads\/2022\/11\/hammam-femme-soleil-kervallon-1024x877.jpg\"><img decoding=\"async\" width=\"1024\" height=\"877\" src=\"https:\/\/www.domaine-de-kervallon.com\/wp-content\/uploads\/2022\/11\/hammam-femme-soleil-kervallon-1024x877.jpg\" alt=\"hammam femme soleil kervallon\" class=\"wp-image-4224\" srcset=\"https:\/\/www.domaine-de-kervallon.com\/wp-content\/uploads\/2022\/11\/hammam-femme-soleil-kervallon-1024x877.jpg 1024w, https:\/\/www.domaine-de-kervallon.com\/wp-content\/uploads\/2022\/11\/hammam-femme-soleil-kervallon-300x257.jpg 300w, https:\/\/www.domaine-de-kervallon.com\/wp-content\/uploads\/2022\/11\/hammam-femme-soleil-kervallon-768x658.jpg 768w, https:\/\/www.domaine-de-kervallon.com\/wp-content\/uploads\/2022\/11\/hammam-femme-soleil-kervallon-1536x1316.jpg 1536w, https:\/\/www.domaine-de-kervallon.com\/wp-content\/uploads\/2022\/11\/hammam-femme-soleil-kervallon.jpg 1600w\" sizes=\"(max-width: 1024px) 100vw, 1024px\" \/><\/a><\/figure>\n<\/div>\n<\/div>\n\n\r\n    <\/div>\r\n<\/section><section id=\"ls-section-block_f4b590d9f3a680baff1331bbaa59d0f9\" class=\"ls-section  page-maillage has-background has-color-5-background-color has-p-t p-t-14 has-p-b p-b-20\" >\r\n        <div class=\"container container--wide\">\r\n        \n\n<div id=\"ls-heading ls-titre-div-block_c1a8516d4ea25fc9601f1a83114a4c23\" class=\"ls-titre-div aligncenter h2-like\" >\n    \u00a1Descubre la piscina, nuestros servicios y nuestro restaurante!<\/div>\n\n\n<div id=\"ls-maillage-block_e0ed909922ed50ba902b39d7059f8122\" class=\"ls-maillage cta-style-normal\" data-rows=\"3\">\r\n    <div class=\"wp-block-columns\"><div class=\"wp-block-column\">\n\n<a href=\"https:\/\/www.domaine-de-kervallon.com\/es\/camping-morbihan-con-parque-acuatico\/camping-piscina-bretagne\/\" target=\"\" rel=\"noopener\" class=\"ls-cta__link\">\n\n\t<div class=\"ls-cta__image\"><img decoding=\"async\" src=\"https:\/\/www.domaine-de-kervallon.com\/wp-content\/uploads\/2022\/11\/piscine-kervallon-exterieure-famille-1024x682.jpg\" alt=\"piscina familiar al aire libre\"><\/div>\n\t<div class=\"ls-cta__title\">\n\t\tCamping con piscina climatizada en Morbihan\t<\/div>\n\n\n\t<div class=\"ls-cta__distance\">\n\t\t\t<\/div>\n\n\n\n\t\t\n<\/a><\/div><div class=\"wp-block-column\">\n\n<a href=\"https:\/\/www.domaine-de-kervallon.com\/es\/nuestros-servicios-camping-morbihan\/\" target=\"\" rel=\"noopener\" class=\"ls-cta__link\">\n\n\t<div class=\"ls-cta__image\"><img decoding=\"async\" src=\"https:\/\/www.domaine-de-kervallon.com\/wp-content\/uploads\/2022\/11\/acceuil-service-kervallon-1024x682.jpg\" alt=\"servicios de camping\"><\/div>\n\t<div class=\"ls-cta__title\">\n\t\tNuestros servicios exclusivos\t<\/div>\n\n\n\t<div class=\"ls-cta__distance\">\n\t\t\t<\/div>\n\n\n\n\t\t\n<\/a><\/div><div class=\"wp-block-column\">\n\n<a href=\"https:\/\/www.domaine-de-kervallon.com\/es\/restaurante-bosque-broceliande\/\" target=\"\" rel=\"noopener\" class=\"ls-cta__link\">\n\n\t<div class=\"ls-cta__image\"><img decoding=\"async\" src=\"https:\/\/www.domaine-de-kervallon.com\/wp-content\/uploads\/2022\/11\/terasse-restaurant-domaine-kervallon-1024x582.jpg\" alt=\"terasse restaurante domaine kervallon\"><\/div>\n\t<div class=\"ls-cta__title\">\n\t\tNuestro restaurante\t<\/div>\n\n\n\t<div class=\"ls-cta__distance\">\n\t\t\t<\/div>\n\n\n\n\t\t\n<\/a><\/div><\/div><\/div>\n\r\n    <\/div>\r\n<\/section>","protected":false},"excerpt":{"rendered":"","protected":false},"author":1,"featured_media":48611,"parent":49359,"menu_order":0,"comment_status":"closed","ping_status":"closed","template":"","meta":{"_acf_changed":false,"footnotes":""},"sujet":[],"class_list":["post-48607","page","type-page","status-publish","has-post-thumbnail","hentry"],"acf":[],"yoast_head":"<!-- This site is optimized with the Yoast SEO plugin v26.9 - https:\/\/yoast.com\/product\/yoast-seo-wordpress\/ -->\n<title>Camping spa Bretagne | Camping con spa y jacuzzi en Morbihan 56<\/title>\n<meta name=\"description\" content=\"\u00bfNecesitas relajarte durante tus vacaciones en el sur de Breta\u00f1a? \u00a1Rel\u00e1jate en el espacio de bienestar con spa y jacuzzi del Domaine de Kervallon, en el coraz\u00f3n de Morbihan!\" \/>\n<meta name=\"robots\" content=\"index, follow, max-snippet:-1, max-image-preview:large, max-video-preview:-1\" \/>\n<link rel=\"canonical\" href=\"https:\/\/www.domaine-de-kervallon.com\/es\/camping-morbihan-con-parque-acuatico\/zona-de-bienestar-para-acampar-en-morbihan\/\" \/>\n<meta property=\"og:locale\" content=\"fr_FR\" \/>\n<meta property=\"og:type\" content=\"article\" \/>\n<meta property=\"og:title\" content=\"Camping spa Bretagne | Camping con spa y jacuzzi en Morbihan 56\" \/>\n<meta property=\"og:description\" content=\"\u00bfNecesitas relajarte durante tus vacaciones en el sur de Breta\u00f1a? \u00a1Rel\u00e1jate en el espacio de bienestar con spa y jacuzzi del Domaine de Kervallon, en el coraz\u00f3n de Morbihan!\" \/>\n<meta property=\"og:url\" content=\"https:\/\/www.domaine-de-kervallon.com\/es\/camping-morbihan-con-parque-acuatico\/zona-de-bienestar-para-acampar-en-morbihan\/\" \/>\n<meta property=\"og:site_name\" content=\"Domaine de Kervallon\" \/>\n<meta property=\"article:modified_time\" content=\"2025-12-01T10:47:56+00:00\" \/>\n<meta property=\"og:image\" content=\"https:\/\/www.domaine-de-kervallon.com\/wp-content\/uploads\/2022\/11\/jacuzzi-exterieur-couple-kervallon-solarium.jpg\" \/>\n\t<meta property=\"og:image:width\" content=\"1600\" \/>\n\t<meta property=\"og:image:height\" content=\"1011\" \/>\n\t<meta property=\"og:image:type\" content=\"image\/jpeg\" \/>\n<meta name=\"twitter:card\" content=\"summary_large_image\" \/>\n<meta name=\"twitter:label1\" content=\"Dur\u00e9e de lecture estim\u00e9e\" \/>\n\t<meta name=\"twitter:data1\" content=\"2 minutes\" \/>\n<script type=\"application\/ld+json\" class=\"yoast-schema-graph\">{\"@context\":\"https:\/\/schema.org\",\"@graph\":[{\"@type\":\"WebPage\",\"@id\":\"https:\/\/www.domaine-de-kervallon.com\/es\/camping-morbihan-con-parque-acuatico\/zona-de-bienestar-para-acampar-en-morbihan\/\",\"url\":\"https:\/\/www.domaine-de-kervallon.com\/es\/camping-morbihan-con-parque-acuatico\/zona-de-bienestar-para-acampar-en-morbihan\/\",\"name\":\"Camping spa Bretagne | Camping con spa y jacuzzi en Morbihan 56\",\"isPartOf\":{\"@id\":\"https:\/\/www.domaine-de-kervallon.com\/es\/#website\"},\"primaryImageOfPage\":{\"@id\":\"https:\/\/www.domaine-de-kervallon.com\/es\/camping-morbihan-con-parque-acuatico\/zona-de-bienestar-para-acampar-en-morbihan\/#primaryimage\"},\"image\":{\"@id\":\"https:\/\/www.domaine-de-kervallon.com\/es\/camping-morbihan-con-parque-acuatico\/zona-de-bienestar-para-acampar-en-morbihan\/#primaryimage\"},\"thumbnailUrl\":\"https:\/\/www.domaine-de-kervallon.com\/wp-content\/uploads\/2022\/11\/jacuzzi-exterieur-couple-kervallon-solarium.jpg\",\"datePublished\":\"2025-11-26T13:03:09+00:00\",\"dateModified\":\"2025-12-01T10:47:56+00:00\",\"description\":\"\u00bfNecesitas relajarte durante tus vacaciones en el sur de Breta\u00f1a? \u00a1Rel\u00e1jate en el espacio de bienestar con spa y jacuzzi del Domaine de Kervallon, en el coraz\u00f3n de Morbihan!\",\"breadcrumb\":{\"@id\":\"https:\/\/www.domaine-de-kervallon.com\/es\/camping-morbihan-con-parque-acuatico\/zona-de-bienestar-para-acampar-en-morbihan\/#breadcrumb\"},\"inLanguage\":\"fr-FR\",\"potentialAction\":[{\"@type\":\"ReadAction\",\"target\":[\"https:\/\/www.domaine-de-kervallon.com\/es\/camping-morbihan-con-parque-acuatico\/zona-de-bienestar-para-acampar-en-morbihan\/\"]}]},{\"@type\":\"ImageObject\",\"inLanguage\":\"fr-FR\",\"@id\":\"https:\/\/www.domaine-de-kervallon.com\/es\/camping-morbihan-con-parque-acuatico\/zona-de-bienestar-para-acampar-en-morbihan\/#primaryimage\",\"url\":\"https:\/\/www.domaine-de-kervallon.com\/wp-content\/uploads\/2022\/11\/jacuzzi-exterieur-couple-kervallon-solarium.jpg\",\"contentUrl\":\"https:\/\/www.domaine-de-kervallon.com\/wp-content\/uploads\/2022\/11\/jacuzzi-exterieur-couple-kervallon-solarium.jpg\",\"width\":1600,\"height\":1011,\"caption\":\"jacuzzi exterior pareja kervallon solarium\"},{\"@type\":\"BreadcrumbList\",\"@id\":\"https:\/\/www.domaine-de-kervallon.com\/es\/camping-morbihan-con-parque-acuatico\/zona-de-bienestar-para-acampar-en-morbihan\/#breadcrumb\",\"itemListElement\":[{\"@type\":\"ListItem\",\"position\":1,\"name\":\"Camping Broceliande dans le Morbihan\",\"item\":\"https:\/\/www.domaine-de-kervallon.com\/es\/\"},{\"@type\":\"ListItem\",\"position\":2,\"name\":\"Camping con parque acu\u00e1tico en Morbihan\",\"item\":\"https:\/\/www.domaine-de-kervallon.com\/es\/camping-morbihan-con-parque-acuatico\/\"},{\"@type\":\"ListItem\",\"position\":3,\"name\":\"Camping con zona de descanso Morbihan\"}]},{\"@type\":\"WebSite\",\"@id\":\"https:\/\/www.domaine-de-kervallon.com\/es\/#website\",\"url\":\"https:\/\/www.domaine-de-kervallon.com\/es\/\",\"name\":\"Domaine de Kervallon\",\"description\":\"\",\"publisher\":{\"@id\":\"https:\/\/www.domaine-de-kervallon.com\/es\/#organization\"},\"potentialAction\":[{\"@type\":\"SearchAction\",\"target\":{\"@type\":\"EntryPoint\",\"urlTemplate\":\"https:\/\/www.domaine-de-kervallon.com\/es\/?s={search_term_string}\"},\"query-input\":{\"@type\":\"PropertyValueSpecification\",\"valueRequired\":true,\"valueName\":\"search_term_string\"}}],\"inLanguage\":\"fr-FR\"},{\"@type\":\"Organization\",\"@id\":\"https:\/\/www.domaine-de-kervallon.com\/es\/#organization\",\"name\":\"Domaine de Kervallon\",\"url\":\"https:\/\/www.domaine-de-kervallon.com\/es\/\",\"logo\":{\"@type\":\"ImageObject\",\"inLanguage\":\"fr-FR\",\"@id\":\"https:\/\/www.domaine-de-kervallon.com\/es\/#\/schema\/logo\/image\/\",\"url\":\"https:\/\/www.domaine-de-kervallon.com\/wp-content\/uploads\/2022\/10\/logo-domaine-de-kervallon-couleur.png\",\"contentUrl\":\"https:\/\/www.domaine-de-kervallon.com\/wp-content\/uploads\/2022\/10\/logo-domaine-de-kervallon-couleur.png\",\"width\":1600,\"height\":583,\"caption\":\"Domaine de Kervallon\"},\"image\":{\"@id\":\"https:\/\/www.domaine-de-kervallon.com\/es\/#\/schema\/logo\/image\/\"}}]}<\/script>\n<!-- \/ Yoast SEO plugin. -->","yoast_head_json":{"title":"Camping spa Bretagne | Camping con spa y jacuzzi en Morbihan 56","description":"\u00bfNecesitas relajarte durante tus vacaciones en el sur de Breta\u00f1a? \u00a1Rel\u00e1jate en el espacio de bienestar con spa y jacuzzi del Domaine de Kervallon, en el coraz\u00f3n de Morbihan!","robots":{"index":"index","follow":"follow","max-snippet":"max-snippet:-1","max-image-preview":"max-image-preview:large","max-video-preview":"max-video-preview:-1"},"canonical":"https:\/\/www.domaine-de-kervallon.com\/es\/camping-morbihan-con-parque-acuatico\/zona-de-bienestar-para-acampar-en-morbihan\/","og_locale":"fr_FR","og_type":"article","og_title":"Camping spa Bretagne | Camping con spa y jacuzzi en Morbihan 56","og_description":"\u00bfNecesitas relajarte durante tus vacaciones en el sur de Breta\u00f1a? \u00a1Rel\u00e1jate en el espacio de bienestar con spa y jacuzzi del Domaine de Kervallon, en el coraz\u00f3n de Morbihan!","og_url":"https:\/\/www.domaine-de-kervallon.com\/es\/camping-morbihan-con-parque-acuatico\/zona-de-bienestar-para-acampar-en-morbihan\/","og_site_name":"Domaine de Kervallon","article_modified_time":"2025-12-01T10:47:56+00:00","og_image":[{"width":1600,"height":1011,"url":"https:\/\/www.domaine-de-kervallon.com\/wp-content\/uploads\/2022\/11\/jacuzzi-exterieur-couple-kervallon-solarium.jpg","type":"image\/jpeg"}],"twitter_card":"summary_large_image","twitter_misc":{"Dur\u00e9e de lecture estim\u00e9e":"2 minutes"},"schema":{"@context":"https:\/\/schema.org","@graph":[{"@type":"WebPage","@id":"https:\/\/www.domaine-de-kervallon.com\/es\/camping-morbihan-con-parque-acuatico\/zona-de-bienestar-para-acampar-en-morbihan\/","url":"https:\/\/www.domaine-de-kervallon.com\/es\/camping-morbihan-con-parque-acuatico\/zona-de-bienestar-para-acampar-en-morbihan\/","name":"Camping spa Bretagne | Camping con spa y jacuzzi en Morbihan 56","isPartOf":{"@id":"https:\/\/www.domaine-de-kervallon.com\/es\/#website"},"primaryImageOfPage":{"@id":"https:\/\/www.domaine-de-kervallon.com\/es\/camping-morbihan-con-parque-acuatico\/zona-de-bienestar-para-acampar-en-morbihan\/#primaryimage"},"image":{"@id":"https:\/\/www.domaine-de-kervallon.com\/es\/camping-morbihan-con-parque-acuatico\/zona-de-bienestar-para-acampar-en-morbihan\/#primaryimage"},"thumbnailUrl":"https:\/\/www.domaine-de-kervallon.com\/wp-content\/uploads\/2022\/11\/jacuzzi-exterieur-couple-kervallon-solarium.jpg","datePublished":"2025-11-26T13:03:09+00:00","dateModified":"2025-12-01T10:47:56+00:00","description":"\u00bfNecesitas relajarte durante tus vacaciones en el sur de Breta\u00f1a? \u00a1Rel\u00e1jate en el espacio de bienestar con spa y jacuzzi del Domaine de Kervallon, en el coraz\u00f3n de Morbihan!","breadcrumb":{"@id":"https:\/\/www.domaine-de-kervallon.com\/es\/camping-morbihan-con-parque-acuatico\/zona-de-bienestar-para-acampar-en-morbihan\/#breadcrumb"},"inLanguage":"fr-FR","potentialAction":[{"@type":"ReadAction","target":["https:\/\/www.domaine-de-kervallon.com\/es\/camping-morbihan-con-parque-acuatico\/zona-de-bienestar-para-acampar-en-morbihan\/"]}]},{"@type":"ImageObject","inLanguage":"fr-FR","@id":"https:\/\/www.domaine-de-kervallon.com\/es\/camping-morbihan-con-parque-acuatico\/zona-de-bienestar-para-acampar-en-morbihan\/#primaryimage","url":"https:\/\/www.domaine-de-kervallon.com\/wp-content\/uploads\/2022\/11\/jacuzzi-exterieur-couple-kervallon-solarium.jpg","contentUrl":"https:\/\/www.domaine-de-kervallon.com\/wp-content\/uploads\/2022\/11\/jacuzzi-exterieur-couple-kervallon-solarium.jpg","width":1600,"height":1011,"caption":"jacuzzi exterior pareja kervallon solarium"},{"@type":"BreadcrumbList","@id":"https:\/\/www.domaine-de-kervallon.com\/es\/camping-morbihan-con-parque-acuatico\/zona-de-bienestar-para-acampar-en-morbihan\/#breadcrumb","itemListElement":[{"@type":"ListItem","position":1,"name":"Camping Broceliande dans le Morbihan","item":"https:\/\/www.domaine-de-kervallon.com\/es\/"},{"@type":"ListItem","position":2,"name":"Camping con parque acu\u00e1tico en Morbihan","item":"https:\/\/www.domaine-de-kervallon.com\/es\/camping-morbihan-con-parque-acuatico\/"},{"@type":"ListItem","position":3,"name":"Camping con zona de descanso Morbihan"}]},{"@type":"WebSite","@id":"https:\/\/www.domaine-de-kervallon.com\/es\/#website","url":"https:\/\/www.domaine-de-kervallon.com\/es\/","name":"Domaine de Kervallon","description":"","publisher":{"@id":"https:\/\/www.domaine-de-kervallon.com\/es\/#organization"},"potentialAction":[{"@type":"SearchAction","target":{"@type":"EntryPoint","urlTemplate":"https:\/\/www.domaine-de-kervallon.com\/es\/?s={search_term_string}"},"query-input":{"@type":"PropertyValueSpecification","valueRequired":true,"valueName":"search_term_string"}}],"inLanguage":"fr-FR"},{"@type":"Organization","@id":"https:\/\/www.domaine-de-kervallon.com\/es\/#organization","name":"Domaine de Kervallon","url":"https:\/\/www.domaine-de-kervallon.com\/es\/","logo":{"@type":"ImageObject","inLanguage":"fr-FR","@id":"https:\/\/www.domaine-de-kervallon.com\/es\/#\/schema\/logo\/image\/","url":"https:\/\/www.domaine-de-kervallon.com\/wp-content\/uploads\/2022\/10\/logo-domaine-de-kervallon-couleur.png","contentUrl":"https:\/\/www.domaine-de-kervallon.com\/wp-content\/uploads\/2022\/10\/logo-domaine-de-kervallon-couleur.png","width":1600,"height":583,"caption":"Domaine de Kervallon"},"image":{"@id":"https:\/\/www.domaine-de-kervallon.com\/es\/#\/schema\/logo\/image\/"}}]}},"_links":{"self":[{"href":"https:\/\/www.domaine-de-kervallon.com\/es\/wp-json\/wp\/v2\/pages\/48607","targetHints":{"allow":["GET"]}}],"collection":[{"href":"https:\/\/www.domaine-de-kervallon.com\/es\/wp-json\/wp\/v2\/pages"}],"about":[{"href":"https:\/\/www.domaine-de-kervallon.com\/es\/wp-json\/wp\/v2\/types\/page"}],"author":[{"embeddable":true,"href":"https:\/\/www.domaine-de-kervallon.com\/es\/wp-json\/wp\/v2\/users\/1"}],"replies":[{"embeddable":true,"href":"https:\/\/www.domaine-de-kervallon.com\/es\/wp-json\/wp\/v2\/comments?post=48607"}],"version-history":[{"count":8,"href":"https:\/\/www.domaine-de-kervallon.com\/es\/wp-json\/wp\/v2\/pages\/48607\/revisions"}],"predecessor-version":[{"id":51178,"href":"https:\/\/www.domaine-de-kervallon.com\/es\/wp-json\/wp\/v2\/pages\/48607\/revisions\/51178"}],"up":[{"embeddable":true,"href":"https:\/\/www.domaine-de-kervallon.com\/es\/wp-json\/wp\/v2\/pages\/49359"}],"wp:featuredmedia":[{"embeddable":true,"href":"https:\/\/www.domaine-de-kervallon.com\/es\/wp-json\/wp\/v2\/media\/48611"}],"wp:attachment":[{"href":"https:\/\/www.domaine-de-kervallon.com\/es\/wp-json\/wp\/v2\/media?parent=48607"}],"wp:term":[{"taxonomy":"sujet","embeddable":true,"href":"https:\/\/www.domaine-de-kervallon.com\/es\/wp-json\/wp\/v2\/sujet?post=48607"}],"curies":[{"name":"wp","href":"https:\/\/api.w.org\/{rel}","templated":true}]}}