{"id":48481,"date":"2025-11-26T14:02:54","date_gmt":"2025-11-26T13:02:54","guid":{"rendered":"https:\/\/www.domaine-de-kervallon.com\/glamping-morbihan\/"},"modified":"2025-11-26T16:48:47","modified_gmt":"2025-11-26T15:48:47","slug":"glamping-morbihan","status":"publish","type":"page","link":"https:\/\/www.domaine-de-kervallon.com\/es\/glamping-morbihan\/","title":{"rendered":"El camping"},"content":{"rendered":"<section id=\"ls-section-block_c017bd79e50259615d28dc22b48d7765\" class=\"ls-section  page-intro has-p-t p-t-14 has-p-b p-b-7\" >\r\n        <div class=\"container container--wide\">\r\n        \n\n<h1 class=\"ls__heading wp-block-heading has-text-align-center animated fadeInUp delay-200ms slow\"><span class=\"bold\">Vacaciones al aire libre <\/span><br\/>en el camping Morbihan<\/h1>\n\n\r\n    <\/div>\r\n<\/section><section id=\"ls-section-block_4e60e31de8052c2c4215523f8a8c94c9\" class=\"ls-section  page-parallaxe has-background-image has-parallax has-background has-color-2-background-color has-p-t p-t-14 has-p-b p-b-14\" >\r\n    <div class=\"ls-section__background-image opacity-25\"><img decoding=\"async\" src=\"https:\/\/www.domaine-de-kervallon.com\/wp-content\/uploads\/2022\/11\/kervallon-cottage-nature.jpg\" alt=\"casa rural kervallon naturaleza\"><\/div>    <div class=\"container container--wide\">\r\n        \n\n<div class=\"wp-block-columns is-layout-flex wp-container-core-columns-is-layout-9d6595d7 wp-block-columns-is-layout-flex\">\n<div class=\"wp-block-column is-vertically-aligned-center is-layout-flow wp-block-column-is-layout-flow\">\n<p class=\"ls-paragraph paragraph-deco has-color-white-color has-text-color\">Tu hotel al aire libre en Broc\u00e9liande<\/p>\n<\/div>\n\n\n\n<div class=\"wp-block-column is-vertically-aligned-center animated fadeInRight delay-200ms slow is-layout-flow wp-block-column-is-layout-flow\">\n<h2 class=\"ls__heading wp-block-heading\">Camping naturaleza Broc\u00e9liande<\/h2>\n\n\n\n<p class=\"ls-paragraph\">Situado en plena naturaleza, en Caro, en un exuberante terreno verde a las puertas del bosque de Broc\u00e9liande, nuestro camping glamping en Breta\u00f1a acoge tus autocaravanas en amplias parcelas que har\u00e1n las delicias de los campistas tradicionales. Aut\u00e9ntico remanso de verdor en el 56, nuestro hotel al aire libre no ha escatimado en la calidad de sus infraestructuras, como nuestras casas m\u00f3viles totalmente equipadas y nuestra zona acu\u00e1tica con piscina, piscina infantil y flamantes toboganes para toda la familia. Encontrar\u00e1s el ambiente natural de un camping de anta\u00f1o y la comodidad de los establecimientos modernos, \u00a1todo para una estancia inolvidable en nuestro <a href=\"https:\/\/www.domaine-de-kervallon.com\/es\/camping-morbihan-con-parque-acuatico\/\">camping con parque acu\u00e1tico de Morbihan<\/a>! Rom\u00e1ntico, \u00e9tnico, cocooning&#8230; encuentra paz y tranquilidad para una escapada en pareja, una escapada a la naturaleza con amigos o unas vacaciones familiares fuera de lo com\u00fan. Ten en cuenta que nuestro centro tambi\u00e9n dispone de una sala de recepciones para eventos de grupo, \u00a1que puedes utilizar para una boda privada o un seminario glamping! \u00a1Aprovecha esta <a href=\"https:\/\/www.domaine-de-kervallon.com\/es\/acampar-barato-bretagne-morbihan-56\/\">magn\u00edfica oferta de camping en Morbihan<\/a>!    <\/p>\n<\/div>\n<\/div>\n\n\r\n    <\/div>\r\n<\/section><section id=\"ls-section-block_6906f3d10d49a9c84865e12593b79d67\" class=\"ls-section  page-one has-p-t p-t-14 has-p-b p-b-14\" >\r\n        <div class=\"container container--wide\">\r\n        \n\n<div class=\"wp-block-columns is-layout-flex wp-container-core-columns-is-layout-9d6595d7 wp-block-columns-is-layout-flex\">\n<div class=\"wp-block-column is-vertically-aligned-top animated slideInLeft delay-200ms slow is-layout-flow wp-block-column-is-layout-flow\" style=\"flex-basis:60%\">\n<figure class=\"wp-block-image size-full\"><a href=\"https:\/\/www.domaine-de-kervallon.com\/wp-content\/uploads\/2024\/12\/hebergement-insolite-camping-morbihan.webp\"><img decoding=\"async\" width=\"900\" height=\"675\" src=\"https:\/\/www.domaine-de-kervallon.com\/wp-content\/uploads\/2024\/12\/hebergement-insolite-camping-morbihan.webp\" alt=\"alojamiento ins&#xF3;lito camping morbihan\" class=\"wp-image-43387\" srcset=\"https:\/\/www.domaine-de-kervallon.com\/wp-content\/uploads\/2024\/12\/hebergement-insolite-camping-morbihan.webp 900w, https:\/\/www.domaine-de-kervallon.com\/wp-content\/uploads\/2024\/12\/hebergement-insolite-camping-morbihan-300x225.webp 300w, https:\/\/www.domaine-de-kervallon.com\/wp-content\/uploads\/2024\/12\/hebergement-insolite-camping-morbihan-768x576.webp 768w\" sizes=\"(max-width: 900px) 100vw, 900px\" \/><\/a><\/figure>\n<\/div>\n\n\n\n<div class=\"wp-block-column is-vertically-aligned-top is-layout-flow wp-block-column-is-layout-flow\" style=\"flex-basis:40%\">\n<h2 class=\"ls__heading wp-block-heading\">Camping ins\u00f3lito Morbihan<\/h2>\n\n\n\n<p class=\"ls-paragraph has-text-align-left paragraph-deco\">Una experiencia ins\u00f3lita en un entorno natural<\/p>\n\n\n\n<p class=\"ls-paragraph\">Para los aventureros y todos aquellos que quieran alejarse de todo durante sus <a href=\"https:\/\/www.domaine-de-kervallon.com\/es\/vacaciones-camping-morbihan\/\">vacaciones en el 56<\/a>, \u00a1el glamping Domaine de Kervallon tambi\u00e9n ofrece alojamientos ins\u00f3litos en otros lugares! Tiendas de campa\u00f1a y chalets de madera son s\u00f3lo algunos de los alojamientos que se ofrecen. <\/p>\n<\/div>\n<\/div>\n\n\r\n    <\/div>\r\n<\/section><section id=\"ls-section-block_1bc89e63c353434fe9cdb5dea7238882\" class=\"ls-section  page-three has-p-t p-t-14 has-p-b p-b-14\" >\r\n        <div class=\"container container--wide\">\r\n        \n\n<div class=\"wp-block-columns is-layout-flex wp-container-core-columns-is-layout-9d6595d7 wp-block-columns-is-layout-flex\">\n<div class=\"wp-block-column left is-layout-flow wp-block-column-is-layout-flow\">\n<figure class=\"wp-block-image size-full animated slideInLeft delay-200ms slow\"><a href=\"https:\/\/www.domaine-de-kervallon.com\/wp-content\/uploads\/2022\/12\/famille-kervallon-lodge-ponton.jpg\"><img decoding=\"async\" width=\"1024\" height=\"683\" src=\"https:\/\/www.domaine-de-kervallon.com\/wp-content\/uploads\/2022\/12\/famille-kervallon-lodge-ponton.jpg\" alt=\"albergue familiar kervallon ponton\" class=\"wp-image-7325\" srcset=\"https:\/\/www.domaine-de-kervallon.com\/wp-content\/uploads\/2022\/12\/famille-kervallon-lodge-ponton.jpg 1024w, https:\/\/www.domaine-de-kervallon.com\/wp-content\/uploads\/2022\/12\/famille-kervallon-lodge-ponton-300x200.jpg 300w, https:\/\/www.domaine-de-kervallon.com\/wp-content\/uploads\/2022\/12\/famille-kervallon-lodge-ponton-768x512.jpg 768w\" sizes=\"(max-width: 1024px) 100vw, 1024px\" \/><\/a><\/figure>\n\n\n\n<p class=\"ls-paragraph\">\u00a1Podr\u00e1s recargar las pilas durante tu estancia en comuni\u00f3n con la naturaleza y llevarte excelentes recuerdos de tus vacaciones en nuestro <a href=\"https:\/\/www.domaine-de-kervallon.com\/es\/camping-morbihan-con-parque-acuatico\/zona-de-bienestar-para-acampar-en-morbihan\/\">camping con jacuzzi en el sur de Breta\u00f1a<\/a>!<\/p>\n\n\n\n<p class=\"ls-paragraph\">Descubre nuestros alojamientos glamping m\u00e1s populares: <a href=\"\/location-mobil-home-morbihan\/cabane-lodge-premium\/\">La tienda refugio en Morbihan<\/a><\/p>\n<\/div>\n\n\n\n<div class=\"wp-block-column is-vertically-aligned-center right is-layout-flow wp-block-column-is-layout-flow\">\n<p class=\"ls-paragraph\">Porque creemos firmemente que las vacaciones son una oportunidad para cambiar de vida y dejar atr\u00e1s la rutina diaria, hemos desarrollado un camping a escala humana, con un ambiente familiar y acogedor.  <\/p>\n\n\n\n<p class=\"ls-paragraph\">Y no nos olvidemos de nuestro peque\u00f1o \u00abpueblo\u00bb encaramado, Les Terrasses de Kervallon, que a s\u00f3lo 4 metros de altura, con su sauna y jacuzzi, ser\u00e1 el lugar donde estar cuando est\u00e9s de glamping en Morbihan.<\/p>\n\n\n\n<figure class=\"wp-block-image size-full animated slideInRight delay-200ms slow\"><a href=\"https:\/\/www.domaine-de-kervallon.com\/wp-content\/uploads\/2022\/12\/famille-kervallon-tente-jeux.jpg\"><img decoding=\"async\" width=\"1024\" height=\"768\" src=\"https:\/\/www.domaine-de-kervallon.com\/wp-content\/uploads\/2022\/12\/famille-kervallon-tente-jeux.jpg\" alt=\"tienda de juegos familiar kervallon\" class=\"wp-image-7327\" srcset=\"https:\/\/www.domaine-de-kervallon.com\/wp-content\/uploads\/2022\/12\/famille-kervallon-tente-jeux.jpg 1024w, https:\/\/www.domaine-de-kervallon.com\/wp-content\/uploads\/2022\/12\/famille-kervallon-tente-jeux-300x225.jpg 300w, https:\/\/www.domaine-de-kervallon.com\/wp-content\/uploads\/2022\/12\/famille-kervallon-tente-jeux-768x576.jpg 768w\" sizes=\"(max-width: 1024px) 100vw, 1024px\" \/><\/a><\/figure>\n<\/div>\n<\/div>\n\n\r\n    <\/div>\r\n<\/section><section id=\"ls-section-block_f1fc0ab6933ce7b1cb5eb1628d549bbc\" class=\"ls-section  page-maillage has-background has-color-5-background-color has-p-t p-t-14 has-p-b p-b-20\" >\r\n        <div class=\"container container--wide\">\r\n        \n\n<div id=\"ls-heading ls-titre-div-block_f2cdfb92cd0f1c9a44d2668705aa1650\" class=\"ls-titre-div aligncenter h2-like\" >\n    Inf\u00f3rmate sobre nuestros alquileres ins\u00f3litos, nuestros precios y nuestras parcelas naturales.<\/div>\n\n\n<div id=\"ls-maillage-block_73f5c825f5337a6e0f15869e7dbd4ba8\" class=\"ls-maillage cta-style-normal\" data-rows=\"3\">\r\n    <div class=\"wp-block-columns\"><div class=\"wp-block-column\">\n\n<a href=\"https:\/\/www.domaine-de-kervallon.com\/es\/alquiler-parcela-morbihan\/\" target=\"\" rel=\"noopener\" class=\"ls-cta__link\">\n\n\t<div class=\"ls-cta__image\"><img decoding=\"async\" src=\"https:\/\/www.domaine-de-kervallon.com\/wp-content\/uploads\/2022\/12\/van-kervallon.jpg\" alt=\"van kervallon\"><\/div>\n\t<div class=\"ls-cta__title\">\n\t\tNuestras parcelas\t<\/div>\n\n\n\t<div class=\"ls-cta__distance\">\n\t\t\t<\/div>\n\n\n\n\t\t\n<\/a><\/div><div class=\"wp-block-column\">\n\n<a href=\"https:\/\/www.domaine-de-kervallon.com\/es\/acampar-barato-bretagne-morbihan-56\/\" target=\"\" rel=\"noopener\" class=\"ls-cta__link\">\n\n\t<div class=\"ls-cta__image\"><img decoding=\"async\" src=\"https:\/\/www.domaine-de-kervallon.com\/wp-content\/uploads\/2022\/11\/couple-discussion-camping-kervallon.jpg\" alt=\"Acampada en pareja en Breta\u00f1a\"><\/div>\n\t<div class=\"ls-cta__title\">\n\t\tNuestras ofertas y precios\t<\/div>\n\n\n\t<div class=\"ls-cta__distance\">\n\t\t\t<\/div>\n\n\n\n\t\t\n<\/a><\/div><div class=\"wp-block-column\">\n\n<a href=\"https:\/\/www.domaine-de-kervallon.com\/es\/camping-insolitos-bretagne-morbihan\/\" target=\"\" rel=\"noopener\" class=\"ls-cta__link\">\n\n\t<div class=\"ls-cta__image\"><img decoding=\"async\" src=\"https:\/\/www.domaine-de-kervallon.com\/wp-content\/uploads\/2024\/12\/hebergement-insolite-camping-morbihan.webp\" alt=\"alojamiento ins\u00f3lito camping morbihan\"><\/div>\n\t<div class=\"ls-cta__title\">\n\t\tNuestros alquileres inusuales\t<\/div>\n\n\n\t<div class=\"ls-cta__distance\">\n\t\t\t<\/div>\n\n\n\n\t\t\n<\/a><\/div><\/div><\/div>\n\r\n    <\/div>\r\n<\/section>","protected":false},"excerpt":{"rendered":"","protected":false},"author":1,"featured_media":48485,"parent":0,"menu_order":0,"comment_status":"closed","ping_status":"closed","template":"","meta":{"_acf_changed":false,"footnotes":""},"sujet":[],"class_list":["post-48481","page","type-page","status-publish","has-post-thumbnail","hentry"],"acf":[],"yoast_head":"<!-- This site is optimized with the Yoast SEO plugin v26.9 - https:\/\/yoast.com\/product\/yoast-seo-wordpress\/ -->\n<title>Glamping Bretagne | Camping naturaleza, glamour y Morbihan ins\u00f3lito 56<\/title>\n<meta name=\"description\" content=\"El Domaine de Kervallon ofrece una gama de alojamientos ins\u00f3litos de alquiler en Morbihan para tus vacaciones de glamping en Breta\u00f1a.\" \/>\n<meta name=\"robots\" content=\"index, follow, max-snippet:-1, max-image-preview:large, max-video-preview:-1\" \/>\n<link rel=\"canonical\" href=\"https:\/\/www.domaine-de-kervallon.com\/es\/glamping-morbihan\/\" \/>\n<meta property=\"og:locale\" content=\"fr_FR\" \/>\n<meta property=\"og:type\" content=\"article\" \/>\n<meta property=\"og:title\" content=\"Glamping Bretagne | Camping naturaleza, glamour y Morbihan ins\u00f3lito 56\" \/>\n<meta property=\"og:description\" content=\"El Domaine de Kervallon ofrece una gama de alojamientos ins\u00f3litos de alquiler en Morbihan para tus vacaciones de glamping en Breta\u00f1a.\" \/>\n<meta property=\"og:url\" content=\"https:\/\/www.domaine-de-kervallon.com\/es\/glamping-morbihan\/\" \/>\n<meta property=\"og:site_name\" content=\"Domaine de Kervallon\" \/>\n<meta property=\"article:modified_time\" content=\"2025-11-26T15:48:47+00:00\" \/>\n<meta property=\"og:image\" content=\"https:\/\/www.domaine-de-kervallon.com\/wp-content\/uploads\/2022\/11\/tiny-house-kervallon-nature.jpg\" \/>\n\t<meta property=\"og:image:width\" content=\"1600\" \/>\n\t<meta property=\"og:image:height\" content=\"1067\" \/>\n\t<meta property=\"og:image:type\" content=\"image\/jpeg\" \/>\n<meta name=\"twitter:card\" content=\"summary_large_image\" \/>\n<meta name=\"twitter:label1\" content=\"Dur\u00e9e de lecture estim\u00e9e\" \/>\n\t<meta name=\"twitter:data1\" content=\"2 minutes\" \/>\n<script type=\"application\/ld+json\" class=\"yoast-schema-graph\">{\"@context\":\"https:\/\/schema.org\",\"@graph\":[{\"@type\":\"WebPage\",\"@id\":\"https:\/\/www.domaine-de-kervallon.com\/es\/glamping-morbihan\/\",\"url\":\"https:\/\/www.domaine-de-kervallon.com\/es\/glamping-morbihan\/\",\"name\":\"Glamping Bretagne | Camping naturaleza, glamour y Morbihan ins\u00f3lito 56\",\"isPartOf\":{\"@id\":\"https:\/\/www.domaine-de-kervallon.com\/es\/#website\"},\"primaryImageOfPage\":{\"@id\":\"https:\/\/www.domaine-de-kervallon.com\/es\/glamping-morbihan\/#primaryimage\"},\"image\":{\"@id\":\"https:\/\/www.domaine-de-kervallon.com\/es\/glamping-morbihan\/#primaryimage\"},\"thumbnailUrl\":\"https:\/\/www.domaine-de-kervallon.com\/wp-content\/uploads\/2022\/11\/tiny-house-kervallon-nature.jpg\",\"datePublished\":\"2025-11-26T13:02:54+00:00\",\"dateModified\":\"2025-11-26T15:48:47+00:00\",\"description\":\"El Domaine de Kervallon ofrece una gama de alojamientos ins\u00f3litos de alquiler en Morbihan para tus vacaciones de glamping en Breta\u00f1a.\",\"breadcrumb\":{\"@id\":\"https:\/\/www.domaine-de-kervallon.com\/es\/glamping-morbihan\/#breadcrumb\"},\"inLanguage\":\"fr-FR\",\"potentialAction\":[{\"@type\":\"ReadAction\",\"target\":[\"https:\/\/www.domaine-de-kervallon.com\/es\/glamping-morbihan\/\"]}]},{\"@type\":\"ImageObject\",\"inLanguage\":\"fr-FR\",\"@id\":\"https:\/\/www.domaine-de-kervallon.com\/es\/glamping-morbihan\/#primaryimage\",\"url\":\"https:\/\/www.domaine-de-kervallon.com\/wp-content\/uploads\/2022\/11\/tiny-house-kervallon-nature.jpg\",\"contentUrl\":\"https:\/\/www.domaine-de-kervallon.com\/wp-content\/uploads\/2022\/11\/tiny-house-kervallon-nature.jpg\",\"width\":1600,\"height\":1067,\"caption\":\"casita kervallon naturaleza\"},{\"@type\":\"BreadcrumbList\",\"@id\":\"https:\/\/www.domaine-de-kervallon.com\/es\/glamping-morbihan\/#breadcrumb\",\"itemListElement\":[{\"@type\":\"ListItem\",\"position\":1,\"name\":\"Camping Broceliande dans le Morbihan\",\"item\":\"https:\/\/www.domaine-de-kervallon.com\/es\/\"},{\"@type\":\"ListItem\",\"position\":2,\"name\":\"Glamping en Breta\u00f1a\"}]},{\"@type\":\"WebSite\",\"@id\":\"https:\/\/www.domaine-de-kervallon.com\/es\/#website\",\"url\":\"https:\/\/www.domaine-de-kervallon.com\/es\/\",\"name\":\"Domaine de Kervallon\",\"description\":\"\",\"publisher\":{\"@id\":\"https:\/\/www.domaine-de-kervallon.com\/es\/#organization\"},\"potentialAction\":[{\"@type\":\"SearchAction\",\"target\":{\"@type\":\"EntryPoint\",\"urlTemplate\":\"https:\/\/www.domaine-de-kervallon.com\/es\/?s={search_term_string}\"},\"query-input\":{\"@type\":\"PropertyValueSpecification\",\"valueRequired\":true,\"valueName\":\"search_term_string\"}}],\"inLanguage\":\"fr-FR\"},{\"@type\":\"Organization\",\"@id\":\"https:\/\/www.domaine-de-kervallon.com\/es\/#organization\",\"name\":\"Domaine de Kervallon\",\"url\":\"https:\/\/www.domaine-de-kervallon.com\/es\/\",\"logo\":{\"@type\":\"ImageObject\",\"inLanguage\":\"fr-FR\",\"@id\":\"https:\/\/www.domaine-de-kervallon.com\/es\/#\/schema\/logo\/image\/\",\"url\":\"https:\/\/www.domaine-de-kervallon.com\/wp-content\/uploads\/2022\/10\/logo-domaine-de-kervallon-couleur.png\",\"contentUrl\":\"https:\/\/www.domaine-de-kervallon.com\/wp-content\/uploads\/2022\/10\/logo-domaine-de-kervallon-couleur.png\",\"width\":1600,\"height\":583,\"caption\":\"Domaine de Kervallon\"},\"image\":{\"@id\":\"https:\/\/www.domaine-de-kervallon.com\/es\/#\/schema\/logo\/image\/\"}}]}<\/script>\n<!-- \/ Yoast SEO plugin. -->","yoast_head_json":{"title":"Glamping Bretagne | Camping naturaleza, glamour y Morbihan ins\u00f3lito 56","description":"El Domaine de Kervallon ofrece una gama de alojamientos ins\u00f3litos de alquiler en Morbihan para tus vacaciones de glamping en Breta\u00f1a.","robots":{"index":"index","follow":"follow","max-snippet":"max-snippet:-1","max-image-preview":"max-image-preview:large","max-video-preview":"max-video-preview:-1"},"canonical":"https:\/\/www.domaine-de-kervallon.com\/es\/glamping-morbihan\/","og_locale":"fr_FR","og_type":"article","og_title":"Glamping Bretagne | Camping naturaleza, glamour y Morbihan ins\u00f3lito 56","og_description":"El Domaine de Kervallon ofrece una gama de alojamientos ins\u00f3litos de alquiler en Morbihan para tus vacaciones de glamping en Breta\u00f1a.","og_url":"https:\/\/www.domaine-de-kervallon.com\/es\/glamping-morbihan\/","og_site_name":"Domaine de Kervallon","article_modified_time":"2025-11-26T15:48:47+00:00","og_image":[{"width":1600,"height":1067,"url":"https:\/\/www.domaine-de-kervallon.com\/wp-content\/uploads\/2022\/11\/tiny-house-kervallon-nature.jpg","type":"image\/jpeg"}],"twitter_card":"summary_large_image","twitter_misc":{"Dur\u00e9e de lecture estim\u00e9e":"2 minutes"},"schema":{"@context":"https:\/\/schema.org","@graph":[{"@type":"WebPage","@id":"https:\/\/www.domaine-de-kervallon.com\/es\/glamping-morbihan\/","url":"https:\/\/www.domaine-de-kervallon.com\/es\/glamping-morbihan\/","name":"Glamping Bretagne | Camping naturaleza, glamour y Morbihan ins\u00f3lito 56","isPartOf":{"@id":"https:\/\/www.domaine-de-kervallon.com\/es\/#website"},"primaryImageOfPage":{"@id":"https:\/\/www.domaine-de-kervallon.com\/es\/glamping-morbihan\/#primaryimage"},"image":{"@id":"https:\/\/www.domaine-de-kervallon.com\/es\/glamping-morbihan\/#primaryimage"},"thumbnailUrl":"https:\/\/www.domaine-de-kervallon.com\/wp-content\/uploads\/2022\/11\/tiny-house-kervallon-nature.jpg","datePublished":"2025-11-26T13:02:54+00:00","dateModified":"2025-11-26T15:48:47+00:00","description":"El Domaine de Kervallon ofrece una gama de alojamientos ins\u00f3litos de alquiler en Morbihan para tus vacaciones de glamping en Breta\u00f1a.","breadcrumb":{"@id":"https:\/\/www.domaine-de-kervallon.com\/es\/glamping-morbihan\/#breadcrumb"},"inLanguage":"fr-FR","potentialAction":[{"@type":"ReadAction","target":["https:\/\/www.domaine-de-kervallon.com\/es\/glamping-morbihan\/"]}]},{"@type":"ImageObject","inLanguage":"fr-FR","@id":"https:\/\/www.domaine-de-kervallon.com\/es\/glamping-morbihan\/#primaryimage","url":"https:\/\/www.domaine-de-kervallon.com\/wp-content\/uploads\/2022\/11\/tiny-house-kervallon-nature.jpg","contentUrl":"https:\/\/www.domaine-de-kervallon.com\/wp-content\/uploads\/2022\/11\/tiny-house-kervallon-nature.jpg","width":1600,"height":1067,"caption":"casita kervallon naturaleza"},{"@type":"BreadcrumbList","@id":"https:\/\/www.domaine-de-kervallon.com\/es\/glamping-morbihan\/#breadcrumb","itemListElement":[{"@type":"ListItem","position":1,"name":"Camping Broceliande dans le Morbihan","item":"https:\/\/www.domaine-de-kervallon.com\/es\/"},{"@type":"ListItem","position":2,"name":"Glamping en Breta\u00f1a"}]},{"@type":"WebSite","@id":"https:\/\/www.domaine-de-kervallon.com\/es\/#website","url":"https:\/\/www.domaine-de-kervallon.com\/es\/","name":"Domaine de Kervallon","description":"","publisher":{"@id":"https:\/\/www.domaine-de-kervallon.com\/es\/#organization"},"potentialAction":[{"@type":"SearchAction","target":{"@type":"EntryPoint","urlTemplate":"https:\/\/www.domaine-de-kervallon.com\/es\/?s={search_term_string}"},"query-input":{"@type":"PropertyValueSpecification","valueRequired":true,"valueName":"search_term_string"}}],"inLanguage":"fr-FR"},{"@type":"Organization","@id":"https:\/\/www.domaine-de-kervallon.com\/es\/#organization","name":"Domaine de Kervallon","url":"https:\/\/www.domaine-de-kervallon.com\/es\/","logo":{"@type":"ImageObject","inLanguage":"fr-FR","@id":"https:\/\/www.domaine-de-kervallon.com\/es\/#\/schema\/logo\/image\/","url":"https:\/\/www.domaine-de-kervallon.com\/wp-content\/uploads\/2022\/10\/logo-domaine-de-kervallon-couleur.png","contentUrl":"https:\/\/www.domaine-de-kervallon.com\/wp-content\/uploads\/2022\/10\/logo-domaine-de-kervallon-couleur.png","width":1600,"height":583,"caption":"Domaine de Kervallon"},"image":{"@id":"https:\/\/www.domaine-de-kervallon.com\/es\/#\/schema\/logo\/image\/"}}]}},"_links":{"self":[{"href":"https:\/\/www.domaine-de-kervallon.com\/es\/wp-json\/wp\/v2\/pages\/48481","targetHints":{"allow":["GET"]}}],"collection":[{"href":"https:\/\/www.domaine-de-kervallon.com\/es\/wp-json\/wp\/v2\/pages"}],"about":[{"href":"https:\/\/www.domaine-de-kervallon.com\/es\/wp-json\/wp\/v2\/types\/page"}],"author":[{"embeddable":true,"href":"https:\/\/www.domaine-de-kervallon.com\/es\/wp-json\/wp\/v2\/users\/1"}],"replies":[{"embeddable":true,"href":"https:\/\/www.domaine-de-kervallon.com\/es\/wp-json\/wp\/v2\/comments?post=48481"}],"version-history":[{"count":3,"href":"https:\/\/www.domaine-de-kervallon.com\/es\/wp-json\/wp\/v2\/pages\/48481\/revisions"}],"predecessor-version":[{"id":49666,"href":"https:\/\/www.domaine-de-kervallon.com\/es\/wp-json\/wp\/v2\/pages\/48481\/revisions\/49666"}],"wp:featuredmedia":[{"embeddable":true,"href":"https:\/\/www.domaine-de-kervallon.com\/es\/wp-json\/wp\/v2\/media\/48485"}],"wp:attachment":[{"href":"https:\/\/www.domaine-de-kervallon.com\/es\/wp-json\/wp\/v2\/media?parent=48481"}],"wp:term":[{"taxonomy":"sujet","embeddable":true,"href":"https:\/\/www.domaine-de-kervallon.com\/es\/wp-json\/wp\/v2\/sujet?post=48481"}],"curies":[{"name":"wp","href":"https:\/\/api.w.org\/{rel}","templated":true}]}}