{"id":48009,"date":"2025-11-26T14:01:49","date_gmt":"2025-11-26T13:01:49","guid":{"rendered":"https:\/\/www.domaine-de-kervallon.com\/alquiler-parcela-morbihan\/"},"modified":"2025-11-26T16:48:17","modified_gmt":"2025-11-26T15:48:17","slug":"alquiler-parcela-morbihan","status":"publish","type":"page","link":"https:\/\/www.domaine-de-kervallon.com\/es\/alquiler-parcela-morbihan\/","title":{"rendered":"Localizaciones"},"content":{"rendered":"<section id=\"ls-section-block_a2b1418095e5db62604560ba3a1b47ef\" class=\"ls-section  page-intro has-p-t p-t-7 has-p-b p-b-0\" >\r\n        <div class=\"container \">\r\n        \n\n<h1 class=\"ls__heading wp-block-heading has-text-align-center animated fadeInUp delay-200ms slow\"><span class=\"bold\">alquiler de parcelas<\/span><br\/> en breta\u00f1a<\/h1>\n\n\r\n    <\/div>\r\n<\/section><section id=\"ls-section-block_bb04e3a0747a49bd26ecc71dde20dfae\" class=\"ls-section  page-url-emplacement has-m-b m-b-0 has-p-t p-t-5 has-p-b p-b-1\" >\r\n        <div class=\"container container--wide\">\r\n        \n\n<div id=\"ls-hebergements-block_a64cb3f9815d35897963c546f143c78a\" class=\"ls-hebergements\">\n\n    <div class=\"ls-hebergements__results\" data-row=\"3\" data-campings=\"false\" data-types=\"[68]\" data-gammes=\"false\"><div class=\"ls-hebergement\" data-postid='49294' data-id-reservation='45055' data-id-site='' data-id1='' data-nombre_de_personnes='6' data-nombre_de_chambres='' data-last-update='' data-type='pitch-fr' data-product-id='+45055+'>\n\t<a href=\"https:\/\/www.domaine-de-kervallon.com\/es\/location-mobil-home-morbihan\/forfait-confort-caravane-ou-camping-car-1-voiture-electricite-10a\/\" class=\"ls-hebergement__link\" target=\"_blank\">\n\t\t<div class=\"ls-hebergement__thumb\">\n\t\t\t<img decoding=\"async\" width=\"1024\" height=\"768\" src=\"https:\/\/www.domaine-de-kervallon.com\/wp-content\/uploads\/2025\/12\/0-349393-1024x768.jpg\" class=\"attachment-large size-large wp-post-image\" alt=\"\" srcset=\"https:\/\/www.domaine-de-kervallon.com\/wp-content\/uploads\/2025\/12\/0-349393-1024x768.jpg 1024w, https:\/\/www.domaine-de-kervallon.com\/wp-content\/uploads\/2025\/12\/0-349393-300x225.jpg 300w, https:\/\/www.domaine-de-kervallon.com\/wp-content\/uploads\/2025\/12\/0-349393-768x576.jpg 768w, https:\/\/www.domaine-de-kervallon.com\/wp-content\/uploads\/2025\/12\/0-349393-1536x1152.jpg 1536w, https:\/\/www.domaine-de-kervallon.com\/wp-content\/uploads\/2025\/12\/0-349393-2048x1536.jpg 2048w\" sizes=\"(max-width: 1024px) 100vw, 1024px\" \/>\t\t<\/div>\n\n\t\t<div class=\"ls-hebergement__details\">\n\n\t\t\t<div class=\"ls-hebergement__icons\">\n\n\t\t\t\t\t\t\t\t<span class=\"ls-hebergement__icon\">\n\t\t\t\t\t<i class=\"kervallon-famille\"><\/i>\n\t\t\t\t\t<div>6<\/div>\n\t\t\t\t<\/span>\n\t\t\t\t\n\t\t\t\t\n\t\t\t\t\n\t\t\t\t\n\n\t\t\t\t\t\t\t<\/div>\n\t\t<\/div>\n\n\t\t<div class=\"ls-hebergement__title\">\n\t\t\tParcela Confort (tienda, caravana, autocaravana \/ 1 coche \/ Electricidad 10A)\t\t<\/div>\n\n\t\t\n\t\t<!-- Section disponibilit\u00e9s ajout\u00e9e -->\n\t\t<div class=\"ls-hebergement__disponibilites\">\n\t\t\t\t\t<\/div>\n\n\t\t<div class=\"ls-hebergement__button\">\n\t\t\t<div class=\"ls-button\"><div>D\u00e9couvrir<\/div><span>><\/span><\/div>\t\t<\/div>\n\t\t\t<\/a>\n\t<\/div><\/div><\/div>\n\r\n    <\/div>\r\n<\/section><section id=\"ls-section-block_5fec34c57e0690bc120b07c832223826\" class=\"ls-section  page-txt-emplcmt has-p-t p-t-0\" >\r\n        <div class=\"container \">\r\n        \n\n<h2 class=\"ls__heading wp-block-heading has-text-align-center\">Amplias parcelas de camping en el sur de Breta\u00f1a<\/h2>\n\n\n\n<p class=\"ls-paragraph has-text-align-center\">\u00a1Descubre grandes parcelas de camping en el <a href=\"\/\">coraz\u00f3n de Broc\u00e9liande<\/a>, en el Domaine de Kervallon! En un camping en <strong>plena<\/strong> naturaleza, alquila una parcela para instalar c\u00f3modamente tu <strong>autocaravana<\/strong> o<strong> caravana<\/strong>. Bordeadas de setos y bien espaciadas, nuestras parcelas te ofrecen <g id=\"gid_4\">convivencia e intimidad<\/g> durante tus vacaciones. Tambi\u00e9n tendr\u00e1s acceso a <strong>una conexi\u00f3n el\u00e9ctrica de 10 amperios<\/strong> si eliges esta opci\u00f3n al hacer la reserva.   <\/p>\n\n\n\n<h2 class=\"ls__heading wp-block-heading has-text-align-center\">Camping a las puertas de Broc\u00e9liande<\/h2>\n\n\n\n<p class=\"ls-paragraph has-text-align-center\">Una vez instalado en tu parcela, \u00a1sal a descubrir el Morbihan! Cerca del camping de Morbihan encontrar\u00e1s varios <strong>lugares de inter\u00e9s tur\u00edstico<\/strong>, como el bosque<strong> de Broc\u00e9liande<\/strong> y <strong>el golfo de Morbihan<\/strong>, que alberga varios castillos y <strong>numerosas islas<\/strong> accesibles en barco o a pie con la marea baja. <strong>Reserva ya<\/strong> tu parcela. <\/p>\n\n\n\n<p class=\"ls-paragraph has-text-align-center\">Durante tu pr\u00f3xima estancia en Caro, en el sur de Breta\u00f1a, tambi\u00e9n te encantar\u00e1 alquilar una <a href=\"https:\/\/www.domaine-de-kervallon.com\/es\/alquiler-mobil-homes-morbihan\/\">casa m\u00f3vil en Morbihan<\/a>, o nuestros <a href=\"https:\/\/www.domaine-de-kervallon.com\/es\/camping-insolitos-bretagne-morbihan\/\">ins\u00f3litos<\/a> alojamientos para <strong>vivir una experiencia \u00fanica.<\/strong><\/p>\n\n\n\n<figure class=\"wp-block-gallery has-nested-images columns-default is-cropped wp-block-gallery-1 is-layout-flex wp-block-gallery-is-layout-flex\">\n<figure class=\"wp-block-image size-large\"><img decoding=\"async\" width=\"960\" height=\"640\" data-id=\"7648\" src=\"https:\/\/www.domaine-de-kervallon.com\/wp-content\/uploads\/2022\/12\/van-kervallon.jpg\" alt=\"van kervallon\" class=\"wp-image-7648\" srcset=\"https:\/\/www.domaine-de-kervallon.com\/wp-content\/uploads\/2022\/12\/van-kervallon.jpg 960w, https:\/\/www.domaine-de-kervallon.com\/wp-content\/uploads\/2022\/12\/van-kervallon-300x200.jpg 300w, https:\/\/www.domaine-de-kervallon.com\/wp-content\/uploads\/2022\/12\/van-kervallon-768x512.jpg 768w\" sizes=\"(max-width: 960px) 100vw, 960px\" \/><\/figure>\n\n\n\n<figure class=\"wp-block-image size-full\"><img decoding=\"async\" width=\"800\" height=\"600\" data-id=\"7652\" src=\"https:\/\/www.domaine-de-kervallon.com\/wp-content\/uploads\/2022\/12\/van-vw-kervallon.jpg\" alt=\"furgoneta vw kervallon\" class=\"wp-image-7652\" srcset=\"https:\/\/www.domaine-de-kervallon.com\/wp-content\/uploads\/2022\/12\/van-vw-kervallon.jpg 800w, https:\/\/www.domaine-de-kervallon.com\/wp-content\/uploads\/2022\/12\/van-vw-kervallon-300x225.jpg 300w, https:\/\/www.domaine-de-kervallon.com\/wp-content\/uploads\/2022\/12\/van-vw-kervallon-768x576.jpg 768w\" sizes=\"(max-width: 800px) 100vw, 800px\" \/><\/figure>\n\n\n\n<figure class=\"wp-block-image size-large\"><img decoding=\"async\" width=\"960\" height=\"540\" data-id=\"7649\" src=\"https:\/\/www.domaine-de-kervallon.com\/wp-content\/uploads\/2022\/12\/van-renault-kervallon.jpg\" alt=\"furgoneta renault kervallon\" class=\"wp-image-7649\" srcset=\"https:\/\/www.domaine-de-kervallon.com\/wp-content\/uploads\/2022\/12\/van-renault-kervallon.jpg 960w, https:\/\/www.domaine-de-kervallon.com\/wp-content\/uploads\/2022\/12\/van-renault-kervallon-300x169.jpg 300w, https:\/\/www.domaine-de-kervallon.com\/wp-content\/uploads\/2022\/12\/van-renault-kervallon-768x432.jpg 768w\" sizes=\"(max-width: 960px) 100vw, 960px\" \/><\/figure>\n\n\n\n<figure class=\"wp-block-image size-large\"><img decoding=\"async\" src=\"https:\/\/www.domaine-de-kervallon.com\/wp-content\/uploads\/2022\/11\/acceuil-soleil-couchant-kervallon-1.jpg\" alt=\"inusual ciclomotor camping kervallon\"\/><\/figure>\n<\/figure>\n\n\n\n<h2 class=\"ls__heading wp-block-heading has-text-align-center\">Instalaciones del camping Morbihan<\/h2>\n\n\n\n<p class=\"ls-paragraph has-text-align-center\"><strong>Las parcelas descubiertas<\/strong> del Domaine de Kervallon son una delicia para los amantes del<strong> camping tradicional<\/strong>. Todas nuestras parcelas son <strong>espaciosas<\/strong> y var\u00edan de 100 m2 a 200 m2. Algunas parcelas de 100 m2 con <strong>acceso a la electricidad (tomas de 10 A)<\/strong> son adecuadas para <strong>caravanas y autocaravanas<\/strong>. \u00bfNecesitas m\u00e1s espacio para un gran jard\u00edn privado? Instala tu caravana o autocaravana en<strong> una parcela de 200 m2<\/strong> con<strong> acceso a electricidad<\/strong>, toma <strong>de agua<\/strong> y <strong>desag\u00fce<\/strong>.    <\/p>\n\n\n\n<p class=\"ls-paragraph has-text-align-center\">Todas las parcelas del Domaine de Kervallon <strong>tienen sombra<\/strong>, est\u00e1n claramente <strong>delimitadas <\/strong>por setos naturales y <strong>son accesibles para personas con movilidad reducida<\/strong>. Est\u00e1n en un lugar tranquilo, cerca de los <strong>aseos <\/strong>y de las instalaciones del camping. \u00bfUno de los mejores momentos del d\u00eda? Cuando sales de tu<strong> caravana <\/strong>o <strong>autocaravana<\/strong> al c\u00e9sped antes del desayuno.   <\/p>\n\n\r\n    <\/div>\r\n<\/section><section id=\"ls-section-block_58168f66e6a45ca54c9bdb175fc89687\" class=\"ls-section  page-avis has-background-image has-parallax has-background has-color-2-background-color has-p-t p-t-14 has-p-b p-b-14\" >\r\n    <div class=\"ls-section__background-image opacity-70\"><img decoding=\"async\" src=\"https:\/\/www.domaine-de-kervallon.com\/wp-content\/uploads\/2022\/11\/Domaine-de-Kervallon-vue-du-ciel.jpg\" alt=\"Domaine de Kervallon desde el aire\"><\/div>    <div class=\"container container--full\">\r\n        \n\n<div id=\"ls-heading ls-titre-div-block_c74596d1b12889f78d2d62562aeaeb80\" class=\"ls-titre-div aligncenter h2-like\" >\n    Y \u00bfQU\u00c9 OPINAN NUESTROS CLIENTES DE NUESTRAS SEDES?<\/div>\n\n\n<div class=\"avis-container-pages\"><div class=\"avis\"><div class=\"avis-user\"><div class=\"avis-note\">\n                <span><i class=\"kervallon-star\"><\/i><\/span><span><i class=\"kervallon-star\"><\/i><\/span><span><i class=\"kervallon-star\"><\/i><\/span><span><i class=\"kervallon-star\"><\/i><\/span><span><i class=\"kervallon-star\"><\/i><\/span>\n                <\/div><div class=\"avis-name\">Elodie M.<\/div><div class=\"avis-content\"><p style=\"text-align: center;\">Camping muy agradable y tranquilo, <b>parcela<\/b> espaciosa, personal muy acogedor. Sanitarios y duchas muy limpios. Una estancia muy positiva. La zona acu\u00e1tica es realmente adecuada para todas las edades y gusta tanto a peque\u00f1os como a mayores. \u00a1Los toboganes son una gran sensaci\u00f3n garantizada!    <\/p>\n<\/div><\/div><\/div><div class=\"avis\"><div class=\"avis-user\"><div class=\"avis-note\">\n                <span><i class=\"kervallon-star\"><\/i><\/span><span><i class=\"kervallon-star\"><\/i><\/span><span><i class=\"kervallon-star\"><\/i><\/span><span><i class=\"kervallon-star\"><\/i><\/span><span><i class=\"kervallon-star\"><\/i><\/span>\n                <\/div><div class=\"avis-name\">Amandine L.<\/div><div class=\"avis-content\"><p style=\"text-align: center;\">Como grandes amantes de la naturaleza, estuvimos encantados con nuestra estancia en esta finca. Todo est\u00e1 ah\u00ed para hacerte sentir bien: calma, profesionalidad, un entorno m\u00e1gico, <strong><span class=\"jLQSJ\">ubicaci\u00f3n<\/span><\/strong>limpieza, restauraci\u00f3n, instalaciones, entretenimiento e incluso el tiempo \ud83d\ude01. Recomendamos sinceramente este camping, \u00a1vale la pena divertirse! \u00a1Quedamos encantados!   <\/p>\n<\/div><\/div><\/div><div class=\"avis\"><div class=\"avis-user\"><div class=\"avis-note\">\n                <span><i class=\"kervallon-star\"><\/i><\/span><span><i class=\"kervallon-star\"><\/i><\/span><span><i class=\"kervallon-star\"><\/i><\/span><span><i class=\"kervallon-star\"><\/i><\/span><span><i class=\"kervallon-star\"><\/i><\/span>\n                <\/div><div class=\"avis-name\">Herve F.<\/div><div class=\"avis-content\"><p style=\"text-align: center;\">Pasamos unas muy buenas vacaciones de camping en el Domaine de Kervallon. El camping es tranquilo, en un entorno verde y relajante, y la piscina es agradable. Es un camping a escala humana, en un entorno muy verde, con <strong> <span class=\"jLQSJ\">parcelas<\/span> espaciosas.<\/strong><br \/>\nMuy buenas ideas de actividades que pueden disfrutar juntos grandes y peque\u00f1os (carrera de orientaci\u00f3n para ni\u00f1os y padres, velada m\u00e1gica con un orador exterior, etc.), en la cantidad justa, porque no est\u00e1n omnipresentes todo el d\u00eda, lo que permite disfrutar de la tranquilidad y relajarse. <\/p>\n<\/div><\/div><\/div><\/div>\n\n\r\n    <\/div>\r\n<\/section><section id=\"ls-section-block_0d071f90d387bd9f5c16c977afd3a5f7\" class=\"ls-section  page-maillage has-background has-color-5-background-color has-p-t p-t-14 has-p-b p-b-20\" >\r\n        <div class=\"container container--wide\">\r\n        \n\n<div id=\"ls-heading ls-titre-div-block_f1f3b78a28e89ef9bc5cac8400d4c208\" class=\"ls-titre-div aligncenter h2-like\" >\n    Descubre nuestros mobil homes, nuestros alquileres ins\u00f3litos y nuestros precios<\/div>\n\n\n<div id=\"ls-maillage-block_b5e43f8bb0ae6ad44d3d3370eb7685ac\" class=\"ls-maillage cta-style-normal\" data-rows=\"3\">\r\n    <div class=\"wp-block-columns\"><div class=\"wp-block-column\">\n\n<a href=\"https:\/\/www.domaine-de-kervallon.com\/es\/acampar-barato-bretagne-morbihan-56\/\" target=\"\" rel=\"noopener\" class=\"ls-cta__link\">\n\n\t<div class=\"ls-cta__image\"><img decoding=\"async\" src=\"https:\/\/www.domaine-de-kervallon.com\/wp-content\/uploads\/2022\/11\/couple-discussion-camping-kervallon.jpg\" alt=\"Acampada en pareja en Breta\u00f1a\"><\/div>\n\t<div class=\"ls-cta__title\">\n\t\tNuestras ofertas y precios\t<\/div>\n\n\n\t<div class=\"ls-cta__distance\">\n\t\t\t<\/div>\n\n\n\n\t\t\n<\/a><\/div><div class=\"wp-block-column\">\n\n<a href=\"https:\/\/www.domaine-de-kervallon.com\/es\/camping-insolitos-bretagne-morbihan\/\" target=\"\" rel=\"noopener\" class=\"ls-cta__link\">\n\n\t<div class=\"ls-cta__image\"><img decoding=\"async\" src=\"https:\/\/www.domaine-de-kervallon.com\/wp-content\/uploads\/2024\/12\/hebergement-insolite-camping-morbihan.webp\" alt=\"alojamiento ins\u00f3lito camping morbihan\"><\/div>\n\t<div class=\"ls-cta__title\">\n\t\tNuestros alquileres inusuales\t<\/div>\n\n\n\t<div class=\"ls-cta__distance\">\n\t\t\t<\/div>\n\n\n\n\t\t\n<\/a><\/div><\/div><\/div>\n\r\n    <\/div>\r\n<\/section>","protected":false},"excerpt":{"rendered":"","protected":false},"author":1,"featured_media":48012,"parent":0,"menu_order":0,"comment_status":"closed","ping_status":"closed","template":"","meta":{"_acf_changed":false,"footnotes":""},"sujet":[],"class_list":["post-48009","page","type-page","status-publish","has-post-thumbnail","hentry"],"acf":[],"yoast_head":"<!-- This site is optimized with the Yoast SEO plugin v26.9 - https:\/\/yoast.com\/product\/yoast-seo-wordpress\/ -->\n<title>Parcelas de camping Breta\u00f1a | Para tiendas, caravanas y autocaravanas<\/title>\n<meta name=\"description\" content=\"El Domaine de Kervallon dispone de parcelas semisombreadas de alquiler para tus vacaciones en tienda, caravana o autocaravana en Morbihan.\" \/>\n<meta name=\"robots\" content=\"index, follow, max-snippet:-1, max-image-preview:large, max-video-preview:-1\" \/>\n<link rel=\"canonical\" href=\"https:\/\/www.domaine-de-kervallon.com\/es\/alquiler-parcela-morbihan\/\" \/>\n<meta property=\"og:locale\" content=\"fr_FR\" \/>\n<meta property=\"og:type\" content=\"article\" \/>\n<meta property=\"og:title\" content=\"Parcelas de camping Breta\u00f1a | Para tiendas, caravanas y autocaravanas\" \/>\n<meta property=\"og:description\" content=\"El Domaine de Kervallon dispone de parcelas semisombreadas de alquiler para tus vacaciones en tienda, caravana o autocaravana en Morbihan.\" \/>\n<meta property=\"og:url\" content=\"https:\/\/www.domaine-de-kervallon.com\/es\/alquiler-parcela-morbihan\/\" \/>\n<meta property=\"og:site_name\" content=\"Domaine de Kervallon\" \/>\n<meta property=\"article:modified_time\" content=\"2025-11-26T15:48:17+00:00\" \/>\n<meta property=\"og:image\" content=\"https:\/\/www.domaine-de-kervallon.com\/wp-content\/uploads\/2022\/12\/famille-enfants-camping.jpg\" \/>\n\t<meta property=\"og:image:width\" content=\"1600\" \/>\n\t<meta property=\"og:image:height\" content=\"679\" \/>\n\t<meta property=\"og:image:type\" content=\"image\/jpeg\" \/>\n<meta name=\"twitter:card\" content=\"summary_large_image\" \/>\n<meta name=\"twitter:label1\" content=\"Dur\u00e9e de lecture estim\u00e9e\" \/>\n\t<meta name=\"twitter:data1\" content=\"2 minutes\" \/>\n<script type=\"application\/ld+json\" class=\"yoast-schema-graph\">{\"@context\":\"https:\/\/schema.org\",\"@graph\":[{\"@type\":\"WebPage\",\"@id\":\"https:\/\/www.domaine-de-kervallon.com\/es\/alquiler-parcela-morbihan\/\",\"url\":\"https:\/\/www.domaine-de-kervallon.com\/es\/alquiler-parcela-morbihan\/\",\"name\":\"Parcelas de camping Breta\u00f1a | Para tiendas, caravanas y autocaravanas\",\"isPartOf\":{\"@id\":\"https:\/\/www.domaine-de-kervallon.com\/es\/#website\"},\"primaryImageOfPage\":{\"@id\":\"https:\/\/www.domaine-de-kervallon.com\/es\/alquiler-parcela-morbihan\/#primaryimage\"},\"image\":{\"@id\":\"https:\/\/www.domaine-de-kervallon.com\/es\/alquiler-parcela-morbihan\/#primaryimage\"},\"thumbnailUrl\":\"https:\/\/www.domaine-de-kervallon.com\/wp-content\/uploads\/2022\/12\/famille-enfants-camping.jpg\",\"datePublished\":\"2025-11-26T13:01:49+00:00\",\"dateModified\":\"2025-11-26T15:48:17+00:00\",\"description\":\"El Domaine de Kervallon dispone de parcelas semisombreadas de alquiler para tus vacaciones en tienda, caravana o autocaravana en Morbihan.\",\"breadcrumb\":{\"@id\":\"https:\/\/www.domaine-de-kervallon.com\/es\/alquiler-parcela-morbihan\/#breadcrumb\"},\"inLanguage\":\"fr-FR\",\"potentialAction\":[{\"@type\":\"ReadAction\",\"target\":[\"https:\/\/www.domaine-de-kervallon.com\/es\/alquiler-parcela-morbihan\/\"]}]},{\"@type\":\"ImageObject\",\"inLanguage\":\"fr-FR\",\"@id\":\"https:\/\/www.domaine-de-kervallon.com\/es\/alquiler-parcela-morbihan\/#primaryimage\",\"url\":\"https:\/\/www.domaine-de-kervallon.com\/wp-content\/uploads\/2022\/12\/famille-enfants-camping.jpg\",\"contentUrl\":\"https:\/\/www.domaine-de-kervallon.com\/wp-content\/uploads\/2022\/12\/famille-enfants-camping.jpg\",\"width\":1600,\"height\":679,\"caption\":\"familia ni\u00f1os camping\"},{\"@type\":\"BreadcrumbList\",\"@id\":\"https:\/\/www.domaine-de-kervallon.com\/es\/alquiler-parcela-morbihan\/#breadcrumb\",\"itemListElement\":[{\"@type\":\"ListItem\",\"position\":1,\"name\":\"Camping Broceliande dans le Morbihan\",\"item\":\"https:\/\/www.domaine-de-kervallon.com\/es\/\"},{\"@type\":\"ListItem\",\"position\":2,\"name\":\"Alquilar una parcela de camping en Breta\u00f1a\"}]},{\"@type\":\"WebSite\",\"@id\":\"https:\/\/www.domaine-de-kervallon.com\/es\/#website\",\"url\":\"https:\/\/www.domaine-de-kervallon.com\/es\/\",\"name\":\"Domaine de Kervallon\",\"description\":\"\",\"publisher\":{\"@id\":\"https:\/\/www.domaine-de-kervallon.com\/es\/#organization\"},\"potentialAction\":[{\"@type\":\"SearchAction\",\"target\":{\"@type\":\"EntryPoint\",\"urlTemplate\":\"https:\/\/www.domaine-de-kervallon.com\/es\/?s={search_term_string}\"},\"query-input\":{\"@type\":\"PropertyValueSpecification\",\"valueRequired\":true,\"valueName\":\"search_term_string\"}}],\"inLanguage\":\"fr-FR\"},{\"@type\":\"Organization\",\"@id\":\"https:\/\/www.domaine-de-kervallon.com\/es\/#organization\",\"name\":\"Domaine de Kervallon\",\"url\":\"https:\/\/www.domaine-de-kervallon.com\/es\/\",\"logo\":{\"@type\":\"ImageObject\",\"inLanguage\":\"fr-FR\",\"@id\":\"https:\/\/www.domaine-de-kervallon.com\/es\/#\/schema\/logo\/image\/\",\"url\":\"https:\/\/www.domaine-de-kervallon.com\/wp-content\/uploads\/2022\/10\/logo-domaine-de-kervallon-couleur.png\",\"contentUrl\":\"https:\/\/www.domaine-de-kervallon.com\/wp-content\/uploads\/2022\/10\/logo-domaine-de-kervallon-couleur.png\",\"width\":1600,\"height\":583,\"caption\":\"Domaine de Kervallon\"},\"image\":{\"@id\":\"https:\/\/www.domaine-de-kervallon.com\/es\/#\/schema\/logo\/image\/\"}}]}<\/script>\n<!-- \/ Yoast SEO plugin. -->","yoast_head_json":{"title":"Parcelas de camping Breta\u00f1a | Para tiendas, caravanas y autocaravanas","description":"El Domaine de Kervallon dispone de parcelas semisombreadas de alquiler para tus vacaciones en tienda, caravana o autocaravana en Morbihan.","robots":{"index":"index","follow":"follow","max-snippet":"max-snippet:-1","max-image-preview":"max-image-preview:large","max-video-preview":"max-video-preview:-1"},"canonical":"https:\/\/www.domaine-de-kervallon.com\/es\/alquiler-parcela-morbihan\/","og_locale":"fr_FR","og_type":"article","og_title":"Parcelas de camping Breta\u00f1a | Para tiendas, caravanas y autocaravanas","og_description":"El Domaine de Kervallon dispone de parcelas semisombreadas de alquiler para tus vacaciones en tienda, caravana o autocaravana en Morbihan.","og_url":"https:\/\/www.domaine-de-kervallon.com\/es\/alquiler-parcela-morbihan\/","og_site_name":"Domaine de Kervallon","article_modified_time":"2025-11-26T15:48:17+00:00","og_image":[{"width":1600,"height":679,"url":"https:\/\/www.domaine-de-kervallon.com\/wp-content\/uploads\/2022\/12\/famille-enfants-camping.jpg","type":"image\/jpeg"}],"twitter_card":"summary_large_image","twitter_misc":{"Dur\u00e9e de lecture estim\u00e9e":"2 minutes"},"schema":{"@context":"https:\/\/schema.org","@graph":[{"@type":"WebPage","@id":"https:\/\/www.domaine-de-kervallon.com\/es\/alquiler-parcela-morbihan\/","url":"https:\/\/www.domaine-de-kervallon.com\/es\/alquiler-parcela-morbihan\/","name":"Parcelas de camping Breta\u00f1a | Para tiendas, caravanas y autocaravanas","isPartOf":{"@id":"https:\/\/www.domaine-de-kervallon.com\/es\/#website"},"primaryImageOfPage":{"@id":"https:\/\/www.domaine-de-kervallon.com\/es\/alquiler-parcela-morbihan\/#primaryimage"},"image":{"@id":"https:\/\/www.domaine-de-kervallon.com\/es\/alquiler-parcela-morbihan\/#primaryimage"},"thumbnailUrl":"https:\/\/www.domaine-de-kervallon.com\/wp-content\/uploads\/2022\/12\/famille-enfants-camping.jpg","datePublished":"2025-11-26T13:01:49+00:00","dateModified":"2025-11-26T15:48:17+00:00","description":"El Domaine de Kervallon dispone de parcelas semisombreadas de alquiler para tus vacaciones en tienda, caravana o autocaravana en Morbihan.","breadcrumb":{"@id":"https:\/\/www.domaine-de-kervallon.com\/es\/alquiler-parcela-morbihan\/#breadcrumb"},"inLanguage":"fr-FR","potentialAction":[{"@type":"ReadAction","target":["https:\/\/www.domaine-de-kervallon.com\/es\/alquiler-parcela-morbihan\/"]}]},{"@type":"ImageObject","inLanguage":"fr-FR","@id":"https:\/\/www.domaine-de-kervallon.com\/es\/alquiler-parcela-morbihan\/#primaryimage","url":"https:\/\/www.domaine-de-kervallon.com\/wp-content\/uploads\/2022\/12\/famille-enfants-camping.jpg","contentUrl":"https:\/\/www.domaine-de-kervallon.com\/wp-content\/uploads\/2022\/12\/famille-enfants-camping.jpg","width":1600,"height":679,"caption":"familia ni\u00f1os camping"},{"@type":"BreadcrumbList","@id":"https:\/\/www.domaine-de-kervallon.com\/es\/alquiler-parcela-morbihan\/#breadcrumb","itemListElement":[{"@type":"ListItem","position":1,"name":"Camping Broceliande dans le Morbihan","item":"https:\/\/www.domaine-de-kervallon.com\/es\/"},{"@type":"ListItem","position":2,"name":"Alquilar una parcela de camping en Breta\u00f1a"}]},{"@type":"WebSite","@id":"https:\/\/www.domaine-de-kervallon.com\/es\/#website","url":"https:\/\/www.domaine-de-kervallon.com\/es\/","name":"Domaine de Kervallon","description":"","publisher":{"@id":"https:\/\/www.domaine-de-kervallon.com\/es\/#organization"},"potentialAction":[{"@type":"SearchAction","target":{"@type":"EntryPoint","urlTemplate":"https:\/\/www.domaine-de-kervallon.com\/es\/?s={search_term_string}"},"query-input":{"@type":"PropertyValueSpecification","valueRequired":true,"valueName":"search_term_string"}}],"inLanguage":"fr-FR"},{"@type":"Organization","@id":"https:\/\/www.domaine-de-kervallon.com\/es\/#organization","name":"Domaine de Kervallon","url":"https:\/\/www.domaine-de-kervallon.com\/es\/","logo":{"@type":"ImageObject","inLanguage":"fr-FR","@id":"https:\/\/www.domaine-de-kervallon.com\/es\/#\/schema\/logo\/image\/","url":"https:\/\/www.domaine-de-kervallon.com\/wp-content\/uploads\/2022\/10\/logo-domaine-de-kervallon-couleur.png","contentUrl":"https:\/\/www.domaine-de-kervallon.com\/wp-content\/uploads\/2022\/10\/logo-domaine-de-kervallon-couleur.png","width":1600,"height":583,"caption":"Domaine de Kervallon"},"image":{"@id":"https:\/\/www.domaine-de-kervallon.com\/es\/#\/schema\/logo\/image\/"}}]}},"_links":{"self":[{"href":"https:\/\/www.domaine-de-kervallon.com\/es\/wp-json\/wp\/v2\/pages\/48009","targetHints":{"allow":["GET"]}}],"collection":[{"href":"https:\/\/www.domaine-de-kervallon.com\/es\/wp-json\/wp\/v2\/pages"}],"about":[{"href":"https:\/\/www.domaine-de-kervallon.com\/es\/wp-json\/wp\/v2\/types\/page"}],"author":[{"embeddable":true,"href":"https:\/\/www.domaine-de-kervallon.com\/es\/wp-json\/wp\/v2\/users\/1"}],"replies":[{"embeddable":true,"href":"https:\/\/www.domaine-de-kervallon.com\/es\/wp-json\/wp\/v2\/comments?post=48009"}],"version-history":[{"count":5,"href":"https:\/\/www.domaine-de-kervallon.com\/es\/wp-json\/wp\/v2\/pages\/48009\/revisions"}],"predecessor-version":[{"id":49662,"href":"https:\/\/www.domaine-de-kervallon.com\/es\/wp-json\/wp\/v2\/pages\/48009\/revisions\/49662"}],"wp:featuredmedia":[{"embeddable":true,"href":"https:\/\/www.domaine-de-kervallon.com\/es\/wp-json\/wp\/v2\/media\/48012"}],"wp:attachment":[{"href":"https:\/\/www.domaine-de-kervallon.com\/es\/wp-json\/wp\/v2\/media?parent=48009"}],"wp:term":[{"taxonomy":"sujet","embeddable":true,"href":"https:\/\/www.domaine-de-kervallon.com\/es\/wp-json\/wp\/v2\/sujet?post=48009"}],"curies":[{"name":"wp","href":"https:\/\/api.w.org\/{rel}","templated":true}]}}