{"id":9136,"date":"2022-12-29T12:09:05","date_gmt":"2022-12-29T11:09:05","guid":{"rendered":"https:\/\/www.domaine-de-kervallon.com\/?page_id=9136"},"modified":"2025-11-26T16:14:37","modified_gmt":"2025-11-26T15:14:37","slug":"merdrignac","status":"publish","type":"page","link":"https:\/\/www.domaine-de-kervallon.com\/en\/holidays-in-morbihan\/merdrignac\/","title":{"rendered":"Merdrignac"},"content":{"rendered":"<section id=\"ls-section-block_10c81ca7366768b794a2cd6d1cb45871\" class=\"ls-section  page-intro\" >\r\n        <div class=\"container \">\r\n        \n\n<h1 class=\"ls__heading has-text-align-center animated fadeInUp delay-200ms slow p-t-5 wp-block-heading\">Camping near<br\/><strong>MERDRIGNAC<\/strong><\/h1>\n\n\r\n    <\/div>\r\n<\/section><section id=\"ls-section-block_7839f1e62e14802cd64426daef0439d7\" class=\"ls-section  page-intro\" >\r\n        <div class=\"container container--wide\">\r\n        \n\n<p class=\"ls-paragraph has-text-align-center\">You plan to spend your next vacations in the south of Brittany ? Book your comfortable pitch or fully equipped luxury accommodation at Domaine de Kervallon, an open-air hotel with heated swimming pool and jacuzzi set in a beautiful wooded park. <\/p>\n\n\n\n<h2 class=\"ls__heading has-text-align-center wp-block-heading\">Mobile home rental near Merdrignac<\/h2>\n\n\n\n<p class=\"ls-paragraph has-text-align-center\">Want to spend exceptional vacations in a family campsite near Merdrignac? The domain of Kervallon welcomes you in a green setting and in a warm atmosphere. Lovers of traditional camping will be seduced by our spacious pitches for tents, caravans and campers.   <\/p>\n\n\n\n<p class=\"ls-paragraph has-text-align-center\">ping-cars. Separated from the other plots by natural hedges, our plots will become your private garden where you can relax in the shade or the sun without breaking your privacy. If you are looking for a touch of luxury and an extra touch of glamour, <a href=\"\/\">our 4 star campsite in Southern Brittany<\/a> offers several models of fully equipped prestige mobile homes for 2 to 7 people (22-43 m2). Small discreet chalet ideal for a romantic weekend, cottage on stilts for large families, safari tent for adventurers, lodge cabin for groups of friends, gypsy caravan for nomads: we have selected the best mobile homes and the most unusual rentals to make you live a unique experience. Our luxury accommodations have a fully equipped kitchen (dishes + equipment), a living room, one or more bedrooms, a bathroom with separate toilet, and a terrace with garden furniture. Naviguez, consultez et r\u00e9servez d\u00e8s maintenant le mobile home qui plaira \u00e0 votre tribu tout en ma\u00eetrisant votre budget !     <\/p>\n\n\n\n<figure class=\"wp-block-gallery has-nested-images columns-2 is-cropped wp-block-gallery-1 is-layout-flex wp-block-gallery-is-layout-flex\">\n<figure class=\"wp-block-image size-full\"><a href=\"https:\/\/www.domaine-de-kervallon.com\/wp-content\/uploads\/2022\/12\/merdrignac-municipal-face-mairie2.jpeg\"><img decoding=\"async\" width=\"800\" height=\"600\" data-id=\"9149\" src=\"https:\/\/www.domaine-de-kervallon.com\/wp-content\/uploads\/2022\/12\/merdrignac-municipal-face-mairie2.jpeg\" alt=\"merdrignac municipal face mairie\" class=\"wp-image-9149\" srcset=\"https:\/\/www.domaine-de-kervallon.com\/wp-content\/uploads\/2022\/12\/merdrignac-municipal-face-mairie2.jpeg 800w, https:\/\/www.domaine-de-kervallon.com\/wp-content\/uploads\/2022\/12\/merdrignac-municipal-face-mairie2-300x225.jpeg 300w, https:\/\/www.domaine-de-kervallon.com\/wp-content\/uploads\/2022\/12\/merdrignac-municipal-face-mairie2-768x576.jpeg 768w\" sizes=\"(max-width: 800px) 100vw, 800px\" \/><\/a><\/figure>\n\n\n\n<figure class=\"wp-block-image size-full\"><a href=\"https:\/\/www.domaine-de-kervallon.com\/wp-content\/uploads\/2022\/12\/large.jpeg\"><img decoding=\"async\" width=\"986\" height=\"702\" data-id=\"9143\" src=\"https:\/\/www.domaine-de-kervallon.com\/wp-content\/uploads\/2022\/12\/large.jpeg\" alt=\"large\" class=\"wp-image-9143\" srcset=\"https:\/\/www.domaine-de-kervallon.com\/wp-content\/uploads\/2022\/12\/large.jpeg 986w, https:\/\/www.domaine-de-kervallon.com\/wp-content\/uploads\/2022\/12\/large-300x214.jpeg 300w, https:\/\/www.domaine-de-kervallon.com\/wp-content\/uploads\/2022\/12\/large-768x547.jpeg 768w\" sizes=\"(max-width: 986px) 100vw, 986px\" \/><\/a><\/figure>\n<\/figure>\n\n\n\n<h2 class=\"ls__heading has-text-align-center wp-block-heading\">Tourism in Merdrignac<\/h2>\n\n\n\n<p class=\"ls-paragraph has-text-align-center\">You have discovered our water park with its heated swimming pool, its slides and its paddling pool, our spa with its bubble bath and its sauna? Did you challenge your new friends to a game of ping-pong or archery while your children played in the playground or on the multi-sports court? You have read our program of activities? Time to explore the charming Breton villages. Located in the C\u00f4tes-d&#8217;Armor, about 50 km from Dinan and Lamballe, the commune of Merdrignac is home to several beautiful stone buildings such as the church of Saint-Pierre, the manor house of La Peignie, the manor house of La Vall\u00e9e, the castle of Kernu\u00e9 and the chapel of Sainte-Brigitte. Merdrignac also has two ponds around which you can walk before going to discover the neighboring villages : Tr\u00e9morel, Illifaut, Saint-Launeuc, Gomen\u00e9, Brignac, Saint-Vran&#8230;     <\/p>\n\n\r\n    <\/div>\r\n<\/section><section id=\"ls-section-block_231c2ad7d494bfe9f5765f7dde3c42a0\" class=\"ls-section  page-maillage has-background has-color-5-background-color has-p-t p-t-14 has-p-b p-b-20\" >\r\n        <div class=\"container \">\r\n        \n<div id=\"ls-maillage-block_63dc3d1c7b264f731344158e1bda35f6\" class=\"ls-maillage  .page-maillage cta-style-normal\" data-rows=\"4\">\r\n    <div class=\"wp-block-columns\"><div class=\"wp-block-column\">\n\n<a href=\"https:\/\/www.domaine-de-kervallon.com\/en\/holidays-in-morbihan\/breal-sous-montfort\/\" target=\"\" rel=\"noopener\" class=\"ls-cta__link\">\n\n\t<div class=\"ls-cta__image\"><img decoding=\"async\" src=\"https:\/\/www.domaine-de-kervallon.com\/wp-content\/uploads\/2022\/12\/b4655951-d027-4532-b519-55d505772ec1.jpg\" alt=\"chateau breal montfort jardin\"><\/div>\n\t<div class=\"ls-cta__title\">\n\t\tBr\u00e9al sous Montfort\t<\/div>\n\n\n\t<div class=\"ls-cta__distance\">\n\t\t\t<\/div>\n\n\n\n\t\t\n<\/a><\/div><div class=\"wp-block-column\">\n\n<a href=\"https:\/\/www.domaine-de-kervallon.com\/en\/holidays-in-morbihan\/broceliande\/\" target=\"\" rel=\"noopener\" class=\"ls-cta__link\">\n\n\t<div class=\"ls-cta__image\"><img decoding=\"async\" src=\"https:\/\/www.domaine-de-kervallon.com\/wp-content\/uploads\/2022\/11\/arbre-cta-broceliande-1024x625.webp\" alt=\"visit broceliande\"><\/div>\n\t<div class=\"ls-cta__title\">\n\t\tBroc\u00e9liande Campenac\t<\/div>\n\n\n\t<div class=\"ls-cta__distance\">\n\t\t\t<\/div>\n\n\n\n\t\t\n<\/a><\/div><div class=\"wp-block-column\">\n\n<a href=\"https:\/\/www.domaine-de-kervallon.com\/en\/holidays-in-morbihan\/gulf-of-morbihan-vannes\/\" target=\"\" rel=\"noopener\" class=\"ls-cta__link\">\n\n\t<div class=\"ls-cta__image\"><img decoding=\"async\" src=\"https:\/\/www.domaine-de-kervallon.com\/wp-content\/uploads\/2022\/11\/vannes-cta.jpg\" alt=\"visiter vannes\"><\/div>\n\t<div class=\"ls-cta__title\">\n\t\tVannes\t<\/div>\n\n\n\t<div class=\"ls-cta__distance\">\n\t\t\t<\/div>\n\n\n\n\t\t\n<\/a><\/div><div class=\"wp-block-column\">\n\n<a href=\"https:\/\/www.domaine-de-kervallon.com\/en\/holidays-in-morbihan\/ploermel\/\" target=\"\" rel=\"noopener\" class=\"ls-cta__link\">\n\n\t<div class=\"ls-cta__image\"><img decoding=\"async\" src=\"https:\/\/www.domaine-de-kervallon.com\/wp-content\/uploads\/2022\/11\/OTVannes19@alamoureux_DJI_0807.jpg\" alt=\"visiter voiliers bretagne sud ploermel\"><\/div>\n\t<div class=\"ls-cta__title\">\n\t\tPlo\u00ebrmel\t<\/div>\n\n\n\t<div class=\"ls-cta__distance\">\n\t\t\t<\/div>\n\n\n\n\t\t\n<\/a><\/div><\/div><div class=\"wp-block-columns\"><div class=\"wp-block-column\">\n\n<a href=\"https:\/\/www.domaine-de-kervallon.com\/en\/holidays-in-morbihan\/ile-aux-moines\/\" target=\"\" rel=\"noopener\" class=\"ls-cta__link\">\n\n\t<div class=\"ls-cta__image\"><img decoding=\"async\" src=\"https:\/\/www.domaine-de-kervallon.com\/wp-content\/uploads\/2022\/11\/GMVT20@alamoureux_MG_0344.jpg\" alt=\"kayak ile aux moines\"><\/div>\n\t<div class=\"ls-cta__title\">\n\t\t \u00cele-aux-Moines\t<\/div>\n\n\n\t<div class=\"ls-cta__distance\">\n\t\t\t<\/div>\n\n\n\n\t\t\n<\/a><\/div><div class=\"wp-block-column\">\n\n<a href=\"https:\/\/www.domaine-de-kervallon.com\/en\/holidays-in-morbihan\/kingoland-amusement-park-plumelin\/\" target=\"\" rel=\"noopener\" class=\"ls-cta__link\">\n\n\t<div class=\"ls-cta__image\"><img decoding=\"async\" src=\"https:\/\/www.domaine-de-kervallon.com\/wp-content\/uploads\/2022\/11\/gravity-carre.jpg\" alt=\"gravity carre\"><\/div>\n\t<div class=\"ls-cta__title\">\n\t\tKingoland \u2013 Plumelin\t<\/div>\n\n\n\t<div class=\"ls-cta__distance\">\n\t\t\t<\/div>\n\n\n\n\t\t\n<\/a><\/div><div class=\"wp-block-column\">\n\n<a href=\"https:\/\/www.domaine-de-kervallon.com\/en\/holidays-in-morbihan\/lizio\/\" target=\"\" rel=\"noopener\" class=\"ls-cta__link\">\n\n\t<div class=\"ls-cta__image\"><img decoding=\"async\" src=\"https:\/\/www.domaine-de-kervallon.com\/wp-content\/uploads\/2022\/11\/Lizio-poete-ferailleur-7.jpg\" alt=\"Lizio poete ferailleur visit\"><\/div>\n\t<div class=\"ls-cta__title\">\n\t\t The Scrap Metal Poet in Lizio\t<\/div>\n\n\n\t<div class=\"ls-cta__distance\">\n\t\t\t<\/div>\n\n\n\n\t\t\n<\/a><\/div><div class=\"wp-block-column\">\n\n<a href=\"https:\/\/www.domaine-de-kervallon.com\/en\/holidays-in-morbihan\/porte-secrets-paimpont\/\" target=\"\" rel=\"noopener\" class=\"ls-cta__link\">\n\n\t<div class=\"ls-cta__image\"><img decoding=\"async\" src=\"https:\/\/www.domaine-de-kervallon.com\/wp-content\/uploads\/2022\/11\/val-sans-retour-landes.jpg\" alt=\"val sans retour landes\"><\/div>\n\t<div class=\"ls-cta__title\">\n\t\tPaimpont\t<\/div>\n\n\n\t<div class=\"ls-cta__distance\">\n\t\t\t<\/div>\n\n\n\n\t\t\n<\/a><\/div><\/div><div class=\"wp-block-columns\"><div class=\"wp-block-column\">\n\n<a href=\"https:\/\/www.domaine-de-kervallon.com\/en\/holidays-in-morbihan\/rochefort-en-terre\/\" target=\"\" rel=\"noopener\" class=\"ls-cta__link\">\n\n\t<div class=\"ls-cta__image\"><img decoding=\"async\" src=\"https:\/\/www.domaine-de-kervallon.com\/wp-content\/uploads\/2022\/11\/rochefort-en-terre-chateau.jpg\" alt=\"visit rochefort en terre castle\"><\/div>\n\t<div class=\"ls-cta__title\">\n\t\tRochefort-en-Terre\t<\/div>\n\n\n\t<div class=\"ls-cta__distance\">\n\t\t\t<\/div>\n\n\n\n\t\t\n<\/a><\/div><div class=\"wp-block-column\">\n\n<a href=\"https:\/\/www.domaine-de-kervallon.com\/en\/holidays-in-morbihan\/monteneuf\/\" target=\"\" rel=\"noopener\" class=\"ls-cta__link\">\n\n\t<div class=\"ls-cta__image\"><img decoding=\"async\" src=\"https:\/\/www.domaine-de-kervallon.com\/wp-content\/uploads\/2022\/11\/AdobeStock_245155133.jpg\" alt=\"AdobeStock\"><\/div>\n\t<div class=\"ls-cta__title\">\n\t\tMonteneuf\t<\/div>\n\n\n\t<div class=\"ls-cta__distance\">\n\t\t\t<\/div>\n\n\n\n\t\t\n<\/a><\/div><div class=\"wp-block-column\">\n\n<a href=\"https:\/\/www.domaine-de-kervallon.com\/en\/holidays-in-morbihan\/le-guerno\/\" target=\"\" rel=\"noopener\" class=\"ls-cta__link\">\n\n\t<div class=\"ls-cta__image\"><img decoding=\"async\" src=\"https:\/\/www.domaine-de-kervallon.com\/wp-content\/uploads\/2022\/11\/phototeque-panda-roux-carre.jpg\" alt=\"parc animalier broceliande\"><\/div>\n\t<div class=\"ls-cta__title\">\n\t\tBranf\u00e9r\u00e9 Animal Park\t<\/div>\n\n\n\t<div class=\"ls-cta__distance\">\n\t\t\t<\/div>\n\n\n\n\t\t\n<\/a><\/div><div class=\"wp-block-column\">\n\n<a href=\"https:\/\/www.domaine-de-kervallon.com\/en\/holidays-in-morbihan\/la-gacilly\/\" target=\"\" rel=\"noopener\" class=\"ls-cta__link\">\n\n\t<div class=\"ls-cta__image\"><img decoding=\"async\" src=\"https:\/\/www.domaine-de-kervallon.com\/wp-content\/uploads\/2022\/11\/ctar-festival-photo.jpg\" alt=\"visit la gacilly\"><\/div>\n\t<div class=\"ls-cta__title\">\n\t\tLa Gacilly\t<\/div>\n\n\n\t<div class=\"ls-cta__distance\">\n\t\t\t<\/div>\n\n\n\n\t\t\n<\/a><\/div><\/div><div class=\"wp-block-columns\"><div class=\"wp-block-column\">\n\n<a href=\"https:\/\/www.domaine-de-kervallon.com\/en\/holidays-in-morbihan\/josselin\/\" target=\"\" rel=\"noopener\" class=\"ls-cta__link\">\n\n\t<div class=\"ls-cta__image\"><img decoding=\"async\" src=\"https:\/\/www.domaine-de-kervallon.com\/wp-content\/uploads\/2022\/11\/canoe-josselin-carre.jpg\" alt=\"canoe josselin carre\"><\/div>\n\t<div class=\"ls-cta__title\">\n\t\tJosselin\t<\/div>\n\n\n\t<div class=\"ls-cta__distance\">\n\t\t\t<\/div>\n\n\n\n\t\t\n<\/a><\/div><div class=\"wp-block-column\">\n\n<a href=\"https:\/\/www.domaine-de-kervallon.com\/en\/holidays-in-morbihan\/treetop-swinging-le-roc-saint-andre\/\" target=\"\" rel=\"noopener\" class=\"ls-cta__link\">\n\n\t<div class=\"ls-cta__image\"><img decoding=\"async\" src=\"https:\/\/www.domaine-de-kervallon.com\/wp-content\/uploads\/2022\/11\/Roc-Aventure-2.jpg\" alt=\"Roc Aventure parc\"><\/div>\n\t<div class=\"ls-cta__title\">\n\t\tRoc-Saint-Andr\u00e9\t<\/div>\n\n\n\t<div class=\"ls-cta__distance\">\n\t\t\t<\/div>\n\n\n\n\t\t\n<\/a><\/div><div class=\"wp-block-column\">\n\n<a href=\"https:\/\/www.domaine-de-kervallon.com\/en\/holidays-in-morbihan\/malestroit\/\" target=\"\" rel=\"noopener\" class=\"ls-cta__link\">\n\n\t<div class=\"ls-cta__image\"><img decoding=\"async\" src=\"https:\/\/www.domaine-de-kervallon.com\/wp-content\/uploads\/2022\/11\/AdobeStock_144083678.jpg\" alt=\"AdobeStock\"><\/div>\n\t<div class=\"ls-cta__title\">\n\t\tMalestroit\t<\/div>\n\n\n\t<div class=\"ls-cta__distance\">\n\t\t\t<\/div>\n\n\n\n\t\t\n<\/a><\/div><div class=\"wp-block-column\">\n\n<a href=\"https:\/\/www.domaine-de-kervallon.com\/en\/holidays-in-morbihan\/questembert\/\" target=\"\" rel=\"noopener\" class=\"ls-cta__link\">\n\n\t<div class=\"ls-cta__image\"><img decoding=\"async\" src=\"https:\/\/www.domaine-de-kervallon.com\/wp-content\/uploads\/2022\/12\/72DPI-halles-de-questembert-promenade-patrimoine-questembert.jpeg\" alt=\"visit halles de questembert heritage walk questembert\"><\/div>\n\t<div class=\"ls-cta__title\">\n\t\tQuestembert\t<\/div>\n\n\n\t<div class=\"ls-cta__distance\">\n\t\t\t<\/div>\n\n\n\n\t\t\n<\/a><\/div><\/div><div class=\"wp-block-columns\"><div class=\"wp-block-column\">\n\n<a href=\"https:\/\/www.domaine-de-kervallon.com\/en\/holidays-in-morbihan\/jugon-les-lacsjugon-les-lacs\/\" target=\"\" rel=\"noopener\" class=\"ls-cta__link\">\n\n\t<div class=\"ls-cta__image\"><img decoding=\"async\" src=\"https:\/\/www.domaine-de-kervallon.com\/wp-content\/uploads\/2022\/12\/visiter-jugon-les-lacs-en-bretagne.webp\" alt=\"visit jugon les lacs in bretagne\"><\/div>\n\t<div class=\"ls-cta__title\">\n\t\tJugon-les-lacs\t<\/div>\n\n\n\t<div class=\"ls-cta__distance\">\n\t\t\t<\/div>\n\n\n\n\t\t\n<\/a><\/div><\/div>\n\r\n    <\/div>\r\n<\/section>","protected":false},"excerpt":{"rendered":"","protected":false},"author":1,"featured_media":9152,"parent":8738,"menu_order":0,"comment_status":"closed","ping_status":"closed","template":"","meta":{"_acf_changed":false,"footnotes":""},"sujet":[],"class_list":["post-9136","page","type-page","status-publish","has-post-thumbnail","hentry"],"acf":[],"yoast_head":"<!-- This site is optimized with the Yoast SEO plugin v26.9 - https:\/\/yoast.com\/product\/yoast-seo-wordpress\/ -->\n<title>Camping Merdrignac 22230 | Lodging in Merdrignac | Visit Merdrignac<\/title>\n<meta name=\"description\" content=\"Take advantage of your camping vacations in Morbihan at Domaine de Kervallon to visit MerdrignacVisit the charming village of Merdrignac, its old buildings and its ponds during your camping vacations in Morbihan at Domaine de Kervallon!\" \/>\n<meta name=\"robots\" content=\"index, follow, max-snippet:-1, max-image-preview:large, max-video-preview:-1\" \/>\n<link rel=\"canonical\" href=\"https:\/\/www.domaine-de-kervallon.com\/en\/holidays-in-morbihan\/merdrignac\/\" \/>\n<meta property=\"og:locale\" content=\"fr_FR\" \/>\n<meta property=\"og:type\" content=\"article\" \/>\n<meta property=\"og:title\" content=\"Camping Merdrignac 22230 | Lodging in Merdrignac | Visit Merdrignac\" \/>\n<meta property=\"og:description\" content=\"Take advantage of your camping vacations in Morbihan at Domaine de Kervallon to visit MerdrignacVisit the charming village of Merdrignac, its old buildings and its ponds during your camping vacations in Morbihan at Domaine de Kervallon!\" \/>\n<meta property=\"og:url\" content=\"https:\/\/www.domaine-de-kervallon.com\/en\/holidays-in-morbihan\/merdrignac\/\" \/>\n<meta property=\"og:site_name\" content=\"Domaine de Kervallon\" \/>\n<meta property=\"article:modified_time\" content=\"2025-11-26T15:14:37+00:00\" \/>\n<meta property=\"og:image\" content=\"https:\/\/www.domaine-de-kervallon.com\/wp-content\/uploads\/2022\/12\/merdrignac-scaled-1.jpeg\" \/>\n\t<meta property=\"og:image:width\" content=\"1800\" \/>\n\t<meta property=\"og:image:height\" content=\"1200\" \/>\n\t<meta property=\"og:image:type\" content=\"image\/jpeg\" \/>\n<meta name=\"twitter:card\" content=\"summary_large_image\" \/>\n<script type=\"application\/ld+json\" class=\"yoast-schema-graph\">{\"@context\":\"https:\/\/schema.org\",\"@graph\":[{\"@type\":\"WebPage\",\"@id\":\"https:\/\/www.domaine-de-kervallon.com\/en\/holidays-in-morbihan\/merdrignac\/\",\"url\":\"https:\/\/www.domaine-de-kervallon.com\/en\/holidays-in-morbihan\/merdrignac\/\",\"name\":\"Camping Merdrignac 22230 | Lodging in Merdrignac | Visit Merdrignac\",\"isPartOf\":{\"@id\":\"https:\/\/www.domaine-de-kervallon.com\/en\/#website\"},\"primaryImageOfPage\":{\"@id\":\"https:\/\/www.domaine-de-kervallon.com\/en\/holidays-in-morbihan\/merdrignac\/#primaryimage\"},\"image\":{\"@id\":\"https:\/\/www.domaine-de-kervallon.com\/en\/holidays-in-morbihan\/merdrignac\/#primaryimage\"},\"thumbnailUrl\":\"https:\/\/www.domaine-de-kervallon.com\/wp-content\/uploads\/2022\/12\/merdrignac-scaled-1.jpeg\",\"datePublished\":\"2022-12-29T11:09:05+00:00\",\"dateModified\":\"2025-11-26T15:14:37+00:00\",\"description\":\"Take advantage of your camping vacations in Morbihan at Domaine de Kervallon to visit MerdrignacVisit the charming village of Merdrignac, its old buildings and its ponds during your camping vacations in Morbihan at Domaine de Kervallon!\",\"breadcrumb\":{\"@id\":\"https:\/\/www.domaine-de-kervallon.com\/en\/holidays-in-morbihan\/merdrignac\/#breadcrumb\"},\"inLanguage\":\"fr-FR\",\"potentialAction\":[{\"@type\":\"ReadAction\",\"target\":[\"https:\/\/www.domaine-de-kervallon.com\/en\/holidays-in-morbihan\/merdrignac\/\"]}]},{\"@type\":\"ImageObject\",\"inLanguage\":\"fr-FR\",\"@id\":\"https:\/\/www.domaine-de-kervallon.com\/en\/holidays-in-morbihan\/merdrignac\/#primaryimage\",\"url\":\"https:\/\/www.domaine-de-kervallon.com\/wp-content\/uploads\/2022\/12\/merdrignac-scaled-1.jpeg\",\"contentUrl\":\"https:\/\/www.domaine-de-kervallon.com\/wp-content\/uploads\/2022\/12\/merdrignac-scaled-1.jpeg\",\"width\":1800,\"height\":1200,\"caption\":\"merdrignac scaled\"},{\"@type\":\"BreadcrumbList\",\"@id\":\"https:\/\/www.domaine-de-kervallon.com\/en\/holidays-in-morbihan\/merdrignac\/#breadcrumb\",\"itemListElement\":[{\"@type\":\"ListItem\",\"position\":1,\"name\":\"Camping Broceliande dans le Morbihan\",\"item\":\"https:\/\/www.domaine-de-kervallon.com\/en\/\"},{\"@type\":\"ListItem\",\"position\":2,\"name\":\"Holidays in Morbihan\",\"item\":\"https:\/\/www.domaine-de-kervallon.com\/en\/holidays-in-morbihan\/\"},{\"@type\":\"ListItem\",\"position\":3,\"name\":\"Camping near Merdrignac\"}]},{\"@type\":\"WebSite\",\"@id\":\"https:\/\/www.domaine-de-kervallon.com\/en\/#website\",\"url\":\"https:\/\/www.domaine-de-kervallon.com\/en\/\",\"name\":\"Domaine de Kervallon\",\"description\":\"\",\"publisher\":{\"@id\":\"https:\/\/www.domaine-de-kervallon.com\/en\/#organization\"},\"potentialAction\":[{\"@type\":\"SearchAction\",\"target\":{\"@type\":\"EntryPoint\",\"urlTemplate\":\"https:\/\/www.domaine-de-kervallon.com\/en\/?s={search_term_string}\"},\"query-input\":{\"@type\":\"PropertyValueSpecification\",\"valueRequired\":true,\"valueName\":\"search_term_string\"}}],\"inLanguage\":\"fr-FR\"},{\"@type\":\"Organization\",\"@id\":\"https:\/\/www.domaine-de-kervallon.com\/en\/#organization\",\"name\":\"Domaine de Kervallon\",\"url\":\"https:\/\/www.domaine-de-kervallon.com\/en\/\",\"logo\":{\"@type\":\"ImageObject\",\"inLanguage\":\"fr-FR\",\"@id\":\"https:\/\/www.domaine-de-kervallon.com\/en\/#\/schema\/logo\/image\/\",\"url\":\"https:\/\/www.domaine-de-kervallon.com\/wp-content\/uploads\/2022\/10\/logo-domaine-de-kervallon-couleur.png\",\"contentUrl\":\"https:\/\/www.domaine-de-kervallon.com\/wp-content\/uploads\/2022\/10\/logo-domaine-de-kervallon-couleur.png\",\"width\":1600,\"height\":583,\"caption\":\"Domaine de Kervallon\"},\"image\":{\"@id\":\"https:\/\/www.domaine-de-kervallon.com\/en\/#\/schema\/logo\/image\/\"}}]}<\/script>\n<!-- \/ Yoast SEO plugin. -->","yoast_head_json":{"title":"Camping Merdrignac 22230 | Lodging in Merdrignac | Visit Merdrignac","description":"Take advantage of your camping vacations in Morbihan at Domaine de Kervallon to visit MerdrignacVisit the charming village of Merdrignac, its old buildings and its ponds during your camping vacations in Morbihan at Domaine de Kervallon!","robots":{"index":"index","follow":"follow","max-snippet":"max-snippet:-1","max-image-preview":"max-image-preview:large","max-video-preview":"max-video-preview:-1"},"canonical":"https:\/\/www.domaine-de-kervallon.com\/en\/holidays-in-morbihan\/merdrignac\/","og_locale":"fr_FR","og_type":"article","og_title":"Camping Merdrignac 22230 | Lodging in Merdrignac | Visit Merdrignac","og_description":"Take advantage of your camping vacations in Morbihan at Domaine de Kervallon to visit MerdrignacVisit the charming village of Merdrignac, its old buildings and its ponds during your camping vacations in Morbihan at Domaine de Kervallon!","og_url":"https:\/\/www.domaine-de-kervallon.com\/en\/holidays-in-morbihan\/merdrignac\/","og_site_name":"Domaine de Kervallon","article_modified_time":"2025-11-26T15:14:37+00:00","og_image":[{"width":1800,"height":1200,"url":"https:\/\/www.domaine-de-kervallon.com\/wp-content\/uploads\/2022\/12\/merdrignac-scaled-1.jpeg","type":"image\/jpeg"}],"twitter_card":"summary_large_image","schema":{"@context":"https:\/\/schema.org","@graph":[{"@type":"WebPage","@id":"https:\/\/www.domaine-de-kervallon.com\/en\/holidays-in-morbihan\/merdrignac\/","url":"https:\/\/www.domaine-de-kervallon.com\/en\/holidays-in-morbihan\/merdrignac\/","name":"Camping Merdrignac 22230 | Lodging in Merdrignac | Visit Merdrignac","isPartOf":{"@id":"https:\/\/www.domaine-de-kervallon.com\/en\/#website"},"primaryImageOfPage":{"@id":"https:\/\/www.domaine-de-kervallon.com\/en\/holidays-in-morbihan\/merdrignac\/#primaryimage"},"image":{"@id":"https:\/\/www.domaine-de-kervallon.com\/en\/holidays-in-morbihan\/merdrignac\/#primaryimage"},"thumbnailUrl":"https:\/\/www.domaine-de-kervallon.com\/wp-content\/uploads\/2022\/12\/merdrignac-scaled-1.jpeg","datePublished":"2022-12-29T11:09:05+00:00","dateModified":"2025-11-26T15:14:37+00:00","description":"Take advantage of your camping vacations in Morbihan at Domaine de Kervallon to visit MerdrignacVisit the charming village of Merdrignac, its old buildings and its ponds during your camping vacations in Morbihan at Domaine de Kervallon!","breadcrumb":{"@id":"https:\/\/www.domaine-de-kervallon.com\/en\/holidays-in-morbihan\/merdrignac\/#breadcrumb"},"inLanguage":"fr-FR","potentialAction":[{"@type":"ReadAction","target":["https:\/\/www.domaine-de-kervallon.com\/en\/holidays-in-morbihan\/merdrignac\/"]}]},{"@type":"ImageObject","inLanguage":"fr-FR","@id":"https:\/\/www.domaine-de-kervallon.com\/en\/holidays-in-morbihan\/merdrignac\/#primaryimage","url":"https:\/\/www.domaine-de-kervallon.com\/wp-content\/uploads\/2022\/12\/merdrignac-scaled-1.jpeg","contentUrl":"https:\/\/www.domaine-de-kervallon.com\/wp-content\/uploads\/2022\/12\/merdrignac-scaled-1.jpeg","width":1800,"height":1200,"caption":"merdrignac scaled"},{"@type":"BreadcrumbList","@id":"https:\/\/www.domaine-de-kervallon.com\/en\/holidays-in-morbihan\/merdrignac\/#breadcrumb","itemListElement":[{"@type":"ListItem","position":1,"name":"Camping Broceliande dans le Morbihan","item":"https:\/\/www.domaine-de-kervallon.com\/en\/"},{"@type":"ListItem","position":2,"name":"Holidays in Morbihan","item":"https:\/\/www.domaine-de-kervallon.com\/en\/holidays-in-morbihan\/"},{"@type":"ListItem","position":3,"name":"Camping near Merdrignac"}]},{"@type":"WebSite","@id":"https:\/\/www.domaine-de-kervallon.com\/en\/#website","url":"https:\/\/www.domaine-de-kervallon.com\/en\/","name":"Domaine de Kervallon","description":"","publisher":{"@id":"https:\/\/www.domaine-de-kervallon.com\/en\/#organization"},"potentialAction":[{"@type":"SearchAction","target":{"@type":"EntryPoint","urlTemplate":"https:\/\/www.domaine-de-kervallon.com\/en\/?s={search_term_string}"},"query-input":{"@type":"PropertyValueSpecification","valueRequired":true,"valueName":"search_term_string"}}],"inLanguage":"fr-FR"},{"@type":"Organization","@id":"https:\/\/www.domaine-de-kervallon.com\/en\/#organization","name":"Domaine de Kervallon","url":"https:\/\/www.domaine-de-kervallon.com\/en\/","logo":{"@type":"ImageObject","inLanguage":"fr-FR","@id":"https:\/\/www.domaine-de-kervallon.com\/en\/#\/schema\/logo\/image\/","url":"https:\/\/www.domaine-de-kervallon.com\/wp-content\/uploads\/2022\/10\/logo-domaine-de-kervallon-couleur.png","contentUrl":"https:\/\/www.domaine-de-kervallon.com\/wp-content\/uploads\/2022\/10\/logo-domaine-de-kervallon-couleur.png","width":1600,"height":583,"caption":"Domaine de Kervallon"},"image":{"@id":"https:\/\/www.domaine-de-kervallon.com\/en\/#\/schema\/logo\/image\/"}}]}},"_links":{"self":[{"href":"https:\/\/www.domaine-de-kervallon.com\/en\/wp-json\/wp\/v2\/pages\/9136","targetHints":{"allow":["GET"]}}],"collection":[{"href":"https:\/\/www.domaine-de-kervallon.com\/en\/wp-json\/wp\/v2\/pages"}],"about":[{"href":"https:\/\/www.domaine-de-kervallon.com\/en\/wp-json\/wp\/v2\/types\/page"}],"author":[{"embeddable":true,"href":"https:\/\/www.domaine-de-kervallon.com\/en\/wp-json\/wp\/v2\/users\/1"}],"replies":[{"embeddable":true,"href":"https:\/\/www.domaine-de-kervallon.com\/en\/wp-json\/wp\/v2\/comments?post=9136"}],"version-history":[{"count":8,"href":"https:\/\/www.domaine-de-kervallon.com\/en\/wp-json\/wp\/v2\/pages\/9136\/revisions"}],"predecessor-version":[{"id":49590,"href":"https:\/\/www.domaine-de-kervallon.com\/en\/wp-json\/wp\/v2\/pages\/9136\/revisions\/49590"}],"up":[{"embeddable":true,"href":"https:\/\/www.domaine-de-kervallon.com\/en\/wp-json\/wp\/v2\/pages\/8738"}],"wp:featuredmedia":[{"embeddable":true,"href":"https:\/\/www.domaine-de-kervallon.com\/en\/wp-json\/wp\/v2\/media\/9152"}],"wp:attachment":[{"href":"https:\/\/www.domaine-de-kervallon.com\/en\/wp-json\/wp\/v2\/media?parent=9136"}],"wp:term":[{"taxonomy":"sujet","embeddable":true,"href":"https:\/\/www.domaine-de-kervallon.com\/en\/wp-json\/wp\/v2\/sujet?post=9136"}],"curies":[{"name":"wp","href":"https:\/\/api.w.org\/{rel}","templated":true}]}}