{"id":49062,"date":"2025-11-26T14:04:02","date_gmt":"2025-11-26T13:04:02","guid":{"rendered":"https:\/\/www.domaine-de-kervallon.com\/camping-bbretagne-praktische-informationen\/"},"modified":"2025-11-27T15:34:16","modified_gmt":"2025-11-27T14:34:16","slug":"camping-bbretagne-praktische-informationen","status":"publish","type":"page","link":"https:\/\/www.domaine-de-kervallon.com\/de\/camping-bbretagne-praktische-informationen\/","title":{"rendered":"Kontakt und praktische Informationen"},"content":{"rendered":"<section id=\"ls-section-block_fba30604ec5d8c5a12cd88d545695bbf\" class=\"ls-section  page-intro has-p-t p-t-10 has-p-b p-b-3\" >\r\n        <div class=\"container container--full\">\r\n        \n\n<h1 class=\"ls__heading has-text-align-center animated fadeInUp delay-200ms slow wp-block-heading\">CAMPING BRETAGNE SUD <br\/><strong> PRAKTISCHE INFORMATIONEN<\/strong><\/h1>\n\n\r\n    <\/div>\r\n<\/section><section id=\"ls-section-block_6629fa1149f5f82ed95f03b3c1fe32a2\" class=\"ls-section  page-parallaxe has-background-image has-background has-color-2-background-color\" >\r\n    <div class=\"ls-section__background-image opacity-20\"><img decoding=\"async\" src=\"https:\/\/www.domaine-de-kervallon.com\/wp-content\/uploads\/2022\/11\/kervallon-accueil-pieton-ete.jpg\" alt=\"rezeption domaine de kervallon\"><\/div>    <div class=\"container \">\r\n        \n\n<div class=\"wp-block-columns is-layout-flex wp-container-core-columns-is-layout-9d6595d7 wp-block-columns-is-layout-flex\">\n<div class=\"wp-block-column is-vertically-aligned-center is-layout-flow wp-block-column-is-layout-flow\">\n<p class=\"ls-paragraph has-text-align-right title has-color-white-color has-text-color has-medium-font-size\" style=\"font-style:normal;font-weight:600;text-transform:uppercase\">SCHREIBEN SIE UNS :<\/p>\n\n\n\n<p class=\"ls-paragraph has-text-align-right content has-color-white-color has-text-color has-medium-font-size\" style=\"font-style:normal;font-weight:600;text-transform:uppercase\"><a href=\"mailto:contact@domaine-de-kervallon.com\">contact@domaine-de-kervallon.com<\/a><\/p>\n\n\n\n<p class=\"ls-paragraph has-text-align-right title has-color-white-color has-text-color has-medium-font-size\" style=\"font-style:normal;font-weight:600;text-transform:uppercase\">UNS FINDEN :<\/p>\n\n\n\n<p class=\"ls-paragraph has-text-align-right content has-color-white-color has-text-color has-medium-font-size\" style=\"font-style:normal;font-weight:600;text-transform:uppercase\">Domaine de Kervallon Le Val Saving<br\/>56140 CARO<\/p>\n\n\n\n<p class=\"ls-paragraph has-text-align-right title has-color-white-color has-text-color has-medium-font-size\" style=\"font-style:normal;font-weight:600;text-transform:uppercase\">GPS:<\/p>\n\n\n\n<p class=\"ls-paragraph has-text-align-right content has-color-white-color has-text-color has-medium-font-size\" style=\"font-style:normal;font-weight:600;text-transform:uppercase\">N 47\u00b053349 &#8211; W2\u00b020035<\/p>\n\n\n\n<p class=\"ls-paragraph has-text-align-right title has-color-white-color has-text-color has-medium-font-size\" style=\"font-style:normal;font-weight:600;text-transform:uppercase\">RUFEN SIE UNS AN:<\/p>\n\n\n\n<p class=\"ls-paragraph has-text-align-right content has-color-white-color has-text-color has-medium-font-size\" style=\"font-style:normal;font-weight:600;text-transform:uppercase\">Tel: +336 76 68 83 67<\/p>\n<\/div>\n\n\n\n<div class=\"wp-block-column is-vertically-aligned-center animated fadeInRight delay-200ms slow is-layout-flow wp-block-column-is-layout-flow\">\n<div class=\"wpcf7 no-js\" id=\"wpcf7-f49808-o1\" lang=\"de-DE\" dir=\"ltr\" data-wpcf7-id=\"49808\">\n<div class=\"screen-reader-response\"><p role=\"status\" aria-live=\"polite\" aria-atomic=\"true\"><\/p> <ul><\/ul><\/div>\n<form action=\"\/de\/wp-json\/wp\/v2\/pages\/49062#wpcf7-f49808-o1\" method=\"post\" class=\"wpcf7-form init\" aria-label=\"Kontaktformular\" novalidate=\"novalidate\" data-status=\"init\">\n<fieldset class=\"hidden-fields-container\"><input type=\"hidden\" name=\"_wpcf7\" value=\"49808\" \/><input type=\"hidden\" name=\"_wpcf7_version\" value=\"6.1.4\" \/><input type=\"hidden\" name=\"_wpcf7_locale\" value=\"de_DE\" \/><input type=\"hidden\" name=\"_wpcf7_unit_tag\" value=\"wpcf7-f49808-o1\" \/><input type=\"hidden\" name=\"_wpcf7_container_post\" value=\"0\" \/><input type=\"hidden\" name=\"_wpcf7_posted_data_hash\" value=\"\" \/><input type=\"hidden\" name=\"_wpcf7_recaptcha_response\" value=\"\" \/>\n<\/fieldset>\n<p><label> Ihr Name<br \/>\n<span class=\"wpcf7-form-control-wrap\" data-name=\"your-name\"><input size=\"40\" maxlength=\"400\" class=\"wpcf7-form-control wpcf7-text wpcf7-validates-as-required\" aria-required=\"true\" aria-invalid=\"false\" value=\"\" type=\"text\" name=\"your-name\" \/><\/span> <\/label>\n<\/p>\n<p><label> Ihre E-Mail-Adresse<br \/>\n<span class=\"wpcf7-form-control-wrap\" data-name=\"your-email\"><input size=\"40\" maxlength=\"400\" class=\"wpcf7-form-control wpcf7-email wpcf7-validates-as-required wpcf7-text wpcf7-validates-as-email\" aria-required=\"true\" aria-invalid=\"false\" value=\"\" type=\"email\" name=\"your-email\" \/><\/span> <\/label>\n<\/p>\n<p><label> Thema<br \/>\n<span class=\"wpcf7-form-control-wrap\" data-name=\"your-subject\"><input size=\"40\" maxlength=\"400\" class=\"wpcf7-form-control wpcf7-text wpcf7-validates-as-required\" aria-required=\"true\" aria-invalid=\"false\" value=\"\" type=\"text\" name=\"your-subject\" \/><\/span> <\/label>\n<\/p>\n<p><label> Ihre Nachricht<br \/>\n<span class=\"wpcf7-form-control-wrap\" data-name=\"your-message\"><textarea cols=\"40\" rows=\"10\" maxlength=\"2000\" class=\"wpcf7-form-control wpcf7-textarea\" aria-invalid=\"false\" name=\"your-message\"><\/textarea><\/span> <\/label>\n<\/p>\n<p><span class=\"wpcf7-form-control-wrap\" data-name=\"acceptance-553\"><span class=\"wpcf7-form-control wpcf7-acceptance\"><span class=\"wpcf7-list-item\"><label><input type=\"checkbox\" name=\"acceptance-553\" value=\"1\" aria-invalid=\"false\" \/><span class=\"wpcf7-list-item-label\">Indem ich dieses K\u00e4stchen anklicke, akzeptiere ich die <a href=\"\/de\/datenschutzrichtlinie\/\" rel=\"nofollow\" target=\"_blank\">Datenschutzbestimmungen<\/a> dieser\nWebsite.<\/span><\/label><\/span><\/span><\/span>\n<\/p>\n<p><input class=\"wpcf7-form-control wpcf7-submit has-spinner\" type=\"submit\" value=\"Senden Sie\" \/>\n<\/p><div class=\"wpcf7-response-output\" aria-hidden=\"true\"><\/div>\n<\/form>\n<\/div>\n\n<\/div>\n<\/div>\n\n\r\n    <\/div>\r\n<\/section><section id=\"ls-section-block_167c2b6b2a1833f607fbaf7c40a037de\" class=\"ls-section  page-one\" >\r\n        <div class=\"container container--full\">\r\n        \n\n<div class=\"wp-block-columns is-layout-flex wp-container-core-columns-is-layout-9d6595d7 wp-block-columns-is-layout-flex\">\n<div class=\"wp-block-column is-layout-flow wp-block-column-is-layout-flow\">\n<p class=\"ls-paragraph has-text-align-left\">Auf dieser Seite finden Sie alle n\u00fctzlichen Informationen <a href=\"\/\">\u00fcber den Campingplatz Kervallon<\/a> in Caro. Um Ihnen die Arbeit zu erleichtern, haben wir alle Dokumente, die Sie ben\u00f6tigen, zum Download bereitgestellt. Sie finden :  <\/p>\n\n\n\n<ul class=\"ls-list wp-block-list\">\n<li><strong>Der Reservierungsvertrag <\/strong>, der auch die Allgemeinen Gesch\u00e4ftsbedingungen enth\u00e4lt.<\/li>\n\n\n\n<li><strong>Ein detaillierter Plan des Campingplatzes <\/strong>, auf dem die verschiedenen Einrichtungen des Campingplatzes und die Lage der Unterk\u00fcnfte mit Logos gekennzeichnet sind.<\/li>\n\n\n\n<li><strong>Die allgemeine Brosch\u00fcre des Campingplatzes Kervallon <\/strong>mit einer Beschreibung der verschiedenen Unterk\u00fcnfte auf dem Gel\u00e4nde, der Aktivit\u00e4ten und Animationen sowie der touristischen Sehensw\u00fcrdigkeiten in der Umgebung.<\/li>\n\n\n\n<li><strong>Die Hausordnung des Campingplatzes <\/strong>, in der die Betriebsmodalit\u00e4ten, die Sicherheit und einige Empfehlungen f\u00fcr ein gutes Zusammenleben erl\u00e4utert werden.<\/li>\n\n\n\n<li><strong>Die Hausordnung f\u00fcr den Swimmingpool <\/strong>: Um die Sicherheitsma\u00dfnahmen einzuhalten, unterliegt dieser Badeort einem sehr strengen und kontrollierten Betrieb. Wir bitten Sie, diese vor Beginn Ihres Aufenthalts zur Kenntnis zu nehmen. <\/li>\n\n\n\n<li><strong>Die Preistabelle<\/strong>: Sie enth\u00e4lt die verschiedenen Arten von Unterk\u00fcnften: Mietunterk\u00fcnfte oder Stellpl\u00e4tze, mit den entsprechenden Preisen f\u00fcr den gew\u00e4hlten Zeitraum. Sie finden hier auch die optionalen Dienstleistungen und ihre Kosten, wie z.B.: Babyset, Reinigungsgeb\u00fchren, TV-Verleih, und nicht zu vergessen das W\u00e4schepaket. <\/li>\n<\/ul>\n<\/div>\n\n\n\n<div class=\"wp-block-column is-layout-flow wp-block-column-is-layout-flow\">\n<iframe src=\"https:\/\/www.google.com\/maps\/embed?pb=!1m14!1m8!1m3!1d106808.8104831166!2d-2.3892825400757376!3d47.901170792486546!3m2!1i1024!2i768!4f13.1!3m3!1m2!1s0x0%3A0xf5ea68abde3dce5b!2sDomaine%20de%20kervallon!5e0!3m2!1sfr!2sfr!4v1669289091033!5m2!1sfr!2sfr\" width=\"100%\" height=\"100%\" style=\"border:0;\" allowfullscreen=\"\" loading=\"lazy\" referrerpolicy=\"no-referrer-when-downgrade\"><\/iframe>\n<\/div>\n<\/div>\n\n\n\n<div id=\"ls-pdf-block_dbb429c89dd9f6c65ea432af20d200fc\" class=\"ls-pdf\" >\n    <div class=\"ls-pdf__list\">\n                            <a href=\"https:\/\/www.domaine-de-kervallon.com\/wp-content\/uploads\/2025\/01\/TARIFS-2025.pdf\" title=\"Preise\" class=\"ls-pdf__list__item\" data-fancybox=\"pdf\">\n\n                                    <i class=\"kervallon-price-tag\"><\/i>\n                      \n                <div>Preise <span >><\/span><\/div>\n            <\/a>\n                    <a href=\"https:\/\/www.domaine-de-kervallon.com\/wp-content\/uploads\/2025\/09\/PLAN-DOMAINE-DE-KERVALLON-2025-1.pdf\" title=\"Planen\" class=\"ls-pdf__list__item\" data-fancybox=\"pdf\">\n\n                                    <i class=\"kervallon-signature\"><\/i>\n                      \n                <div>Planen <span >><\/span><\/div>\n            <\/a>\n                \n        \t\t\t<a href=\"\/en\/our-videos\/\" title=\"See our videos\" class=\"ls-pdf__list__item\">\n                <i class=\"kervallon-video-camera\"><\/i>\n                <div>Our videos<span >><\/span><\/div>\n            <\/a>\n\t\t\n                    <a href=\"https:\/\/booking.secureholiday.net\/gift\/index\/?establishmentId=5539&#038;lg=EN\" title=\"gift card\" target=\"_blank\" class=\"ls-pdf__list__item\">\n                <i class=\"kervallon-gift-card\"><\/i>\n                <div>Gift card<span >><\/span><\/div>\n            <\/a>\n\t\t    <\/div>\n<\/div>\n\r\n    <\/div>\r\n<\/section>","protected":false},"excerpt":{"rendered":"","protected":false},"author":1,"featured_media":48185,"parent":0,"menu_order":0,"comment_status":"closed","ping_status":"closed","template":"","meta":{"_acf_changed":false,"footnotes":""},"sujet":[],"class_list":["post-49062","page","type-page","status-publish","has-post-thumbnail","hentry"],"acf":[],"yoast_head":"<!-- This site is optimized with the Yoast SEO plugin v26.9 - https:\/\/yoast.com\/product\/yoast-seo-wordpress\/ -->\n<title>Camping de Kervallon | Praktische Informationen \u00fcber den 4-Sterne-Campingplatz in Caro<\/title>\n<meta name=\"description\" content=\"Haben Sie Fragen zu Ihrem Campingurlaub in der S\u00fcdbretagne? Hier finden Sie die praktischen Informationen \u00fcber den Campingplatz Domaine de Kervallon im Departement Morbihan.\" \/>\n<meta name=\"robots\" content=\"index, follow, max-snippet:-1, max-image-preview:large, max-video-preview:-1\" \/>\n<link rel=\"canonical\" href=\"https:\/\/www.domaine-de-kervallon.com\/de\/camping-bbretagne-praktische-informationen\/\" \/>\n<meta property=\"og:locale\" content=\"fr_FR\" \/>\n<meta property=\"og:type\" content=\"article\" \/>\n<meta property=\"og:title\" content=\"Camping de Kervallon | Praktische Informationen \u00fcber den 4-Sterne-Campingplatz in Caro\" \/>\n<meta property=\"og:description\" content=\"Haben Sie Fragen zu Ihrem Campingurlaub in der S\u00fcdbretagne? Hier finden Sie die praktischen Informationen \u00fcber den Campingplatz Domaine de Kervallon im Departement Morbihan.\" \/>\n<meta property=\"og:url\" content=\"https:\/\/www.domaine-de-kervallon.com\/de\/camping-bbretagne-praktische-informationen\/\" \/>\n<meta property=\"og:site_name\" content=\"Domaine de Kervallon\" \/>\n<meta property=\"article:modified_time\" content=\"2025-11-27T14:34:16+00:00\" \/>\n<meta property=\"og:image\" content=\"https:\/\/www.domaine-de-kervallon.com\/wp-content\/uploads\/2022\/11\/acceuil-soleil-couchant-kervallon-1.jpg\" \/>\n\t<meta property=\"og:image:width\" content=\"1600\" \/>\n\t<meta property=\"og:image:height\" content=\"800\" \/>\n\t<meta property=\"og:image:type\" content=\"image\/jpeg\" \/>\n<meta name=\"twitter:card\" content=\"summary_large_image\" \/>\n<meta name=\"twitter:label1\" content=\"Dur\u00e9e de lecture estim\u00e9e\" \/>\n\t<meta name=\"twitter:data1\" content=\"1 minute\" \/>\n<script type=\"application\/ld+json\" class=\"yoast-schema-graph\">{\"@context\":\"https:\/\/schema.org\",\"@graph\":[{\"@type\":\"WebPage\",\"@id\":\"https:\/\/www.domaine-de-kervallon.com\/de\/camping-bbretagne-praktische-informationen\/\",\"url\":\"https:\/\/www.domaine-de-kervallon.com\/de\/camping-bbretagne-praktische-informationen\/\",\"name\":\"Camping de Kervallon | Praktische Informationen \u00fcber den 4-Sterne-Campingplatz in Caro\",\"isPartOf\":{\"@id\":\"https:\/\/www.domaine-de-kervallon.com\/de\/#website\"},\"primaryImageOfPage\":{\"@id\":\"https:\/\/www.domaine-de-kervallon.com\/de\/camping-bbretagne-praktische-informationen\/#primaryimage\"},\"image\":{\"@id\":\"https:\/\/www.domaine-de-kervallon.com\/de\/camping-bbretagne-praktische-informationen\/#primaryimage\"},\"thumbnailUrl\":\"https:\/\/www.domaine-de-kervallon.com\/wp-content\/uploads\/2022\/11\/acceuil-soleil-couchant-kervallon-1.jpg\",\"datePublished\":\"2025-11-26T13:04:02+00:00\",\"dateModified\":\"2025-11-27T14:34:16+00:00\",\"description\":\"Haben Sie Fragen zu Ihrem Campingurlaub in der S\u00fcdbretagne? Hier finden Sie die praktischen Informationen \u00fcber den Campingplatz Domaine de Kervallon im Departement Morbihan.\",\"breadcrumb\":{\"@id\":\"https:\/\/www.domaine-de-kervallon.com\/de\/camping-bbretagne-praktische-informationen\/#breadcrumb\"},\"inLanguage\":\"fr-FR\",\"potentialAction\":[{\"@type\":\"ReadAction\",\"target\":[\"https:\/\/www.domaine-de-kervallon.com\/de\/camping-bbretagne-praktische-informationen\/\"]}]},{\"@type\":\"ImageObject\",\"inLanguage\":\"fr-FR\",\"@id\":\"https:\/\/www.domaine-de-kervallon.com\/de\/camping-bbretagne-praktische-informationen\/#primaryimage\",\"url\":\"https:\/\/www.domaine-de-kervallon.com\/wp-content\/uploads\/2022\/11\/acceuil-soleil-couchant-kervallon-1.jpg\",\"contentUrl\":\"https:\/\/www.domaine-de-kervallon.com\/wp-content\/uploads\/2022\/11\/acceuil-soleil-couchant-kervallon-1.jpg\",\"width\":1600,\"height\":800,\"caption\":\"Sonnenuntergang\"},{\"@type\":\"BreadcrumbList\",\"@id\":\"https:\/\/www.domaine-de-kervallon.com\/de\/camping-bbretagne-praktische-informationen\/#breadcrumb\",\"itemListElement\":[{\"@type\":\"ListItem\",\"position\":1,\"name\":\"Camping Broceliande dans le Morbihan\",\"item\":\"https:\/\/www.domaine-de-kervallon.com\/de\/\"},{\"@type\":\"ListItem\",\"position\":2,\"name\":\"Kontakt und praktische Informationen\"}]},{\"@type\":\"WebSite\",\"@id\":\"https:\/\/www.domaine-de-kervallon.com\/de\/#website\",\"url\":\"https:\/\/www.domaine-de-kervallon.com\/de\/\",\"name\":\"Domaine de Kervallon\",\"description\":\"\",\"publisher\":{\"@id\":\"https:\/\/www.domaine-de-kervallon.com\/de\/#organization\"},\"potentialAction\":[{\"@type\":\"SearchAction\",\"target\":{\"@type\":\"EntryPoint\",\"urlTemplate\":\"https:\/\/www.domaine-de-kervallon.com\/de\/?s={search_term_string}\"},\"query-input\":{\"@type\":\"PropertyValueSpecification\",\"valueRequired\":true,\"valueName\":\"search_term_string\"}}],\"inLanguage\":\"fr-FR\"},{\"@type\":\"Organization\",\"@id\":\"https:\/\/www.domaine-de-kervallon.com\/de\/#organization\",\"name\":\"Domaine de Kervallon\",\"url\":\"https:\/\/www.domaine-de-kervallon.com\/de\/\",\"logo\":{\"@type\":\"ImageObject\",\"inLanguage\":\"fr-FR\",\"@id\":\"https:\/\/www.domaine-de-kervallon.com\/de\/#\/schema\/logo\/image\/\",\"url\":\"https:\/\/www.domaine-de-kervallon.com\/wp-content\/uploads\/2022\/10\/logo-domaine-de-kervallon-couleur.png\",\"contentUrl\":\"https:\/\/www.domaine-de-kervallon.com\/wp-content\/uploads\/2022\/10\/logo-domaine-de-kervallon-couleur.png\",\"width\":1600,\"height\":583,\"caption\":\"Domaine de Kervallon\"},\"image\":{\"@id\":\"https:\/\/www.domaine-de-kervallon.com\/de\/#\/schema\/logo\/image\/\"}}]}<\/script>\n<!-- \/ Yoast SEO plugin. -->","yoast_head_json":{"title":"Camping de Kervallon | Praktische Informationen \u00fcber den 4-Sterne-Campingplatz in Caro","description":"Haben Sie Fragen zu Ihrem Campingurlaub in der S\u00fcdbretagne? Hier finden Sie die praktischen Informationen \u00fcber den Campingplatz Domaine de Kervallon im Departement Morbihan.","robots":{"index":"index","follow":"follow","max-snippet":"max-snippet:-1","max-image-preview":"max-image-preview:large","max-video-preview":"max-video-preview:-1"},"canonical":"https:\/\/www.domaine-de-kervallon.com\/de\/camping-bbretagne-praktische-informationen\/","og_locale":"fr_FR","og_type":"article","og_title":"Camping de Kervallon | Praktische Informationen \u00fcber den 4-Sterne-Campingplatz in Caro","og_description":"Haben Sie Fragen zu Ihrem Campingurlaub in der S\u00fcdbretagne? Hier finden Sie die praktischen Informationen \u00fcber den Campingplatz Domaine de Kervallon im Departement Morbihan.","og_url":"https:\/\/www.domaine-de-kervallon.com\/de\/camping-bbretagne-praktische-informationen\/","og_site_name":"Domaine de Kervallon","article_modified_time":"2025-11-27T14:34:16+00:00","og_image":[{"width":1600,"height":800,"url":"https:\/\/www.domaine-de-kervallon.com\/wp-content\/uploads\/2022\/11\/acceuil-soleil-couchant-kervallon-1.jpg","type":"image\/jpeg"}],"twitter_card":"summary_large_image","twitter_misc":{"Dur\u00e9e de lecture estim\u00e9e":"1 minute"},"schema":{"@context":"https:\/\/schema.org","@graph":[{"@type":"WebPage","@id":"https:\/\/www.domaine-de-kervallon.com\/de\/camping-bbretagne-praktische-informationen\/","url":"https:\/\/www.domaine-de-kervallon.com\/de\/camping-bbretagne-praktische-informationen\/","name":"Camping de Kervallon | Praktische Informationen \u00fcber den 4-Sterne-Campingplatz in Caro","isPartOf":{"@id":"https:\/\/www.domaine-de-kervallon.com\/de\/#website"},"primaryImageOfPage":{"@id":"https:\/\/www.domaine-de-kervallon.com\/de\/camping-bbretagne-praktische-informationen\/#primaryimage"},"image":{"@id":"https:\/\/www.domaine-de-kervallon.com\/de\/camping-bbretagne-praktische-informationen\/#primaryimage"},"thumbnailUrl":"https:\/\/www.domaine-de-kervallon.com\/wp-content\/uploads\/2022\/11\/acceuil-soleil-couchant-kervallon-1.jpg","datePublished":"2025-11-26T13:04:02+00:00","dateModified":"2025-11-27T14:34:16+00:00","description":"Haben Sie Fragen zu Ihrem Campingurlaub in der S\u00fcdbretagne? Hier finden Sie die praktischen Informationen \u00fcber den Campingplatz Domaine de Kervallon im Departement Morbihan.","breadcrumb":{"@id":"https:\/\/www.domaine-de-kervallon.com\/de\/camping-bbretagne-praktische-informationen\/#breadcrumb"},"inLanguage":"fr-FR","potentialAction":[{"@type":"ReadAction","target":["https:\/\/www.domaine-de-kervallon.com\/de\/camping-bbretagne-praktische-informationen\/"]}]},{"@type":"ImageObject","inLanguage":"fr-FR","@id":"https:\/\/www.domaine-de-kervallon.com\/de\/camping-bbretagne-praktische-informationen\/#primaryimage","url":"https:\/\/www.domaine-de-kervallon.com\/wp-content\/uploads\/2022\/11\/acceuil-soleil-couchant-kervallon-1.jpg","contentUrl":"https:\/\/www.domaine-de-kervallon.com\/wp-content\/uploads\/2022\/11\/acceuil-soleil-couchant-kervallon-1.jpg","width":1600,"height":800,"caption":"Sonnenuntergang"},{"@type":"BreadcrumbList","@id":"https:\/\/www.domaine-de-kervallon.com\/de\/camping-bbretagne-praktische-informationen\/#breadcrumb","itemListElement":[{"@type":"ListItem","position":1,"name":"Camping Broceliande dans le Morbihan","item":"https:\/\/www.domaine-de-kervallon.com\/de\/"},{"@type":"ListItem","position":2,"name":"Kontakt und praktische Informationen"}]},{"@type":"WebSite","@id":"https:\/\/www.domaine-de-kervallon.com\/de\/#website","url":"https:\/\/www.domaine-de-kervallon.com\/de\/","name":"Domaine de Kervallon","description":"","publisher":{"@id":"https:\/\/www.domaine-de-kervallon.com\/de\/#organization"},"potentialAction":[{"@type":"SearchAction","target":{"@type":"EntryPoint","urlTemplate":"https:\/\/www.domaine-de-kervallon.com\/de\/?s={search_term_string}"},"query-input":{"@type":"PropertyValueSpecification","valueRequired":true,"valueName":"search_term_string"}}],"inLanguage":"fr-FR"},{"@type":"Organization","@id":"https:\/\/www.domaine-de-kervallon.com\/de\/#organization","name":"Domaine de Kervallon","url":"https:\/\/www.domaine-de-kervallon.com\/de\/","logo":{"@type":"ImageObject","inLanguage":"fr-FR","@id":"https:\/\/www.domaine-de-kervallon.com\/de\/#\/schema\/logo\/image\/","url":"https:\/\/www.domaine-de-kervallon.com\/wp-content\/uploads\/2022\/10\/logo-domaine-de-kervallon-couleur.png","contentUrl":"https:\/\/www.domaine-de-kervallon.com\/wp-content\/uploads\/2022\/10\/logo-domaine-de-kervallon-couleur.png","width":1600,"height":583,"caption":"Domaine de Kervallon"},"image":{"@id":"https:\/\/www.domaine-de-kervallon.com\/de\/#\/schema\/logo\/image\/"}}]}},"_links":{"self":[{"href":"https:\/\/www.domaine-de-kervallon.com\/de\/wp-json\/wp\/v2\/pages\/49062","targetHints":{"allow":["GET"]}}],"collection":[{"href":"https:\/\/www.domaine-de-kervallon.com\/de\/wp-json\/wp\/v2\/pages"}],"about":[{"href":"https:\/\/www.domaine-de-kervallon.com\/de\/wp-json\/wp\/v2\/types\/page"}],"author":[{"embeddable":true,"href":"https:\/\/www.domaine-de-kervallon.com\/de\/wp-json\/wp\/v2\/users\/1"}],"replies":[{"embeddable":true,"href":"https:\/\/www.domaine-de-kervallon.com\/de\/wp-json\/wp\/v2\/comments?post=49062"}],"version-history":[{"count":9,"href":"https:\/\/www.domaine-de-kervallon.com\/de\/wp-json\/wp\/v2\/pages\/49062\/revisions"}],"predecessor-version":[{"id":50138,"href":"https:\/\/www.domaine-de-kervallon.com\/de\/wp-json\/wp\/v2\/pages\/49062\/revisions\/50138"}],"wp:featuredmedia":[{"embeddable":true,"href":"https:\/\/www.domaine-de-kervallon.com\/de\/wp-json\/wp\/v2\/media\/48185"}],"wp:attachment":[{"href":"https:\/\/www.domaine-de-kervallon.com\/de\/wp-json\/wp\/v2\/media?parent=49062"}],"wp:term":[{"taxonomy":"sujet","embeddable":true,"href":"https:\/\/www.domaine-de-kervallon.com\/de\/wp-json\/wp\/v2\/sujet?post=49062"}],"curies":[{"name":"wp","href":"https:\/\/api.w.org\/{rel}","templated":true}]}}