{"id":48954,"date":"2025-11-26T14:03:39","date_gmt":"2025-11-26T13:03:39","guid":{"rendered":"https:\/\/www.domaine-de-kervallon.com\/restaurant-broceliande-forest\/"},"modified":"2025-11-28T10:06:44","modified_gmt":"2025-11-28T09:06:44","slug":"restaurant-broceliande-forest","status":"publish","type":"page","link":"https:\/\/www.domaine-de-kervallon.com\/de\/restaurant-broceliande-forest\/","title":{"rendered":"Die Snackbar"},"content":{"rendered":"<section id=\"ls-section-block_2f3437e33cac17d5bd152a3fc4f5c2d9\" class=\"ls-section  page-intro has-p-t p-t-14 has-p-b p-b-7\" >\r\n        <div class=\"container container--wide\">\r\n        \n\n<h1 class=\"ls__heading wp-block-heading has-text-align-center animated fadeInUp delay-200ms slow\"><span class=\"bold\">Restaurierung <\/span><br\/>Wald von Broc\u00e9liande<\/h1>\n\n\r\n    <\/div>\r\n<\/section><section id=\"ls-section-block_5751c72fe79161c32a9e29d1eb019c6d\" class=\"ls-section  page-parallaxe has-background-image has-parallax has-background has-color-2-background-color has-p-t p-t-14 has-p-b p-b-14\" >\r\n    <div class=\"ls-section__background-image opacity-25\"><img decoding=\"async\" src=\"https:\/\/www.domaine-de-kervallon.com\/wp-content\/uploads\/2022\/11\/DomainedeKervallon_05072022_064.jpg\" alt=\"DomainedeKervallon\"><\/div>    <div class=\"container container--wide\">\r\n        \n\n<div class=\"wp-block-columns is-layout-flex wp-container-core-columns-is-layout-9d6595d7 wp-block-columns-is-layout-flex\">\n<div class=\"wp-block-column is-vertically-aligned-center is-layout-flow wp-block-column-is-layout-flow\">\n<p class=\"ls-paragraph paragraph-deco has-color-white-color has-text-color\">Die Bretagne auf Ihren Tellern : Das Bistro des Landgutes<\/p>\n<\/div>\n\n\n\n<div class=\"wp-block-column is-vertically-aligned-center animated fadeInRight delay-200ms slow is-layout-flow wp-block-column-is-layout-flow\">\n<h2 class=\"ls__heading wp-block-heading\">Le Bistrot &#8211; Bar und Restaurant<\/h2>\n\n\n\n<p class=\"ls-paragraph\">Das BISTROT du Domaine de Kervallon &#8211; Bar und Snacks bietet Ihnen einen Restaurantservice. Zum Mitnehmen oder zum Verzehr vor Ort auf unserer neuen Terrasse werden Sie die verschiedenen Spezialit\u00e4ten unseres Teams entdecken. Pizzas, Wurst- oder gemischte Bretter, italienische und vegetarische Salate, Caesar oder warme Ziege &#8211; und nicht zu vergessen die hausgemachten Burger.   (bis zum 31. August 2025 t\u00e4glich ge\u00f6ffnet, danach bis Mitte September 2025 von Mittwoch bis Samstag)<\/p>\n<\/div>\n<\/div>\n\n\r\n    <\/div>\r\n<\/section><section id=\"ls-section-block_3b20451a36d45c542b2db0a7f17b4337\" class=\"ls-section  page-one has-p-t p-t-14 has-p-b p-b-14\" >\r\n        <div class=\"container container--wide\">\r\n        \n\n<div class=\"wp-block-columns is-layout-flex wp-container-core-columns-is-layout-9d6595d7 wp-block-columns-is-layout-flex\">\n<div class=\"wp-block-column is-vertically-aligned-top animated slideInLeft delay-200ms slow is-layout-flow wp-block-column-is-layout-flow\" style=\"flex-basis:60%\">\n<figure class=\"wp-block-image size-large\"><a href=\"https:\/\/www.domaine-de-kervallon.com\/wp-content\/uploads\/2022\/11\/glace-cornet-mains-kervallon-1024x679.jpg\"><img decoding=\"async\" width=\"1024\" height=\"679\" src=\"https:\/\/www.domaine-de-kervallon.com\/wp-content\/uploads\/2022\/11\/glace-cornet-mains-kervallon-1024x679.jpg\" alt=\"eis horn h&#xE4;nde kervallon\" class=\"wp-image-4164\" srcset=\"https:\/\/www.domaine-de-kervallon.com\/wp-content\/uploads\/2022\/11\/glace-cornet-mains-kervallon-1024x679.jpg 1024w, https:\/\/www.domaine-de-kervallon.com\/wp-content\/uploads\/2022\/11\/glace-cornet-mains-kervallon-300x199.jpg 300w, https:\/\/www.domaine-de-kervallon.com\/wp-content\/uploads\/2022\/11\/glace-cornet-mains-kervallon-768x509.jpg 768w, https:\/\/www.domaine-de-kervallon.com\/wp-content\/uploads\/2022\/11\/glace-cornet-mains-kervallon-1536x1019.jpg 1536w, https:\/\/www.domaine-de-kervallon.com\/wp-content\/uploads\/2022\/11\/glace-cornet-mains-kervallon.jpg 1600w\" sizes=\"(max-width: 1024px) 100vw, 1024px\" \/><\/a><\/figure>\n<\/div>\n\n\n\n<div class=\"wp-block-column is-vertically-aligned-center is-layout-flow wp-block-column-is-layout-flow\" style=\"flex-basis:40%\">\n<p class=\"ls-paragraph paragraph-deco\"><\/p>\n<\/div>\n<\/div>\n\n\r\n    <\/div>\r\n<\/section><section id=\"ls-section-block_a91ba3f5715ede7949b1bc4de8f83c21\" class=\"ls-section  page-two has-background has-color-5-background-color has-p-t p-t-14 has-p-b p-b-14\" >\r\n        <div class=\"container container--wide\">\r\n        \n\n<div class=\"wp-block-columns is-layout-flex wp-container-core-columns-is-layout-9d6595d7 wp-block-columns-is-layout-flex\">\n<div class=\"wp-block-column is-vertically-aligned-top is-layout-flow wp-block-column-is-layout-flow\" style=\"flex-basis:40%\">\n<h2 class=\"ls__heading wp-block-heading\">Ein geselliger Moment<\/h2>\n\n\n\n<p class=\"ls-paragraph paragraph-deco\">Nehmen Sie sich Zeit f\u00fcr ein gemeinsames Essen.<\/p>\n\n\n\n<p class=\"ls-paragraph\">Das Bistro l\u00e4dt Sie ein, einfache und gesellige Momente mit der Familie oder Freunden zu verbringen. Das Team von Du Domaine De Kervallon freut sich <strong>, <\/strong>Sie in den neuen R\u00e4umlichkeiten begr\u00fc\u00dfen zu d\u00fcrfen, <strong>um<\/strong> mit Ihnen unsere kleinen Geheimnisse \u00fcber <strong>den Wald von Broc\u00e9liande <\/strong>oder <strong>den Golf von<\/strong> <a href=\"\/\">Morbihan<\/a> zu teilen.   <\/p>\n\n\n\n<p class=\"ls-paragraph has-text-align-center\"><strong>#Broc\u00e9liande<\/strong> als Natur und Legende <br\/> #Morbihan als Strand und bezaubernde Inseln <br\/> #Bretagne als Tradition und Gastronomie<\/p>\n<\/div>\n\n\n\n<div class=\"wp-block-column is-vertically-aligned-center animated slideInRight delay-200ms slow is-layout-flow wp-block-column-is-layout-flow\" style=\"flex-basis:60%\">\n<figure class=\"wp-block-image size-large\"><a href=\"https:\/\/www.domaine-de-kervallon.com\/wp-content\/uploads\/2022\/11\/kervallon-restaurant-clients-aperitifs-1024x682.jpg\"><img decoding=\"async\" width=\"1024\" height=\"682\" src=\"https:\/\/www.domaine-de-kervallon.com\/wp-content\/uploads\/2022\/11\/kervallon-restaurant-clients-aperitifs-1024x682.jpg\" alt=\"kervallon restaurant clients aperitifs\" class=\"wp-image-4167\" srcset=\"https:\/\/www.domaine-de-kervallon.com\/wp-content\/uploads\/2022\/11\/kervallon-restaurant-clients-aperitifs-1024x682.jpg 1024w, https:\/\/www.domaine-de-kervallon.com\/wp-content\/uploads\/2022\/11\/kervallon-restaurant-clients-aperitifs-300x200.jpg 300w, https:\/\/www.domaine-de-kervallon.com\/wp-content\/uploads\/2022\/11\/kervallon-restaurant-clients-aperitifs-768x511.jpg 768w, https:\/\/www.domaine-de-kervallon.com\/wp-content\/uploads\/2022\/11\/kervallon-restaurant-clients-aperitifs-1536x1022.jpg 1536w, https:\/\/www.domaine-de-kervallon.com\/wp-content\/uploads\/2022\/11\/kervallon-restaurant-clients-aperitifs.jpg 1600w\" sizes=\"(max-width: 1024px) 100vw, 1024px\" \/><\/a><\/figure>\n<\/div>\n<\/div>\n\n\r\n    <\/div>\r\n<\/section><section id=\"ls-section-block_5ab4a9fcd3f51a9ed1b3963d6e5a9af4\" class=\"ls-section  page-three has-p-t p-t-14 has-p-b p-b-14\" >\r\n        <div class=\"container container--wide\">\r\n        \r\n    <\/div>\r\n<\/section><section id=\"ls-section-block_bfcbbb0307d723518fda548062965ed6\" class=\"ls-section  page-avis has-background-image has-parallax has-background has-color-2-background-color has-p-t p-t-14 has-p-b p-b-14\" >\r\n    <div class=\"ls-section__background-image opacity-70\"><img decoding=\"async\" src=\"https:\/\/www.domaine-de-kervallon.com\/wp-content\/uploads\/2022\/11\/terasse-restaurant-domaine-kervallon-ext.jpg\" alt=\"terasse restaurant domaine kervallon ext\"><\/div>    <div class=\"container \">\r\n        \n\n<div id=\"ls-heading ls-titre-div-block_de7d88714a243e8615877aef47b77fd2\" class=\"ls-titre-div aligncenter h2-like\" >\n    UND UNSERE G\u00c4STE, WAS HALTEN SIE VON DEM RESTAURANT<\/div>\n\n\n<div class=\"avis-container-pages\"><div class=\"avis\"><div class=\"avis-user\"><div class=\"avis-note\">\n                <span><i class=\"kervallon-star\"><\/i><\/span><span><i class=\"kervallon-star\"><\/i><\/span><span><i class=\"kervallon-star\"><\/i><\/span><span><i class=\"kervallon-star\"><\/i><\/span><span><i class=\"kervallon-star\"><\/i><\/span>\n                <\/div><div class=\"avis-name\">Gauvrit A.<\/div><div class=\"avis-content\"><p style=\"text-align: center;\">Sehr ruhiger und angenehmer Ort. Cottage auf Stelzen sehr angenehm!<g id=\"gid_0\">Das<\/g>Animationsteam und die Mitarbeiter am Empfang sind sehr freundlich und hilfsbereit, der beheizte Pool ist ein Traum&#8230;<g id=\"gid_0\">Das Restaurant<\/g>ist perfekt, die Kellner und Animateure sind top! Wir haben alles genossen.   <\/p>\n<\/div><\/div><\/div><div class=\"avis\"><div class=\"avis-user\"><div class=\"avis-note\">\n                <span><i class=\"kervallon-star\"><\/i><\/span><span><i class=\"kervallon-star\"><\/i><\/span><span><i class=\"kervallon-star\"><\/i><\/span><span><i class=\"kervallon-star\"><\/i><\/span><span><i class=\"kervallon-star\"><\/i><\/span>\n                <\/div><div class=\"avis-name\">Familie Boutort<\/div><div class=\"avis-content\"><p>Sehr ruhiger und angenehmer Campingplatz, Animation, Swimmingpool, <b>Restaurant<\/b> Top. Sie sind super!<br \/>\nDie Familie Boutort<\/p>\n<\/div><\/div><\/div><div class=\"avis\"><div class=\"avis-user\"><div class=\"avis-note\">\n                <span><i class=\"kervallon-star\"><\/i><\/span><span><i class=\"kervallon-star\"><\/i><\/span><span><i class=\"kervallon-star\"><\/i><\/span><span><i class=\"kervallon-star\"><\/i><\/span><span><i class=\"kervallon-star\"><\/i><\/span>\n                <\/div><div class=\"avis-name\">Aliz\u00e9e B.<\/div><div class=\"avis-content\"><p style=\"text-align: center;\">Trotz des m\u00e4\u00dfigen Wetters haben wir mit unseren drei Kindern eine Woche im Safarizelt verbracht. Sehr sauberer Campingplatz, Aktivit\u00e4ten angeboten, leckeres <g id=\"gid_0\">Restaurant<\/g>, freundliches Personal&#8230; Es gibt wirklich nichts zu sagen, au\u00dfer, dass Sie dort hingehen sollten \ud83d\ude01 und in der Umgebung gibt es viel zu tun \ud83d\ude00.  <\/p>\n<\/div><\/div><\/div><\/div>\n\n\r\n    <\/div>\r\n<\/section><section id=\"ls-section-block_69a676856e91bf8c93029a98ba4a8d11\" class=\"ls-section  page-maillage has-background has-color-5-background-color has-p-t p-t-14 has-p-b p-b-20\" >\r\n        <div class=\"container container--wide\">\r\n        \n\n<div id=\"ls-heading ls-titre-div-block_69873372dae2f2e4770ba4e5bd1480f6\" class=\"ls-titre-div aligncenter h2-like\" >\n    Entdecken Sie unsere Dienstleistungen, die angebotenen Aktivit\u00e4ten und unseren Wasserpark.<\/div>\n\n\n<div id=\"ls-maillage-block_9dab957747c72be55dd87da49da7c704\" class=\"ls-maillage cta-style-normal\" data-rows=\"3\">\r\n    <div class=\"wp-block-columns\"><div class=\"wp-block-column\">\n\n<a href=\"https:\/\/www.domaine-de-kervallon.com\/de\/unsere-dienstleistungen-campingplatz-morbihan\/\" target=\"\" rel=\"noopener\" class=\"ls-cta__link\">\n\n\t<div class=\"ls-cta__image\"><img decoding=\"async\" src=\"https:\/\/www.domaine-de-kervallon.com\/wp-content\/uploads\/2022\/11\/acceuil-service-kervallon-1024x682.jpg\" alt=\"Dienstleistungen auf dem Campingplatz\"><\/div>\n\t<div class=\"ls-cta__title\">\n\t\tUnsere exklusiven Dienstleistungen\t<\/div>\n\n\n\t<div class=\"ls-cta__distance\">\n\t\t\t<\/div>\n\n\n\n\t\t\n<\/a><\/div><div class=\"wp-block-column\">\n\n<a href=\"https:\/\/www.domaine-de-kervallon.com\/de\/camping-animationen-morbihan\/\" target=\"\" rel=\"noopener\" class=\"ls-cta__link\">\n\n\t<div class=\"ls-cta__image\"><img decoding=\"async\" src=\"https:\/\/www.domaine-de-kervallon.com\/wp-content\/uploads\/2022\/10\/domaine-kervallon-yoga-activite-1024x682.jpg\" alt=\"domaine kervallon yoga activite\"><\/div>\n\t<div class=\"ls-cta__title\">\n\t\tUnsere Aktivit\u00e4ten &#038; Animationen\t<\/div>\n\n\n\t<div class=\"ls-cta__distance\">\n\t\t\t<\/div>\n\n\n\n\t\t\n<\/a><\/div><\/div><\/div>\n\r\n    <\/div>\r\n<\/section>","protected":false},"excerpt":{"rendered":"","protected":false},"author":1,"featured_media":48955,"parent":0,"menu_order":0,"comment_status":"closed","ping_status":"closed","template":"","meta":{"_acf_changed":false,"footnotes":""},"sujet":[],"class_list":["post-48954","page","type-page","status-publish","has-post-thumbnail","hentry"],"acf":[],"yoast_head":"<!-- This site is optimized with the Yoast SEO plugin v26.9 - https:\/\/yoast.com\/product\/yoast-seo-wordpress\/ -->\n<title>Campingplatz de Kervallon | Restaurante in Morbihan<\/title>\n<meta name=\"robots\" content=\"index, follow, max-snippet:-1, max-image-preview:large, max-video-preview:-1\" \/>\n<link rel=\"canonical\" href=\"https:\/\/www.domaine-de-kervallon.com\/de\/restaurant-broceliande-forest\/\" \/>\n<meta property=\"og:locale\" content=\"fr_FR\" \/>\n<meta property=\"og:type\" content=\"article\" \/>\n<meta property=\"og:title\" content=\"Campingplatz de Kervallon | Restaurante in Morbihan\" \/>\n<meta property=\"og:url\" content=\"https:\/\/www.domaine-de-kervallon.com\/de\/restaurant-broceliande-forest\/\" \/>\n<meta property=\"og:site_name\" content=\"Domaine de Kervallon\" \/>\n<meta property=\"article:modified_time\" content=\"2025-11-28T09:06:44+00:00\" \/>\n<meta property=\"og:image\" content=\"https:\/\/www.domaine-de-kervallon.com\/wp-content\/uploads\/2022\/11\/terasse-restaurant-domaine-kervallon.jpg\" \/>\n\t<meta property=\"og:image:width\" content=\"1600\" \/>\n\t<meta property=\"og:image:height\" content=\"909\" \/>\n\t<meta property=\"og:image:type\" content=\"image\/jpeg\" \/>\n<meta name=\"twitter:card\" content=\"summary_large_image\" \/>\n<meta name=\"twitter:label1\" content=\"Dur\u00e9e de lecture estim\u00e9e\" \/>\n\t<meta name=\"twitter:data1\" content=\"1 minute\" \/>\n<script type=\"application\/ld+json\" class=\"yoast-schema-graph\">{\"@context\":\"https:\/\/schema.org\",\"@graph\":[{\"@type\":\"WebPage\",\"@id\":\"https:\/\/www.domaine-de-kervallon.com\/de\/restaurant-broceliande-forest\/\",\"url\":\"https:\/\/www.domaine-de-kervallon.com\/de\/restaurant-broceliande-forest\/\",\"name\":\"Campingplatz de Kervallon | Restaurante in Morbihan\",\"isPartOf\":{\"@id\":\"https:\/\/www.domaine-de-kervallon.com\/de\/#website\"},\"primaryImageOfPage\":{\"@id\":\"https:\/\/www.domaine-de-kervallon.com\/de\/restaurant-broceliande-forest\/#primaryimage\"},\"image\":{\"@id\":\"https:\/\/www.domaine-de-kervallon.com\/de\/restaurant-broceliande-forest\/#primaryimage\"},\"thumbnailUrl\":\"https:\/\/www.domaine-de-kervallon.com\/wp-content\/uploads\/2022\/11\/terasse-restaurant-domaine-kervallon.jpg\",\"datePublished\":\"2025-11-26T13:03:39+00:00\",\"dateModified\":\"2025-11-28T09:06:44+00:00\",\"breadcrumb\":{\"@id\":\"https:\/\/www.domaine-de-kervallon.com\/de\/restaurant-broceliande-forest\/#breadcrumb\"},\"inLanguage\":\"fr-FR\",\"potentialAction\":[{\"@type\":\"ReadAction\",\"target\":[\"https:\/\/www.domaine-de-kervallon.com\/de\/restaurant-broceliande-forest\/\"]}]},{\"@type\":\"ImageObject\",\"inLanguage\":\"fr-FR\",\"@id\":\"https:\/\/www.domaine-de-kervallon.com\/de\/restaurant-broceliande-forest\/#primaryimage\",\"url\":\"https:\/\/www.domaine-de-kervallon.com\/wp-content\/uploads\/2022\/11\/terasse-restaurant-domaine-kervallon.jpg\",\"contentUrl\":\"https:\/\/www.domaine-de-kervallon.com\/wp-content\/uploads\/2022\/11\/terasse-restaurant-domaine-kervallon.jpg\",\"width\":1600,\"height\":909,\"caption\":\"terasse restaurant domaine kervallon\"},{\"@type\":\"BreadcrumbList\",\"@id\":\"https:\/\/www.domaine-de-kervallon.com\/de\/restaurant-broceliande-forest\/#breadcrumb\",\"itemListElement\":[{\"@type\":\"ListItem\",\"position\":1,\"name\":\"Camping Broceliande dans le Morbihan\",\"item\":\"https:\/\/www.domaine-de-kervallon.com\/de\/\"},{\"@type\":\"ListItem\",\"position\":2,\"name\":\"Restaurant Wald von Broc\u00e9liande\"}]},{\"@type\":\"WebSite\",\"@id\":\"https:\/\/www.domaine-de-kervallon.com\/de\/#website\",\"url\":\"https:\/\/www.domaine-de-kervallon.com\/de\/\",\"name\":\"Domaine de Kervallon\",\"description\":\"\",\"publisher\":{\"@id\":\"https:\/\/www.domaine-de-kervallon.com\/de\/#organization\"},\"potentialAction\":[{\"@type\":\"SearchAction\",\"target\":{\"@type\":\"EntryPoint\",\"urlTemplate\":\"https:\/\/www.domaine-de-kervallon.com\/de\/?s={search_term_string}\"},\"query-input\":{\"@type\":\"PropertyValueSpecification\",\"valueRequired\":true,\"valueName\":\"search_term_string\"}}],\"inLanguage\":\"fr-FR\"},{\"@type\":\"Organization\",\"@id\":\"https:\/\/www.domaine-de-kervallon.com\/de\/#organization\",\"name\":\"Domaine de Kervallon\",\"url\":\"https:\/\/www.domaine-de-kervallon.com\/de\/\",\"logo\":{\"@type\":\"ImageObject\",\"inLanguage\":\"fr-FR\",\"@id\":\"https:\/\/www.domaine-de-kervallon.com\/de\/#\/schema\/logo\/image\/\",\"url\":\"https:\/\/www.domaine-de-kervallon.com\/wp-content\/uploads\/2022\/10\/logo-domaine-de-kervallon-couleur.png\",\"contentUrl\":\"https:\/\/www.domaine-de-kervallon.com\/wp-content\/uploads\/2022\/10\/logo-domaine-de-kervallon-couleur.png\",\"width\":1600,\"height\":583,\"caption\":\"Domaine de Kervallon\"},\"image\":{\"@id\":\"https:\/\/www.domaine-de-kervallon.com\/de\/#\/schema\/logo\/image\/\"}}]}<\/script>\n<!-- \/ Yoast SEO plugin. -->","yoast_head_json":{"title":"Campingplatz de Kervallon | Restaurante in Morbihan","robots":{"index":"index","follow":"follow","max-snippet":"max-snippet:-1","max-image-preview":"max-image-preview:large","max-video-preview":"max-video-preview:-1"},"canonical":"https:\/\/www.domaine-de-kervallon.com\/de\/restaurant-broceliande-forest\/","og_locale":"fr_FR","og_type":"article","og_title":"Campingplatz de Kervallon | Restaurante in Morbihan","og_url":"https:\/\/www.domaine-de-kervallon.com\/de\/restaurant-broceliande-forest\/","og_site_name":"Domaine de Kervallon","article_modified_time":"2025-11-28T09:06:44+00:00","og_image":[{"width":1600,"height":909,"url":"https:\/\/www.domaine-de-kervallon.com\/wp-content\/uploads\/2022\/11\/terasse-restaurant-domaine-kervallon.jpg","type":"image\/jpeg"}],"twitter_card":"summary_large_image","twitter_misc":{"Dur\u00e9e de lecture estim\u00e9e":"1 minute"},"schema":{"@context":"https:\/\/schema.org","@graph":[{"@type":"WebPage","@id":"https:\/\/www.domaine-de-kervallon.com\/de\/restaurant-broceliande-forest\/","url":"https:\/\/www.domaine-de-kervallon.com\/de\/restaurant-broceliande-forest\/","name":"Campingplatz de Kervallon | Restaurante in Morbihan","isPartOf":{"@id":"https:\/\/www.domaine-de-kervallon.com\/de\/#website"},"primaryImageOfPage":{"@id":"https:\/\/www.domaine-de-kervallon.com\/de\/restaurant-broceliande-forest\/#primaryimage"},"image":{"@id":"https:\/\/www.domaine-de-kervallon.com\/de\/restaurant-broceliande-forest\/#primaryimage"},"thumbnailUrl":"https:\/\/www.domaine-de-kervallon.com\/wp-content\/uploads\/2022\/11\/terasse-restaurant-domaine-kervallon.jpg","datePublished":"2025-11-26T13:03:39+00:00","dateModified":"2025-11-28T09:06:44+00:00","breadcrumb":{"@id":"https:\/\/www.domaine-de-kervallon.com\/de\/restaurant-broceliande-forest\/#breadcrumb"},"inLanguage":"fr-FR","potentialAction":[{"@type":"ReadAction","target":["https:\/\/www.domaine-de-kervallon.com\/de\/restaurant-broceliande-forest\/"]}]},{"@type":"ImageObject","inLanguage":"fr-FR","@id":"https:\/\/www.domaine-de-kervallon.com\/de\/restaurant-broceliande-forest\/#primaryimage","url":"https:\/\/www.domaine-de-kervallon.com\/wp-content\/uploads\/2022\/11\/terasse-restaurant-domaine-kervallon.jpg","contentUrl":"https:\/\/www.domaine-de-kervallon.com\/wp-content\/uploads\/2022\/11\/terasse-restaurant-domaine-kervallon.jpg","width":1600,"height":909,"caption":"terasse restaurant domaine kervallon"},{"@type":"BreadcrumbList","@id":"https:\/\/www.domaine-de-kervallon.com\/de\/restaurant-broceliande-forest\/#breadcrumb","itemListElement":[{"@type":"ListItem","position":1,"name":"Camping Broceliande dans le Morbihan","item":"https:\/\/www.domaine-de-kervallon.com\/de\/"},{"@type":"ListItem","position":2,"name":"Restaurant Wald von Broc\u00e9liande"}]},{"@type":"WebSite","@id":"https:\/\/www.domaine-de-kervallon.com\/de\/#website","url":"https:\/\/www.domaine-de-kervallon.com\/de\/","name":"Domaine de Kervallon","description":"","publisher":{"@id":"https:\/\/www.domaine-de-kervallon.com\/de\/#organization"},"potentialAction":[{"@type":"SearchAction","target":{"@type":"EntryPoint","urlTemplate":"https:\/\/www.domaine-de-kervallon.com\/de\/?s={search_term_string}"},"query-input":{"@type":"PropertyValueSpecification","valueRequired":true,"valueName":"search_term_string"}}],"inLanguage":"fr-FR"},{"@type":"Organization","@id":"https:\/\/www.domaine-de-kervallon.com\/de\/#organization","name":"Domaine de Kervallon","url":"https:\/\/www.domaine-de-kervallon.com\/de\/","logo":{"@type":"ImageObject","inLanguage":"fr-FR","@id":"https:\/\/www.domaine-de-kervallon.com\/de\/#\/schema\/logo\/image\/","url":"https:\/\/www.domaine-de-kervallon.com\/wp-content\/uploads\/2022\/10\/logo-domaine-de-kervallon-couleur.png","contentUrl":"https:\/\/www.domaine-de-kervallon.com\/wp-content\/uploads\/2022\/10\/logo-domaine-de-kervallon-couleur.png","width":1600,"height":583,"caption":"Domaine de Kervallon"},"image":{"@id":"https:\/\/www.domaine-de-kervallon.com\/de\/#\/schema\/logo\/image\/"}}]}},"_links":{"self":[{"href":"https:\/\/www.domaine-de-kervallon.com\/de\/wp-json\/wp\/v2\/pages\/48954","targetHints":{"allow":["GET"]}}],"collection":[{"href":"https:\/\/www.domaine-de-kervallon.com\/de\/wp-json\/wp\/v2\/pages"}],"about":[{"href":"https:\/\/www.domaine-de-kervallon.com\/de\/wp-json\/wp\/v2\/types\/page"}],"author":[{"embeddable":true,"href":"https:\/\/www.domaine-de-kervallon.com\/de\/wp-json\/wp\/v2\/users\/1"}],"replies":[{"embeddable":true,"href":"https:\/\/www.domaine-de-kervallon.com\/de\/wp-json\/wp\/v2\/comments?post=48954"}],"version-history":[{"count":5,"href":"https:\/\/www.domaine-de-kervallon.com\/de\/wp-json\/wp\/v2\/pages\/48954\/revisions"}],"predecessor-version":[{"id":50234,"href":"https:\/\/www.domaine-de-kervallon.com\/de\/wp-json\/wp\/v2\/pages\/48954\/revisions\/50234"}],"wp:featuredmedia":[{"embeddable":true,"href":"https:\/\/www.domaine-de-kervallon.com\/de\/wp-json\/wp\/v2\/media\/48955"}],"wp:attachment":[{"href":"https:\/\/www.domaine-de-kervallon.com\/de\/wp-json\/wp\/v2\/media?parent=48954"}],"wp:term":[{"taxonomy":"sujet","embeddable":true,"href":"https:\/\/www.domaine-de-kervallon.com\/de\/wp-json\/wp\/v2\/sujet?post=48954"}],"curies":[{"name":"wp","href":"https:\/\/api.w.org\/{rel}","templated":true}]}}