{"id":48595,"date":"2025-11-26T14:03:06","date_gmt":"2025-11-26T13:03:06","guid":{"rendered":"https:\/\/www.domaine-de-kervallon.com\/camping-wellnessbereich-morbihan\/"},"modified":"2025-12-01T11:47:49","modified_gmt":"2025-12-01T10:47:49","slug":"camping-wellnessbereich-morbihan","status":"publish","type":"page","link":"https:\/\/www.domaine-de-kervallon.com\/de\/campingplatz-morbihan-mit-wasserpark\/camping-wellnessbereich-morbihan\/","title":{"rendered":"Wellness und SPA"},"content":{"rendered":"<section id=\"ls-section-block_85d9976483ed68f07c63e1985af35bc0\" class=\"ls-section  page-intro has-p-t p-t-9 has-p-b p-b-4\" >\r\n        <div class=\"container container--wide\">\r\n        \n\n<h1 class=\"ls__heading wp-block-heading has-text-align-center animated fadeInUp delay-200ms slow\"><span class=\"bold\">Campingplatz mit <\/span><br\/>ESPACE D\u00e9TENTE Morbihan<\/h1>\n\n\r\n    <\/div>\r\n<\/section><section id=\"ls-section-block_86f90693f9213ac69380057439093c19\" class=\"ls-section  page-parallaxe has-background-image has-parallax has-background has-color-2-background-color has-p-t p-t-14 has-p-b p-b-14\" >\r\n    <div class=\"ls-section__background-image opacity-25\"><img decoding=\"async\" src=\"https:\/\/www.domaine-de-kervallon.com\/wp-content\/uploads\/2022\/11\/jacuzzi-exterieur-couple-kervallon-enlace-1-e1669044888604.jpg\" alt=\"Jacuzzi im Freien Paar Kervallon enlace\"><\/div>    <div class=\"container container--wide\">\r\n        \n\n<div class=\"wp-block-columns is-layout-flex wp-container-core-columns-is-layout-9d6595d7 wp-block-columns-is-layout-flex\">\n<div class=\"wp-block-column is-vertically-aligned-center is-layout-flow wp-block-column-is-layout-flow\">\n<p class=\"ls-paragraph paragraph-deco has-color-white-color has-text-color\">Liegen Sie im Whirlpool.<\/p>\n<\/div>\n\n\n\n<div class=\"wp-block-column is-vertically-aligned-center animated fadeInRight delay-200ms slow is-layout-flow wp-block-column-is-layout-flow\">\n<h2 class=\"ls__heading wp-block-heading\">Das Spa<\/h2>\n\n\n\n<p class=\"ls-paragraph\">Urlaub in Morbihan bedeutet auch, sich um sich selbst zu k\u00fcmmern. In der Domaine De Kervallon &#8222;Nouveaut\u00e9 2022&#8220; bieten wir Ihnen einen Wellnessbereich. Unser Chromotherapie-Spa mit \u00dcberlaufrinne ist mit 38 Hydrojets und 14 Luftmassaged\u00fcsen und einem Blower ausgestattet. Diese Ausstattung macht ihn zu einem erstklassigen SPA mit verschiedenen Positionen und Massagen in vielen Bereichen.   <\/p>\n\n\n\n<p class=\"ls-paragraph\">Das Spa befindet sich im Freien, um die Natur in vollen Z\u00fcgen zu genie\u00dfen. Sie brauchen nur nach oben zu schauen, um den Sternenhimmel zu sehen oder einfach nur die B\u00e4ume um Sie herum zu bewundern. Sie haben auch die M\u00f6glichkeit, unseren Entspannungsbereich zu privatisieren.    <\/p>\n\n\n\n<p class=\"ls-paragraph\">Die Vorteile des SPA: Das warme Wasser verbessert den Blutfluss, die Hydromassage erm\u00f6glicht eine sanfte und gleichzeitige Massage der verspannten Bereiche (H\u00fcften, Nacken, R\u00fccken und Oberschenkel) und das Schweben verringert den Druck auf Muskeln und Gelenke.  <\/p>\n\n\n\n<p class=\"ls-paragraph\">Warten Sie also nicht l\u00e4nger und buchen Sie Ihren Entspannungsbereich!<\/p>\n<\/div>\n<\/div>\n\n\r\n    <\/div>\r\n<\/section><section id=\"ls-section-block_f66fbcea9e886454b876c178acb18594\" class=\"ls-section  page-two has-background has-color-5-background-color has-p-t p-t-14 has-p-b p-b-14\" >\r\n        <div class=\"container container--wide\">\r\n        \n\n<div class=\"wp-block-columns is-layout-flex wp-container-core-columns-is-layout-9d6595d7 wp-block-columns-is-layout-flex\">\n<div class=\"wp-block-column is-vertically-aligned-top is-layout-flow wp-block-column-is-layout-flow\" style=\"flex-basis:40%\">\n<h2 class=\"ls__heading wp-block-heading\">Sauna \/ Dampfbad<\/h2>\n\n\n\n<p class=\"ls-paragraph paragraph-deco\">Verw\u00f6hnen Sie sich mit einem Saunabesuch.<\/p>\n\n\n\n<p class=\"ls-paragraph\">Sind Sie eher f\u00fcr <strong>SAUNA <\/strong>oder <strong>HAMMAM<\/strong>? <br\/>Sie brauchen sich nicht zu entscheiden, Sie bekommen BEIDES.<\/p>\n\n\n\n<p class=\"ls-paragraph\">Wenn Sie unseren<strong> Entspannungsbereich <\/strong>privat nutzen, ist dies zweifellos die beste L\u00f6sung, um einen magischen Moment zu genie\u00dfen. Sie werden einen angenehmen Aufenthalt haben, wir erz\u00e4hlen Ihnen mehr \u00fcber die Vorteile von Sauna und Hammam. <\/p>\n<\/div>\n\n\n\n<div class=\"wp-block-column is-vertically-aligned-center animated slideInRight delay-200ms slow is-layout-flow wp-block-column-is-layout-flow\" style=\"flex-basis:60%\">\n<figure class=\"wp-block-image size-large\"><a href=\"https:\/\/www.domaine-de-kervallon.com\/wp-content\/uploads\/2022\/11\/interieur-spa-kervallon-bien-etre.jpg\"><img decoding=\"async\" width=\"1600\" height=\"1201\" src=\"https:\/\/www.domaine-de-kervallon.com\/wp-content\/uploads\/2025\/12\/interieur-spa-kervallon-bien-etre-edited.jpg\" alt=\"Inneneinrichtung des Kervallon Wellness Spa\" class=\"wp-image-51162\" srcset=\"https:\/\/www.domaine-de-kervallon.com\/wp-content\/uploads\/2025\/12\/interieur-spa-kervallon-bien-etre-edited.jpg 1600w, https:\/\/www.domaine-de-kervallon.com\/wp-content\/uploads\/2025\/12\/interieur-spa-kervallon-bien-etre-edited-300x225.jpg 300w, https:\/\/www.domaine-de-kervallon.com\/wp-content\/uploads\/2025\/12\/interieur-spa-kervallon-bien-etre-edited-1024x769.jpg 1024w, https:\/\/www.domaine-de-kervallon.com\/wp-content\/uploads\/2025\/12\/interieur-spa-kervallon-bien-etre-edited-768x576.jpg 768w, https:\/\/www.domaine-de-kervallon.com\/wp-content\/uploads\/2025\/12\/interieur-spa-kervallon-bien-etre-edited-1536x1153.jpg 1536w\" sizes=\"(max-width: 1600px) 100vw, 1600px\" \/><\/a><\/figure>\n<\/div>\n<\/div>\n\n\r\n    <\/div>\r\n<\/section><section id=\"ls-section-block_8e18ea1bac1f396a3e2ec8e87f8382b6\" class=\"ls-section  page-three has-p-t p-t-14 has-p-b p-b-14\" >\r\n        <div class=\"container container--wide\">\r\n        \n\n<div class=\"wp-block-columns is-layout-flex wp-container-core-columns-is-layout-9d6595d7 wp-block-columns-is-layout-flex\">\n<div class=\"wp-block-column left is-layout-flow wp-block-column-is-layout-flow\">\n<figure class=\"wp-block-image size-large animated slideInLeft delay-200ms slow\"><a href=\"https:\/\/www.domaine-de-kervallon.com\/wp-content\/uploads\/2022\/11\/interieur-sauna-kervallon-bien-etre.jpg\"><img decoding=\"async\" src=\"https:\/\/www.domaine-de-kervallon.com\/wp-content\/uploads\/2025\/12\/interieur-sauna-kervallon-bien-etre-edited.jpg\" alt=\"Inneneinrichtung der Sauna Kervallon Wellness\" class=\"wp-image-51155\"\/><\/a><\/figure>\n\n\n\n<div style=\"height:100px\" aria-hidden=\"true\" class=\"wp-block-spacer\"><\/div>\n\n\n\n<h3 class=\"ls__heading wp-block-heading\"><strong>Was ist mit der Sauna? TROCKENE HITZE <\/strong><\/h3>\n\n\n\n<p class=\"ls-paragraph\">Die Hitze in der Sauna wird durch Vulkansteine erzeugt, die in einem Ofen mit einer Temperatur von 70\u00b0C bis 80\u00b0C aufgeheizt werden. Die Sauna wird empfohlen, um die Blutzirkulation zu verbessern und ist auch ein gutes Antistressmittel, da der K\u00f6rper Endorphine freisetzt, die den Menschen entspannen. Ein 15-min\u00fctiger Saunagang ist ideal. Vergessen Sie beim Verlassen der Sauna nicht, eine kalte Dusche zu nehmen, um Ihr Gewebe zu straffen und die Poren der Haut zu verengen.   <\/p>\n\n\n\n<p class=\"ls-paragraph\">Wir haben Ihnen alles \u00fcber die Vorteile unseres Entspannungsbereichs erz\u00e4hlt, z\u00f6gern Sie nicht, Ihren Wellness-Moment bereits bei Ihrer Buchung zu reservieren.<\/p>\n\n\n\n<ul class=\"ls-list ls-list-undefined wp-block-list\">\n<li>Leistung auf Vorbestellung (extra)<\/li>\n<\/ul>\n<\/div>\n\n\n\n<div class=\"wp-block-column right is-layout-flow wp-block-column-is-layout-flow\">\n<h3 class=\"ls__heading wp-block-heading\"><strong>Was bringt Ihnen das Hammam? FEUCHTE W\u00c4RME <\/strong><\/h3>\n\n\n\n<p class=\"ls-paragraph\">Das<strong> Hammam <\/strong>ist ein Ort der Entspannung, an dem Sie den Stress des Alltags abbauen k\u00f6nnen. Die <strong>Farbtherapie<\/strong> sorgt f\u00fcr eine angenehme Atmosph\u00e4re und einen Moment der Ruhe. Muskelschmerzen und <strong>Verspannungen werden<\/strong> nach und nach <strong>verschwinden<\/strong>. F\u00fcr eine gute Hammam-Sitzung ist es ideal, <strong>eine<\/strong> Sitzung von 10 Minuten zu machen, eine Pause einzulegen und dann 10 Minuten zu wiederholen.   <\/p>\n\n\n\n<figure class=\"wp-block-image size-large animated slideInRight delay-200ms slow\"><a href=\"https:\/\/www.domaine-de-kervallon.com\/wp-content\/uploads\/2022\/11\/hammam-femme-soleil-kervallon-1024x877.jpg\"><img decoding=\"async\" width=\"1024\" height=\"877\" src=\"https:\/\/www.domaine-de-kervallon.com\/wp-content\/uploads\/2022\/11\/hammam-femme-soleil-kervallon-1024x877.jpg\" alt=\"Hamam Frau Sonne Kervallon\" class=\"wp-image-4224\" srcset=\"https:\/\/www.domaine-de-kervallon.com\/wp-content\/uploads\/2022\/11\/hammam-femme-soleil-kervallon-1024x877.jpg 1024w, https:\/\/www.domaine-de-kervallon.com\/wp-content\/uploads\/2022\/11\/hammam-femme-soleil-kervallon-300x257.jpg 300w, https:\/\/www.domaine-de-kervallon.com\/wp-content\/uploads\/2022\/11\/hammam-femme-soleil-kervallon-768x658.jpg 768w, https:\/\/www.domaine-de-kervallon.com\/wp-content\/uploads\/2022\/11\/hammam-femme-soleil-kervallon-1536x1316.jpg 1536w, https:\/\/www.domaine-de-kervallon.com\/wp-content\/uploads\/2022\/11\/hammam-femme-soleil-kervallon.jpg 1600w\" sizes=\"(max-width: 1024px) 100vw, 1024px\" \/><\/a><\/figure>\n<\/div>\n<\/div>\n\n\r\n    <\/div>\r\n<\/section><section id=\"ls-section-block_12ece0197835c7a80cddcd3d0f3ae6b0\" class=\"ls-section  page-maillage has-background has-color-5-background-color has-p-t p-t-14 has-p-b p-b-20\" >\r\n        <div class=\"container container--wide\">\r\n        \n\n<div id=\"ls-heading ls-titre-div-block_076a60ac02be41e20e85d002e6788705\" class=\"ls-titre-div aligncenter h2-like\" >\n    Entdecken Sie den Pool, unsere Dienstleistungen und unser Restaurant!<\/div>\n\n\n<div id=\"ls-maillage-block_3e4621377e5736392e72cd1a66e63155\" class=\"ls-maillage cta-style-normal\" data-rows=\"3\">\r\n    <div class=\"wp-block-columns\"><div class=\"wp-block-column\">\n\n<a href=\"https:\/\/www.domaine-de-kervallon.com\/de\/campingplatz-morbihan-mit-wasserpark\/campingplatz-schwimmbad-bretagne\/\" target=\"\" rel=\"noopener\" class=\"ls-cta__link\">\n\n\t<div class=\"ls-cta__image\"><img decoding=\"async\" src=\"https:\/\/www.domaine-de-kervallon.com\/wp-content\/uploads\/2022\/11\/piscine-kervallon-exterieure-famille-1024x682.jpg\" alt=\"Au\u00dfenpool Familie\"><\/div>\n\t<div class=\"ls-cta__title\">\n\t\tCampingplatz mit beheiztem Schwimmbad im Morbihan\t<\/div>\n\n\n\t<div class=\"ls-cta__distance\">\n\t\t\t<\/div>\n\n\n\n\t\t\n<\/a><\/div><div class=\"wp-block-column\">\n\n<a href=\"https:\/\/www.domaine-de-kervallon.com\/de\/unsere-dienstleistungen-campingplatz-morbihan\/\" target=\"\" rel=\"noopener\" class=\"ls-cta__link\">\n\n\t<div class=\"ls-cta__image\"><img decoding=\"async\" src=\"https:\/\/www.domaine-de-kervallon.com\/wp-content\/uploads\/2022\/11\/acceuil-service-kervallon-1024x682.jpg\" alt=\"Dienstleistungen auf dem Campingplatz\"><\/div>\n\t<div class=\"ls-cta__title\">\n\t\tUnsere exklusiven Dienstleistungen\t<\/div>\n\n\n\t<div class=\"ls-cta__distance\">\n\t\t\t<\/div>\n\n\n\n\t\t\n<\/a><\/div><div class=\"wp-block-column\">\n\n<a href=\"https:\/\/www.domaine-de-kervallon.com\/de\/restaurant-broceliande-forest\/\" target=\"\" rel=\"noopener\" class=\"ls-cta__link\">\n\n\t<div class=\"ls-cta__image\"><img decoding=\"async\" src=\"https:\/\/www.domaine-de-kervallon.com\/wp-content\/uploads\/2022\/11\/terasse-restaurant-domaine-kervallon-1024x582.jpg\" alt=\"terasse restaurant domaine kervallon\"><\/div>\n\t<div class=\"ls-cta__title\">\n\t\tUnser Restaurant\t<\/div>\n\n\n\t<div class=\"ls-cta__distance\">\n\t\t\t<\/div>\n\n\n\n\t\t\n<\/a><\/div><\/div><\/div>\n\r\n    <\/div>\r\n<\/section>","protected":false},"excerpt":{"rendered":"","protected":false},"author":1,"featured_media":48599,"parent":49384,"menu_order":0,"comment_status":"closed","ping_status":"closed","template":"","meta":{"_acf_changed":false,"footnotes":""},"sujet":[],"class_list":["post-48595","page","type-page","status-publish","has-post-thumbnail","hentry"],"acf":[],"yoast_head":"<!-- This site is optimized with the Yoast SEO plugin v26.9 - https:\/\/yoast.com\/product\/yoast-seo-wordpress\/ -->\n<title>Spa Camping Bretagne | Camping mit Spa und Jacuzzi in Morbihan 56<\/title>\n<meta name=\"description\" content=\"Brauchen Sie Entspannung w\u00e4hrend Ihres Urlaubs in der S\u00fcdbretagne? Entspannen Sie sich im Wellnessbereich der Domaine de Kervallon mit Spa und Jacuzzi im Herzen von Morbihan!\" \/>\n<meta name=\"robots\" content=\"index, follow, max-snippet:-1, max-image-preview:large, max-video-preview:-1\" \/>\n<link rel=\"canonical\" href=\"https:\/\/www.domaine-de-kervallon.com\/de\/campingplatz-morbihan-mit-wasserpark\/camping-wellnessbereich-morbihan\/\" \/>\n<meta property=\"og:locale\" content=\"fr_FR\" \/>\n<meta property=\"og:type\" content=\"article\" \/>\n<meta property=\"og:title\" content=\"Spa Camping Bretagne | Camping mit Spa und Jacuzzi in Morbihan 56\" \/>\n<meta property=\"og:description\" content=\"Brauchen Sie Entspannung w\u00e4hrend Ihres Urlaubs in der S\u00fcdbretagne? Entspannen Sie sich im Wellnessbereich der Domaine de Kervallon mit Spa und Jacuzzi im Herzen von Morbihan!\" \/>\n<meta property=\"og:url\" content=\"https:\/\/www.domaine-de-kervallon.com\/de\/campingplatz-morbihan-mit-wasserpark\/camping-wellnessbereich-morbihan\/\" \/>\n<meta property=\"og:site_name\" content=\"Domaine de Kervallon\" \/>\n<meta property=\"article:modified_time\" content=\"2025-12-01T10:47:49+00:00\" \/>\n<meta property=\"og:image\" content=\"https:\/\/www.domaine-de-kervallon.com\/wp-content\/uploads\/2022\/11\/jacuzzi-exterieur-couple-kervallon-solarium.jpg\" \/>\n\t<meta property=\"og:image:width\" content=\"1600\" \/>\n\t<meta property=\"og:image:height\" content=\"1011\" \/>\n\t<meta property=\"og:image:type\" content=\"image\/jpeg\" \/>\n<meta name=\"twitter:card\" content=\"summary_large_image\" \/>\n<meta name=\"twitter:label1\" content=\"Dur\u00e9e de lecture estim\u00e9e\" \/>\n\t<meta name=\"twitter:data1\" content=\"2 minutes\" \/>\n<script type=\"application\/ld+json\" class=\"yoast-schema-graph\">{\"@context\":\"https:\/\/schema.org\",\"@graph\":[{\"@type\":\"WebPage\",\"@id\":\"https:\/\/www.domaine-de-kervallon.com\/de\/campingplatz-morbihan-mit-wasserpark\/camping-wellnessbereich-morbihan\/\",\"url\":\"https:\/\/www.domaine-de-kervallon.com\/de\/campingplatz-morbihan-mit-wasserpark\/camping-wellnessbereich-morbihan\/\",\"name\":\"Spa Camping Bretagne | Camping mit Spa und Jacuzzi in Morbihan 56\",\"isPartOf\":{\"@id\":\"https:\/\/www.domaine-de-kervallon.com\/de\/#website\"},\"primaryImageOfPage\":{\"@id\":\"https:\/\/www.domaine-de-kervallon.com\/de\/campingplatz-morbihan-mit-wasserpark\/camping-wellnessbereich-morbihan\/#primaryimage\"},\"image\":{\"@id\":\"https:\/\/www.domaine-de-kervallon.com\/de\/campingplatz-morbihan-mit-wasserpark\/camping-wellnessbereich-morbihan\/#primaryimage\"},\"thumbnailUrl\":\"https:\/\/www.domaine-de-kervallon.com\/wp-content\/uploads\/2022\/11\/jacuzzi-exterieur-couple-kervallon-solarium.jpg\",\"datePublished\":\"2025-11-26T13:03:06+00:00\",\"dateModified\":\"2025-12-01T10:47:49+00:00\",\"description\":\"Brauchen Sie Entspannung w\u00e4hrend Ihres Urlaubs in der S\u00fcdbretagne? Entspannen Sie sich im Wellnessbereich der Domaine de Kervallon mit Spa und Jacuzzi im Herzen von Morbihan!\",\"breadcrumb\":{\"@id\":\"https:\/\/www.domaine-de-kervallon.com\/de\/campingplatz-morbihan-mit-wasserpark\/camping-wellnessbereich-morbihan\/#breadcrumb\"},\"inLanguage\":\"fr-FR\",\"potentialAction\":[{\"@type\":\"ReadAction\",\"target\":[\"https:\/\/www.domaine-de-kervallon.com\/de\/campingplatz-morbihan-mit-wasserpark\/camping-wellnessbereich-morbihan\/\"]}]},{\"@type\":\"ImageObject\",\"inLanguage\":\"fr-FR\",\"@id\":\"https:\/\/www.domaine-de-kervallon.com\/de\/campingplatz-morbihan-mit-wasserpark\/camping-wellnessbereich-morbihan\/#primaryimage\",\"url\":\"https:\/\/www.domaine-de-kervallon.com\/wp-content\/uploads\/2022\/11\/jacuzzi-exterieur-couple-kervallon-solarium.jpg\",\"contentUrl\":\"https:\/\/www.domaine-de-kervallon.com\/wp-content\/uploads\/2022\/11\/jacuzzi-exterieur-couple-kervallon-solarium.jpg\",\"width\":1600,\"height\":1011,\"caption\":\"Jacuzzi im Freien Paar Kervallon Solarium\"},{\"@type\":\"BreadcrumbList\",\"@id\":\"https:\/\/www.domaine-de-kervallon.com\/de\/campingplatz-morbihan-mit-wasserpark\/camping-wellnessbereich-morbihan\/#breadcrumb\",\"itemListElement\":[{\"@type\":\"ListItem\",\"position\":1,\"name\":\"Camping Broceliande dans le Morbihan\",\"item\":\"https:\/\/www.domaine-de-kervallon.com\/de\/\"},{\"@type\":\"ListItem\",\"position\":2,\"name\":\"Campingplatz mit Wasserpark im Morbihan\",\"item\":\"https:\/\/www.domaine-de-kervallon.com\/de\/campingplatz-morbihan-mit-wasserpark\/\"},{\"@type\":\"ListItem\",\"position\":3,\"name\":\"Campingplatz mit Erholungsgebiet Morbihan\"}]},{\"@type\":\"WebSite\",\"@id\":\"https:\/\/www.domaine-de-kervallon.com\/de\/#website\",\"url\":\"https:\/\/www.domaine-de-kervallon.com\/de\/\",\"name\":\"Domaine de Kervallon\",\"description\":\"\",\"publisher\":{\"@id\":\"https:\/\/www.domaine-de-kervallon.com\/de\/#organization\"},\"potentialAction\":[{\"@type\":\"SearchAction\",\"target\":{\"@type\":\"EntryPoint\",\"urlTemplate\":\"https:\/\/www.domaine-de-kervallon.com\/de\/?s={search_term_string}\"},\"query-input\":{\"@type\":\"PropertyValueSpecification\",\"valueRequired\":true,\"valueName\":\"search_term_string\"}}],\"inLanguage\":\"fr-FR\"},{\"@type\":\"Organization\",\"@id\":\"https:\/\/www.domaine-de-kervallon.com\/de\/#organization\",\"name\":\"Domaine de Kervallon\",\"url\":\"https:\/\/www.domaine-de-kervallon.com\/de\/\",\"logo\":{\"@type\":\"ImageObject\",\"inLanguage\":\"fr-FR\",\"@id\":\"https:\/\/www.domaine-de-kervallon.com\/de\/#\/schema\/logo\/image\/\",\"url\":\"https:\/\/www.domaine-de-kervallon.com\/wp-content\/uploads\/2022\/10\/logo-domaine-de-kervallon-couleur.png\",\"contentUrl\":\"https:\/\/www.domaine-de-kervallon.com\/wp-content\/uploads\/2022\/10\/logo-domaine-de-kervallon-couleur.png\",\"width\":1600,\"height\":583,\"caption\":\"Domaine de Kervallon\"},\"image\":{\"@id\":\"https:\/\/www.domaine-de-kervallon.com\/de\/#\/schema\/logo\/image\/\"}}]}<\/script>\n<!-- \/ Yoast SEO plugin. -->","yoast_head_json":{"title":"Spa Camping Bretagne | Camping mit Spa und Jacuzzi in Morbihan 56","description":"Brauchen Sie Entspannung w\u00e4hrend Ihres Urlaubs in der S\u00fcdbretagne? Entspannen Sie sich im Wellnessbereich der Domaine de Kervallon mit Spa und Jacuzzi im Herzen von Morbihan!","robots":{"index":"index","follow":"follow","max-snippet":"max-snippet:-1","max-image-preview":"max-image-preview:large","max-video-preview":"max-video-preview:-1"},"canonical":"https:\/\/www.domaine-de-kervallon.com\/de\/campingplatz-morbihan-mit-wasserpark\/camping-wellnessbereich-morbihan\/","og_locale":"fr_FR","og_type":"article","og_title":"Spa Camping Bretagne | Camping mit Spa und Jacuzzi in Morbihan 56","og_description":"Brauchen Sie Entspannung w\u00e4hrend Ihres Urlaubs in der S\u00fcdbretagne? Entspannen Sie sich im Wellnessbereich der Domaine de Kervallon mit Spa und Jacuzzi im Herzen von Morbihan!","og_url":"https:\/\/www.domaine-de-kervallon.com\/de\/campingplatz-morbihan-mit-wasserpark\/camping-wellnessbereich-morbihan\/","og_site_name":"Domaine de Kervallon","article_modified_time":"2025-12-01T10:47:49+00:00","og_image":[{"width":1600,"height":1011,"url":"https:\/\/www.domaine-de-kervallon.com\/wp-content\/uploads\/2022\/11\/jacuzzi-exterieur-couple-kervallon-solarium.jpg","type":"image\/jpeg"}],"twitter_card":"summary_large_image","twitter_misc":{"Dur\u00e9e de lecture estim\u00e9e":"2 minutes"},"schema":{"@context":"https:\/\/schema.org","@graph":[{"@type":"WebPage","@id":"https:\/\/www.domaine-de-kervallon.com\/de\/campingplatz-morbihan-mit-wasserpark\/camping-wellnessbereich-morbihan\/","url":"https:\/\/www.domaine-de-kervallon.com\/de\/campingplatz-morbihan-mit-wasserpark\/camping-wellnessbereich-morbihan\/","name":"Spa Camping Bretagne | Camping mit Spa und Jacuzzi in Morbihan 56","isPartOf":{"@id":"https:\/\/www.domaine-de-kervallon.com\/de\/#website"},"primaryImageOfPage":{"@id":"https:\/\/www.domaine-de-kervallon.com\/de\/campingplatz-morbihan-mit-wasserpark\/camping-wellnessbereich-morbihan\/#primaryimage"},"image":{"@id":"https:\/\/www.domaine-de-kervallon.com\/de\/campingplatz-morbihan-mit-wasserpark\/camping-wellnessbereich-morbihan\/#primaryimage"},"thumbnailUrl":"https:\/\/www.domaine-de-kervallon.com\/wp-content\/uploads\/2022\/11\/jacuzzi-exterieur-couple-kervallon-solarium.jpg","datePublished":"2025-11-26T13:03:06+00:00","dateModified":"2025-12-01T10:47:49+00:00","description":"Brauchen Sie Entspannung w\u00e4hrend Ihres Urlaubs in der S\u00fcdbretagne? Entspannen Sie sich im Wellnessbereich der Domaine de Kervallon mit Spa und Jacuzzi im Herzen von Morbihan!","breadcrumb":{"@id":"https:\/\/www.domaine-de-kervallon.com\/de\/campingplatz-morbihan-mit-wasserpark\/camping-wellnessbereich-morbihan\/#breadcrumb"},"inLanguage":"fr-FR","potentialAction":[{"@type":"ReadAction","target":["https:\/\/www.domaine-de-kervallon.com\/de\/campingplatz-morbihan-mit-wasserpark\/camping-wellnessbereich-morbihan\/"]}]},{"@type":"ImageObject","inLanguage":"fr-FR","@id":"https:\/\/www.domaine-de-kervallon.com\/de\/campingplatz-morbihan-mit-wasserpark\/camping-wellnessbereich-morbihan\/#primaryimage","url":"https:\/\/www.domaine-de-kervallon.com\/wp-content\/uploads\/2022\/11\/jacuzzi-exterieur-couple-kervallon-solarium.jpg","contentUrl":"https:\/\/www.domaine-de-kervallon.com\/wp-content\/uploads\/2022\/11\/jacuzzi-exterieur-couple-kervallon-solarium.jpg","width":1600,"height":1011,"caption":"Jacuzzi im Freien Paar Kervallon Solarium"},{"@type":"BreadcrumbList","@id":"https:\/\/www.domaine-de-kervallon.com\/de\/campingplatz-morbihan-mit-wasserpark\/camping-wellnessbereich-morbihan\/#breadcrumb","itemListElement":[{"@type":"ListItem","position":1,"name":"Camping Broceliande dans le Morbihan","item":"https:\/\/www.domaine-de-kervallon.com\/de\/"},{"@type":"ListItem","position":2,"name":"Campingplatz mit Wasserpark im Morbihan","item":"https:\/\/www.domaine-de-kervallon.com\/de\/campingplatz-morbihan-mit-wasserpark\/"},{"@type":"ListItem","position":3,"name":"Campingplatz mit Erholungsgebiet Morbihan"}]},{"@type":"WebSite","@id":"https:\/\/www.domaine-de-kervallon.com\/de\/#website","url":"https:\/\/www.domaine-de-kervallon.com\/de\/","name":"Domaine de Kervallon","description":"","publisher":{"@id":"https:\/\/www.domaine-de-kervallon.com\/de\/#organization"},"potentialAction":[{"@type":"SearchAction","target":{"@type":"EntryPoint","urlTemplate":"https:\/\/www.domaine-de-kervallon.com\/de\/?s={search_term_string}"},"query-input":{"@type":"PropertyValueSpecification","valueRequired":true,"valueName":"search_term_string"}}],"inLanguage":"fr-FR"},{"@type":"Organization","@id":"https:\/\/www.domaine-de-kervallon.com\/de\/#organization","name":"Domaine de Kervallon","url":"https:\/\/www.domaine-de-kervallon.com\/de\/","logo":{"@type":"ImageObject","inLanguage":"fr-FR","@id":"https:\/\/www.domaine-de-kervallon.com\/de\/#\/schema\/logo\/image\/","url":"https:\/\/www.domaine-de-kervallon.com\/wp-content\/uploads\/2022\/10\/logo-domaine-de-kervallon-couleur.png","contentUrl":"https:\/\/www.domaine-de-kervallon.com\/wp-content\/uploads\/2022\/10\/logo-domaine-de-kervallon-couleur.png","width":1600,"height":583,"caption":"Domaine de Kervallon"},"image":{"@id":"https:\/\/www.domaine-de-kervallon.com\/de\/#\/schema\/logo\/image\/"}}]}},"_links":{"self":[{"href":"https:\/\/www.domaine-de-kervallon.com\/de\/wp-json\/wp\/v2\/pages\/48595","targetHints":{"allow":["GET"]}}],"collection":[{"href":"https:\/\/www.domaine-de-kervallon.com\/de\/wp-json\/wp\/v2\/pages"}],"about":[{"href":"https:\/\/www.domaine-de-kervallon.com\/de\/wp-json\/wp\/v2\/types\/page"}],"author":[{"embeddable":true,"href":"https:\/\/www.domaine-de-kervallon.com\/de\/wp-json\/wp\/v2\/users\/1"}],"replies":[{"embeddable":true,"href":"https:\/\/www.domaine-de-kervallon.com\/de\/wp-json\/wp\/v2\/comments?post=48595"}],"version-history":[{"count":8,"href":"https:\/\/www.domaine-de-kervallon.com\/de\/wp-json\/wp\/v2\/pages\/48595\/revisions"}],"predecessor-version":[{"id":51176,"href":"https:\/\/www.domaine-de-kervallon.com\/de\/wp-json\/wp\/v2\/pages\/48595\/revisions\/51176"}],"up":[{"embeddable":true,"href":"https:\/\/www.domaine-de-kervallon.com\/de\/wp-json\/wp\/v2\/pages\/49384"}],"wp:featuredmedia":[{"embeddable":true,"href":"https:\/\/www.domaine-de-kervallon.com\/de\/wp-json\/wp\/v2\/media\/48599"}],"wp:attachment":[{"href":"https:\/\/www.domaine-de-kervallon.com\/de\/wp-json\/wp\/v2\/media?parent=48595"}],"wp:term":[{"taxonomy":"sujet","embeddable":true,"href":"https:\/\/www.domaine-de-kervallon.com\/de\/wp-json\/wp\/v2\/sujet?post=48595"}],"curies":[{"name":"wp","href":"https:\/\/api.w.org\/{rel}","templated":true}]}}