{"id":48399,"date":"2025-11-26T14:02:35","date_gmt":"2025-11-26T13:02:35","guid":{"rendered":"https:\/\/www.domaine-de-kervallon.com\/guenstiges-camping-bretagne-morbihan-56\/"},"modified":"2025-12-01T10:29:59","modified_gmt":"2025-12-01T09:29:59","slug":"guenstiges-camping-bretagne-morbihan-56","status":"publish","type":"page","link":"https:\/\/www.domaine-de-kervallon.com\/de\/guenstiges-camping-bretagne-morbihan-56\/","title":{"rendered":"Preise und Angebote"},"content":{"rendered":"<section id=\"ls-section-block_f9a2a461a33db162daa930efd8026c14\" class=\"ls-section  page-intro has-p-t p-t-10 has-p-b p-b-3\" >\r\n        <div class=\"container \">\r\n        \n\n<h1 class=\"ls__heading wp-block-heading has-text-align-center animated fadeInUp delay-200ms slow\">G\u00fcnstige Campingpl\u00e4tze in der Bretagne <br\/>im Morbihan <\/h1>\n\n\r\n    <\/div>\r\n<\/section><section id=\"ls-section-block_63b5313d74be9b583c33eee4cef9e4da\" class=\"ls-section  page-sous-titre has-p-t p-t-0 has-p-b p-b-0\" >\r\n        <div class=\"container \">\r\n        \n\n<p class=\"ls-paragraph has-text-align-center\">Planen Sie in Ihrem n\u00e4chsten Urlaub den Golf von Morbihan, die Megalithk\u00fcste und das Armorikanische Massiv zu entdecken? Buchen Sie Ihren komfortablen Stellplatz oder Ihre Luxusunterkunft<a href=\"\/\"> auf Domaine de Kervallon<\/a>, einem der sch\u00f6nsten und g\u00fcnstigsten Campingpl\u00e4tze in der Bretagne mit Wasserpark im Morbihan. Im S\u00fcden der Bretagne, in der N\u00e4he von Vannes und Lorient, liegt unser Freilufthotel in einem wundersch\u00f6nen Park mit B\u00e4umen. Wenn Sie jetzt Ihren Urlaub buchen, erhalten Sie die besten Preise, k\u00f6nnen die besten Gelegenheiten nutzen und ein g\u00fcnstiges Angebot w\u00e4hlen, das Ihren Bed\u00fcrfnissen und Ihrem Budget entspricht.   <\/p>\n\n\r\n    <\/div>\r\n<\/section><section id=\"ls-section-block_62f8fa7e0c4ee03e40cb56c8f2748116\" class=\"ls-section  resa-hebergement\" >\r\n        <div class=\"container \">\r\n        \n\n<ctv-availability data-background-color=\"#FFFFFFFF\"><\/ctv-availability>\n\n\r\n    <\/div>\r\n<\/section><section id=\"ls-section-block_0a1beb188ad60db66049e19cef6f7203\" class=\"ls-section  page-parallaxe has-background-image has-background has-color-2-background-color has-p-t p-t-14 has-p-b p-b-14\" >\r\n    <div class=\"ls-section__background-image opacity-25\"><img decoding=\"async\" src=\"https:\/\/www.domaine-de-kervallon.com\/wp-content\/uploads\/2022\/11\/piscine-kervallon-exterieure-famille.jpg\" alt=\"Au\u00dfenpool Familie\"><\/div>    <div class=\"container container--wide\">\r\n        \n\n<div class=\"wp-block-columns is-layout-flex wp-container-core-columns-is-layout-9d6595d7 wp-block-columns-is-layout-flex\">\n<div class=\"wp-block-column is-vertically-aligned-top is-layout-flow wp-block-column-is-layout-flow\">\n<p class=\"ls-paragraph paragraph-deco has-color-white-color has-text-color\">Ein Swimmingpool und au\u00dfergew\u00f6hnliche Mietunterk\u00fcnfte f\u00fcr ein kleines Budget<\/p>\n<\/div>\n\n\n\n<div class=\"wp-block-column is-vertically-aligned-center animated fadeInRight delay-200ms slow is-layout-flow wp-block-column-is-layout-flow\">\n<h2 class=\"ls__heading wp-block-heading\">Camping Morbihan mit Schwimmbad<\/h2>\n\n\n\n<p class=\"ls-paragraph\">Suchen Sie einen g\u00fcnstigen Campingplatz in der Bretagne?<\/p>\n\n\n\n<p class=\"ls-paragraph\">Sie k\u00f6nnen jedoch nicht sparen, ohne Ihren Aufenthalt in vollen Z\u00fcgen zu genie\u00dfen. Unsere Anlage verf\u00fcgt \u00fcber einen tollen Wasserpark mit einem beheizten Pool, Rutschen und einem Planschbecken f\u00fcr die Kleinsten, die gerne im Wasser spielen und planschen. Unser Wasserpark verf\u00fcgt auch \u00fcber ein Solarium, wo Sie sich nach dem Schwimmen sonnen k\u00f6nnen. F\u00fcr einen preiswerten Campingurlaub mit 100% Entspannung k\u00f6nnen Sie sich nach Ihren Besichtigungen in unserer Sauna und dem Whirlpool erholen. Beginnen Sie Ihre Suche nach den besten Angeboten und Sonderangeboten auf dem <a href=\"\/\">4-Sterne-Campingplatz Morbihan<\/a>, einem <a href=\"https:\/\/www.domaine-de-kervallon.com\/de\/campingplatz-morbihan-mit-wasserpark\/\">Campingplatz mit Wasserpark in der s\u00fcdlichen Bretagne<\/a>.    <\/p>\n<\/div>\n<\/div>\n\n\r\n    <\/div>\r\n<\/section><section id=\"ls-section-block_42b5ae251e4073c3ebb159eb9abf186c\" class=\"ls-section  page-one has-p-t p-t-14 has-p-b p-b-14\" >\r\n        <div class=\"container container--wide\">\r\n        \r\n    <\/div>\r\n<\/section><section id=\"ls-section-block_2f9b1070e217ad12321fd82c53a7e330\" class=\"ls-section  page-two has-background has-color-5-background-color has-p-t p-t-14 has-p-b p-b-14\" >\r\n        <div class=\"container container--wide\">\r\n        \n\n<div class=\"wp-block-columns is-layout-flex wp-container-core-columns-is-layout-9d6595d7 wp-block-columns-is-layout-flex\">\n<div class=\"wp-block-column is-vertically-aligned-top is-layout-flow wp-block-column-is-layout-flow\" style=\"flex-basis:40%\">\n<h2 class=\"ls__heading wp-block-heading\">Mieten Sie einen preisg\u00fcnstigen Standcaravan in Caro<\/h2>\n\n\n\n<p class=\"ls-paragraph paragraph-deco\">Maximaler Komfort mit Superpreisen<\/p>\n\n\n\n<p class=\"ls-paragraph\">Unser <strong>Campingplatz mit Whirlpool<\/strong> bietet Ihnen eine gro\u00dfe Auswahl an <a href=\"https:\/\/www.domaine-de-kervallon.com\/de\/vermietung-mobilheime-morbihan\/\">Mobilheimen zur Miete im Morbihan<\/a>, <strong>preisg\u00fcnstige Mietunterk\u00fcnfte<\/strong> in <strong>modernem Design<\/strong> und komplett ausgestattet, die Platz f\u00fcr bis zu 7 Personen bieten. Unsere Mobilheime sind die ideale L\u00f6sung f\u00fcr Familien und Freundesgruppen, die den Luxus einer hochwertigen Unterkunft zu einem g\u00fcnstigen Preis suchen. Unsere <strong>Mietunterk\u00fcnfte zu unschlagbaren<\/strong> Preisen befinden sich auf gro\u00dfen, durch nat\u00fcrliche Hecken abgegrenzten Grundst\u00fccken im Herzen der S\u00fcdbretagne.<br\/>Unsere Mobilheime sind g\u00fcnstiger und genauso komfortabel wie ein Haus am Meer und erm\u00f6glichen Ihnen eine bessere Kontrolle Ihrer Ausgaben w\u00e4hrend Ihres <strong>n\u00e4chsten Urlaubs im Morbihan<\/strong>.<\/p>\n<\/div>\n\n\n\n<div class=\"wp-block-column is-vertically-aligned-center animated slideInRight delay-200ms slow is-layout-flow wp-block-column-is-layout-flow\" style=\"flex-basis:60%\">\n<figure class=\"wp-block-image size-full\"><a href=\"https:\/\/www.domaine-de-kervallon.com\/wp-content\/uploads\/2022\/10\/breizh-hom-kervallon-exterieur.jpg\"><img decoding=\"async\" width=\"898\" height=\"599\" src=\"https:\/\/www.domaine-de-kervallon.com\/wp-content\/uploads\/2022\/10\/breizh-hom-kervallon-exterieur.jpg\" alt=\"breizh home kervallon exterieur\" class=\"wp-image-4371\" srcset=\"https:\/\/www.domaine-de-kervallon.com\/wp-content\/uploads\/2022\/10\/breizh-hom-kervallon-exterieur.jpg 898w, https:\/\/www.domaine-de-kervallon.com\/wp-content\/uploads\/2022\/10\/breizh-hom-kervallon-exterieur-300x200.jpg 300w, https:\/\/www.domaine-de-kervallon.com\/wp-content\/uploads\/2022\/10\/breizh-hom-kervallon-exterieur-768x512.jpg 768w\" sizes=\"(max-width: 898px) 100vw, 898px\" \/><\/a><\/figure>\n<\/div>\n<\/div>\n\n\r\n    <\/div>\r\n<\/section><section id=\"ls-section-block_e0db33cd41680ace60561a6edaf16e05\" class=\"ls-section  page-three has-p-t p-t-14 has-p-b p-b-14\" >\r\n        <div class=\"container container--wide\">\r\n        \n\n<div class=\"wp-block-columns is-layout-flex wp-container-core-columns-is-layout-9d6595d7 wp-block-columns-is-layout-flex\">\n<div class=\"wp-block-column is-vertically-aligned-center left is-layout-flow wp-block-column-is-layout-flow\">\n<figure class=\"wp-block-image size-large animated slideInLeft delay-200ms slow\"><a href=\"https:\/\/www.domaine-de-kervallon.com\/wp-content\/uploads\/2022\/11\/lodge-vip-kervallon-nature-1024x682.jpg\"><img decoding=\"async\" width=\"1024\" height=\"682\" src=\"https:\/\/www.domaine-de-kervallon.com\/wp-content\/uploads\/2022\/11\/lodge-vip-kervallon-nature-1024x682.jpg\" alt=\"Vip-Lodge Kervallon Natur\" class=\"wp-image-4029\" srcset=\"https:\/\/www.domaine-de-kervallon.com\/wp-content\/uploads\/2022\/11\/lodge-vip-kervallon-nature-1024x682.jpg 1024w, https:\/\/www.domaine-de-kervallon.com\/wp-content\/uploads\/2022\/11\/lodge-vip-kervallon-nature-300x200.jpg 300w, https:\/\/www.domaine-de-kervallon.com\/wp-content\/uploads\/2022\/11\/lodge-vip-kervallon-nature-768x511.jpg 768w, https:\/\/www.domaine-de-kervallon.com\/wp-content\/uploads\/2022\/11\/lodge-vip-kervallon-nature-1536x1023.jpg 1536w, https:\/\/www.domaine-de-kervallon.com\/wp-content\/uploads\/2022\/11\/lodge-vip-kervallon-nature.jpg 1600w\" sizes=\"(max-width: 1024px) 100vw, 1024px\" \/><\/a><\/figure>\n\n\n\n<p class=\"ls-paragraph\">Unser Angebot an ungew\u00f6hnlichen Unterk\u00fcnften umfasst Zigeunerwagen, mongolische Jurten, <strong>Holzh\u00fctten<\/strong>, <strong>Cottages auf Stelzen<\/strong> und <strong>Safarizelte<\/strong>. Diese Art von au\u00dfergew\u00f6hnlichen Unterk\u00fcnften ist eine gro\u00dfartige Gelegenheit, eine <strong>einzigartige Erfahrung<\/strong> zu machen, die besonders Kinder begeistern wird. Entdecken Sie<a href=\"https:\/\/www.domaine-de-kervallon.com\/de\/glamping-morbihan\/\"> das Glamping in der Bretagne<\/a>!  <\/p>\n\n\n\n<p class=\"ls-paragraph\">M\u00f6chten Sie <strong>weitere Informationen <\/strong>\u00fcber unsere<strong> Preise<\/strong>,<strong> Dienstleistungen<\/strong> <strong>, Infrastruktur,<\/strong> Mietunterk\u00fcnfte, Stellpl\u00e4tze oder die Sehensw\u00fcrdigkeiten der Region? <strong>Kontaktieren Sie uns<\/strong> und wir werden Ihnen helfen, Ihren Traumurlaub auf <a href=\"\/\">unserem Campingplatz in Broc\u00e9liande<\/a> zu planen.<\/p>\n<\/div>\n\n\n\n<div class=\"wp-block-column right is-layout-flow wp-block-column-is-layout-flow\">\n<h2 class=\"ls__heading wp-block-heading\">Ungew\u00f6hnlicher Campingplatz in der s\u00fcdlichen Bretagne zu g\u00fcnstigen Preisen<\/h2>\n\n\n\n<p class=\"ls-paragraph\">Von den Steinreihen von Carnac bis zur Cit\u00e9 de la Voile Eric Tabarly in Lorient, von den Stadtmauern von Vannes bis zur Burg von Josselin, von den <a href=\"https:\/\/www.domaine-de-kervallon.com\/blog\/ou-surfer-dans-le-morbihan\/\">Surfstr\u00e4nden<\/a> von Guidel bis zur Basilika Saint-Anne-d&#8217;Auray \u2013 der <strong>S\u00fcden der Bretagne<\/strong> beherbergt zahlreiche <strong>wundersch\u00f6ne Natur<\/strong>&#8211; und Kulturst\u00e4tten. Warum verleihen Sie Ihrem Aufenthalt nicht einen Hauch von Abenteuer und Magie, indem Sie eine <strong>ungew\u00f6hnliche Unterkunft buchen<\/strong>? <\/p>\n\n\n\n<figure class=\"wp-block-image size-full animated slideInRight delay-200ms slow\"><a href=\"https:\/\/www.domaine-de-kervallon.com\/wp-content\/uploads\/2022\/11\/Domaine-de-Kervallon-vue-du-ciel-domaine.jpg\"><img decoding=\"async\" width=\"900\" height=\"600\" src=\"https:\/\/www.domaine-de-kervallon.com\/wp-content\/uploads\/2022\/11\/Domaine-de-Kervallon-vue-du-ciel-domaine.jpg\" alt=\"Domaine de Kervallon aus der Luft Domaine\" class=\"wp-image-4593\" srcset=\"https:\/\/www.domaine-de-kervallon.com\/wp-content\/uploads\/2022\/11\/Domaine-de-Kervallon-vue-du-ciel-domaine.jpg 900w, https:\/\/www.domaine-de-kervallon.com\/wp-content\/uploads\/2022\/11\/Domaine-de-Kervallon-vue-du-ciel-domaine-300x200.jpg 300w, https:\/\/www.domaine-de-kervallon.com\/wp-content\/uploads\/2022\/11\/Domaine-de-Kervallon-vue-du-ciel-domaine-768x512.jpg 768w\" sizes=\"(max-width: 900px) 100vw, 900px\" \/><\/a><\/figure>\n<\/div>\n<\/div>\n\n\r\n    <\/div>\r\n<\/section><section id=\"ls-section-block_c0322d46b8960916ac7484cd1e43712f\" class=\"ls-section  page-maillage has-background has-color-5-background-color has-p-t p-t-14 has-p-b p-b-20\" >\r\n        <div class=\"container container--wide\">\r\n        \n\n<div id=\"ls-heading ls-titre-div-block_839d7e49e911ee5943d41f9ab29e8753\" class=\"ls-titre-div aligncenter h2-like\" >\n    Entdecken Sie unsere Mobilheime, unsere ungew\u00f6hnlichen Mietobjekte und unsere Stellpl\u00e4tze inmitten der Natur!<\/div>\n\n\n<div id=\"ls-maillage-block_b39a7a93076a1db9661f929223a72923\" class=\"ls-maillage cta-style-normal\" data-rows=\"3\">\r\n    <div class=\"wp-block-columns\"><div class=\"wp-block-column\">\n\n<a href=\"https:\/\/www.domaine-de-kervallon.com\/de\/vermietung-stellplatz-morbihan\/\" target=\"\" rel=\"noopener\" class=\"ls-cta__link\">\n\n\t<div class=\"ls-cta__image\"><img decoding=\"async\" src=\"https:\/\/www.domaine-de-kervallon.com\/wp-content\/uploads\/2022\/12\/van-kervallon.jpg\" alt=\"van kervallon\"><\/div>\n\t<div class=\"ls-cta__title\">\n\t\tUnsere Campingpl\u00e4tze\t<\/div>\n\n\n\t<div class=\"ls-cta__distance\">\n\t\t\t<\/div>\n\n\n\n\t\t\n<\/a><\/div><div class=\"wp-block-column\">\n\n<a href=\"https:\/\/www.domaine-de-kervallon.com\/de\/campingplatze-ungewoehnliche-bretagne-morbihan\/\" target=\"\" rel=\"noopener\" class=\"ls-cta__link\">\n\n\t<div class=\"ls-cta__image\"><img decoding=\"async\" src=\"https:\/\/www.domaine-de-kervallon.com\/wp-content\/uploads\/2024\/12\/hebergement-insolite-camping-morbihan.webp\" alt=\"ungew\u00f6hnliche unterkunft camping morbihan\"><\/div>\n\t<div class=\"ls-cta__title\">\n\t\tUnsere ungew\u00f6hnlichen Ferienh\u00e4user\t<\/div>\n\n\n\t<div class=\"ls-cta__distance\">\n\t\t\t<\/div>\n\n\n\n\t\t\n<\/a><\/div><\/div><\/div>\n\r\n    <\/div>\r\n<\/section>","protected":false},"excerpt":{"rendered":"","protected":false},"author":1,"featured_media":48401,"parent":0,"menu_order":0,"comment_status":"closed","ping_status":"closed","template":"","meta":{"_acf_changed":false,"footnotes":""},"sujet":[],"class_list":["post-48399","page","type-page","status-publish","has-post-thumbnail","hentry"],"acf":[],"yoast_head":"<!-- This site is optimized with the Yoast SEO plugin v26.9 - https:\/\/yoast.com\/product\/yoast-seo-wordpress\/ -->\n<title>Camping Bretagne g\u00fcnstig | Camping Morbihan g\u00fcnstig | 56<\/title>\n<meta name=\"description\" content=\"Sie suchen einen g\u00fcnstigen Campingplatz in der Bretagne f\u00fcr Ihren n\u00e4chsten Urlaub? Verbringen Sie einen Campingurlaub zu Discountpreisen im Morbihan auf Domaine de Kervallon!\" \/>\n<meta name=\"robots\" content=\"index, follow, max-snippet:-1, max-image-preview:large, max-video-preview:-1\" \/>\n<link rel=\"canonical\" href=\"https:\/\/www.domaine-de-kervallon.com\/de\/guenstiges-camping-bretagne-morbihan-56\/\" \/>\n<meta property=\"og:locale\" content=\"fr_FR\" \/>\n<meta property=\"og:type\" content=\"article\" \/>\n<meta property=\"og:title\" content=\"Camping Bretagne g\u00fcnstig | Camping Morbihan g\u00fcnstig | 56\" \/>\n<meta property=\"og:description\" content=\"Sie suchen einen g\u00fcnstigen Campingplatz in der Bretagne f\u00fcr Ihren n\u00e4chsten Urlaub? Verbringen Sie einen Campingurlaub zu Discountpreisen im Morbihan auf Domaine de Kervallon!\" \/>\n<meta property=\"og:url\" content=\"https:\/\/www.domaine-de-kervallon.com\/de\/guenstiges-camping-bretagne-morbihan-56\/\" \/>\n<meta property=\"og:site_name\" content=\"Domaine de Kervallon\" \/>\n<meta property=\"article:modified_time\" content=\"2025-12-01T09:29:59+00:00\" \/>\n<meta property=\"og:image\" content=\"https:\/\/www.domaine-de-kervallon.com\/wp-content\/uploads\/2022\/11\/groupe-amis-camping-discussion.jpg\" \/>\n\t<meta property=\"og:image:width\" content=\"1600\" \/>\n\t<meta property=\"og:image:height\" content=\"589\" \/>\n\t<meta property=\"og:image:type\" content=\"image\/jpeg\" \/>\n<meta name=\"twitter:card\" content=\"summary_large_image\" \/>\n<meta name=\"twitter:label1\" content=\"Dur\u00e9e de lecture estim\u00e9e\" \/>\n\t<meta name=\"twitter:data1\" content=\"3 minutes\" \/>\n<script type=\"application\/ld+json\" class=\"yoast-schema-graph\">{\"@context\":\"https:\/\/schema.org\",\"@graph\":[{\"@type\":\"WebPage\",\"@id\":\"https:\/\/www.domaine-de-kervallon.com\/de\/guenstiges-camping-bretagne-morbihan-56\/\",\"url\":\"https:\/\/www.domaine-de-kervallon.com\/de\/guenstiges-camping-bretagne-morbihan-56\/\",\"name\":\"Camping Bretagne g\u00fcnstig | Camping Morbihan g\u00fcnstig | 56\",\"isPartOf\":{\"@id\":\"https:\/\/www.domaine-de-kervallon.com\/de\/#website\"},\"primaryImageOfPage\":{\"@id\":\"https:\/\/www.domaine-de-kervallon.com\/de\/guenstiges-camping-bretagne-morbihan-56\/#primaryimage\"},\"image\":{\"@id\":\"https:\/\/www.domaine-de-kervallon.com\/de\/guenstiges-camping-bretagne-morbihan-56\/#primaryimage\"},\"thumbnailUrl\":\"https:\/\/www.domaine-de-kervallon.com\/wp-content\/uploads\/2022\/11\/groupe-amis-camping-discussion.jpg\",\"datePublished\":\"2025-11-26T13:02:35+00:00\",\"dateModified\":\"2025-12-01T09:29:59+00:00\",\"description\":\"Sie suchen einen g\u00fcnstigen Campingplatz in der Bretagne f\u00fcr Ihren n\u00e4chsten Urlaub? Verbringen Sie einen Campingurlaub zu Discountpreisen im Morbihan auf Domaine de Kervallon!\",\"breadcrumb\":{\"@id\":\"https:\/\/www.domaine-de-kervallon.com\/de\/guenstiges-camping-bretagne-morbihan-56\/#breadcrumb\"},\"inLanguage\":\"fr-FR\",\"potentialAction\":[{\"@type\":\"ReadAction\",\"target\":[\"https:\/\/www.domaine-de-kervallon.com\/de\/guenstiges-camping-bretagne-morbihan-56\/\"]}]},{\"@type\":\"ImageObject\",\"inLanguage\":\"fr-FR\",\"@id\":\"https:\/\/www.domaine-de-kervallon.com\/de\/guenstiges-camping-bretagne-morbihan-56\/#primaryimage\",\"url\":\"https:\/\/www.domaine-de-kervallon.com\/wp-content\/uploads\/2022\/11\/groupe-amis-camping-discussion.jpg\",\"contentUrl\":\"https:\/\/www.domaine-de-kervallon.com\/wp-content\/uploads\/2022\/11\/groupe-amis-camping-discussion.jpg\",\"width\":1600,\"height\":589,\"caption\":\"Freundeskreis Camping Diskussion Kervallon\"},{\"@type\":\"BreadcrumbList\",\"@id\":\"https:\/\/www.domaine-de-kervallon.com\/de\/guenstiges-camping-bretagne-morbihan-56\/#breadcrumb\",\"itemListElement\":[{\"@type\":\"ListItem\",\"position\":1,\"name\":\"Camping Broceliande dans le Morbihan\",\"item\":\"https:\/\/www.domaine-de-kervallon.com\/de\/\"},{\"@type\":\"ListItem\",\"position\":2,\"name\":\"G\u00fcnstige Campingpl\u00e4tze in der Bretagne in Morbihan\"}]},{\"@type\":\"WebSite\",\"@id\":\"https:\/\/www.domaine-de-kervallon.com\/de\/#website\",\"url\":\"https:\/\/www.domaine-de-kervallon.com\/de\/\",\"name\":\"Domaine de Kervallon\",\"description\":\"\",\"publisher\":{\"@id\":\"https:\/\/www.domaine-de-kervallon.com\/de\/#organization\"},\"potentialAction\":[{\"@type\":\"SearchAction\",\"target\":{\"@type\":\"EntryPoint\",\"urlTemplate\":\"https:\/\/www.domaine-de-kervallon.com\/de\/?s={search_term_string}\"},\"query-input\":{\"@type\":\"PropertyValueSpecification\",\"valueRequired\":true,\"valueName\":\"search_term_string\"}}],\"inLanguage\":\"fr-FR\"},{\"@type\":\"Organization\",\"@id\":\"https:\/\/www.domaine-de-kervallon.com\/de\/#organization\",\"name\":\"Domaine de Kervallon\",\"url\":\"https:\/\/www.domaine-de-kervallon.com\/de\/\",\"logo\":{\"@type\":\"ImageObject\",\"inLanguage\":\"fr-FR\",\"@id\":\"https:\/\/www.domaine-de-kervallon.com\/de\/#\/schema\/logo\/image\/\",\"url\":\"https:\/\/www.domaine-de-kervallon.com\/wp-content\/uploads\/2022\/10\/logo-domaine-de-kervallon-couleur.png\",\"contentUrl\":\"https:\/\/www.domaine-de-kervallon.com\/wp-content\/uploads\/2022\/10\/logo-domaine-de-kervallon-couleur.png\",\"width\":1600,\"height\":583,\"caption\":\"Domaine de Kervallon\"},\"image\":{\"@id\":\"https:\/\/www.domaine-de-kervallon.com\/de\/#\/schema\/logo\/image\/\"}}]}<\/script>\n<!-- \/ Yoast SEO plugin. -->","yoast_head_json":{"title":"Camping Bretagne g\u00fcnstig | Camping Morbihan g\u00fcnstig | 56","description":"Sie suchen einen g\u00fcnstigen Campingplatz in der Bretagne f\u00fcr Ihren n\u00e4chsten Urlaub? Verbringen Sie einen Campingurlaub zu Discountpreisen im Morbihan auf Domaine de Kervallon!","robots":{"index":"index","follow":"follow","max-snippet":"max-snippet:-1","max-image-preview":"max-image-preview:large","max-video-preview":"max-video-preview:-1"},"canonical":"https:\/\/www.domaine-de-kervallon.com\/de\/guenstiges-camping-bretagne-morbihan-56\/","og_locale":"fr_FR","og_type":"article","og_title":"Camping Bretagne g\u00fcnstig | Camping Morbihan g\u00fcnstig | 56","og_description":"Sie suchen einen g\u00fcnstigen Campingplatz in der Bretagne f\u00fcr Ihren n\u00e4chsten Urlaub? Verbringen Sie einen Campingurlaub zu Discountpreisen im Morbihan auf Domaine de Kervallon!","og_url":"https:\/\/www.domaine-de-kervallon.com\/de\/guenstiges-camping-bretagne-morbihan-56\/","og_site_name":"Domaine de Kervallon","article_modified_time":"2025-12-01T09:29:59+00:00","og_image":[{"width":1600,"height":589,"url":"https:\/\/www.domaine-de-kervallon.com\/wp-content\/uploads\/2022\/11\/groupe-amis-camping-discussion.jpg","type":"image\/jpeg"}],"twitter_card":"summary_large_image","twitter_misc":{"Dur\u00e9e de lecture estim\u00e9e":"3 minutes"},"schema":{"@context":"https:\/\/schema.org","@graph":[{"@type":"WebPage","@id":"https:\/\/www.domaine-de-kervallon.com\/de\/guenstiges-camping-bretagne-morbihan-56\/","url":"https:\/\/www.domaine-de-kervallon.com\/de\/guenstiges-camping-bretagne-morbihan-56\/","name":"Camping Bretagne g\u00fcnstig | Camping Morbihan g\u00fcnstig | 56","isPartOf":{"@id":"https:\/\/www.domaine-de-kervallon.com\/de\/#website"},"primaryImageOfPage":{"@id":"https:\/\/www.domaine-de-kervallon.com\/de\/guenstiges-camping-bretagne-morbihan-56\/#primaryimage"},"image":{"@id":"https:\/\/www.domaine-de-kervallon.com\/de\/guenstiges-camping-bretagne-morbihan-56\/#primaryimage"},"thumbnailUrl":"https:\/\/www.domaine-de-kervallon.com\/wp-content\/uploads\/2022\/11\/groupe-amis-camping-discussion.jpg","datePublished":"2025-11-26T13:02:35+00:00","dateModified":"2025-12-01T09:29:59+00:00","description":"Sie suchen einen g\u00fcnstigen Campingplatz in der Bretagne f\u00fcr Ihren n\u00e4chsten Urlaub? Verbringen Sie einen Campingurlaub zu Discountpreisen im Morbihan auf Domaine de Kervallon!","breadcrumb":{"@id":"https:\/\/www.domaine-de-kervallon.com\/de\/guenstiges-camping-bretagne-morbihan-56\/#breadcrumb"},"inLanguage":"fr-FR","potentialAction":[{"@type":"ReadAction","target":["https:\/\/www.domaine-de-kervallon.com\/de\/guenstiges-camping-bretagne-morbihan-56\/"]}]},{"@type":"ImageObject","inLanguage":"fr-FR","@id":"https:\/\/www.domaine-de-kervallon.com\/de\/guenstiges-camping-bretagne-morbihan-56\/#primaryimage","url":"https:\/\/www.domaine-de-kervallon.com\/wp-content\/uploads\/2022\/11\/groupe-amis-camping-discussion.jpg","contentUrl":"https:\/\/www.domaine-de-kervallon.com\/wp-content\/uploads\/2022\/11\/groupe-amis-camping-discussion.jpg","width":1600,"height":589,"caption":"Freundeskreis Camping Diskussion Kervallon"},{"@type":"BreadcrumbList","@id":"https:\/\/www.domaine-de-kervallon.com\/de\/guenstiges-camping-bretagne-morbihan-56\/#breadcrumb","itemListElement":[{"@type":"ListItem","position":1,"name":"Camping Broceliande dans le Morbihan","item":"https:\/\/www.domaine-de-kervallon.com\/de\/"},{"@type":"ListItem","position":2,"name":"G\u00fcnstige Campingpl\u00e4tze in der Bretagne in Morbihan"}]},{"@type":"WebSite","@id":"https:\/\/www.domaine-de-kervallon.com\/de\/#website","url":"https:\/\/www.domaine-de-kervallon.com\/de\/","name":"Domaine de Kervallon","description":"","publisher":{"@id":"https:\/\/www.domaine-de-kervallon.com\/de\/#organization"},"potentialAction":[{"@type":"SearchAction","target":{"@type":"EntryPoint","urlTemplate":"https:\/\/www.domaine-de-kervallon.com\/de\/?s={search_term_string}"},"query-input":{"@type":"PropertyValueSpecification","valueRequired":true,"valueName":"search_term_string"}}],"inLanguage":"fr-FR"},{"@type":"Organization","@id":"https:\/\/www.domaine-de-kervallon.com\/de\/#organization","name":"Domaine de Kervallon","url":"https:\/\/www.domaine-de-kervallon.com\/de\/","logo":{"@type":"ImageObject","inLanguage":"fr-FR","@id":"https:\/\/www.domaine-de-kervallon.com\/de\/#\/schema\/logo\/image\/","url":"https:\/\/www.domaine-de-kervallon.com\/wp-content\/uploads\/2022\/10\/logo-domaine-de-kervallon-couleur.png","contentUrl":"https:\/\/www.domaine-de-kervallon.com\/wp-content\/uploads\/2022\/10\/logo-domaine-de-kervallon-couleur.png","width":1600,"height":583,"caption":"Domaine de Kervallon"},"image":{"@id":"https:\/\/www.domaine-de-kervallon.com\/de\/#\/schema\/logo\/image\/"}}]}},"_links":{"self":[{"href":"https:\/\/www.domaine-de-kervallon.com\/de\/wp-json\/wp\/v2\/pages\/48399","targetHints":{"allow":["GET"]}}],"collection":[{"href":"https:\/\/www.domaine-de-kervallon.com\/de\/wp-json\/wp\/v2\/pages"}],"about":[{"href":"https:\/\/www.domaine-de-kervallon.com\/de\/wp-json\/wp\/v2\/types\/page"}],"author":[{"embeddable":true,"href":"https:\/\/www.domaine-de-kervallon.com\/de\/wp-json\/wp\/v2\/users\/1"}],"replies":[{"embeddable":true,"href":"https:\/\/www.domaine-de-kervallon.com\/de\/wp-json\/wp\/v2\/comments?post=48399"}],"version-history":[{"count":6,"href":"https:\/\/www.domaine-de-kervallon.com\/de\/wp-json\/wp\/v2\/pages\/48399\/revisions"}],"predecessor-version":[{"id":50294,"href":"https:\/\/www.domaine-de-kervallon.com\/de\/wp-json\/wp\/v2\/pages\/48399\/revisions\/50294"}],"wp:featuredmedia":[{"embeddable":true,"href":"https:\/\/www.domaine-de-kervallon.com\/de\/wp-json\/wp\/v2\/media\/48401"}],"wp:attachment":[{"href":"https:\/\/www.domaine-de-kervallon.com\/de\/wp-json\/wp\/v2\/media?parent=48399"}],"wp:term":[{"taxonomy":"sujet","embeddable":true,"href":"https:\/\/www.domaine-de-kervallon.com\/de\/wp-json\/wp\/v2\/sujet?post=48399"}],"curies":[{"name":"wp","href":"https:\/\/api.w.org\/{rel}","templated":true}]}}