{"id":48231,"date":"2025-11-26T14:02:18","date_gmt":"2025-11-26T13:02:18","guid":{"rendered":"https:\/\/www.domaine-de-kervallon.com\/glamping-morbihan\/"},"modified":"2025-11-26T16:48:18","modified_gmt":"2025-11-26T15:48:18","slug":"glamping-morbihan","status":"publish","type":"page","link":"https:\/\/www.domaine-de-kervallon.com\/de\/glamping-morbihan\/","title":{"rendered":"Der Campingplatz"},"content":{"rendered":"<section id=\"ls-section-block_1d22bad71dcf0aba3d54f93b7c471287\" class=\"ls-section  page-intro has-p-t p-t-14 has-p-b p-b-7\" >\r\n        <div class=\"container container--wide\">\r\n        \n\n<h1 class=\"ls__heading wp-block-heading has-text-align-center animated fadeInUp delay-200ms slow\"><span class=\"bold\">Urlaub <\/span> im <span class=\"bold\">Freien <\/span><br\/>auf dem Campingplatz Morbihan<\/h1>\n\n\r\n    <\/div>\r\n<\/section><section id=\"ls-section-block_1f2b7d4d0fe73bd01a7dfaa126ef55c1\" class=\"ls-section  page-parallaxe has-background-image has-parallax has-background has-color-2-background-color has-p-t p-t-14 has-p-b p-b-14\" >\r\n    <div class=\"ls-section__background-image opacity-25\"><img decoding=\"async\" src=\"https:\/\/www.domaine-de-kervallon.com\/wp-content\/uploads\/2022\/11\/kervallon-cottage-nature.jpg\" alt=\"kervallon cottage nature\"><\/div>    <div class=\"container container--wide\">\r\n        \n\n<div class=\"wp-block-columns is-layout-flex wp-container-core-columns-is-layout-9d6595d7 wp-block-columns-is-layout-flex\">\n<div class=\"wp-block-column is-vertically-aligned-center is-layout-flow wp-block-column-is-layout-flow\">\n<p class=\"ls-paragraph paragraph-deco has-color-white-color has-text-color\">Ihr Outdoor-Hotel in Broc\u00e9liande<\/p>\n<\/div>\n\n\n\n<div class=\"wp-block-column is-vertically-aligned-center animated fadeInRight delay-200ms slow is-layout-flow wp-block-column-is-layout-flow\">\n<h2 class=\"ls__heading wp-block-heading\">Campingplatz Broc\u00e9liande inmitten der Natur<\/h2>\n\n\n\n<p class=\"ls-paragraph\">Unser Glamping in der Bretagne liegt mitten in der Natur, in Caro, auf einem gr\u00fcnen Gel\u00e4nde am Rande des Waldes von Broc\u00e9liande, und empf\u00e4ngt Ihre Wohnmobile auf ger\u00e4umigen Stellpl\u00e4tzen, die auch traditionelle Camper begeistern werden. Unser Freilufthotel ist ein gr\u00fcnes Schmuckk\u00e4stchen in 56 km Entfernung und hat an der Qualit\u00e4t seiner Infrastruktur nicht gespart, wie z.B. unsere komplett ausgestatteten Mobilheime und unser Wasserpark mit Schwimmbad, Planschbecken und brandneuen Rutschen f\u00fcr die ganze Familie! Hier finden Sie die Nat\u00fcrlichkeit eines alten Campingplatzes und den Komfort moderner Einrichtungen, alles f\u00fcr einen unvergesslichen Aufenthalt auf unserem <a href=\"https:\/\/www.domaine-de-kervallon.com\/de\/campingplatz-morbihan-mit-wasserpark\/\">Campingplatz mit Wasserpark im Morbihan<\/a>! Romantische, ethnische und Cocooning-Atmosph\u00e4re&#8230; finden Sie Ruhe und Frieden f\u00fcr eine Auszeit zu zweit, einen Natururlaub mit Freunden oder einen ungew\u00f6hnlichen Familienurlaub. Unsere Anlage verf\u00fcgt auch \u00fcber einen Empfangsraum f\u00fcr Gruppenveranstaltungen und Sie k\u00f6nnen sie f\u00fcr eine Hochzeit oder ein Glamping-Seminar privatisieren! Nutzen Sie dieses Angebot f\u00fcr einen <a href=\"https:\/\/www.domaine-de-kervallon.com\/de\/guenstiges-camping-bretagne-morbihan-56\/\">Campingplatz in Morbihan<\/a>!    <\/p>\n<\/div>\n<\/div>\n\n\r\n    <\/div>\r\n<\/section><section id=\"ls-section-block_3e54aa65001ddfe146fdac047236ea17\" class=\"ls-section  page-one has-p-t p-t-14 has-p-b p-b-14\" >\r\n        <div class=\"container container--wide\">\r\n        \n\n<div class=\"wp-block-columns is-layout-flex wp-container-core-columns-is-layout-9d6595d7 wp-block-columns-is-layout-flex\">\n<div class=\"wp-block-column is-vertically-aligned-top animated slideInLeft delay-200ms slow is-layout-flow wp-block-column-is-layout-flow\" style=\"flex-basis:60%\">\n<figure class=\"wp-block-image size-full\"><a href=\"https:\/\/www.domaine-de-kervallon.com\/wp-content\/uploads\/2024\/12\/hebergement-insolite-camping-morbihan.webp\"><img decoding=\"async\" width=\"900\" height=\"675\" src=\"https:\/\/www.domaine-de-kervallon.com\/wp-content\/uploads\/2024\/12\/hebergement-insolite-camping-morbihan.webp\" alt=\"ungew&#xF6;hnliche unterkunft camping morbihan\" class=\"wp-image-43387\" srcset=\"https:\/\/www.domaine-de-kervallon.com\/wp-content\/uploads\/2024\/12\/hebergement-insolite-camping-morbihan.webp 900w, https:\/\/www.domaine-de-kervallon.com\/wp-content\/uploads\/2024\/12\/hebergement-insolite-camping-morbihan-300x225.webp 300w, https:\/\/www.domaine-de-kervallon.com\/wp-content\/uploads\/2024\/12\/hebergement-insolite-camping-morbihan-768x576.webp 768w\" sizes=\"(max-width: 900px) 100vw, 900px\" \/><\/a><\/figure>\n<\/div>\n\n\n\n<div class=\"wp-block-column is-vertically-aligned-top is-layout-flow wp-block-column-is-layout-flow\" style=\"flex-basis:40%\">\n<h2 class=\"ls__heading wp-block-heading\">Ungew\u00f6hnlicher Campingplatz Morbihan<\/h2>\n\n\n\n<p class=\"ls-paragraph has-text-align-left paragraph-deco\">Ein ungew\u00f6hnliches Erlebnis inmitten der Natur<\/p>\n\n\n\n<p class=\"ls-paragraph\">F\u00fcr Abenteurer und all diejenigen, die w\u00e4hrend ihres <a href=\"https:\/\/www.domaine-de-kervallon.com\/de\/ferien-campigplatz-morbihan\/\">Urlaubs in 56 dem Alltag<\/a> entfliehen m\u00f6chten, bietet die Glamping Domaine de Kervallon auch ungew\u00f6hnliche Unterk\u00fcnfte aus anderen L\u00e4ndern an! Die Dom\u00e4ne ist mit Lodge-Zelten und Holzchalets ausgestattet. <\/p>\n<\/div>\n<\/div>\n\n\r\n    <\/div>\r\n<\/section><section id=\"ls-section-block_fb201ae4b2aedbe9d970f1cce1e0ef52\" class=\"ls-section  page-three has-p-t p-t-14 has-p-b p-b-14\" >\r\n        <div class=\"container container--wide\">\r\n        \n\n<div class=\"wp-block-columns is-layout-flex wp-container-core-columns-is-layout-9d6595d7 wp-block-columns-is-layout-flex\">\n<div class=\"wp-block-column left is-layout-flow wp-block-column-is-layout-flow\">\n<figure class=\"wp-block-image size-full animated slideInLeft delay-200ms slow\"><a href=\"https:\/\/www.domaine-de-kervallon.com\/wp-content\/uploads\/2022\/12\/famille-kervallon-lodge-ponton.jpg\"><img decoding=\"async\" width=\"1024\" height=\"683\" src=\"https:\/\/www.domaine-de-kervallon.com\/wp-content\/uploads\/2022\/12\/famille-kervallon-lodge-ponton.jpg\" alt=\"Familie Kervallon Lodge Ponton\" class=\"wp-image-7325\" srcset=\"https:\/\/www.domaine-de-kervallon.com\/wp-content\/uploads\/2022\/12\/famille-kervallon-lodge-ponton.jpg 1024w, https:\/\/www.domaine-de-kervallon.com\/wp-content\/uploads\/2022\/12\/famille-kervallon-lodge-ponton-300x200.jpg 300w, https:\/\/www.domaine-de-kervallon.com\/wp-content\/uploads\/2022\/12\/famille-kervallon-lodge-ponton-768x512.jpg 768w\" sizes=\"(max-width: 1024px) 100vw, 1024px\" \/><\/a><\/figure>\n\n\n\n<p class=\"ls-paragraph\">So k\u00f6nnen Sie w\u00e4hrend Ihres Aufenthalts in Gemeinschaft mit der Natur Kraft tanken und sich an Ihren Urlaub auf unserem <a href=\"https:\/\/www.domaine-de-kervallon.com\/de\/campingplatz-morbihan-mit-wasserpark\/camping-wellnessbereich-morbihan\/\">Campingplatz mit Jacuzzi in der s\u00fcdlichen Bretagne<\/a> erinnern!<\/p>\n\n\n\n<p class=\"ls-paragraph\">Entdecken Sie unsere beliebtesten Glamping-Unterk\u00fcnfte: <a href=\"\/location-mobil-home-morbihan\/cabane-lodge-premium\/\">Das Lodge-Zelt in Morbihan<\/a><\/p>\n<\/div>\n\n\n\n<div class=\"wp-block-column is-vertically-aligned-center right is-layout-flow wp-block-column-is-layout-flow\">\n<p class=\"ls-paragraph\">Wir sind der Meinung, dass Urlaub dazu da ist, das Leben zu ver\u00e4ndern und den Alltag hinter sich zu lassen. Deshalb haben wir einen \u00fcberschaubaren Campingplatz entwickelt, auf dem eine freundliche und famili\u00e4re Atmosph\u00e4re herrscht.  <\/p>\n\n\n\n<p class=\"ls-paragraph\">Nicht zu vergessen unser kleines, hoch gelegenes &#8222;Dorf&#8220; Les Terrasses de Kervallon, das mit seinen 4 Metern H\u00f6he, seiner Sauna und seinem Jacuzzi ein Muss f\u00fcr Ihr Glamping in Morbihan sein wird.<\/p>\n\n\n\n<figure class=\"wp-block-image size-full animated slideInRight delay-200ms slow\"><a href=\"https:\/\/www.domaine-de-kervallon.com\/wp-content\/uploads\/2022\/12\/famille-kervallon-tente-jeux.jpg\"><img decoding=\"async\" width=\"1024\" height=\"768\" src=\"https:\/\/www.domaine-de-kervallon.com\/wp-content\/uploads\/2022\/12\/famille-kervallon-tente-jeux.jpg\" alt=\"Familie Kervallon Zelt Spiele\" class=\"wp-image-7327\" srcset=\"https:\/\/www.domaine-de-kervallon.com\/wp-content\/uploads\/2022\/12\/famille-kervallon-tente-jeux.jpg 1024w, https:\/\/www.domaine-de-kervallon.com\/wp-content\/uploads\/2022\/12\/famille-kervallon-tente-jeux-300x225.jpg 300w, https:\/\/www.domaine-de-kervallon.com\/wp-content\/uploads\/2022\/12\/famille-kervallon-tente-jeux-768x576.jpg 768w\" sizes=\"(max-width: 1024px) 100vw, 1024px\" \/><\/a><\/figure>\n<\/div>\n<\/div>\n\n\r\n    <\/div>\r\n<\/section><section id=\"ls-section-block_71f6c99d30625755be2e55c4f1c81cbe\" class=\"ls-section  page-maillage has-background has-color-5-background-color has-p-t p-t-14 has-p-b p-b-20\" >\r\n        <div class=\"container container--wide\">\r\n        \n\n<div id=\"ls-heading ls-titre-div-block_0ec1e07fe05fc99abde016416acf692a\" class=\"ls-titre-div aligncenter h2-like\" >\n    Entdecken Sie unsere ungew\u00f6hnlichen Mietunterk\u00fcnfte, unsere Preise und unsere Natur-Stellpl\u00e4tze!<\/div>\n\n\n<div id=\"ls-maillage-block_c3521ff0311f1f7b03612c01e9e6c474\" class=\"ls-maillage cta-style-normal\" data-rows=\"3\">\r\n    <div class=\"wp-block-columns\"><div class=\"wp-block-column\">\n\n<a href=\"https:\/\/www.domaine-de-kervallon.com\/de\/vermietung-stellplatz-morbihan\/\" target=\"\" rel=\"noopener\" class=\"ls-cta__link\">\n\n\t<div class=\"ls-cta__image\"><img decoding=\"async\" src=\"https:\/\/www.domaine-de-kervallon.com\/wp-content\/uploads\/2022\/12\/van-kervallon.jpg\" alt=\"van kervallon\"><\/div>\n\t<div class=\"ls-cta__title\">\n\t\tUnsere Campingpl\u00e4tze\t<\/div>\n\n\n\t<div class=\"ls-cta__distance\">\n\t\t\t<\/div>\n\n\n\n\t\t\n<\/a><\/div><div class=\"wp-block-column\">\n\n<a href=\"https:\/\/www.domaine-de-kervallon.com\/de\/guenstiges-camping-bretagne-morbihan-56\/\" target=\"\" rel=\"noopener\" class=\"ls-cta__link\">\n\n\t<div class=\"ls-cta__image\"><img decoding=\"async\" src=\"https:\/\/www.domaine-de-kervallon.com\/wp-content\/uploads\/2022\/11\/couple-discussion-camping-kervallon.jpg\" alt=\"Camping f\u00fcr Paare in der Bretagne\"><\/div>\n\t<div class=\"ls-cta__title\">\n\t\tUnsere Angebote und Preise\t<\/div>\n\n\n\t<div class=\"ls-cta__distance\">\n\t\t\t<\/div>\n\n\n\n\t\t\n<\/a><\/div><div class=\"wp-block-column\">\n\n<a href=\"https:\/\/www.domaine-de-kervallon.com\/de\/campingplatze-ungewoehnliche-bretagne-morbihan\/\" target=\"\" rel=\"noopener\" class=\"ls-cta__link\">\n\n\t<div class=\"ls-cta__image\"><img decoding=\"async\" src=\"https:\/\/www.domaine-de-kervallon.com\/wp-content\/uploads\/2024\/12\/hebergement-insolite-camping-morbihan.webp\" alt=\"ungew\u00f6hnliche unterkunft camping morbihan\"><\/div>\n\t<div class=\"ls-cta__title\">\n\t\tUnsere ungew\u00f6hnlichen Ferienh\u00e4user\t<\/div>\n\n\n\t<div class=\"ls-cta__distance\">\n\t\t\t<\/div>\n\n\n\n\t\t\n<\/a><\/div><\/div><\/div>\n\r\n    <\/div>\r\n<\/section>","protected":false},"excerpt":{"rendered":"","protected":false},"author":1,"featured_media":48244,"parent":0,"menu_order":0,"comment_status":"closed","ping_status":"closed","template":"","meta":{"_acf_changed":false,"footnotes":""},"sujet":[],"class_list":["post-48231","page","type-page","status-publish","has-post-thumbnail","hentry"],"acf":[],"yoast_head":"<!-- This site is optimized with the Yoast SEO plugin v26.9 - https:\/\/yoast.com\/product\/yoast-seo-wordpress\/ -->\n<title>Glamping Bretagne | Naturcamping, glamour\u00f6s und ungew\u00f6hnlich Morbihan 56<\/title>\n<meta name=\"description\" content=\"Die Domaine de Kervallon bietet Ihnen verschiedene ungew\u00f6hnliche Unterk\u00fcnfte, die Sie in Morbihan f\u00fcr Ihren Glamping-Urlaub in der Bretagne mieten k\u00f6nnen!\" \/>\n<meta name=\"robots\" content=\"index, follow, max-snippet:-1, max-image-preview:large, max-video-preview:-1\" \/>\n<link rel=\"canonical\" href=\"https:\/\/www.domaine-de-kervallon.com\/de\/glamping-morbihan\/\" \/>\n<meta property=\"og:locale\" content=\"fr_FR\" \/>\n<meta property=\"og:type\" content=\"article\" \/>\n<meta property=\"og:title\" content=\"Glamping Bretagne | Naturcamping, glamour\u00f6s und ungew\u00f6hnlich Morbihan 56\" \/>\n<meta property=\"og:description\" content=\"Die Domaine de Kervallon bietet Ihnen verschiedene ungew\u00f6hnliche Unterk\u00fcnfte, die Sie in Morbihan f\u00fcr Ihren Glamping-Urlaub in der Bretagne mieten k\u00f6nnen!\" \/>\n<meta property=\"og:url\" content=\"https:\/\/www.domaine-de-kervallon.com\/de\/glamping-morbihan\/\" \/>\n<meta property=\"og:site_name\" content=\"Domaine de Kervallon\" \/>\n<meta property=\"article:modified_time\" content=\"2025-11-26T15:48:18+00:00\" \/>\n<meta property=\"og:image\" content=\"https:\/\/www.domaine-de-kervallon.com\/wp-content\/uploads\/2022\/11\/tiny-house-kervallon-nature.jpg\" \/>\n\t<meta property=\"og:image:width\" content=\"1600\" \/>\n\t<meta property=\"og:image:height\" content=\"1067\" \/>\n\t<meta property=\"og:image:type\" content=\"image\/jpeg\" \/>\n<meta name=\"twitter:card\" content=\"summary_large_image\" \/>\n<meta name=\"twitter:label1\" content=\"Dur\u00e9e de lecture estim\u00e9e\" \/>\n\t<meta name=\"twitter:data1\" content=\"2 minutes\" \/>\n<script type=\"application\/ld+json\" class=\"yoast-schema-graph\">{\"@context\":\"https:\/\/schema.org\",\"@graph\":[{\"@type\":\"WebPage\",\"@id\":\"https:\/\/www.domaine-de-kervallon.com\/de\/glamping-morbihan\/\",\"url\":\"https:\/\/www.domaine-de-kervallon.com\/de\/glamping-morbihan\/\",\"name\":\"Glamping Bretagne | Naturcamping, glamour\u00f6s und ungew\u00f6hnlich Morbihan 56\",\"isPartOf\":{\"@id\":\"https:\/\/www.domaine-de-kervallon.com\/de\/#website\"},\"primaryImageOfPage\":{\"@id\":\"https:\/\/www.domaine-de-kervallon.com\/de\/glamping-morbihan\/#primaryimage\"},\"image\":{\"@id\":\"https:\/\/www.domaine-de-kervallon.com\/de\/glamping-morbihan\/#primaryimage\"},\"thumbnailUrl\":\"https:\/\/www.domaine-de-kervallon.com\/wp-content\/uploads\/2022\/11\/tiny-house-kervallon-nature.jpg\",\"datePublished\":\"2025-11-26T13:02:18+00:00\",\"dateModified\":\"2025-11-26T15:48:18+00:00\",\"description\":\"Die Domaine de Kervallon bietet Ihnen verschiedene ungew\u00f6hnliche Unterk\u00fcnfte, die Sie in Morbihan f\u00fcr Ihren Glamping-Urlaub in der Bretagne mieten k\u00f6nnen!\",\"breadcrumb\":{\"@id\":\"https:\/\/www.domaine-de-kervallon.com\/de\/glamping-morbihan\/#breadcrumb\"},\"inLanguage\":\"fr-FR\",\"potentialAction\":[{\"@type\":\"ReadAction\",\"target\":[\"https:\/\/www.domaine-de-kervallon.com\/de\/glamping-morbihan\/\"]}]},{\"@type\":\"ImageObject\",\"inLanguage\":\"fr-FR\",\"@id\":\"https:\/\/www.domaine-de-kervallon.com\/de\/glamping-morbihan\/#primaryimage\",\"url\":\"https:\/\/www.domaine-de-kervallon.com\/wp-content\/uploads\/2022\/11\/tiny-house-kervallon-nature.jpg\",\"contentUrl\":\"https:\/\/www.domaine-de-kervallon.com\/wp-content\/uploads\/2022\/11\/tiny-house-kervallon-nature.jpg\",\"width\":1600,\"height\":1067,\"caption\":\"tiny house kervallon natur\"},{\"@type\":\"BreadcrumbList\",\"@id\":\"https:\/\/www.domaine-de-kervallon.com\/de\/glamping-morbihan\/#breadcrumb\",\"itemListElement\":[{\"@type\":\"ListItem\",\"position\":1,\"name\":\"Camping Broceliande dans le Morbihan\",\"item\":\"https:\/\/www.domaine-de-kervallon.com\/de\/\"},{\"@type\":\"ListItem\",\"position\":2,\"name\":\"Glamping in der Bretagne\"}]},{\"@type\":\"WebSite\",\"@id\":\"https:\/\/www.domaine-de-kervallon.com\/de\/#website\",\"url\":\"https:\/\/www.domaine-de-kervallon.com\/de\/\",\"name\":\"Domaine de Kervallon\",\"description\":\"\",\"publisher\":{\"@id\":\"https:\/\/www.domaine-de-kervallon.com\/de\/#organization\"},\"potentialAction\":[{\"@type\":\"SearchAction\",\"target\":{\"@type\":\"EntryPoint\",\"urlTemplate\":\"https:\/\/www.domaine-de-kervallon.com\/de\/?s={search_term_string}\"},\"query-input\":{\"@type\":\"PropertyValueSpecification\",\"valueRequired\":true,\"valueName\":\"search_term_string\"}}],\"inLanguage\":\"fr-FR\"},{\"@type\":\"Organization\",\"@id\":\"https:\/\/www.domaine-de-kervallon.com\/de\/#organization\",\"name\":\"Domaine de Kervallon\",\"url\":\"https:\/\/www.domaine-de-kervallon.com\/de\/\",\"logo\":{\"@type\":\"ImageObject\",\"inLanguage\":\"fr-FR\",\"@id\":\"https:\/\/www.domaine-de-kervallon.com\/de\/#\/schema\/logo\/image\/\",\"url\":\"https:\/\/www.domaine-de-kervallon.com\/wp-content\/uploads\/2022\/10\/logo-domaine-de-kervallon-couleur.png\",\"contentUrl\":\"https:\/\/www.domaine-de-kervallon.com\/wp-content\/uploads\/2022\/10\/logo-domaine-de-kervallon-couleur.png\",\"width\":1600,\"height\":583,\"caption\":\"Domaine de Kervallon\"},\"image\":{\"@id\":\"https:\/\/www.domaine-de-kervallon.com\/de\/#\/schema\/logo\/image\/\"}}]}<\/script>\n<!-- \/ Yoast SEO plugin. -->","yoast_head_json":{"title":"Glamping Bretagne | Naturcamping, glamour\u00f6s und ungew\u00f6hnlich Morbihan 56","description":"Die Domaine de Kervallon bietet Ihnen verschiedene ungew\u00f6hnliche Unterk\u00fcnfte, die Sie in Morbihan f\u00fcr Ihren Glamping-Urlaub in der Bretagne mieten k\u00f6nnen!","robots":{"index":"index","follow":"follow","max-snippet":"max-snippet:-1","max-image-preview":"max-image-preview:large","max-video-preview":"max-video-preview:-1"},"canonical":"https:\/\/www.domaine-de-kervallon.com\/de\/glamping-morbihan\/","og_locale":"fr_FR","og_type":"article","og_title":"Glamping Bretagne | Naturcamping, glamour\u00f6s und ungew\u00f6hnlich Morbihan 56","og_description":"Die Domaine de Kervallon bietet Ihnen verschiedene ungew\u00f6hnliche Unterk\u00fcnfte, die Sie in Morbihan f\u00fcr Ihren Glamping-Urlaub in der Bretagne mieten k\u00f6nnen!","og_url":"https:\/\/www.domaine-de-kervallon.com\/de\/glamping-morbihan\/","og_site_name":"Domaine de Kervallon","article_modified_time":"2025-11-26T15:48:18+00:00","og_image":[{"width":1600,"height":1067,"url":"https:\/\/www.domaine-de-kervallon.com\/wp-content\/uploads\/2022\/11\/tiny-house-kervallon-nature.jpg","type":"image\/jpeg"}],"twitter_card":"summary_large_image","twitter_misc":{"Dur\u00e9e de lecture estim\u00e9e":"2 minutes"},"schema":{"@context":"https:\/\/schema.org","@graph":[{"@type":"WebPage","@id":"https:\/\/www.domaine-de-kervallon.com\/de\/glamping-morbihan\/","url":"https:\/\/www.domaine-de-kervallon.com\/de\/glamping-morbihan\/","name":"Glamping Bretagne | Naturcamping, glamour\u00f6s und ungew\u00f6hnlich Morbihan 56","isPartOf":{"@id":"https:\/\/www.domaine-de-kervallon.com\/de\/#website"},"primaryImageOfPage":{"@id":"https:\/\/www.domaine-de-kervallon.com\/de\/glamping-morbihan\/#primaryimage"},"image":{"@id":"https:\/\/www.domaine-de-kervallon.com\/de\/glamping-morbihan\/#primaryimage"},"thumbnailUrl":"https:\/\/www.domaine-de-kervallon.com\/wp-content\/uploads\/2022\/11\/tiny-house-kervallon-nature.jpg","datePublished":"2025-11-26T13:02:18+00:00","dateModified":"2025-11-26T15:48:18+00:00","description":"Die Domaine de Kervallon bietet Ihnen verschiedene ungew\u00f6hnliche Unterk\u00fcnfte, die Sie in Morbihan f\u00fcr Ihren Glamping-Urlaub in der Bretagne mieten k\u00f6nnen!","breadcrumb":{"@id":"https:\/\/www.domaine-de-kervallon.com\/de\/glamping-morbihan\/#breadcrumb"},"inLanguage":"fr-FR","potentialAction":[{"@type":"ReadAction","target":["https:\/\/www.domaine-de-kervallon.com\/de\/glamping-morbihan\/"]}]},{"@type":"ImageObject","inLanguage":"fr-FR","@id":"https:\/\/www.domaine-de-kervallon.com\/de\/glamping-morbihan\/#primaryimage","url":"https:\/\/www.domaine-de-kervallon.com\/wp-content\/uploads\/2022\/11\/tiny-house-kervallon-nature.jpg","contentUrl":"https:\/\/www.domaine-de-kervallon.com\/wp-content\/uploads\/2022\/11\/tiny-house-kervallon-nature.jpg","width":1600,"height":1067,"caption":"tiny house kervallon natur"},{"@type":"BreadcrumbList","@id":"https:\/\/www.domaine-de-kervallon.com\/de\/glamping-morbihan\/#breadcrumb","itemListElement":[{"@type":"ListItem","position":1,"name":"Camping Broceliande dans le Morbihan","item":"https:\/\/www.domaine-de-kervallon.com\/de\/"},{"@type":"ListItem","position":2,"name":"Glamping in der Bretagne"}]},{"@type":"WebSite","@id":"https:\/\/www.domaine-de-kervallon.com\/de\/#website","url":"https:\/\/www.domaine-de-kervallon.com\/de\/","name":"Domaine de Kervallon","description":"","publisher":{"@id":"https:\/\/www.domaine-de-kervallon.com\/de\/#organization"},"potentialAction":[{"@type":"SearchAction","target":{"@type":"EntryPoint","urlTemplate":"https:\/\/www.domaine-de-kervallon.com\/de\/?s={search_term_string}"},"query-input":{"@type":"PropertyValueSpecification","valueRequired":true,"valueName":"search_term_string"}}],"inLanguage":"fr-FR"},{"@type":"Organization","@id":"https:\/\/www.domaine-de-kervallon.com\/de\/#organization","name":"Domaine de Kervallon","url":"https:\/\/www.domaine-de-kervallon.com\/de\/","logo":{"@type":"ImageObject","inLanguage":"fr-FR","@id":"https:\/\/www.domaine-de-kervallon.com\/de\/#\/schema\/logo\/image\/","url":"https:\/\/www.domaine-de-kervallon.com\/wp-content\/uploads\/2022\/10\/logo-domaine-de-kervallon-couleur.png","contentUrl":"https:\/\/www.domaine-de-kervallon.com\/wp-content\/uploads\/2022\/10\/logo-domaine-de-kervallon-couleur.png","width":1600,"height":583,"caption":"Domaine de Kervallon"},"image":{"@id":"https:\/\/www.domaine-de-kervallon.com\/de\/#\/schema\/logo\/image\/"}}]}},"_links":{"self":[{"href":"https:\/\/www.domaine-de-kervallon.com\/de\/wp-json\/wp\/v2\/pages\/48231","targetHints":{"allow":["GET"]}}],"collection":[{"href":"https:\/\/www.domaine-de-kervallon.com\/de\/wp-json\/wp\/v2\/pages"}],"about":[{"href":"https:\/\/www.domaine-de-kervallon.com\/de\/wp-json\/wp\/v2\/types\/page"}],"author":[{"embeddable":true,"href":"https:\/\/www.domaine-de-kervallon.com\/de\/wp-json\/wp\/v2\/users\/1"}],"replies":[{"embeddable":true,"href":"https:\/\/www.domaine-de-kervallon.com\/de\/wp-json\/wp\/v2\/comments?post=48231"}],"version-history":[{"count":3,"href":"https:\/\/www.domaine-de-kervallon.com\/de\/wp-json\/wp\/v2\/pages\/48231\/revisions"}],"predecessor-version":[{"id":49664,"href":"https:\/\/www.domaine-de-kervallon.com\/de\/wp-json\/wp\/v2\/pages\/48231\/revisions\/49664"}],"wp:featuredmedia":[{"embeddable":true,"href":"https:\/\/www.domaine-de-kervallon.com\/de\/wp-json\/wp\/v2\/media\/48244"}],"wp:attachment":[{"href":"https:\/\/www.domaine-de-kervallon.com\/de\/wp-json\/wp\/v2\/media?parent=48231"}],"wp:term":[{"taxonomy":"sujet","embeddable":true,"href":"https:\/\/www.domaine-de-kervallon.com\/de\/wp-json\/wp\/v2\/sujet?post=48231"}],"curies":[{"name":"wp","href":"https:\/\/api.w.org\/{rel}","templated":true}]}}