{"id":48176,"date":"2025-11-26T14:02:14","date_gmt":"2025-11-26T13:02:14","guid":{"rendered":"https:\/\/www.domaine-de-kervallon.com\/vermietung-stellplatz-morbihan\/"},"modified":"2025-11-26T16:46:53","modified_gmt":"2025-11-26T15:46:53","slug":"vermietung-stellplatz-morbihan","status":"publish","type":"page","link":"https:\/\/www.domaine-de-kervallon.com\/de\/vermietung-stellplatz-morbihan\/","title":{"rendered":"Pl\u00e4tze"},"content":{"rendered":"<section id=\"ls-section-block_c6a61e8be387213c9940e794b0d3872b\" class=\"ls-section  page-intro has-p-t p-t-7 has-p-b p-b-0\" >\r\n        <div class=\"container \">\r\n        \n\n<h1 class=\"ls__heading wp-block-heading has-text-align-center animated fadeInUp delay-200ms slow\"><span class=\"bold\">Vermietung von Stellpl\u00e4tzen<\/span><br\/> in der Bretagne<\/h1>\n\n\r\n    <\/div>\r\n<\/section><section id=\"ls-section-block_7223b623883cab6cb6bf2b9781b5aa4d\" class=\"ls-section  page-url-emplacement has-m-b m-b-0 has-p-t p-t-5 has-p-b p-b-1\" >\r\n        <div class=\"container container--wide\">\r\n        \n\n<div id=\"ls-hebergements-block_5270a54b28ffbb9a09bca62b3739d186\" class=\"ls-hebergements\">\n\n    <div class=\"ls-hebergements__results\" data-row=\"3\" data-campings=\"false\" data-types=\"[68]\" data-gammes=\"false\"><div class=\"ls-hebergement\" data-postid='49298' data-id-reservation='45055' data-id-site='' data-id1='' data-nombre_de_personnes='6' data-nombre_de_chambres='' data-last-update='' data-type='pitch-fr' data-product-id='+45055+'>\n\t<a href=\"https:\/\/www.domaine-de-kervallon.com\/de\/location-mobil-home-morbihan\/forfait-confort-caravane-ou-camping-car-1-voiture-electricite-10a\/\" class=\"ls-hebergement__link\" target=\"_blank\">\n\t\t<div class=\"ls-hebergement__thumb\">\n\t\t\t<img decoding=\"async\" width=\"1024\" height=\"768\" src=\"https:\/\/www.domaine-de-kervallon.com\/wp-content\/uploads\/2025\/12\/0-349393-1024x768.jpg\" class=\"attachment-large size-large wp-post-image\" alt=\"\" srcset=\"https:\/\/www.domaine-de-kervallon.com\/wp-content\/uploads\/2025\/12\/0-349393-1024x768.jpg 1024w, https:\/\/www.domaine-de-kervallon.com\/wp-content\/uploads\/2025\/12\/0-349393-300x225.jpg 300w, https:\/\/www.domaine-de-kervallon.com\/wp-content\/uploads\/2025\/12\/0-349393-768x576.jpg 768w, https:\/\/www.domaine-de-kervallon.com\/wp-content\/uploads\/2025\/12\/0-349393-1536x1152.jpg 1536w, https:\/\/www.domaine-de-kervallon.com\/wp-content\/uploads\/2025\/12\/0-349393-2048x1536.jpg 2048w\" sizes=\"(max-width: 1024px) 100vw, 1024px\" \/>\t\t<\/div>\n\n\t\t<div class=\"ls-hebergement__details\">\n\n\t\t\t<div class=\"ls-hebergement__icons\">\n\n\t\t\t\t\t\t\t\t<span class=\"ls-hebergement__icon\">\n\t\t\t\t\t<i class=\"kervallon-famille\"><\/i>\n\t\t\t\t\t<div>6<\/div>\n\t\t\t\t<\/span>\n\t\t\t\t\n\t\t\t\t\n\t\t\t\t\n\t\t\t\t\n\n\t\t\t\t\t\t\t<\/div>\n\t\t<\/div>\n\n\t\t<div class=\"ls-hebergement__title\">\n\t\t\tStellplatz Confort (Wohnwagen, Wohnmobil \/ 1 Auto \/ Strom 10A)\t\t<\/div>\n\n\t\t\n\t\t<!-- Section disponibilit\u00e9s ajout\u00e9e -->\n\t\t<div class=\"ls-hebergement__disponibilites\">\n\t\t\t\t\t<\/div>\n\n\t\t<div class=\"ls-hebergement__button\">\n\t\t\t<div class=\"ls-button\"><div>D\u00e9couvrir<\/div><span>><\/span><\/div>\t\t<\/div>\n\t\t\t<\/a>\n\t<\/div><\/div><\/div>\n\r\n    <\/div>\r\n<\/section><section id=\"ls-section-block_23937fda69aa2c176d859805894344f5\" class=\"ls-section  page-txt-emplcmt has-p-t p-t-0\" >\r\n        <div class=\"container \">\r\n        \n\n<h2 class=\"ls__heading wp-block-heading has-text-align-center\">Gro\u00dfz\u00fcgige Campingpl\u00e4tze in der s\u00fcdlichen Bretagne<\/h2>\n\n\n\n<p class=\"ls-paragraph has-text-align-center\">Entdecken Sie die gro\u00dfen <a href=\"\/\">Campingpl\u00e4tze inmitten der Broc\u00e9liande<\/a> auf der Domaine de Kervallon! Mieten Sie Ihre Parzelle auf einem Campingplatz <strong>inmitten der Natur<\/strong> und stellen Sie Ihr <strong>Wohnmobil<\/strong> oder Ihren<strong> Wohnwagen<\/strong> mit dem gr\u00f6\u00dften Komfort auf. Unsere Stellpl\u00e4tze sind von Hecken umgeben und liegen weit auseinander, so dass Sie w\u00e4hrend Ihres Urlaubs <strong>Geselligkeit und Privatsph\u00e4re<\/strong> genie\u00dfen k\u00f6nnen. Sie haben auch Zugang zu <strong>einem 10 Ampere Stromanschluss<\/strong>, wenn Sie diese Option w\u00e4hrend Ihrer Buchung w\u00e4hlen.   <\/p>\n\n\n\n<h2 class=\"ls__heading wp-block-heading has-text-align-center\">Campingplatz vor den Toren von Broc\u00e9liande<\/h2>\n\n\n\n<p class=\"ls-paragraph has-text-align-center\">Entdecken Sie die Region Morbihan, nachdem Sie sich auf Ihrem Stellplatz eingerichtet haben! In der N\u00e4he des Campingplatzes in Morbihan finden Sie verschiedene <strong>Sehensw\u00fcrdigkeiten<\/strong> wie den Wald von<strong> Broc\u00e9liande<\/strong> und den <strong>Golf von Morbihan<\/strong> mit seinen Schl\u00f6ssern und <strong>zahlreichen Inseln<\/strong>, die Sie mit dem Boot oder zu Fu\u00df bei Ebbe erreichen k\u00f6nnen. <strong>Buchen Sie jetzt<\/strong> Ihren Stellplatz. <\/p>\n\n\n\n<p class=\"ls-paragraph has-text-align-center\">Bei Ihrem n\u00e4chsten Aufenthalt in Caro in der S\u00fcdbretagne werden Sie auch gerne ein <a href=\"https:\/\/www.domaine-de-kervallon.com\/de\/vermietung-mobilheime-morbihan\/\">Mobilheim in Morbihan<\/a> mieten, oder unsere <a href=\"https:\/\/www.domaine-de-kervallon.com\/de\/campingplatze-ungewoehnliche-bretagne-morbihan\/\">ungew\u00f6hnlichen Unterk\u00fcnfte<\/a> f\u00fcr ein <strong>einzigartiges Erlebnis.<\/strong><\/p>\n\n\n\n<figure class=\"wp-block-gallery has-nested-images columns-default is-cropped wp-block-gallery-1 is-layout-flex wp-block-gallery-is-layout-flex\">\n<figure class=\"wp-block-image size-large\"><img decoding=\"async\" width=\"960\" height=\"640\" data-id=\"7648\" src=\"https:\/\/www.domaine-de-kervallon.com\/wp-content\/uploads\/2022\/12\/van-kervallon.jpg\" alt=\"van kervallon\" class=\"wp-image-7648\" srcset=\"https:\/\/www.domaine-de-kervallon.com\/wp-content\/uploads\/2022\/12\/van-kervallon.jpg 960w, https:\/\/www.domaine-de-kervallon.com\/wp-content\/uploads\/2022\/12\/van-kervallon-300x200.jpg 300w, https:\/\/www.domaine-de-kervallon.com\/wp-content\/uploads\/2022\/12\/van-kervallon-768x512.jpg 768w\" sizes=\"(max-width: 960px) 100vw, 960px\" \/><\/figure>\n\n\n\n<figure class=\"wp-block-image size-full\"><img decoding=\"async\" width=\"800\" height=\"600\" data-id=\"7652\" src=\"https:\/\/www.domaine-de-kervallon.com\/wp-content\/uploads\/2022\/12\/van-vw-kervallon.jpg\" alt=\"van vw kervallon\" class=\"wp-image-7652\" srcset=\"https:\/\/www.domaine-de-kervallon.com\/wp-content\/uploads\/2022\/12\/van-vw-kervallon.jpg 800w, https:\/\/www.domaine-de-kervallon.com\/wp-content\/uploads\/2022\/12\/van-vw-kervallon-300x225.jpg 300w, https:\/\/www.domaine-de-kervallon.com\/wp-content\/uploads\/2022\/12\/van-vw-kervallon-768x576.jpg 768w\" sizes=\"(max-width: 800px) 100vw, 800px\" \/><\/figure>\n\n\n\n<figure class=\"wp-block-image size-large\"><img decoding=\"async\" width=\"960\" height=\"540\" data-id=\"7649\" src=\"https:\/\/www.domaine-de-kervallon.com\/wp-content\/uploads\/2022\/12\/van-renault-kervallon.jpg\" alt=\"van renault kervallon\" class=\"wp-image-7649\" srcset=\"https:\/\/www.domaine-de-kervallon.com\/wp-content\/uploads\/2022\/12\/van-renault-kervallon.jpg 960w, https:\/\/www.domaine-de-kervallon.com\/wp-content\/uploads\/2022\/12\/van-renault-kervallon-300x169.jpg 300w, https:\/\/www.domaine-de-kervallon.com\/wp-content\/uploads\/2022\/12\/van-renault-kervallon-768x432.jpg 768w\" sizes=\"(max-width: 960px) 100vw, 960px\" \/><\/figure>\n\n\n\n<figure class=\"wp-block-image size-large\"><img decoding=\"async\" src=\"https:\/\/www.domaine-de-kervallon.com\/wp-content\/uploads\/2022\/11\/acceuil-soleil-couchant-kervallon-1.jpg\" alt=\"Ungew&#xF6;hnliches Moped Campingplatz Kervallon\"\/><\/figure>\n<\/figure>\n\n\n\n<h2 class=\"ls__heading wp-block-heading has-text-align-center\">Ausstattung der Stellpl\u00e4tze Camping Morbihan<\/h2>\n\n\n\n<p class=\"ls-paragraph has-text-align-center\"><strong>Die unbebauten Grundst\u00fccke<\/strong> von Domaine de Kervallon sind ein Paradies f\u00fcr Liebhaber des<strong> traditionellen Campings<\/strong>. Alle Parzellen sind <strong>ger\u00e4umig<\/strong> und variieren in der Gr\u00f6\u00dfe zwischen 100 m2 und 200 m2. Einige 100 m2 gro\u00dfe Parzellen mit <strong>Stromanschluss (10A Steckdosen)<\/strong> sind f\u00fcr <strong>Wohnwagen und Wohnmobile<\/strong> geeignet. Sie brauchen mehr Platz, um einen gro\u00dfen privaten Garten zu haben? Dann stellen Sie Ihren Wohnwagen oder Ihr Wohnmobil auf<strong> einem 200 m2 gro\u00dfen Stellplatz mit Strom-<\/strong>, <strong>Wasser-<\/strong> und <strong>Abwasseranschluss<\/strong> auf.    <\/p>\n\n\n\n<p class=\"ls-paragraph has-text-align-center\">Alle Parzellen auf Domaine de Kervallon sind <strong>schattig<\/strong>, klar durch nat\u00fcrliche Hecken <strong>abgegrenzt <\/strong>und <strong>f\u00fcr Personen mit eingeschr\u00e4nkter Mobilit\u00e4t zug\u00e4nglich<\/strong>. Sie sind ruhig gelegen und befinden sich in der N\u00e4he der <strong>Sanit\u00e4ranlagen <\/strong>und der Infrastruktur des Campingplatzes. Einer der sch\u00f6nsten Momente des Tages? Wenn Sie aus Ihrem<strong> Wohnwagen <\/strong>oder <strong>Wohnmobil<\/strong> steigen und den Rasen betreten, bevor Sie fr\u00fchst\u00fccken.   <\/p>\n\n\r\n    <\/div>\r\n<\/section><section id=\"ls-section-block_37b17227887623828a174e20b0523f65\" class=\"ls-section  page-avis has-background-image has-parallax has-background has-color-2-background-color has-p-t p-t-14 has-p-b p-b-14\" >\r\n    <div class=\"ls-section__background-image opacity-70\"><img decoding=\"async\" src=\"https:\/\/www.domaine-de-kervallon.com\/wp-content\/uploads\/2022\/11\/Domaine-de-Kervallon-vue-du-ciel.jpg\" alt=\"Domaine de Kervallon aus der Luft gesehen\"><\/div>    <div class=\"container container--full\">\r\n        \n\n<div id=\"ls-heading ls-titre-div-block_5a6698644070ea43dd203737a3055ccf\" class=\"ls-titre-div aligncenter h2-like\" >\n    UND UNSERE KUNDEN, WAS HALTEN SIE VON UNSEREN STANDORTEN?<\/div>\n\n\n<div class=\"avis-container-pages\"><div class=\"avis\"><div class=\"avis-user\"><div class=\"avis-note\">\n                <span><i class=\"kervallon-star\"><\/i><\/span><span><i class=\"kervallon-star\"><\/i><\/span><span><i class=\"kervallon-star\"><\/i><\/span><span><i class=\"kervallon-star\"><\/i><\/span><span><i class=\"kervallon-star\"><\/i><\/span>\n                <\/div><div class=\"avis-name\">Elodie M.<\/div><div class=\"avis-content\"><p style=\"text-align: center;\">Sehr sch\u00f6ner, ruhiger Campingplatz, ger\u00e4umige <b>Stellpl\u00e4tze<\/b>, sehr freundliches Personal. Sanit\u00e4ranlagen und Dusche sehr sauber. Ein rundum positiver Aufenthalt. Der Wasserbereich ist wirklich f\u00fcr alle Altersgruppen geeignet, sowohl f\u00fcr kleine als auch f\u00fcr gro\u00dfe Kinder. Die Rutschen sind super.    <\/p>\n<\/div><\/div><\/div><div class=\"avis\"><div class=\"avis-user\"><div class=\"avis-note\">\n                <span><i class=\"kervallon-star\"><\/i><\/span><span><i class=\"kervallon-star\"><\/i><\/span><span><i class=\"kervallon-star\"><\/i><\/span><span><i class=\"kervallon-star\"><\/i><\/span><span><i class=\"kervallon-star\"><\/i><\/span>\n                <\/div><div class=\"avis-name\">Amandine L.<\/div><div class=\"avis-content\"><p style=\"text-align: center;\">Als gro\u00dfe Naturliebhaber waren wir von unserem Aufenthalt in diesem Landgut begeistert. Alles ist vorhanden, um sich wohl zu f\u00fchlen: Ruhe, Professionalit\u00e4t, magische Umgebung, <strong><span class=\"jLQSJ\">Lage<\/span><\/strong>, Unterkunft, Sauberkeit, Verpflegung, Infrastruktur, Animation und sogar das Wetter \ud83d\ude01. Wir empfehlen diesen Campingplatz aufrichtig, er ist einen Besuch wert! Wir waren begeistert!   <\/p>\n<\/div><\/div><\/div><div class=\"avis\"><div class=\"avis-user\"><div class=\"avis-note\">\n                <span><i class=\"kervallon-star\"><\/i><\/span><span><i class=\"kervallon-star\"><\/i><\/span><span><i class=\"kervallon-star\"><\/i><\/span><span><i class=\"kervallon-star\"><\/i><\/span><span><i class=\"kervallon-star\"><\/i><\/span>\n                <\/div><div class=\"avis-name\">Herve F.<\/div><div class=\"avis-content\"><p style=\"text-align: center;\">Wir haben einen sehr sch\u00f6nen Aufenthalt auf dem Campingplatz Domaine de Kervallon verbracht. Der Campingplatz ist ruhig in einer gr\u00fcnen und erholsamen Umgebung, der Pool ist angenehm. Es ist ein \u00fcberschaubarer Campingplatz in einer sehr gr\u00fcnen Umgebung mit <strong>ger\u00e4umigen <span class=\"jLQSJ\">Stellpl\u00e4tzen<\/span>.<\/strong><br \/>\nSehr gute Ideen f\u00fcr Animationen, von denen Gro\u00df und Klein gemeinsam profitieren k\u00f6nnen (Orientierungslauf f\u00fcr Kinder und Eltern, Zauberabend mit externem Redner&#8230;), in der richtigen Dosis, denn sie sind nicht den ganzen Tag \u00fcber allgegenw\u00e4rtig, so dass man die Ruhe genie\u00dfen kann, um sich zu erholen. <\/p>\n<\/div><\/div><\/div><\/div>\n\n\r\n    <\/div>\r\n<\/section><section id=\"ls-section-block_53ae098ada69505cc3b222fdd731cc9b\" class=\"ls-section  page-maillage has-background has-color-5-background-color has-p-t p-t-14 has-p-b p-b-20\" >\r\n        <div class=\"container container--wide\">\r\n        \n\n<div id=\"ls-heading ls-titre-div-block_6a782198acf6016c497ec5a52a63e1b9\" class=\"ls-titre-div aligncenter h2-like\" >\n    Entdecken Sie unsere Mobilheime, unsere ungew\u00f6hnlichen Mietobjekte und unsere Preise<\/div>\n\n\n<div id=\"ls-maillage-block_b7f8b3e309a10cee7bde6102ab05e97b\" class=\"ls-maillage cta-style-normal\" data-rows=\"3\">\r\n    <div class=\"wp-block-columns\"><div class=\"wp-block-column\">\n\n<a href=\"https:\/\/www.domaine-de-kervallon.com\/de\/guenstiges-camping-bretagne-morbihan-56\/\" target=\"\" rel=\"noopener\" class=\"ls-cta__link\">\n\n\t<div class=\"ls-cta__image\"><img decoding=\"async\" src=\"https:\/\/www.domaine-de-kervallon.com\/wp-content\/uploads\/2022\/11\/couple-discussion-camping-kervallon.jpg\" alt=\"Camping f\u00fcr Paare in der Bretagne\"><\/div>\n\t<div class=\"ls-cta__title\">\n\t\tUnsere Angebote und Preise\t<\/div>\n\n\n\t<div class=\"ls-cta__distance\">\n\t\t\t<\/div>\n\n\n\n\t\t\n<\/a><\/div><div class=\"wp-block-column\">\n\n<a href=\"https:\/\/www.domaine-de-kervallon.com\/de\/campingplatze-ungewoehnliche-bretagne-morbihan\/\" target=\"\" rel=\"noopener\" class=\"ls-cta__link\">\n\n\t<div class=\"ls-cta__image\"><img decoding=\"async\" src=\"https:\/\/www.domaine-de-kervallon.com\/wp-content\/uploads\/2024\/12\/hebergement-insolite-camping-morbihan.webp\" alt=\"ungew\u00f6hnliche unterkunft camping morbihan\"><\/div>\n\t<div class=\"ls-cta__title\">\n\t\tUnsere ungew\u00f6hnlichen Ferienh\u00e4user\t<\/div>\n\n\n\t<div class=\"ls-cta__distance\">\n\t\t\t<\/div>\n\n\n\n\t\t\n<\/a><\/div><\/div><\/div>\n\r\n    <\/div>\r\n<\/section>","protected":false},"excerpt":{"rendered":"","protected":false},"author":1,"featured_media":48179,"parent":0,"menu_order":0,"comment_status":"closed","ping_status":"closed","template":"","meta":{"_acf_changed":false,"footnotes":""},"sujet":[],"class_list":["post-48176","page","type-page","status-publish","has-post-thumbnail","hentry"],"acf":[],"yoast_head":"<!-- This site is optimized with the Yoast SEO plugin v26.9 - https:\/\/yoast.com\/product\/yoast-seo-wordpress\/ -->\n<title>Campingstellplatz Bretagne | F\u00fcr Zelt, Wohnwagen, Wohnmobil<\/title>\n<meta name=\"description\" content=\"Die Domaine de Kervallon verf\u00fcgt \u00fcber halbschattige Stellpl\u00e4tze, die Sie f\u00fcr Ihren Urlaub im Zelt, Wohnwagen oder Wohnmobil im Morbihan mieten k\u00f6nnen!\" \/>\n<meta name=\"robots\" content=\"index, follow, max-snippet:-1, max-image-preview:large, max-video-preview:-1\" \/>\n<link rel=\"canonical\" href=\"https:\/\/www.domaine-de-kervallon.com\/de\/vermietung-stellplatz-morbihan\/\" \/>\n<meta property=\"og:locale\" content=\"fr_FR\" \/>\n<meta property=\"og:type\" content=\"article\" \/>\n<meta property=\"og:title\" content=\"Campingstellplatz Bretagne | F\u00fcr Zelt, Wohnwagen, Wohnmobil\" \/>\n<meta property=\"og:description\" content=\"Die Domaine de Kervallon verf\u00fcgt \u00fcber halbschattige Stellpl\u00e4tze, die Sie f\u00fcr Ihren Urlaub im Zelt, Wohnwagen oder Wohnmobil im Morbihan mieten k\u00f6nnen!\" \/>\n<meta property=\"og:url\" content=\"https:\/\/www.domaine-de-kervallon.com\/de\/vermietung-stellplatz-morbihan\/\" \/>\n<meta property=\"og:site_name\" content=\"Domaine de Kervallon\" \/>\n<meta property=\"article:modified_time\" content=\"2025-11-26T15:46:53+00:00\" \/>\n<meta property=\"og:image\" content=\"https:\/\/www.domaine-de-kervallon.com\/wp-content\/uploads\/2022\/12\/famille-enfants-camping.jpg\" \/>\n\t<meta property=\"og:image:width\" content=\"1600\" \/>\n\t<meta property=\"og:image:height\" content=\"679\" \/>\n\t<meta property=\"og:image:type\" content=\"image\/jpeg\" \/>\n<meta name=\"twitter:card\" content=\"summary_large_image\" \/>\n<meta name=\"twitter:label1\" content=\"Dur\u00e9e de lecture estim\u00e9e\" \/>\n\t<meta name=\"twitter:data1\" content=\"2 minutes\" \/>\n<script type=\"application\/ld+json\" class=\"yoast-schema-graph\">{\"@context\":\"https:\/\/schema.org\",\"@graph\":[{\"@type\":\"WebPage\",\"@id\":\"https:\/\/www.domaine-de-kervallon.com\/de\/vermietung-stellplatz-morbihan\/\",\"url\":\"https:\/\/www.domaine-de-kervallon.com\/de\/vermietung-stellplatz-morbihan\/\",\"name\":\"Campingstellplatz Bretagne | F\u00fcr Zelt, Wohnwagen, Wohnmobil\",\"isPartOf\":{\"@id\":\"https:\/\/www.domaine-de-kervallon.com\/de\/#website\"},\"primaryImageOfPage\":{\"@id\":\"https:\/\/www.domaine-de-kervallon.com\/de\/vermietung-stellplatz-morbihan\/#primaryimage\"},\"image\":{\"@id\":\"https:\/\/www.domaine-de-kervallon.com\/de\/vermietung-stellplatz-morbihan\/#primaryimage\"},\"thumbnailUrl\":\"https:\/\/www.domaine-de-kervallon.com\/wp-content\/uploads\/2022\/12\/famille-enfants-camping.jpg\",\"datePublished\":\"2025-11-26T13:02:14+00:00\",\"dateModified\":\"2025-11-26T15:46:53+00:00\",\"description\":\"Die Domaine de Kervallon verf\u00fcgt \u00fcber halbschattige Stellpl\u00e4tze, die Sie f\u00fcr Ihren Urlaub im Zelt, Wohnwagen oder Wohnmobil im Morbihan mieten k\u00f6nnen!\",\"breadcrumb\":{\"@id\":\"https:\/\/www.domaine-de-kervallon.com\/de\/vermietung-stellplatz-morbihan\/#breadcrumb\"},\"inLanguage\":\"fr-FR\",\"potentialAction\":[{\"@type\":\"ReadAction\",\"target\":[\"https:\/\/www.domaine-de-kervallon.com\/de\/vermietung-stellplatz-morbihan\/\"]}]},{\"@type\":\"ImageObject\",\"inLanguage\":\"fr-FR\",\"@id\":\"https:\/\/www.domaine-de-kervallon.com\/de\/vermietung-stellplatz-morbihan\/#primaryimage\",\"url\":\"https:\/\/www.domaine-de-kervallon.com\/wp-content\/uploads\/2022\/12\/famille-enfants-camping.jpg\",\"contentUrl\":\"https:\/\/www.domaine-de-kervallon.com\/wp-content\/uploads\/2022\/12\/famille-enfants-camping.jpg\",\"width\":1600,\"height\":679,\"caption\":\"Familie Kinder Camping\"},{\"@type\":\"BreadcrumbList\",\"@id\":\"https:\/\/www.domaine-de-kervallon.com\/de\/vermietung-stellplatz-morbihan\/#breadcrumb\",\"itemListElement\":[{\"@type\":\"ListItem\",\"position\":1,\"name\":\"Camping Broceliande dans le Morbihan\",\"item\":\"https:\/\/www.domaine-de-kervallon.com\/de\/\"},{\"@type\":\"ListItem\",\"position\":2,\"name\":\"Mieten Sie einen Stellplatz auf einem Campingplatz in der Bretagne\"}]},{\"@type\":\"WebSite\",\"@id\":\"https:\/\/www.domaine-de-kervallon.com\/de\/#website\",\"url\":\"https:\/\/www.domaine-de-kervallon.com\/de\/\",\"name\":\"Domaine de Kervallon\",\"description\":\"\",\"publisher\":{\"@id\":\"https:\/\/www.domaine-de-kervallon.com\/de\/#organization\"},\"potentialAction\":[{\"@type\":\"SearchAction\",\"target\":{\"@type\":\"EntryPoint\",\"urlTemplate\":\"https:\/\/www.domaine-de-kervallon.com\/de\/?s={search_term_string}\"},\"query-input\":{\"@type\":\"PropertyValueSpecification\",\"valueRequired\":true,\"valueName\":\"search_term_string\"}}],\"inLanguage\":\"fr-FR\"},{\"@type\":\"Organization\",\"@id\":\"https:\/\/www.domaine-de-kervallon.com\/de\/#organization\",\"name\":\"Domaine de Kervallon\",\"url\":\"https:\/\/www.domaine-de-kervallon.com\/de\/\",\"logo\":{\"@type\":\"ImageObject\",\"inLanguage\":\"fr-FR\",\"@id\":\"https:\/\/www.domaine-de-kervallon.com\/de\/#\/schema\/logo\/image\/\",\"url\":\"https:\/\/www.domaine-de-kervallon.com\/wp-content\/uploads\/2022\/10\/logo-domaine-de-kervallon-couleur.png\",\"contentUrl\":\"https:\/\/www.domaine-de-kervallon.com\/wp-content\/uploads\/2022\/10\/logo-domaine-de-kervallon-couleur.png\",\"width\":1600,\"height\":583,\"caption\":\"Domaine de Kervallon\"},\"image\":{\"@id\":\"https:\/\/www.domaine-de-kervallon.com\/de\/#\/schema\/logo\/image\/\"}}]}<\/script>\n<!-- \/ Yoast SEO plugin. -->","yoast_head_json":{"title":"Campingstellplatz Bretagne | F\u00fcr Zelt, Wohnwagen, Wohnmobil","description":"Die Domaine de Kervallon verf\u00fcgt \u00fcber halbschattige Stellpl\u00e4tze, die Sie f\u00fcr Ihren Urlaub im Zelt, Wohnwagen oder Wohnmobil im Morbihan mieten k\u00f6nnen!","robots":{"index":"index","follow":"follow","max-snippet":"max-snippet:-1","max-image-preview":"max-image-preview:large","max-video-preview":"max-video-preview:-1"},"canonical":"https:\/\/www.domaine-de-kervallon.com\/de\/vermietung-stellplatz-morbihan\/","og_locale":"fr_FR","og_type":"article","og_title":"Campingstellplatz Bretagne | F\u00fcr Zelt, Wohnwagen, Wohnmobil","og_description":"Die Domaine de Kervallon verf\u00fcgt \u00fcber halbschattige Stellpl\u00e4tze, die Sie f\u00fcr Ihren Urlaub im Zelt, Wohnwagen oder Wohnmobil im Morbihan mieten k\u00f6nnen!","og_url":"https:\/\/www.domaine-de-kervallon.com\/de\/vermietung-stellplatz-morbihan\/","og_site_name":"Domaine de Kervallon","article_modified_time":"2025-11-26T15:46:53+00:00","og_image":[{"width":1600,"height":679,"url":"https:\/\/www.domaine-de-kervallon.com\/wp-content\/uploads\/2022\/12\/famille-enfants-camping.jpg","type":"image\/jpeg"}],"twitter_card":"summary_large_image","twitter_misc":{"Dur\u00e9e de lecture estim\u00e9e":"2 minutes"},"schema":{"@context":"https:\/\/schema.org","@graph":[{"@type":"WebPage","@id":"https:\/\/www.domaine-de-kervallon.com\/de\/vermietung-stellplatz-morbihan\/","url":"https:\/\/www.domaine-de-kervallon.com\/de\/vermietung-stellplatz-morbihan\/","name":"Campingstellplatz Bretagne | F\u00fcr Zelt, Wohnwagen, Wohnmobil","isPartOf":{"@id":"https:\/\/www.domaine-de-kervallon.com\/de\/#website"},"primaryImageOfPage":{"@id":"https:\/\/www.domaine-de-kervallon.com\/de\/vermietung-stellplatz-morbihan\/#primaryimage"},"image":{"@id":"https:\/\/www.domaine-de-kervallon.com\/de\/vermietung-stellplatz-morbihan\/#primaryimage"},"thumbnailUrl":"https:\/\/www.domaine-de-kervallon.com\/wp-content\/uploads\/2022\/12\/famille-enfants-camping.jpg","datePublished":"2025-11-26T13:02:14+00:00","dateModified":"2025-11-26T15:46:53+00:00","description":"Die Domaine de Kervallon verf\u00fcgt \u00fcber halbschattige Stellpl\u00e4tze, die Sie f\u00fcr Ihren Urlaub im Zelt, Wohnwagen oder Wohnmobil im Morbihan mieten k\u00f6nnen!","breadcrumb":{"@id":"https:\/\/www.domaine-de-kervallon.com\/de\/vermietung-stellplatz-morbihan\/#breadcrumb"},"inLanguage":"fr-FR","potentialAction":[{"@type":"ReadAction","target":["https:\/\/www.domaine-de-kervallon.com\/de\/vermietung-stellplatz-morbihan\/"]}]},{"@type":"ImageObject","inLanguage":"fr-FR","@id":"https:\/\/www.domaine-de-kervallon.com\/de\/vermietung-stellplatz-morbihan\/#primaryimage","url":"https:\/\/www.domaine-de-kervallon.com\/wp-content\/uploads\/2022\/12\/famille-enfants-camping.jpg","contentUrl":"https:\/\/www.domaine-de-kervallon.com\/wp-content\/uploads\/2022\/12\/famille-enfants-camping.jpg","width":1600,"height":679,"caption":"Familie Kinder Camping"},{"@type":"BreadcrumbList","@id":"https:\/\/www.domaine-de-kervallon.com\/de\/vermietung-stellplatz-morbihan\/#breadcrumb","itemListElement":[{"@type":"ListItem","position":1,"name":"Camping Broceliande dans le Morbihan","item":"https:\/\/www.domaine-de-kervallon.com\/de\/"},{"@type":"ListItem","position":2,"name":"Mieten Sie einen Stellplatz auf einem Campingplatz in der Bretagne"}]},{"@type":"WebSite","@id":"https:\/\/www.domaine-de-kervallon.com\/de\/#website","url":"https:\/\/www.domaine-de-kervallon.com\/de\/","name":"Domaine de Kervallon","description":"","publisher":{"@id":"https:\/\/www.domaine-de-kervallon.com\/de\/#organization"},"potentialAction":[{"@type":"SearchAction","target":{"@type":"EntryPoint","urlTemplate":"https:\/\/www.domaine-de-kervallon.com\/de\/?s={search_term_string}"},"query-input":{"@type":"PropertyValueSpecification","valueRequired":true,"valueName":"search_term_string"}}],"inLanguage":"fr-FR"},{"@type":"Organization","@id":"https:\/\/www.domaine-de-kervallon.com\/de\/#organization","name":"Domaine de Kervallon","url":"https:\/\/www.domaine-de-kervallon.com\/de\/","logo":{"@type":"ImageObject","inLanguage":"fr-FR","@id":"https:\/\/www.domaine-de-kervallon.com\/de\/#\/schema\/logo\/image\/","url":"https:\/\/www.domaine-de-kervallon.com\/wp-content\/uploads\/2022\/10\/logo-domaine-de-kervallon-couleur.png","contentUrl":"https:\/\/www.domaine-de-kervallon.com\/wp-content\/uploads\/2022\/10\/logo-domaine-de-kervallon-couleur.png","width":1600,"height":583,"caption":"Domaine de Kervallon"},"image":{"@id":"https:\/\/www.domaine-de-kervallon.com\/de\/#\/schema\/logo\/image\/"}}]}},"_links":{"self":[{"href":"https:\/\/www.domaine-de-kervallon.com\/de\/wp-json\/wp\/v2\/pages\/48176","targetHints":{"allow":["GET"]}}],"collection":[{"href":"https:\/\/www.domaine-de-kervallon.com\/de\/wp-json\/wp\/v2\/pages"}],"about":[{"href":"https:\/\/www.domaine-de-kervallon.com\/de\/wp-json\/wp\/v2\/types\/page"}],"author":[{"embeddable":true,"href":"https:\/\/www.domaine-de-kervallon.com\/de\/wp-json\/wp\/v2\/users\/1"}],"replies":[{"embeddable":true,"href":"https:\/\/www.domaine-de-kervallon.com\/de\/wp-json\/wp\/v2\/comments?post=48176"}],"version-history":[{"count":5,"href":"https:\/\/www.domaine-de-kervallon.com\/de\/wp-json\/wp\/v2\/pages\/48176\/revisions"}],"predecessor-version":[{"id":49658,"href":"https:\/\/www.domaine-de-kervallon.com\/de\/wp-json\/wp\/v2\/pages\/48176\/revisions\/49658"}],"wp:featuredmedia":[{"embeddable":true,"href":"https:\/\/www.domaine-de-kervallon.com\/de\/wp-json\/wp\/v2\/media\/48179"}],"wp:attachment":[{"href":"https:\/\/www.domaine-de-kervallon.com\/de\/wp-json\/wp\/v2\/media?parent=48176"}],"wp:term":[{"taxonomy":"sujet","embeddable":true,"href":"https:\/\/www.domaine-de-kervallon.com\/de\/wp-json\/wp\/v2\/sujet?post=48176"}],"curies":[{"name":"wp","href":"https:\/\/api.w.org\/{rel}","templated":true}]}}